{"id":801,"date":"2026-03-18T19:13:08","date_gmt":"2026-03-19T03:13:08","guid":{"rendered":"https:\/\/denisdubois.com\/product\/tu-me-manques-2-serigraphie-couleur\/"},"modified":"2026-03-18T19:13:08","modified_gmt":"2026-03-19T03:13:08","slug":"tu-me-manques-2-serigraphie-couleur","status":"publish","type":"product","link":"https:\/\/denisdubois.com\/fr\/produit\/tu-me-manques-2-serigraphie-couleur\/","title":{"rendered":"Tu Me Manques 2 &#8211; S\u00e9rigraphie couleur"},"content":{"rendered":"","protected":false},"excerpt":{"rendered":"<p>Elle est assise seule, trouvant \u00e9quilibre et force dans l&#8217;absence de l&#8217;\u00eatre aim\u00e9. S\u00e9rigraphie en 8 couleurs bas\u00e9e sur une esquisse de nu d&#8217;apr\u00e8s mod\u00e8le vivant. \u00ab Tu me manques \u00bb signifie \u00ab I&#8217;m missing you \u00bb en anglais. Pour en savoir plus sur cette estampe et la s\u00e9rie de s\u00e9rigraphies de nus, consultez le <a href=\"https:\/\/denisdubois.com\/insights\/\">Blog Perspectives d&#8217;artiste<\/a>. S\u00e9rigraphie, image 30 x 30 cm. 2026.<\/p>\n","protected":false},"featured_media":546,"comment_status":"open","ping_status":"closed","template":"","meta":{"nf_dc_page":"","_monsterinsights_skip_tracking":false,"_monsterinsights_sitenote_active":false,"_monsterinsights_sitenote_note":"","_monsterinsights_sitenote_category":0},"product_brand":[],"product_cat":[122,101],"product_tag":[125,124],"class_list":{"0":"post-801","1":"product","2":"type-product","3":"status-publish","4":"has-post-thumbnail","6":"product_cat-figuratif","7":"product_cat-serigraphie","8":"product_tag-feminin","9":"product_tag-figuratif","10":"product_shipping_class-impression-plus-grande-que-format-lettre","12":"first","13":"instock","14":"taxable","15":"shipping-taxable","16":"purchasable","17":"product-type-simple"},"yoast_head":"<!-- This site is optimized with the Yoast SEO plugin v27.4 - https:\/\/yoast.com\/product\/yoast-seo-wordpress\/ -->\n<title>Tu Me Manques 2 - S\u00e9rigraphie couleur &#8211; Fine Art by Denis Du Bois<\/title>\n<meta name=\"description\" content=\"S\u00e9rigraphie 30 x 30 cm bas\u00e9e sur un dessin de nu. \u00ab Tu me manques \u00bb signifie \u00ab I miss you \u00bb\" \/>\n<meta name=\"robots\" content=\"index, follow, max-snippet:-1, max-image-preview:large, max-video-preview:-1\" \/>\n<link rel=\"canonical\" href=\"https:\/\/denisdubois.com\/fr\/produit\/tu-me-manques-2-serigraphie-couleur\/\" \/>\n<meta property=\"og:locale\" content=\"fr_FR\" \/>\n<meta property=\"og:type\" content=\"article\" \/>\n<meta property=\"og:title\" content=\"Tu Me Manques 2 - S\u00e9rigraphie couleur &#8211; Fine Art by Denis Du Bois\" \/>\n<meta property=\"og:description\" content=\"S\u00e9rigraphie 30 x 30 cm bas\u00e9e sur un dessin de nu. \u00ab Tu me manques \u00bb signifie \u00ab I miss you \u00bb\" \/>\n<meta property=\"og:url\" content=\"https:\/\/denisdubois.com\/fr\/produit\/tu-me-manques-2-serigraphie-couleur\/\" \/>\n<meta property=\"og:site_name\" content=\"Fine Art by Denis Du Bois\" \/>\n<meta property=\"article:publisher\" content=\"https:\/\/facebook.com\/denisdubois\" \/>\n<meta property=\"og:image\" content=\"https:\/\/i0.wp.com\/denisdubois.com\/wp-content\/uploads\/2026\/03\/tmm2-pro-photo-260318-cleaned-1200x-1.jpg?fit=1200%2C1200&ssl=1\" \/>\n\t<meta property=\"og:image:width\" content=\"1200\" \/>\n\t<meta property=\"og:image:height\" content=\"1200\" \/>\n\t<meta property=\"og:image:type\" content=\"image\/jpeg\" \/>\n<script type=\"application\/ld+json\" class=\"yoast-schema-graph\">{\"@context\":\"https:\\\/\\\/schema.org\",\"@graph\":[{\"@type\":\"WebPage\",\"@id\":\"https:\\\/\\\/denisdubois.com\\\/fr\\\/produit\\\/tu-me-manques-2-serigraphie-couleur\\\/\",\"url\":\"https:\\\/\\\/denisdubois.com\\\/fr\\\/produit\\\/tu-me-manques-2-serigraphie-couleur\\\/\",\"name\":\"Tu Me Manques 2 - S\u00e9rigraphie couleur &#8211; Fine Art by Denis Du Bois\",\"isPartOf\":{\"@id\":\"https:\\\/\\\/denisdubois.com\\\/fr\\\/#website\"},\"primaryImageOfPage\":{\"@id\":\"https:\\\/\\\/denisdubois.com\\\/fr\\\/produit\\\/tu-me-manques-2-serigraphie-couleur\\\/#primaryimage\"},\"image\":{\"@id\":\"https:\\\/\\\/denisdubois.com\\\/fr\\\/produit\\\/tu-me-manques-2-serigraphie-couleur\\\/#primaryimage\"},\"thumbnailUrl\":\"https:\\\/\\\/i0.wp.com\\\/denisdubois.com\\\/wp-content\\\/uploads\\\/2026\\\/03\\\/tmm2-pro-photo-260318-cleaned-1200x-1.jpg?fit=1200%2C1200&ssl=1\",\"datePublished\":\"2026-03-19T03:13:08+00:00\",\"description\":\"S\u00e9rigraphie 30 x 30 cm bas\u00e9e sur un dessin de nu. \u00ab Tu me manques \u00bb signifie \u00ab I miss you \u00bb\",\"breadcrumb\":{\"@id\":\"https:\\\/\\\/denisdubois.com\\\/fr\\\/produit\\\/tu-me-manques-2-serigraphie-couleur\\\/#breadcrumb\"},\"inLanguage\":\"fr-FR\",\"potentialAction\":[{\"@type\":\"ReadAction\",\"target\":[\"https:\\\/\\\/denisdubois.com\\\/fr\\\/produit\\\/tu-me-manques-2-serigraphie-couleur\\\/\"]}]},{\"@type\":\"ImageObject\",\"inLanguage\":\"fr-FR\",\"@id\":\"https:\\\/\\\/denisdubois.com\\\/fr\\\/produit\\\/tu-me-manques-2-serigraphie-couleur\\\/#primaryimage\",\"url\":\"https:\\\/\\\/i0.wp.com\\\/denisdubois.com\\\/wp-content\\\/uploads\\\/2026\\\/03\\\/tmm2-pro-photo-260318-cleaned-1200x-1.jpg?fit=1200%2C1200&ssl=1\",\"contentUrl\":\"https:\\\/\\\/i0.wp.com\\\/denisdubois.com\\\/wp-content\\\/uploads\\\/2026\\\/03\\\/tmm2-pro-photo-260318-cleaned-1200x-1.jpg?fit=1200%2C1200&ssl=1\",\"width\":1200,\"height\":1200},{\"@type\":\"BreadcrumbList\",\"@id\":\"https:\\\/\\\/denisdubois.com\\\/fr\\\/produit\\\/tu-me-manques-2-serigraphie-couleur\\\/#breadcrumb\",\"itemListElement\":[{\"@type\":\"ListItem\",\"position\":1,\"name\":\"Home\",\"item\":\"https:\\\/\\\/denisdubois.com\\\/fr\\\/serigraphies-en-edition-limitee-estampes-dart-faites-a-la-main\\\/\"},{\"@type\":\"ListItem\",\"position\":2,\"name\":\"Boutique\",\"item\":\"https:\\\/\\\/denisdubois.com\\\/fr\\\/boutique\\\/\"},{\"@type\":\"ListItem\",\"position\":3,\"name\":\"Tu Me Manques 2 &#8211; S\u00e9rigraphie couleur\"}]},{\"@type\":\"WebSite\",\"@id\":\"https:\\\/\\\/denisdubois.com\\\/fr\\\/#website\",\"url\":\"https:\\\/\\\/denisdubois.com\\\/fr\\\/\",\"name\":\"Fine Art by Denis Du Bois\",\"description\":\"Explore the world through Denis Du Bois&#039; original drawings, paintings, and serigraphs. Subscribe for exclusive access to new editions and unique art collections.\",\"publisher\":{\"@id\":\"https:\\\/\\\/denisdubois.com\\\/fr\\\/#organization\"},\"alternateName\":\"Atelier Denis Du Bois\",\"potentialAction\":[{\"@type\":\"SearchAction\",\"target\":{\"@type\":\"EntryPoint\",\"urlTemplate\":\"https:\\\/\\\/denisdubois.com\\\/fr\\\/?s={search_term_string}\"},\"query-input\":{\"@type\":\"PropertyValueSpecification\",\"valueRequired\":true,\"valueName\":\"search_term_string\"}}],\"inLanguage\":\"fr-FR\"},{\"@type\":\"Organization\",\"@id\":\"https:\\\/\\\/denisdubois.com\\\/fr\\\/#organization\",\"name\":\"Denis Du Bois\",\"url\":\"https:\\\/\\\/denisdubois.com\\\/fr\\\/\",\"logo\":{\"@type\":\"ImageObject\",\"inLanguage\":\"fr-FR\",\"@id\":\"https:\\\/\\\/denisdubois.com\\\/fr\\\/#\\\/schema\\\/logo\\\/image\\\/\",\"url\":\"https:\\\/\\\/i0.wp.com\\\/denisdubois.com\\\/wp-content\\\/uploads\\\/2025\\\/12\\\/logo-crest-atelier-251216-1200x399-1.jpg?fit=1200%2C399&ssl=1\",\"contentUrl\":\"https:\\\/\\\/i0.wp.com\\\/denisdubois.com\\\/wp-content\\\/uploads\\\/2025\\\/12\\\/logo-crest-atelier-251216-1200x399-1.jpg?fit=1200%2C399&ssl=1\",\"width\":1200,\"height\":399,\"caption\":\"Denis Du Bois\"},\"image\":{\"@id\":\"https:\\\/\\\/denisdubois.com\\\/fr\\\/#\\\/schema\\\/logo\\\/image\\\/\"},\"sameAs\":[\"https:\\\/\\\/facebook.com\\\/denisdubois\",\"https:\\\/\\\/instagram.com\\\/cool.trails\"]}]}<\/script>\n<!-- \/ Yoast SEO plugin. -->","yoast_head_json":{"title":"Tu Me Manques 2 - S\u00e9rigraphie couleur &#8211; Fine Art by Denis Du Bois","description":"S\u00e9rigraphie 30 x 30 cm bas\u00e9e sur un dessin de nu. \u00ab Tu me manques \u00bb signifie \u00ab I miss you \u00bb","robots":{"index":"index","follow":"follow","max-snippet":"max-snippet:-1","max-image-preview":"max-image-preview:large","max-video-preview":"max-video-preview:-1"},"canonical":"https:\/\/denisdubois.com\/fr\/produit\/tu-me-manques-2-serigraphie-couleur\/","og_locale":"fr_FR","og_type":"article","og_title":"Tu Me Manques 2 - S\u00e9rigraphie couleur &#8211; Fine Art by Denis Du Bois","og_description":"S\u00e9rigraphie 30 x 30 cm bas\u00e9e sur un dessin de nu. \u00ab Tu me manques \u00bb signifie \u00ab I miss you \u00bb","og_url":"https:\/\/denisdubois.com\/fr\/produit\/tu-me-manques-2-serigraphie-couleur\/","og_site_name":"Fine Art by Denis Du Bois","article_publisher":"https:\/\/facebook.com\/denisdubois","og_image":[{"width":1200,"height":1200,"url":"https:\/\/i0.wp.com\/denisdubois.com\/wp-content\/uploads\/2026\/03\/tmm2-pro-photo-260318-cleaned-1200x-1.jpg?fit=1200%2C1200&ssl=1","type":"image\/jpeg"}],"schema":{"@context":"https:\/\/schema.org","@graph":[{"@type":"WebPage","@id":"https:\/\/denisdubois.com\/fr\/produit\/tu-me-manques-2-serigraphie-couleur\/","url":"https:\/\/denisdubois.com\/fr\/produit\/tu-me-manques-2-serigraphie-couleur\/","name":"Tu Me Manques 2 - S\u00e9rigraphie couleur &#8211; Fine Art by Denis Du Bois","isPartOf":{"@id":"https:\/\/denisdubois.com\/fr\/#website"},"primaryImageOfPage":{"@id":"https:\/\/denisdubois.com\/fr\/produit\/tu-me-manques-2-serigraphie-couleur\/#primaryimage"},"image":{"@id":"https:\/\/denisdubois.com\/fr\/produit\/tu-me-manques-2-serigraphie-couleur\/#primaryimage"},"thumbnailUrl":"https:\/\/i0.wp.com\/denisdubois.com\/wp-content\/uploads\/2026\/03\/tmm2-pro-photo-260318-cleaned-1200x-1.jpg?fit=1200%2C1200&ssl=1","datePublished":"2026-03-19T03:13:08+00:00","description":"S\u00e9rigraphie 30 x 30 cm bas\u00e9e sur un dessin de nu. \u00ab Tu me manques \u00bb signifie \u00ab I miss you \u00bb","breadcrumb":{"@id":"https:\/\/denisdubois.com\/fr\/produit\/tu-me-manques-2-serigraphie-couleur\/#breadcrumb"},"inLanguage":"fr-FR","potentialAction":[{"@type":"ReadAction","target":["https:\/\/denisdubois.com\/fr\/produit\/tu-me-manques-2-serigraphie-couleur\/"]}]},{"@type":"ImageObject","inLanguage":"fr-FR","@id":"https:\/\/denisdubois.com\/fr\/produit\/tu-me-manques-2-serigraphie-couleur\/#primaryimage","url":"https:\/\/i0.wp.com\/denisdubois.com\/wp-content\/uploads\/2026\/03\/tmm2-pro-photo-260318-cleaned-1200x-1.jpg?fit=1200%2C1200&ssl=1","contentUrl":"https:\/\/i0.wp.com\/denisdubois.com\/wp-content\/uploads\/2026\/03\/tmm2-pro-photo-260318-cleaned-1200x-1.jpg?fit=1200%2C1200&ssl=1","width":1200,"height":1200},{"@type":"BreadcrumbList","@id":"https:\/\/denisdubois.com\/fr\/produit\/tu-me-manques-2-serigraphie-couleur\/#breadcrumb","itemListElement":[{"@type":"ListItem","position":1,"name":"Home","item":"https:\/\/denisdubois.com\/fr\/serigraphies-en-edition-limitee-estampes-dart-faites-a-la-main\/"},{"@type":"ListItem","position":2,"name":"Boutique","item":"https:\/\/denisdubois.com\/fr\/boutique\/"},{"@type":"ListItem","position":3,"name":"Tu Me Manques 2 &#8211; S\u00e9rigraphie couleur"}]},{"@type":"WebSite","@id":"https:\/\/denisdubois.com\/fr\/#website","url":"https:\/\/denisdubois.com\/fr\/","name":"Fine Art by Denis Du Bois","description":"Explore the world through Denis Du Bois&#039; original drawings, paintings, and serigraphs. Subscribe for exclusive access to new editions and unique art collections.","publisher":{"@id":"https:\/\/denisdubois.com\/fr\/#organization"},"alternateName":"Atelier Denis Du Bois","potentialAction":[{"@type":"SearchAction","target":{"@type":"EntryPoint","urlTemplate":"https:\/\/denisdubois.com\/fr\/?s={search_term_string}"},"query-input":{"@type":"PropertyValueSpecification","valueRequired":true,"valueName":"search_term_string"}}],"inLanguage":"fr-FR"},{"@type":"Organization","@id":"https:\/\/denisdubois.com\/fr\/#organization","name":"Denis Du Bois","url":"https:\/\/denisdubois.com\/fr\/","logo":{"@type":"ImageObject","inLanguage":"fr-FR","@id":"https:\/\/denisdubois.com\/fr\/#\/schema\/logo\/image\/","url":"https:\/\/i0.wp.com\/denisdubois.com\/wp-content\/uploads\/2025\/12\/logo-crest-atelier-251216-1200x399-1.jpg?fit=1200%2C399&ssl=1","contentUrl":"https:\/\/i0.wp.com\/denisdubois.com\/wp-content\/uploads\/2025\/12\/logo-crest-atelier-251216-1200x399-1.jpg?fit=1200%2C399&ssl=1","width":1200,"height":399,"caption":"Denis Du Bois"},"image":{"@id":"https:\/\/denisdubois.com\/fr\/#\/schema\/logo\/image\/"},"sameAs":["https:\/\/facebook.com\/denisdubois","https:\/\/instagram.com\/cool.trails"]}]}},"jetpack_sharing_enabled":true,"_links":{"self":[{"href":"https:\/\/denisdubois.com\/fr\/wp-json\/wp\/v2\/product\/801","targetHints":{"allow":["GET"]}}],"collection":[{"href":"https:\/\/denisdubois.com\/fr\/wp-json\/wp\/v2\/product"}],"about":[{"href":"https:\/\/denisdubois.com\/fr\/wp-json\/wp\/v2\/types\/product"}],"replies":[{"embeddable":true,"href":"https:\/\/denisdubois.com\/fr\/wp-json\/wp\/v2\/comments?post=801"}],"wp:featuredmedia":[{"embeddable":true,"href":"https:\/\/denisdubois.com\/fr\/wp-json\/wp\/v2\/media\/546"}],"wp:attachment":[{"href":"https:\/\/denisdubois.com\/fr\/wp-json\/wp\/v2\/media?parent=801"}],"wp:term":[{"taxonomy":"product_brand","embeddable":true,"href":"https:\/\/denisdubois.com\/fr\/wp-json\/wp\/v2\/product_brand?post=801"},{"taxonomy":"product_cat","embeddable":true,"href":"https:\/\/denisdubois.com\/fr\/wp-json\/wp\/v2\/product_cat?post=801"},{"taxonomy":"product_tag","embeddable":true,"href":"https:\/\/denisdubois.com\/fr\/wp-json\/wp\/v2\/product_tag?post=801"}],"curies":[{"name":"wp","href":"https:\/\/api.w.org\/{rel}","templated":true}]}}