{"id":794,"date":"2025-12-17T01:55:38","date_gmt":"2025-12-17T01:55:38","guid":{"rendered":"https:\/\/denisdubois.com\/product\/serie-espagne-torla-ordesa-tirages-limites\/"},"modified":"2025-12-17T01:55:38","modified_gmt":"2025-12-17T09:55:38","slug":"serie-espagne-torla-ordesa-tirages-limites","status":"publish","type":"product","link":"https:\/\/denisdubois.com\/fr\/produit\/serie-espagne-torla-ordesa-tirages-limites\/","title":{"rendered":"S\u00e9rie Espagne : Torla-Ordesa Tirages Limit\u00e9s"},"content":{"rendered":"","protected":false},"excerpt":{"rendered":"<p>Cette estampe saisissante est la premi\u00e8re de ma s\u00e9rie Espagne. J&#8217;ai croqu\u00e9 des sc\u00e8nes lors de mon voyage en Espagne en 2025 et suis rentr\u00e9 pour les d\u00e9velopper en s\u00e9rigraphies dans l&#8217;atelier de gravure. D\u00e9couvrez-en davantage dans \u00ab <a href=\"https:\/\/denisdubois.com\/fr\/torla-ordesa-lhistoire-derriere-cette-serigraphie-originale\/\">Torla-Ordesa : L&#8217;histoire<\/a> \u00bb sur le blog Perspectives de l&#8217;artiste.<\/p>\n<p>S\u00e9rigraphie originale, faisant partie d&#8217;une petite \u00e9dition limit\u00e9e, imprim\u00e9e par l&#8217;artiste sur papier Rives blanc cass\u00e9, de conservation, sans acide, 100 % coton, zone d&#8217;image 28 x 36 cm, neuf couleurs d&#8217;encre, sign\u00e9e et num\u00e9rot\u00e9e par l&#8217;artiste. La feuille porte mon sceau d&#8217;authenticit\u00e9 en relief et est accompagn\u00e9e d&#8217;un certificat d&#8217;authenticit\u00e9 de l&#8217;artiste.<\/p>\n<p>Les couleurs \u00e0 l&#8217;\u00e9cran sont approximatives. Il s&#8217;agit d&#8217;une \u0153uvre d&#8217;art artisanale. \u00c0 ce titre, il y aura de l\u00e9g\u00e8res variations qui rendent chaque estampe unique. <a href=\"https:\/\/denisdubois.com\/fr\/produit\/abonnement-a-la-serie-espagne-six-serigraphies-dart-faites-a-la-main\/\">Les abonn\u00e9s \u00e0 la s\u00e9rie<\/a> recevront les estampes portant les num\u00e9ros les plus bas disponibles dans chaque \u00e9dition.<\/p>\n","protected":false},"featured_media":557,"comment_status":"open","ping_status":"closed","template":"","meta":{"nf_dc_page":"","_monsterinsights_skip_tracking":false,"_monsterinsights_sitenote_active":false,"_monsterinsights_sitenote_note":"","_monsterinsights_sitenote_category":0},"product_brand":[],"product_cat":[102,101],"product_tag":[131,104,135,132],"class_list":{"0":"post-794","1":"product","2":"type-product","3":"status-publish","4":"has-post-thumbnail","6":"product_cat-serie-espagne","7":"product_cat-serigraphie","8":"product_tag-eglise","9":"product_tag-espagne","10":"product_tag-montagnes","11":"product_tag-paysage","12":"product_shipping_class-impression-plus-grande-que-format-lettre","14":"first","15":"instock","16":"sold-individually","17":"taxable","18":"shipping-taxable","19":"purchasable","20":"product-type-variable","21":"has-default-attributes"},"yoast_head":"<!-- This site is optimized with the Yoast SEO plugin v27.4 - https:\/\/yoast.com\/product\/yoast-seo-wordpress\/ -->\n<title>S\u00e9rie Espagne : Torla-Ordesa Tirages Limit\u00e9s &#8211; Fine Art by Denis Du Bois<\/title>\n<meta name=\"description\" content=\"Magnifique s\u00e9rigraphie d&#039;art, 28 x 36 cm, \u00e9dition limit\u00e9e, papier d&#039;art 100 % coton sans acide de conservation, neuf couleurs d&#039;encre, sign\u00e9e et num\u00e9rot\u00e9e par l&#039;artiste.\" \/>\n<meta name=\"robots\" content=\"index, follow, max-snippet:-1, max-image-preview:large, max-video-preview:-1\" \/>\n<link rel=\"canonical\" href=\"https:\/\/denisdubois.com\/fr\/produit\/serie-espagne-torla-ordesa-tirages-limites\/\" \/>\n<meta property=\"og:locale\" content=\"fr_FR\" \/>\n<meta property=\"og:type\" content=\"article\" \/>\n<meta property=\"og:title\" content=\"S\u00e9rie Espagne : Torla-Ordesa Tirages Limit\u00e9s &#8211; Fine Art by Denis Du Bois\" \/>\n<meta property=\"og:description\" content=\"Magnifique s\u00e9rigraphie d&#039;art, 28 x 36 cm, \u00e9dition limit\u00e9e, papier d&#039;art 100 % coton sans acide de conservation, neuf couleurs d&#039;encre, sign\u00e9e et num\u00e9rot\u00e9e par l&#039;artiste.\" \/>\n<meta property=\"og:url\" content=\"https:\/\/denisdubois.com\/fr\/produit\/serie-espagne-torla-ordesa-tirages-limites\/\" \/>\n<meta property=\"og:site_name\" content=\"Fine Art by Denis Du Bois\" \/>\n<meta property=\"article:publisher\" content=\"https:\/\/facebook.com\/denisdubois\" \/>\n<meta property=\"article:modified_time\" content=\"2025-12-17T09:55:38+00:00\" \/>\n<meta property=\"og:image\" content=\"https:\/\/denisdubois.com\/wp-content\/uploads\/2026\/03\/Torla-pro-photo-2-adj-v260322-noborder-transp-2400x-1024x1024.webp\" \/>\n\t<meta property=\"og:image:width\" content=\"1024\" \/>\n\t<meta property=\"og:image:height\" content=\"1024\" \/>\n\t<meta property=\"og:image:type\" content=\"image\/webp\" \/>\n<script type=\"application\/ld+json\" class=\"yoast-schema-graph\">{\"@context\":\"https:\\\/\\\/schema.org\",\"@graph\":[{\"@type\":\"WebPage\",\"@id\":\"https:\\\/\\\/denisdubois.com\\\/fr\\\/produit\\\/serie-espagne-torla-ordesa-tirages-limites\\\/\",\"url\":\"https:\\\/\\\/denisdubois.com\\\/fr\\\/produit\\\/serie-espagne-torla-ordesa-tirages-limites\\\/\",\"name\":\"S\u00e9rie Espagne : Torla-Ordesa Tirages Limit\u00e9s &#8211; Fine Art by Denis Du Bois\",\"isPartOf\":{\"@id\":\"https:\\\/\\\/denisdubois.com\\\/fr\\\/#website\"},\"primaryImageOfPage\":{\"@id\":\"https:\\\/\\\/denisdubois.com\\\/fr\\\/produit\\\/serie-espagne-torla-ordesa-tirages-limites\\\/#primaryimage\"},\"image\":{\"@id\":\"https:\\\/\\\/denisdubois.com\\\/fr\\\/produit\\\/serie-espagne-torla-ordesa-tirages-limites\\\/#primaryimage\"},\"thumbnailUrl\":\"https:\\\/\\\/i0.wp.com\\\/denisdubois.com\\\/wp-content\\\/uploads\\\/2026\\\/03\\\/Torla-pro-photo-2-adj-v260322-noborder-transp-2400x.webp?fit=2400%2C2400&ssl=1\",\"datePublished\":\"2025-12-17T01:55:38+00:00\",\"dateModified\":\"2025-12-17T09:55:38+00:00\",\"description\":\"Magnifique s\u00e9rigraphie d'art, 28 x 36 cm, \u00e9dition limit\u00e9e, papier d'art 100 % coton sans acide de conservation, neuf couleurs d'encre, sign\u00e9e et num\u00e9rot\u00e9e par l'artiste.\",\"breadcrumb\":{\"@id\":\"https:\\\/\\\/denisdubois.com\\\/fr\\\/produit\\\/serie-espagne-torla-ordesa-tirages-limites\\\/#breadcrumb\"},\"inLanguage\":\"fr-FR\",\"potentialAction\":[{\"@type\":\"ReadAction\",\"target\":[\"https:\\\/\\\/denisdubois.com\\\/fr\\\/produit\\\/serie-espagne-torla-ordesa-tirages-limites\\\/\"]}]},{\"@type\":\"ImageObject\",\"inLanguage\":\"fr-FR\",\"@id\":\"https:\\\/\\\/denisdubois.com\\\/fr\\\/produit\\\/serie-espagne-torla-ordesa-tirages-limites\\\/#primaryimage\",\"url\":\"https:\\\/\\\/i0.wp.com\\\/denisdubois.com\\\/wp-content\\\/uploads\\\/2026\\\/03\\\/Torla-pro-photo-2-adj-v260322-noborder-transp-2400x.webp?fit=2400%2C2400&ssl=1\",\"contentUrl\":\"https:\\\/\\\/i0.wp.com\\\/denisdubois.com\\\/wp-content\\\/uploads\\\/2026\\\/03\\\/Torla-pro-photo-2-adj-v260322-noborder-transp-2400x.webp?fit=2400%2C2400&ssl=1\",\"width\":2400,\"height\":2400,\"caption\":\"Torla Ordessa Spain collector fine art serigraph screen print Copyright 2026 Denis Du Bois\"},{\"@type\":\"BreadcrumbList\",\"@id\":\"https:\\\/\\\/denisdubois.com\\\/fr\\\/produit\\\/serie-espagne-torla-ordesa-tirages-limites\\\/#breadcrumb\",\"itemListElement\":[{\"@type\":\"ListItem\",\"position\":1,\"name\":\"Home\",\"item\":\"https:\\\/\\\/denisdubois.com\\\/fr\\\/serigraphies-en-edition-limitee-estampes-dart-faites-a-la-main\\\/\"},{\"@type\":\"ListItem\",\"position\":2,\"name\":\"Boutique\",\"item\":\"https:\\\/\\\/denisdubois.com\\\/fr\\\/boutique\\\/\"},{\"@type\":\"ListItem\",\"position\":3,\"name\":\"S\u00e9rie Espagne : Torla-Ordesa Tirages Limit\u00e9s\"}]},{\"@type\":\"WebSite\",\"@id\":\"https:\\\/\\\/denisdubois.com\\\/fr\\\/#website\",\"url\":\"https:\\\/\\\/denisdubois.com\\\/fr\\\/\",\"name\":\"Fine Art by Denis Du Bois\",\"description\":\"Explore the world through Denis Du Bois&#039; original drawings, paintings, and serigraphs. Subscribe for exclusive access to new editions and unique art collections.\",\"publisher\":{\"@id\":\"https:\\\/\\\/denisdubois.com\\\/fr\\\/#organization\"},\"alternateName\":\"Atelier Denis Du Bois\",\"potentialAction\":[{\"@type\":\"SearchAction\",\"target\":{\"@type\":\"EntryPoint\",\"urlTemplate\":\"https:\\\/\\\/denisdubois.com\\\/fr\\\/?s={search_term_string}\"},\"query-input\":{\"@type\":\"PropertyValueSpecification\",\"valueRequired\":true,\"valueName\":\"search_term_string\"}}],\"inLanguage\":\"fr-FR\"},{\"@type\":\"Organization\",\"@id\":\"https:\\\/\\\/denisdubois.com\\\/fr\\\/#organization\",\"name\":\"Denis Du Bois\",\"url\":\"https:\\\/\\\/denisdubois.com\\\/fr\\\/\",\"logo\":{\"@type\":\"ImageObject\",\"inLanguage\":\"fr-FR\",\"@id\":\"https:\\\/\\\/denisdubois.com\\\/fr\\\/#\\\/schema\\\/logo\\\/image\\\/\",\"url\":\"https:\\\/\\\/i0.wp.com\\\/denisdubois.com\\\/wp-content\\\/uploads\\\/2025\\\/12\\\/logo-crest-atelier-251216-1200x399-1.jpg?fit=1200%2C399&ssl=1\",\"contentUrl\":\"https:\\\/\\\/i0.wp.com\\\/denisdubois.com\\\/wp-content\\\/uploads\\\/2025\\\/12\\\/logo-crest-atelier-251216-1200x399-1.jpg?fit=1200%2C399&ssl=1\",\"width\":1200,\"height\":399,\"caption\":\"Denis Du Bois\"},\"image\":{\"@id\":\"https:\\\/\\\/denisdubois.com\\\/fr\\\/#\\\/schema\\\/logo\\\/image\\\/\"},\"sameAs\":[\"https:\\\/\\\/facebook.com\\\/denisdubois\",\"https:\\\/\\\/instagram.com\\\/cool.trails\"]}]}<\/script>\n<!-- \/ Yoast SEO plugin. -->","yoast_head_json":{"title":"S\u00e9rie Espagne : Torla-Ordesa Tirages Limit\u00e9s &#8211; Fine Art by Denis Du Bois","description":"Magnifique s\u00e9rigraphie d'art, 28 x 36 cm, \u00e9dition limit\u00e9e, papier d'art 100 % coton sans acide de conservation, neuf couleurs d'encre, sign\u00e9e et num\u00e9rot\u00e9e par l'artiste.","robots":{"index":"index","follow":"follow","max-snippet":"max-snippet:-1","max-image-preview":"max-image-preview:large","max-video-preview":"max-video-preview:-1"},"canonical":"https:\/\/denisdubois.com\/fr\/produit\/serie-espagne-torla-ordesa-tirages-limites\/","og_locale":"fr_FR","og_type":"article","og_title":"S\u00e9rie Espagne : Torla-Ordesa Tirages Limit\u00e9s &#8211; Fine Art by Denis Du Bois","og_description":"Magnifique s\u00e9rigraphie d'art, 28 x 36 cm, \u00e9dition limit\u00e9e, papier d'art 100 % coton sans acide de conservation, neuf couleurs d'encre, sign\u00e9e et num\u00e9rot\u00e9e par l'artiste.","og_url":"https:\/\/denisdubois.com\/fr\/produit\/serie-espagne-torla-ordesa-tirages-limites\/","og_site_name":"Fine Art by Denis Du Bois","article_publisher":"https:\/\/facebook.com\/denisdubois","article_modified_time":"2025-12-17T09:55:38+00:00","og_image":[{"width":1024,"height":1024,"url":"https:\/\/denisdubois.com\/wp-content\/uploads\/2026\/03\/Torla-pro-photo-2-adj-v260322-noborder-transp-2400x-1024x1024.webp","type":"image\/webp"}],"schema":{"@context":"https:\/\/schema.org","@graph":[{"@type":"WebPage","@id":"https:\/\/denisdubois.com\/fr\/produit\/serie-espagne-torla-ordesa-tirages-limites\/","url":"https:\/\/denisdubois.com\/fr\/produit\/serie-espagne-torla-ordesa-tirages-limites\/","name":"S\u00e9rie Espagne : Torla-Ordesa Tirages Limit\u00e9s &#8211; Fine Art by Denis Du Bois","isPartOf":{"@id":"https:\/\/denisdubois.com\/fr\/#website"},"primaryImageOfPage":{"@id":"https:\/\/denisdubois.com\/fr\/produit\/serie-espagne-torla-ordesa-tirages-limites\/#primaryimage"},"image":{"@id":"https:\/\/denisdubois.com\/fr\/produit\/serie-espagne-torla-ordesa-tirages-limites\/#primaryimage"},"thumbnailUrl":"https:\/\/i0.wp.com\/denisdubois.com\/wp-content\/uploads\/2026\/03\/Torla-pro-photo-2-adj-v260322-noborder-transp-2400x.webp?fit=2400%2C2400&ssl=1","datePublished":"2025-12-17T01:55:38+00:00","dateModified":"2025-12-17T09:55:38+00:00","description":"Magnifique s\u00e9rigraphie d'art, 28 x 36 cm, \u00e9dition limit\u00e9e, papier d'art 100 % coton sans acide de conservation, neuf couleurs d'encre, sign\u00e9e et num\u00e9rot\u00e9e par l'artiste.","breadcrumb":{"@id":"https:\/\/denisdubois.com\/fr\/produit\/serie-espagne-torla-ordesa-tirages-limites\/#breadcrumb"},"inLanguage":"fr-FR","potentialAction":[{"@type":"ReadAction","target":["https:\/\/denisdubois.com\/fr\/produit\/serie-espagne-torla-ordesa-tirages-limites\/"]}]},{"@type":"ImageObject","inLanguage":"fr-FR","@id":"https:\/\/denisdubois.com\/fr\/produit\/serie-espagne-torla-ordesa-tirages-limites\/#primaryimage","url":"https:\/\/i0.wp.com\/denisdubois.com\/wp-content\/uploads\/2026\/03\/Torla-pro-photo-2-adj-v260322-noborder-transp-2400x.webp?fit=2400%2C2400&ssl=1","contentUrl":"https:\/\/i0.wp.com\/denisdubois.com\/wp-content\/uploads\/2026\/03\/Torla-pro-photo-2-adj-v260322-noborder-transp-2400x.webp?fit=2400%2C2400&ssl=1","width":2400,"height":2400,"caption":"Torla Ordessa Spain collector fine art serigraph screen print Copyright 2026 Denis Du Bois"},{"@type":"BreadcrumbList","@id":"https:\/\/denisdubois.com\/fr\/produit\/serie-espagne-torla-ordesa-tirages-limites\/#breadcrumb","itemListElement":[{"@type":"ListItem","position":1,"name":"Home","item":"https:\/\/denisdubois.com\/fr\/serigraphies-en-edition-limitee-estampes-dart-faites-a-la-main\/"},{"@type":"ListItem","position":2,"name":"Boutique","item":"https:\/\/denisdubois.com\/fr\/boutique\/"},{"@type":"ListItem","position":3,"name":"S\u00e9rie Espagne : Torla-Ordesa Tirages Limit\u00e9s"}]},{"@type":"WebSite","@id":"https:\/\/denisdubois.com\/fr\/#website","url":"https:\/\/denisdubois.com\/fr\/","name":"Fine Art by Denis Du Bois","description":"Explore the world through Denis Du Bois&#039; original drawings, paintings, and serigraphs. Subscribe for exclusive access to new editions and unique art collections.","publisher":{"@id":"https:\/\/denisdubois.com\/fr\/#organization"},"alternateName":"Atelier Denis Du Bois","potentialAction":[{"@type":"SearchAction","target":{"@type":"EntryPoint","urlTemplate":"https:\/\/denisdubois.com\/fr\/?s={search_term_string}"},"query-input":{"@type":"PropertyValueSpecification","valueRequired":true,"valueName":"search_term_string"}}],"inLanguage":"fr-FR"},{"@type":"Organization","@id":"https:\/\/denisdubois.com\/fr\/#organization","name":"Denis Du Bois","url":"https:\/\/denisdubois.com\/fr\/","logo":{"@type":"ImageObject","inLanguage":"fr-FR","@id":"https:\/\/denisdubois.com\/fr\/#\/schema\/logo\/image\/","url":"https:\/\/i0.wp.com\/denisdubois.com\/wp-content\/uploads\/2025\/12\/logo-crest-atelier-251216-1200x399-1.jpg?fit=1200%2C399&ssl=1","contentUrl":"https:\/\/i0.wp.com\/denisdubois.com\/wp-content\/uploads\/2025\/12\/logo-crest-atelier-251216-1200x399-1.jpg?fit=1200%2C399&ssl=1","width":1200,"height":399,"caption":"Denis Du Bois"},"image":{"@id":"https:\/\/denisdubois.com\/fr\/#\/schema\/logo\/image\/"},"sameAs":["https:\/\/facebook.com\/denisdubois","https:\/\/instagram.com\/cool.trails"]}]}},"jetpack_sharing_enabled":true,"_links":{"self":[{"href":"https:\/\/denisdubois.com\/fr\/wp-json\/wp\/v2\/product\/794","targetHints":{"allow":["GET"]}}],"collection":[{"href":"https:\/\/denisdubois.com\/fr\/wp-json\/wp\/v2\/product"}],"about":[{"href":"https:\/\/denisdubois.com\/fr\/wp-json\/wp\/v2\/types\/product"}],"replies":[{"embeddable":true,"href":"https:\/\/denisdubois.com\/fr\/wp-json\/wp\/v2\/comments?post=794"}],"wp:featuredmedia":[{"embeddable":true,"href":"https:\/\/denisdubois.com\/fr\/wp-json\/wp\/v2\/media\/557"}],"wp:attachment":[{"href":"https:\/\/denisdubois.com\/fr\/wp-json\/wp\/v2\/media?parent=794"}],"wp:term":[{"taxonomy":"product_brand","embeddable":true,"href":"https:\/\/denisdubois.com\/fr\/wp-json\/wp\/v2\/product_brand?post=794"},{"taxonomy":"product_cat","embeddable":true,"href":"https:\/\/denisdubois.com\/fr\/wp-json\/wp\/v2\/product_cat?post=794"},{"taxonomy":"product_tag","embeddable":true,"href":"https:\/\/denisdubois.com\/fr\/wp-json\/wp\/v2\/product_tag?post=794"}],"curies":[{"name":"wp","href":"https:\/\/api.w.org\/{rel}","templated":true}]}}