{"id":782,"date":"2026-02-16T14:01:40","date_gmt":"2026-02-16T22:01:40","guid":{"rendered":"https:\/\/denisdubois.com\/product\/iglesia-san-salvador-serigraphie-au-trait\/"},"modified":"2026-02-16T14:01:40","modified_gmt":"2026-02-16T22:01:40","slug":"iglesia-san-salvador-serigraphie-au-trait","status":"publish","type":"product","link":"https:\/\/denisdubois.com\/fr\/produit\/iglesia-san-salvador-serigraphie-au-trait\/","title":{"rendered":"Iglesia San Salvador &#8211; S\u00e9rigraphie au trait"},"content":{"rendered":"","protected":false},"excerpt":{"rendered":"<p>Cette variante de <a href=\"https:\/\/denisdubois.com\/product\/collectors-prints-spain-torla\/\">sa version couleur<\/a> est une s\u00e9rigraphie cr\u00e9\u00e9e \u00e0 partir d\u2019un croquis \u00e0 la plume et \u00e0 l\u2019encre r\u00e9alis\u00e9 dans le nord de l\u2019Espagne lors d\u2019un voyage de dessin urbain. Elle repr\u00e9sente la charmante \u00e9glise de San Salvador dans le village de montagne de Torla-Ordesa. D\u00e9couvrez ce sujet dans \u00ab <a href=\"https:\/\/denisdubois.com\/fr\/torla-ordesa-lhistoire-derriere-cette-serigraphie-originale\/\">Torla-Ordesa : l\u2019histoire<\/a> \u00bb sur le blog Artist\u2019s Insights.<\/p>\n<p>Disponible avec ou sans cadre. La zone d\u2019image s\u00e9rigraphi\u00e9e avec titre et signature mesure 11&#215;14 pouces. S\u00e9rigraphi\u00e9e par l\u2019artiste sur papier d\u2019art Rives 100 % coton, sans acide, 115 g\/m\u00b2, blanc cr\u00e8me, avec une encre s\u00e9pia fonc\u00e9e. La feuille de 14&#215;19 pouces est destin\u00e9e \u00e0 \u00eatre d\u00e9coup\u00e9e pour l\u2019encadrement.<\/p>\n<p>\u00c9dition ouverte, sign\u00e9e et gaufr\u00e9e, avec certificat d\u2019authenticit\u00e9 de l\u2019artiste. Les couleurs d\u2019affichage des appareils sont inexactes. Ne fait pas partie d\u2019un abonnement.<\/p>\n","protected":false},"featured_media":502,"comment_status":"open","ping_status":"closed","template":"","meta":{"nf_dc_page":"","_monsterinsights_skip_tracking":false,"_monsterinsights_sitenote_active":false,"_monsterinsights_sitenote_note":"","_monsterinsights_sitenote_category":0},"product_brand":[],"product_cat":[102,101],"product_tag":[126,133,131,104,132],"class_list":{"0":"post-782","1":"product","2":"type-product","3":"status-publish","4":"has-post-thumbnail","6":"product_cat-serie-espagne","7":"product_cat-serigraphie","8":"product_tag-11x14","9":"product_tag-dessin","10":"product_tag-eglise","11":"product_tag-espagne","12":"product_tag-paysage","13":"product_shipping_class-impression-plus-grande-que-format-lettre","15":"first","16":"instock","17":"taxable","18":"shipping-taxable","19":"purchasable","20":"product-type-variable"},"yoast_head":"<!-- This site is optimized with the Yoast SEO plugin v27.4 - https:\/\/yoast.com\/product\/yoast-seo-wordpress\/ -->\n<title>Iglesia San Salvador - S\u00e9rigraphie au trait &#8211; Fine Art by Denis Du Bois<\/title>\n<meta name=\"description\" content=\"Cette s\u00e9rigraphie sign\u00e9e repr\u00e9sente la charmante \u00e9glise de San Salvador \u00e0 Torla-Ordesa, en Espagne. Zone d\u2019image de 11x14 pouces sur papier Rives 100 % coton. Disponible avec cadre.\" \/>\n<meta name=\"robots\" content=\"index, follow, max-snippet:-1, max-image-preview:large, max-video-preview:-1\" \/>\n<link rel=\"canonical\" href=\"https:\/\/denisdubois.com\/fr\/produit\/iglesia-san-salvador-serigraphie-au-trait\/\" \/>\n<meta property=\"og:locale\" content=\"fr_FR\" \/>\n<meta property=\"og:type\" content=\"article\" \/>\n<meta property=\"og:title\" content=\"Iglesia San Salvador - S\u00e9rigraphie au trait &#8211; Fine Art by Denis Du Bois\" \/>\n<meta property=\"og:description\" content=\"Cette s\u00e9rigraphie sign\u00e9e repr\u00e9sente la charmante \u00e9glise de San Salvador \u00e0 Torla-Ordesa, en Espagne. Zone d\u2019image de 11x14 pouces sur papier Rives 100 % coton. Disponible avec cadre.\" \/>\n<meta property=\"og:url\" content=\"https:\/\/denisdubois.com\/fr\/produit\/iglesia-san-salvador-serigraphie-au-trait\/\" \/>\n<meta property=\"og:site_name\" content=\"Fine Art by Denis Du Bois\" \/>\n<meta property=\"article:publisher\" content=\"https:\/\/facebook.com\/denisdubois\" \/>\n<meta property=\"og:image\" content=\"https:\/\/i0.wp.com\/denisdubois.com\/wp-content\/uploads\/2026\/02\/Iglesia-pro-photo-cleaned-1800x-v260303.webp?fit=1800%2C1800&ssl=1\" \/>\n\t<meta property=\"og:image:width\" content=\"1800\" \/>\n\t<meta property=\"og:image:height\" content=\"1800\" \/>\n\t<meta property=\"og:image:type\" content=\"image\/webp\" \/>\n<script type=\"application\/ld+json\" class=\"yoast-schema-graph\">{\"@context\":\"https:\\\/\\\/schema.org\",\"@graph\":[{\"@type\":\"WebPage\",\"@id\":\"https:\\\/\\\/denisdubois.com\\\/fr\\\/produit\\\/iglesia-san-salvador-serigraphie-au-trait\\\/\",\"url\":\"https:\\\/\\\/denisdubois.com\\\/fr\\\/produit\\\/iglesia-san-salvador-serigraphie-au-trait\\\/\",\"name\":\"Iglesia San Salvador - S\u00e9rigraphie au trait &#8211; Fine Art by Denis Du Bois\",\"isPartOf\":{\"@id\":\"https:\\\/\\\/denisdubois.com\\\/fr\\\/#website\"},\"primaryImageOfPage\":{\"@id\":\"https:\\\/\\\/denisdubois.com\\\/fr\\\/produit\\\/iglesia-san-salvador-serigraphie-au-trait\\\/#primaryimage\"},\"image\":{\"@id\":\"https:\\\/\\\/denisdubois.com\\\/fr\\\/produit\\\/iglesia-san-salvador-serigraphie-au-trait\\\/#primaryimage\"},\"thumbnailUrl\":\"https:\\\/\\\/i0.wp.com\\\/denisdubois.com\\\/wp-content\\\/uploads\\\/2026\\\/02\\\/Iglesia-pro-photo-cleaned-1800x-v260303.webp?fit=1800%2C1800&ssl=1\",\"datePublished\":\"2026-02-16T22:01:40+00:00\",\"description\":\"Cette s\u00e9rigraphie sign\u00e9e repr\u00e9sente la charmante \u00e9glise de San Salvador \u00e0 Torla-Ordesa, en Espagne. Zone d\u2019image de 11x14 pouces sur papier Rives 100 % coton. Disponible avec cadre.\",\"breadcrumb\":{\"@id\":\"https:\\\/\\\/denisdubois.com\\\/fr\\\/produit\\\/iglesia-san-salvador-serigraphie-au-trait\\\/#breadcrumb\"},\"inLanguage\":\"fr-FR\",\"potentialAction\":[{\"@type\":\"ReadAction\",\"target\":[\"https:\\\/\\\/denisdubois.com\\\/fr\\\/produit\\\/iglesia-san-salvador-serigraphie-au-trait\\\/\"]}]},{\"@type\":\"ImageObject\",\"inLanguage\":\"fr-FR\",\"@id\":\"https:\\\/\\\/denisdubois.com\\\/fr\\\/produit\\\/iglesia-san-salvador-serigraphie-au-trait\\\/#primaryimage\",\"url\":\"https:\\\/\\\/i0.wp.com\\\/denisdubois.com\\\/wp-content\\\/uploads\\\/2026\\\/02\\\/Iglesia-pro-photo-cleaned-1800x-v260303.webp?fit=1800%2C1800&ssl=1\",\"contentUrl\":\"https:\\\/\\\/i0.wp.com\\\/denisdubois.com\\\/wp-content\\\/uploads\\\/2026\\\/02\\\/Iglesia-pro-photo-cleaned-1800x-v260303.webp?fit=1800%2C1800&ssl=1\",\"width\":1800,\"height\":1800,\"caption\":\"serigraph of iglesia san salvador spain by Denis Du Bois\"},{\"@type\":\"BreadcrumbList\",\"@id\":\"https:\\\/\\\/denisdubois.com\\\/fr\\\/produit\\\/iglesia-san-salvador-serigraphie-au-trait\\\/#breadcrumb\",\"itemListElement\":[{\"@type\":\"ListItem\",\"position\":1,\"name\":\"Home\",\"item\":\"https:\\\/\\\/denisdubois.com\\\/fr\\\/serigraphies-en-edition-limitee-estampes-dart-faites-a-la-main\\\/\"},{\"@type\":\"ListItem\",\"position\":2,\"name\":\"Boutique\",\"item\":\"https:\\\/\\\/denisdubois.com\\\/fr\\\/boutique\\\/\"},{\"@type\":\"ListItem\",\"position\":3,\"name\":\"Iglesia San Salvador &#8211; S\u00e9rigraphie au trait\"}]},{\"@type\":\"WebSite\",\"@id\":\"https:\\\/\\\/denisdubois.com\\\/fr\\\/#website\",\"url\":\"https:\\\/\\\/denisdubois.com\\\/fr\\\/\",\"name\":\"Fine Art by Denis Du Bois\",\"description\":\"Explore the world through Denis Du Bois&#039; original drawings, paintings, and serigraphs. Subscribe for exclusive access to new editions and unique art collections.\",\"publisher\":{\"@id\":\"https:\\\/\\\/denisdubois.com\\\/fr\\\/#organization\"},\"alternateName\":\"Atelier Denis Du Bois\",\"potentialAction\":[{\"@type\":\"SearchAction\",\"target\":{\"@type\":\"EntryPoint\",\"urlTemplate\":\"https:\\\/\\\/denisdubois.com\\\/fr\\\/?s={search_term_string}\"},\"query-input\":{\"@type\":\"PropertyValueSpecification\",\"valueRequired\":true,\"valueName\":\"search_term_string\"}}],\"inLanguage\":\"fr-FR\"},{\"@type\":\"Organization\",\"@id\":\"https:\\\/\\\/denisdubois.com\\\/fr\\\/#organization\",\"name\":\"Denis Du Bois\",\"url\":\"https:\\\/\\\/denisdubois.com\\\/fr\\\/\",\"logo\":{\"@type\":\"ImageObject\",\"inLanguage\":\"fr-FR\",\"@id\":\"https:\\\/\\\/denisdubois.com\\\/fr\\\/#\\\/schema\\\/logo\\\/image\\\/\",\"url\":\"https:\\\/\\\/i0.wp.com\\\/denisdubois.com\\\/wp-content\\\/uploads\\\/2025\\\/12\\\/logo-crest-atelier-251216-1200x399-1.jpg?fit=1200%2C399&ssl=1\",\"contentUrl\":\"https:\\\/\\\/i0.wp.com\\\/denisdubois.com\\\/wp-content\\\/uploads\\\/2025\\\/12\\\/logo-crest-atelier-251216-1200x399-1.jpg?fit=1200%2C399&ssl=1\",\"width\":1200,\"height\":399,\"caption\":\"Denis Du Bois\"},\"image\":{\"@id\":\"https:\\\/\\\/denisdubois.com\\\/fr\\\/#\\\/schema\\\/logo\\\/image\\\/\"},\"sameAs\":[\"https:\\\/\\\/facebook.com\\\/denisdubois\",\"https:\\\/\\\/instagram.com\\\/cool.trails\"]}]}<\/script>\n<!-- \/ Yoast SEO plugin. -->","yoast_head_json":{"title":"Iglesia San Salvador - S\u00e9rigraphie au trait &#8211; Fine Art by Denis Du Bois","description":"Cette s\u00e9rigraphie sign\u00e9e repr\u00e9sente la charmante \u00e9glise de San Salvador \u00e0 Torla-Ordesa, en Espagne. Zone d\u2019image de 11x14 pouces sur papier Rives 100 % coton. Disponible avec cadre.","robots":{"index":"index","follow":"follow","max-snippet":"max-snippet:-1","max-image-preview":"max-image-preview:large","max-video-preview":"max-video-preview:-1"},"canonical":"https:\/\/denisdubois.com\/fr\/produit\/iglesia-san-salvador-serigraphie-au-trait\/","og_locale":"fr_FR","og_type":"article","og_title":"Iglesia San Salvador - S\u00e9rigraphie au trait &#8211; Fine Art by Denis Du Bois","og_description":"Cette s\u00e9rigraphie sign\u00e9e repr\u00e9sente la charmante \u00e9glise de San Salvador \u00e0 Torla-Ordesa, en Espagne. Zone d\u2019image de 11x14 pouces sur papier Rives 100 % coton. Disponible avec cadre.","og_url":"https:\/\/denisdubois.com\/fr\/produit\/iglesia-san-salvador-serigraphie-au-trait\/","og_site_name":"Fine Art by Denis Du Bois","article_publisher":"https:\/\/facebook.com\/denisdubois","og_image":[{"width":1800,"height":1800,"url":"https:\/\/i0.wp.com\/denisdubois.com\/wp-content\/uploads\/2026\/02\/Iglesia-pro-photo-cleaned-1800x-v260303.webp?fit=1800%2C1800&ssl=1","type":"image\/webp"}],"schema":{"@context":"https:\/\/schema.org","@graph":[{"@type":"WebPage","@id":"https:\/\/denisdubois.com\/fr\/produit\/iglesia-san-salvador-serigraphie-au-trait\/","url":"https:\/\/denisdubois.com\/fr\/produit\/iglesia-san-salvador-serigraphie-au-trait\/","name":"Iglesia San Salvador - S\u00e9rigraphie au trait &#8211; Fine Art by Denis Du Bois","isPartOf":{"@id":"https:\/\/denisdubois.com\/fr\/#website"},"primaryImageOfPage":{"@id":"https:\/\/denisdubois.com\/fr\/produit\/iglesia-san-salvador-serigraphie-au-trait\/#primaryimage"},"image":{"@id":"https:\/\/denisdubois.com\/fr\/produit\/iglesia-san-salvador-serigraphie-au-trait\/#primaryimage"},"thumbnailUrl":"https:\/\/i0.wp.com\/denisdubois.com\/wp-content\/uploads\/2026\/02\/Iglesia-pro-photo-cleaned-1800x-v260303.webp?fit=1800%2C1800&ssl=1","datePublished":"2026-02-16T22:01:40+00:00","description":"Cette s\u00e9rigraphie sign\u00e9e repr\u00e9sente la charmante \u00e9glise de San Salvador \u00e0 Torla-Ordesa, en Espagne. Zone d\u2019image de 11x14 pouces sur papier Rives 100 % coton. Disponible avec cadre.","breadcrumb":{"@id":"https:\/\/denisdubois.com\/fr\/produit\/iglesia-san-salvador-serigraphie-au-trait\/#breadcrumb"},"inLanguage":"fr-FR","potentialAction":[{"@type":"ReadAction","target":["https:\/\/denisdubois.com\/fr\/produit\/iglesia-san-salvador-serigraphie-au-trait\/"]}]},{"@type":"ImageObject","inLanguage":"fr-FR","@id":"https:\/\/denisdubois.com\/fr\/produit\/iglesia-san-salvador-serigraphie-au-trait\/#primaryimage","url":"https:\/\/i0.wp.com\/denisdubois.com\/wp-content\/uploads\/2026\/02\/Iglesia-pro-photo-cleaned-1800x-v260303.webp?fit=1800%2C1800&ssl=1","contentUrl":"https:\/\/i0.wp.com\/denisdubois.com\/wp-content\/uploads\/2026\/02\/Iglesia-pro-photo-cleaned-1800x-v260303.webp?fit=1800%2C1800&ssl=1","width":1800,"height":1800,"caption":"serigraph of iglesia san salvador spain by Denis Du Bois"},{"@type":"BreadcrumbList","@id":"https:\/\/denisdubois.com\/fr\/produit\/iglesia-san-salvador-serigraphie-au-trait\/#breadcrumb","itemListElement":[{"@type":"ListItem","position":1,"name":"Home","item":"https:\/\/denisdubois.com\/fr\/serigraphies-en-edition-limitee-estampes-dart-faites-a-la-main\/"},{"@type":"ListItem","position":2,"name":"Boutique","item":"https:\/\/denisdubois.com\/fr\/boutique\/"},{"@type":"ListItem","position":3,"name":"Iglesia San Salvador &#8211; S\u00e9rigraphie au trait"}]},{"@type":"WebSite","@id":"https:\/\/denisdubois.com\/fr\/#website","url":"https:\/\/denisdubois.com\/fr\/","name":"Fine Art by Denis Du Bois","description":"Explore the world through Denis Du Bois&#039; original drawings, paintings, and serigraphs. Subscribe for exclusive access to new editions and unique art collections.","publisher":{"@id":"https:\/\/denisdubois.com\/fr\/#organization"},"alternateName":"Atelier Denis Du Bois","potentialAction":[{"@type":"SearchAction","target":{"@type":"EntryPoint","urlTemplate":"https:\/\/denisdubois.com\/fr\/?s={search_term_string}"},"query-input":{"@type":"PropertyValueSpecification","valueRequired":true,"valueName":"search_term_string"}}],"inLanguage":"fr-FR"},{"@type":"Organization","@id":"https:\/\/denisdubois.com\/fr\/#organization","name":"Denis Du Bois","url":"https:\/\/denisdubois.com\/fr\/","logo":{"@type":"ImageObject","inLanguage":"fr-FR","@id":"https:\/\/denisdubois.com\/fr\/#\/schema\/logo\/image\/","url":"https:\/\/i0.wp.com\/denisdubois.com\/wp-content\/uploads\/2025\/12\/logo-crest-atelier-251216-1200x399-1.jpg?fit=1200%2C399&ssl=1","contentUrl":"https:\/\/i0.wp.com\/denisdubois.com\/wp-content\/uploads\/2025\/12\/logo-crest-atelier-251216-1200x399-1.jpg?fit=1200%2C399&ssl=1","width":1200,"height":399,"caption":"Denis Du Bois"},"image":{"@id":"https:\/\/denisdubois.com\/fr\/#\/schema\/logo\/image\/"},"sameAs":["https:\/\/facebook.com\/denisdubois","https:\/\/instagram.com\/cool.trails"]}]}},"jetpack_sharing_enabled":true,"_links":{"self":[{"href":"https:\/\/denisdubois.com\/fr\/wp-json\/wp\/v2\/product\/782","targetHints":{"allow":["GET"]}}],"collection":[{"href":"https:\/\/denisdubois.com\/fr\/wp-json\/wp\/v2\/product"}],"about":[{"href":"https:\/\/denisdubois.com\/fr\/wp-json\/wp\/v2\/types\/product"}],"replies":[{"embeddable":true,"href":"https:\/\/denisdubois.com\/fr\/wp-json\/wp\/v2\/comments?post=782"}],"wp:featuredmedia":[{"embeddable":true,"href":"https:\/\/denisdubois.com\/fr\/wp-json\/wp\/v2\/media\/502"}],"wp:attachment":[{"href":"https:\/\/denisdubois.com\/fr\/wp-json\/wp\/v2\/media?parent=782"}],"wp:term":[{"taxonomy":"product_brand","embeddable":true,"href":"https:\/\/denisdubois.com\/fr\/wp-json\/wp\/v2\/product_brand?post=782"},{"taxonomy":"product_cat","embeddable":true,"href":"https:\/\/denisdubois.com\/fr\/wp-json\/wp\/v2\/product_cat?post=782"},{"taxonomy":"product_tag","embeddable":true,"href":"https:\/\/denisdubois.com\/fr\/wp-json\/wp\/v2\/product_tag?post=782"}],"curies":[{"name":"wp","href":"https:\/\/api.w.org\/{rel}","templated":true}]}}