{"id":781,"date":"2025-12-19T16:35:19","date_gmt":"2025-12-20T00:35:19","guid":{"rendered":"https:\/\/denisdubois.com\/product\/resist-hate-serigraphies-dart-vendu\/"},"modified":"2025-12-19T16:35:19","modified_gmt":"2025-12-20T00:35:19","slug":"resist-hate-serigraphies-dart-vendu","status":"publish","type":"product","link":"https:\/\/denisdubois.com\/fr\/produit\/resist-hate-serigraphies-dart-vendu\/","title":{"rendered":"Resist Hate &#8211; S\u00e9rigraphies d\u2019art (VENDU)"},"content":{"rendered":"","protected":false},"excerpt":{"rendered":"<p>La haine, la col\u00e8re, la peur et le bl\u00e2me sont de puissants outils d\u2019exploitation. Les dirigeants faibles disent \u00e0 leurs partisans de ha\u00efr leurs adversaires. C\u2019est plus facile que de cr\u00e9er un changement positif pour tous. L\u2019incitation \u00e0 la haine fera toujours partie de l\u2019oppression. On peut r\u00e9sister en commen\u00e7ant par la reconna\u00eetre.<\/p>\n<p>Ce design \u00e9voque le sentiment d\u2019avoir \u00e9t\u00e9 imprim\u00e9 par des rebelles dans un sous-sol \u00e9clair\u00e9 par une ampoule nue, o\u00f9 un simple coup \u00e0 la porte ferait fuir tout le monde par l\u2019escalier de secours.<\/p>\n<p>S\u00e9rigraphie sur papier de format 11&#215;14 pouces. Les couleurs sont le rouge, le noir et le blanc, sur un papier d\u2019art blanc cass\u00e9 de 250 g\/m\u00b2. 2025.<\/p>\n","protected":false},"featured_media":433,"comment_status":"closed","ping_status":"closed","template":"","meta":{"nf_dc_page":"","_monsterinsights_skip_tracking":false,"_monsterinsights_sitenote_active":false,"_monsterinsights_sitenote_note":"","_monsterinsights_sitenote_category":0},"product_brand":[],"product_cat":[101],"product_tag":[126],"class_list":{"0":"post-781","1":"product","2":"type-product","3":"status-publish","4":"has-post-thumbnail","6":"product_cat-serigraphie","7":"product_tag-11x14","8":"product_shipping_class-impression-plus-grande-que-format-lettre","10":"first","11":"outofstock","12":"sold-individually","13":"taxable","14":"shipping-taxable","15":"purchasable","16":"product-type-simple"},"yoast_head":"<!-- This site is optimized with the Yoast SEO plugin v27.4 - https:\/\/yoast.com\/product\/yoast-seo-wordpress\/ -->\n<title>Resist Hate - S\u00e9rigraphies d\u2019art (VENDU) &#8211; Fine Art by Denis Du Bois<\/title>\n<meta name=\"description\" content=\"La haine, la col\u00e8re, la peur et le bl\u00e2me sont de puissants outils d\u2019exploitation. L\u2019incitation \u00e0 la haine fera toujours partie de l\u2019oppression. Nous pouvons r\u00e9sister en commen\u00e7ant par la reconna\u00eetre.\" \/>\n<meta name=\"robots\" content=\"index, follow, max-snippet:-1, max-image-preview:large, max-video-preview:-1\" \/>\n<link rel=\"canonical\" href=\"https:\/\/denisdubois.com\/fr\/produit\/resist-hate-serigraphies-dart-vendu\/\" \/>\n<meta property=\"og:locale\" content=\"fr_FR\" \/>\n<meta property=\"og:type\" content=\"article\" \/>\n<meta property=\"og:title\" content=\"Resist Hate - S\u00e9rigraphies d\u2019art (VENDU) &#8211; Fine Art by Denis Du Bois\" \/>\n<meta property=\"og:description\" content=\"La haine, la col\u00e8re, la peur et le bl\u00e2me sont de puissants outils d\u2019exploitation. L\u2019incitation \u00e0 la haine fera toujours partie de l\u2019oppression. Nous pouvons r\u00e9sister en commen\u00e7ant par la reconna\u00eetre.\" \/>\n<meta property=\"og:url\" content=\"https:\/\/denisdubois.com\/fr\/produit\/resist-hate-serigraphies-dart-vendu\/\" \/>\n<meta property=\"og:site_name\" content=\"Fine Art by Denis Du Bois\" \/>\n<meta property=\"article:publisher\" content=\"https:\/\/facebook.com\/denisdubois\" \/>\n<meta property=\"og:image\" content=\"https:\/\/i0.wp.com\/denisdubois.com\/wp-content\/uploads\/2026\/01\/hate-scan-260119-900x-transp.png?fit=900%2C900&ssl=1\" \/>\n\t<meta property=\"og:image:width\" content=\"900\" \/>\n\t<meta property=\"og:image:height\" content=\"900\" \/>\n\t<meta property=\"og:image:type\" content=\"image\/png\" \/>\n<script type=\"application\/ld+json\" class=\"yoast-schema-graph\">{\"@context\":\"https:\\\/\\\/schema.org\",\"@graph\":[{\"@type\":\"WebPage\",\"@id\":\"https:\\\/\\\/denisdubois.com\\\/fr\\\/produit\\\/resist-hate-serigraphies-dart-vendu\\\/\",\"url\":\"https:\\\/\\\/denisdubois.com\\\/fr\\\/produit\\\/resist-hate-serigraphies-dart-vendu\\\/\",\"name\":\"Resist Hate - S\u00e9rigraphies d\u2019art (VENDU) &#8211; Fine Art by Denis Du Bois\",\"isPartOf\":{\"@id\":\"https:\\\/\\\/denisdubois.com\\\/fr\\\/#website\"},\"primaryImageOfPage\":{\"@id\":\"https:\\\/\\\/denisdubois.com\\\/fr\\\/produit\\\/resist-hate-serigraphies-dart-vendu\\\/#primaryimage\"},\"image\":{\"@id\":\"https:\\\/\\\/denisdubois.com\\\/fr\\\/produit\\\/resist-hate-serigraphies-dart-vendu\\\/#primaryimage\"},\"thumbnailUrl\":\"https:\\\/\\\/i0.wp.com\\\/denisdubois.com\\\/wp-content\\\/uploads\\\/2026\\\/01\\\/hate-scan-260119-900x-transp.png?fit=900%2C900&ssl=1\",\"datePublished\":\"2025-12-20T00:35:19+00:00\",\"description\":\"La haine, la col\u00e8re, la peur et le bl\u00e2me sont de puissants outils d\u2019exploitation. L\u2019incitation \u00e0 la haine fera toujours partie de l\u2019oppression. Nous pouvons r\u00e9sister en commen\u00e7ant par la reconna\u00eetre.\",\"breadcrumb\":{\"@id\":\"https:\\\/\\\/denisdubois.com\\\/fr\\\/produit\\\/resist-hate-serigraphies-dart-vendu\\\/#breadcrumb\"},\"inLanguage\":\"fr-FR\",\"potentialAction\":[{\"@type\":\"ReadAction\",\"target\":[\"https:\\\/\\\/denisdubois.com\\\/fr\\\/produit\\\/resist-hate-serigraphies-dart-vendu\\\/\"]}]},{\"@type\":\"ImageObject\",\"inLanguage\":\"fr-FR\",\"@id\":\"https:\\\/\\\/denisdubois.com\\\/fr\\\/produit\\\/resist-hate-serigraphies-dart-vendu\\\/#primaryimage\",\"url\":\"https:\\\/\\\/i0.wp.com\\\/denisdubois.com\\\/wp-content\\\/uploads\\\/2026\\\/01\\\/hate-scan-260119-900x-transp.png?fit=900%2C900&ssl=1\",\"contentUrl\":\"https:\\\/\\\/i0.wp.com\\\/denisdubois.com\\\/wp-content\\\/uploads\\\/2026\\\/01\\\/hate-scan-260119-900x-transp.png?fit=900%2C900&ssl=1\",\"width\":900,\"height\":900,\"caption\":\"Resist Hate (Big Brother)\"},{\"@type\":\"BreadcrumbList\",\"@id\":\"https:\\\/\\\/denisdubois.com\\\/fr\\\/produit\\\/resist-hate-serigraphies-dart-vendu\\\/#breadcrumb\",\"itemListElement\":[{\"@type\":\"ListItem\",\"position\":1,\"name\":\"Home\",\"item\":\"https:\\\/\\\/denisdubois.com\\\/fr\\\/serigraphies-en-edition-limitee-estampes-dart-faites-a-la-main\\\/\"},{\"@type\":\"ListItem\",\"position\":2,\"name\":\"Boutique\",\"item\":\"https:\\\/\\\/denisdubois.com\\\/fr\\\/boutique\\\/\"},{\"@type\":\"ListItem\",\"position\":3,\"name\":\"Resist Hate &#8211; S\u00e9rigraphies d\u2019art (VENDU)\"}]},{\"@type\":\"WebSite\",\"@id\":\"https:\\\/\\\/denisdubois.com\\\/fr\\\/#website\",\"url\":\"https:\\\/\\\/denisdubois.com\\\/fr\\\/\",\"name\":\"Fine Art by Denis Du Bois\",\"description\":\"Explore the world through Denis Du Bois&#039; original drawings, paintings, and serigraphs. Subscribe for exclusive access to new editions and unique art collections.\",\"publisher\":{\"@id\":\"https:\\\/\\\/denisdubois.com\\\/fr\\\/#organization\"},\"alternateName\":\"Atelier Denis Du Bois\",\"potentialAction\":[{\"@type\":\"SearchAction\",\"target\":{\"@type\":\"EntryPoint\",\"urlTemplate\":\"https:\\\/\\\/denisdubois.com\\\/fr\\\/?s={search_term_string}\"},\"query-input\":{\"@type\":\"PropertyValueSpecification\",\"valueRequired\":true,\"valueName\":\"search_term_string\"}}],\"inLanguage\":\"fr-FR\"},{\"@type\":\"Organization\",\"@id\":\"https:\\\/\\\/denisdubois.com\\\/fr\\\/#organization\",\"name\":\"Denis Du Bois\",\"url\":\"https:\\\/\\\/denisdubois.com\\\/fr\\\/\",\"logo\":{\"@type\":\"ImageObject\",\"inLanguage\":\"fr-FR\",\"@id\":\"https:\\\/\\\/denisdubois.com\\\/fr\\\/#\\\/schema\\\/logo\\\/image\\\/\",\"url\":\"https:\\\/\\\/i0.wp.com\\\/denisdubois.com\\\/wp-content\\\/uploads\\\/2025\\\/12\\\/logo-crest-atelier-251216-1200x399-1.jpg?fit=1200%2C399&ssl=1\",\"contentUrl\":\"https:\\\/\\\/i0.wp.com\\\/denisdubois.com\\\/wp-content\\\/uploads\\\/2025\\\/12\\\/logo-crest-atelier-251216-1200x399-1.jpg?fit=1200%2C399&ssl=1\",\"width\":1200,\"height\":399,\"caption\":\"Denis Du Bois\"},\"image\":{\"@id\":\"https:\\\/\\\/denisdubois.com\\\/fr\\\/#\\\/schema\\\/logo\\\/image\\\/\"},\"sameAs\":[\"https:\\\/\\\/facebook.com\\\/denisdubois\",\"https:\\\/\\\/instagram.com\\\/cool.trails\"]}]}<\/script>\n<!-- \/ Yoast SEO plugin. -->","yoast_head_json":{"title":"Resist Hate - S\u00e9rigraphies d\u2019art (VENDU) &#8211; Fine Art by Denis Du Bois","description":"La haine, la col\u00e8re, la peur et le bl\u00e2me sont de puissants outils d\u2019exploitation. L\u2019incitation \u00e0 la haine fera toujours partie de l\u2019oppression. Nous pouvons r\u00e9sister en commen\u00e7ant par la reconna\u00eetre.","robots":{"index":"index","follow":"follow","max-snippet":"max-snippet:-1","max-image-preview":"max-image-preview:large","max-video-preview":"max-video-preview:-1"},"canonical":"https:\/\/denisdubois.com\/fr\/produit\/resist-hate-serigraphies-dart-vendu\/","og_locale":"fr_FR","og_type":"article","og_title":"Resist Hate - S\u00e9rigraphies d\u2019art (VENDU) &#8211; Fine Art by Denis Du Bois","og_description":"La haine, la col\u00e8re, la peur et le bl\u00e2me sont de puissants outils d\u2019exploitation. L\u2019incitation \u00e0 la haine fera toujours partie de l\u2019oppression. Nous pouvons r\u00e9sister en commen\u00e7ant par la reconna\u00eetre.","og_url":"https:\/\/denisdubois.com\/fr\/produit\/resist-hate-serigraphies-dart-vendu\/","og_site_name":"Fine Art by Denis Du Bois","article_publisher":"https:\/\/facebook.com\/denisdubois","og_image":[{"width":900,"height":900,"url":"https:\/\/i0.wp.com\/denisdubois.com\/wp-content\/uploads\/2026\/01\/hate-scan-260119-900x-transp.png?fit=900%2C900&ssl=1","type":"image\/png"}],"schema":{"@context":"https:\/\/schema.org","@graph":[{"@type":"WebPage","@id":"https:\/\/denisdubois.com\/fr\/produit\/resist-hate-serigraphies-dart-vendu\/","url":"https:\/\/denisdubois.com\/fr\/produit\/resist-hate-serigraphies-dart-vendu\/","name":"Resist Hate - S\u00e9rigraphies d\u2019art (VENDU) &#8211; Fine Art by Denis Du Bois","isPartOf":{"@id":"https:\/\/denisdubois.com\/fr\/#website"},"primaryImageOfPage":{"@id":"https:\/\/denisdubois.com\/fr\/produit\/resist-hate-serigraphies-dart-vendu\/#primaryimage"},"image":{"@id":"https:\/\/denisdubois.com\/fr\/produit\/resist-hate-serigraphies-dart-vendu\/#primaryimage"},"thumbnailUrl":"https:\/\/i0.wp.com\/denisdubois.com\/wp-content\/uploads\/2026\/01\/hate-scan-260119-900x-transp.png?fit=900%2C900&ssl=1","datePublished":"2025-12-20T00:35:19+00:00","description":"La haine, la col\u00e8re, la peur et le bl\u00e2me sont de puissants outils d\u2019exploitation. L\u2019incitation \u00e0 la haine fera toujours partie de l\u2019oppression. Nous pouvons r\u00e9sister en commen\u00e7ant par la reconna\u00eetre.","breadcrumb":{"@id":"https:\/\/denisdubois.com\/fr\/produit\/resist-hate-serigraphies-dart-vendu\/#breadcrumb"},"inLanguage":"fr-FR","potentialAction":[{"@type":"ReadAction","target":["https:\/\/denisdubois.com\/fr\/produit\/resist-hate-serigraphies-dart-vendu\/"]}]},{"@type":"ImageObject","inLanguage":"fr-FR","@id":"https:\/\/denisdubois.com\/fr\/produit\/resist-hate-serigraphies-dart-vendu\/#primaryimage","url":"https:\/\/i0.wp.com\/denisdubois.com\/wp-content\/uploads\/2026\/01\/hate-scan-260119-900x-transp.png?fit=900%2C900&ssl=1","contentUrl":"https:\/\/i0.wp.com\/denisdubois.com\/wp-content\/uploads\/2026\/01\/hate-scan-260119-900x-transp.png?fit=900%2C900&ssl=1","width":900,"height":900,"caption":"Resist Hate (Big Brother)"},{"@type":"BreadcrumbList","@id":"https:\/\/denisdubois.com\/fr\/produit\/resist-hate-serigraphies-dart-vendu\/#breadcrumb","itemListElement":[{"@type":"ListItem","position":1,"name":"Home","item":"https:\/\/denisdubois.com\/fr\/serigraphies-en-edition-limitee-estampes-dart-faites-a-la-main\/"},{"@type":"ListItem","position":2,"name":"Boutique","item":"https:\/\/denisdubois.com\/fr\/boutique\/"},{"@type":"ListItem","position":3,"name":"Resist Hate &#8211; S\u00e9rigraphies d\u2019art (VENDU)"}]},{"@type":"WebSite","@id":"https:\/\/denisdubois.com\/fr\/#website","url":"https:\/\/denisdubois.com\/fr\/","name":"Fine Art by Denis Du Bois","description":"Explore the world through Denis Du Bois&#039; original drawings, paintings, and serigraphs. Subscribe for exclusive access to new editions and unique art collections.","publisher":{"@id":"https:\/\/denisdubois.com\/fr\/#organization"},"alternateName":"Atelier Denis Du Bois","potentialAction":[{"@type":"SearchAction","target":{"@type":"EntryPoint","urlTemplate":"https:\/\/denisdubois.com\/fr\/?s={search_term_string}"},"query-input":{"@type":"PropertyValueSpecification","valueRequired":true,"valueName":"search_term_string"}}],"inLanguage":"fr-FR"},{"@type":"Organization","@id":"https:\/\/denisdubois.com\/fr\/#organization","name":"Denis Du Bois","url":"https:\/\/denisdubois.com\/fr\/","logo":{"@type":"ImageObject","inLanguage":"fr-FR","@id":"https:\/\/denisdubois.com\/fr\/#\/schema\/logo\/image\/","url":"https:\/\/i0.wp.com\/denisdubois.com\/wp-content\/uploads\/2025\/12\/logo-crest-atelier-251216-1200x399-1.jpg?fit=1200%2C399&ssl=1","contentUrl":"https:\/\/i0.wp.com\/denisdubois.com\/wp-content\/uploads\/2025\/12\/logo-crest-atelier-251216-1200x399-1.jpg?fit=1200%2C399&ssl=1","width":1200,"height":399,"caption":"Denis Du Bois"},"image":{"@id":"https:\/\/denisdubois.com\/fr\/#\/schema\/logo\/image\/"},"sameAs":["https:\/\/facebook.com\/denisdubois","https:\/\/instagram.com\/cool.trails"]}]}},"jetpack_sharing_enabled":true,"_links":{"self":[{"href":"https:\/\/denisdubois.com\/fr\/wp-json\/wp\/v2\/product\/781","targetHints":{"allow":["GET"]}}],"collection":[{"href":"https:\/\/denisdubois.com\/fr\/wp-json\/wp\/v2\/product"}],"about":[{"href":"https:\/\/denisdubois.com\/fr\/wp-json\/wp\/v2\/types\/product"}],"replies":[{"embeddable":true,"href":"https:\/\/denisdubois.com\/fr\/wp-json\/wp\/v2\/comments?post=781"}],"wp:featuredmedia":[{"embeddable":true,"href":"https:\/\/denisdubois.com\/fr\/wp-json\/wp\/v2\/media\/433"}],"wp:attachment":[{"href":"https:\/\/denisdubois.com\/fr\/wp-json\/wp\/v2\/media?parent=781"}],"wp:term":[{"taxonomy":"product_brand","embeddable":true,"href":"https:\/\/denisdubois.com\/fr\/wp-json\/wp\/v2\/product_brand?post=781"},{"taxonomy":"product_cat","embeddable":true,"href":"https:\/\/denisdubois.com\/fr\/wp-json\/wp\/v2\/product_cat?post=781"},{"taxonomy":"product_tag","embeddable":true,"href":"https:\/\/denisdubois.com\/fr\/wp-json\/wp\/v2\/product_tag?post=781"}],"curies":[{"name":"wp","href":"https:\/\/api.w.org\/{rel}","templated":true}]}}