{"id":779,"date":"2026-01-31T09:07:21","date_gmt":"2026-01-31T17:07:21","guid":{"rendered":"https:\/\/denisdubois.com\/product\/portrait-rouge-venitien-vendu\/"},"modified":"2026-01-31T09:07:21","modified_gmt":"2026-01-31T17:07:21","slug":"portrait-rouge-venitien-vendu","status":"publish","type":"product","link":"https:\/\/denisdubois.com\/fr\/produit\/portrait-rouge-venitien-vendu\/","title":{"rendered":"Portrait \u00ab Rouge v\u00e9nitien \u00bb (VENDU)"},"content":{"rendered":"","protected":false},"excerpt":{"rendered":"<p>Ce portrait original est r\u00e9alis\u00e9 d&#8217;apr\u00e8s mod\u00e8le vivant en une heure en utilisant deux m\u00e9diums de dessin de la m\u00eame couleur. Il pr\u00e9sente mon style habituel de lignes exag\u00e9r\u00e9es. Le crayon Cont\u00e9 s&#8217;apparente au fusain avec un peu de cire pour mieux adh\u00e9rer au papier. J&#8217;ai broy\u00e9 cette couleur et l&#8217;ai appliqu\u00e9e avec un instrument de dessin \u00e0 pointe souple. La couleur naturelle du papier ajoute \u00e0 la tonalit\u00e9 chaleureuse du dessin.<\/p>\n<p>Crayon de couleur et crayon Cont\u00e9 sur papier \u00e0 dessin Strathmore 400 46 x 61 cm. 2025. Exemplaire unique.<\/p>\n","protected":false},"featured_media":457,"comment_status":"open","ping_status":"closed","template":"","meta":{"nf_dc_page":"","_monsterinsights_skip_tracking":false,"_monsterinsights_sitenote_active":false,"_monsterinsights_sitenote_note":"","_monsterinsights_sitenote_category":0},"product_brand":[],"product_cat":[122],"product_tag":[125],"class_list":{"0":"post-779","1":"product","2":"type-product","3":"status-publish","4":"has-post-thumbnail","6":"product_cat-figuratif","7":"product_tag-feminin","9":"first","10":"outofstock","11":"taxable","12":"shipping-taxable","13":"purchasable","14":"product-type-simple"},"yoast_head":"<!-- This site is optimized with the Yoast SEO plugin v27.4 - https:\/\/yoast.com\/product\/yoast-seo-wordpress\/ -->\n<title>Portrait \u00ab Rouge v\u00e9nitien \u00bb (VENDU) &#8211; Fine Art by Denis Du Bois<\/title>\n<meta name=\"robots\" content=\"index, follow, max-snippet:-1, max-image-preview:large, max-video-preview:-1\" \/>\n<link rel=\"canonical\" href=\"https:\/\/denisdubois.com\/fr\/produit\/portrait-rouge-venitien-vendu\/\" \/>\n<meta property=\"og:locale\" content=\"fr_FR\" \/>\n<meta property=\"og:type\" content=\"article\" \/>\n<meta property=\"og:title\" content=\"Portrait \u00ab Rouge v\u00e9nitien \u00bb (VENDU) &#8211; Fine Art by Denis Du Bois\" \/>\n<meta property=\"og:description\" content=\"Ce portrait original est r\u00e9alis\u00e9 d&#039;apr\u00e8s mod\u00e8le vivant en une heure en utilisant deux m\u00e9diums de dessin de la m\u00eame couleur. Il pr\u00e9sente mon style habituel de lignes exag\u00e9r\u00e9es. Le crayon Cont\u00e9 s&#039;apparente au fusain avec un peu de cire pour mieux adh\u00e9rer au papier. J&#039;ai broy\u00e9 cette couleur et l&#039;ai appliqu\u00e9e avec un instrument de dessin \u00e0 pointe souple. La couleur naturelle du papier ajoute \u00e0 la tonalit\u00e9 chaleureuse du dessin. Crayon de couleur et crayon Cont\u00e9 sur papier \u00e0 dessin Strathmore 400 46 x 61 cm. 2025. Exemplaire unique.\" \/>\n<meta property=\"og:url\" content=\"https:\/\/denisdubois.com\/fr\/produit\/portrait-rouge-venitien-vendu\/\" \/>\n<meta property=\"og:site_name\" content=\"Fine Art by Denis Du Bois\" \/>\n<meta property=\"article:publisher\" content=\"https:\/\/facebook.com\/denisdubois\" \/>\n<meta property=\"og:image\" content=\"https:\/\/i0.wp.com\/denisdubois.com\/wp-content\/uploads\/2026\/01\/20250317_132636-submission-dubois-scaled.jpg?fit=2164%2C2560&ssl=1\" \/>\n\t<meta property=\"og:image:width\" content=\"2164\" \/>\n\t<meta property=\"og:image:height\" content=\"2560\" \/>\n\t<meta property=\"og:image:type\" content=\"image\/jpeg\" \/>\n<script type=\"application\/ld+json\" class=\"yoast-schema-graph\">{\"@context\":\"https:\\\/\\\/schema.org\",\"@graph\":[{\"@type\":\"WebPage\",\"@id\":\"https:\\\/\\\/denisdubois.com\\\/fr\\\/produit\\\/portrait-rouge-venitien-vendu\\\/\",\"url\":\"https:\\\/\\\/denisdubois.com\\\/fr\\\/produit\\\/portrait-rouge-venitien-vendu\\\/\",\"name\":\"Portrait \u00ab Rouge v\u00e9nitien \u00bb (VENDU) &#8211; Fine Art by Denis Du Bois\",\"isPartOf\":{\"@id\":\"https:\\\/\\\/denisdubois.com\\\/fr\\\/#website\"},\"primaryImageOfPage\":{\"@id\":\"https:\\\/\\\/denisdubois.com\\\/fr\\\/produit\\\/portrait-rouge-venitien-vendu\\\/#primaryimage\"},\"image\":{\"@id\":\"https:\\\/\\\/denisdubois.com\\\/fr\\\/produit\\\/portrait-rouge-venitien-vendu\\\/#primaryimage\"},\"thumbnailUrl\":\"https:\\\/\\\/i0.wp.com\\\/denisdubois.com\\\/wp-content\\\/uploads\\\/2026\\\/01\\\/20250317_132636-submission-dubois-scaled.jpg?fit=2164%2C2560&ssl=1\",\"datePublished\":\"2026-01-31T17:07:21+00:00\",\"breadcrumb\":{\"@id\":\"https:\\\/\\\/denisdubois.com\\\/fr\\\/produit\\\/portrait-rouge-venitien-vendu\\\/#breadcrumb\"},\"inLanguage\":\"fr-FR\",\"potentialAction\":[{\"@type\":\"ReadAction\",\"target\":[\"https:\\\/\\\/denisdubois.com\\\/fr\\\/produit\\\/portrait-rouge-venitien-vendu\\\/\"]}]},{\"@type\":\"ImageObject\",\"inLanguage\":\"fr-FR\",\"@id\":\"https:\\\/\\\/denisdubois.com\\\/fr\\\/produit\\\/portrait-rouge-venitien-vendu\\\/#primaryimage\",\"url\":\"https:\\\/\\\/i0.wp.com\\\/denisdubois.com\\\/wp-content\\\/uploads\\\/2026\\\/01\\\/20250317_132636-submission-dubois-scaled.jpg?fit=2164%2C2560&ssl=1\",\"contentUrl\":\"https:\\\/\\\/i0.wp.com\\\/denisdubois.com\\\/wp-content\\\/uploads\\\/2026\\\/01\\\/20250317_132636-submission-dubois-scaled.jpg?fit=2164%2C2560&ssl=1\",\"width\":2164,\"height\":2560},{\"@type\":\"BreadcrumbList\",\"@id\":\"https:\\\/\\\/denisdubois.com\\\/fr\\\/produit\\\/portrait-rouge-venitien-vendu\\\/#breadcrumb\",\"itemListElement\":[{\"@type\":\"ListItem\",\"position\":1,\"name\":\"Home\",\"item\":\"https:\\\/\\\/denisdubois.com\\\/fr\\\/serigraphies-en-edition-limitee-estampes-dart-faites-a-la-main\\\/\"},{\"@type\":\"ListItem\",\"position\":2,\"name\":\"Boutique\",\"item\":\"https:\\\/\\\/denisdubois.com\\\/fr\\\/boutique\\\/\"},{\"@type\":\"ListItem\",\"position\":3,\"name\":\"Portrait \u00ab Rouge v\u00e9nitien \u00bb (VENDU)\"}]},{\"@type\":\"WebSite\",\"@id\":\"https:\\\/\\\/denisdubois.com\\\/fr\\\/#website\",\"url\":\"https:\\\/\\\/denisdubois.com\\\/fr\\\/\",\"name\":\"Fine Art by Denis Du Bois\",\"description\":\"Explore the world through Denis Du Bois&#039; original drawings, paintings, and serigraphs. Subscribe for exclusive access to new editions and unique art collections.\",\"publisher\":{\"@id\":\"https:\\\/\\\/denisdubois.com\\\/fr\\\/#organization\"},\"alternateName\":\"Atelier Denis Du Bois\",\"potentialAction\":[{\"@type\":\"SearchAction\",\"target\":{\"@type\":\"EntryPoint\",\"urlTemplate\":\"https:\\\/\\\/denisdubois.com\\\/fr\\\/?s={search_term_string}\"},\"query-input\":{\"@type\":\"PropertyValueSpecification\",\"valueRequired\":true,\"valueName\":\"search_term_string\"}}],\"inLanguage\":\"fr-FR\"},{\"@type\":\"Organization\",\"@id\":\"https:\\\/\\\/denisdubois.com\\\/fr\\\/#organization\",\"name\":\"Denis Du Bois\",\"url\":\"https:\\\/\\\/denisdubois.com\\\/fr\\\/\",\"logo\":{\"@type\":\"ImageObject\",\"inLanguage\":\"fr-FR\",\"@id\":\"https:\\\/\\\/denisdubois.com\\\/fr\\\/#\\\/schema\\\/logo\\\/image\\\/\",\"url\":\"https:\\\/\\\/i0.wp.com\\\/denisdubois.com\\\/wp-content\\\/uploads\\\/2025\\\/12\\\/logo-crest-atelier-251216-1200x399-1.jpg?fit=1200%2C399&ssl=1\",\"contentUrl\":\"https:\\\/\\\/i0.wp.com\\\/denisdubois.com\\\/wp-content\\\/uploads\\\/2025\\\/12\\\/logo-crest-atelier-251216-1200x399-1.jpg?fit=1200%2C399&ssl=1\",\"width\":1200,\"height\":399,\"caption\":\"Denis Du Bois\"},\"image\":{\"@id\":\"https:\\\/\\\/denisdubois.com\\\/fr\\\/#\\\/schema\\\/logo\\\/image\\\/\"},\"sameAs\":[\"https:\\\/\\\/facebook.com\\\/denisdubois\",\"https:\\\/\\\/instagram.com\\\/cool.trails\"]}]}<\/script>\n<!-- \/ Yoast SEO plugin. -->","yoast_head_json":{"title":"Portrait \u00ab Rouge v\u00e9nitien \u00bb (VENDU) &#8211; Fine Art by Denis Du Bois","robots":{"index":"index","follow":"follow","max-snippet":"max-snippet:-1","max-image-preview":"max-image-preview:large","max-video-preview":"max-video-preview:-1"},"canonical":"https:\/\/denisdubois.com\/fr\/produit\/portrait-rouge-venitien-vendu\/","og_locale":"fr_FR","og_type":"article","og_title":"Portrait \u00ab Rouge v\u00e9nitien \u00bb (VENDU) &#8211; Fine Art by Denis Du Bois","og_description":"Ce portrait original est r\u00e9alis\u00e9 d'apr\u00e8s mod\u00e8le vivant en une heure en utilisant deux m\u00e9diums de dessin de la m\u00eame couleur. Il pr\u00e9sente mon style habituel de lignes exag\u00e9r\u00e9es. Le crayon Cont\u00e9 s'apparente au fusain avec un peu de cire pour mieux adh\u00e9rer au papier. J'ai broy\u00e9 cette couleur et l'ai appliqu\u00e9e avec un instrument de dessin \u00e0 pointe souple. La couleur naturelle du papier ajoute \u00e0 la tonalit\u00e9 chaleureuse du dessin. Crayon de couleur et crayon Cont\u00e9 sur papier \u00e0 dessin Strathmore 400 46 x 61 cm. 2025. Exemplaire unique.","og_url":"https:\/\/denisdubois.com\/fr\/produit\/portrait-rouge-venitien-vendu\/","og_site_name":"Fine Art by Denis Du Bois","article_publisher":"https:\/\/facebook.com\/denisdubois","og_image":[{"width":2164,"height":2560,"url":"https:\/\/i0.wp.com\/denisdubois.com\/wp-content\/uploads\/2026\/01\/20250317_132636-submission-dubois-scaled.jpg?fit=2164%2C2560&ssl=1","type":"image\/jpeg"}],"schema":{"@context":"https:\/\/schema.org","@graph":[{"@type":"WebPage","@id":"https:\/\/denisdubois.com\/fr\/produit\/portrait-rouge-venitien-vendu\/","url":"https:\/\/denisdubois.com\/fr\/produit\/portrait-rouge-venitien-vendu\/","name":"Portrait \u00ab Rouge v\u00e9nitien \u00bb (VENDU) &#8211; Fine Art by Denis Du Bois","isPartOf":{"@id":"https:\/\/denisdubois.com\/fr\/#website"},"primaryImageOfPage":{"@id":"https:\/\/denisdubois.com\/fr\/produit\/portrait-rouge-venitien-vendu\/#primaryimage"},"image":{"@id":"https:\/\/denisdubois.com\/fr\/produit\/portrait-rouge-venitien-vendu\/#primaryimage"},"thumbnailUrl":"https:\/\/i0.wp.com\/denisdubois.com\/wp-content\/uploads\/2026\/01\/20250317_132636-submission-dubois-scaled.jpg?fit=2164%2C2560&ssl=1","datePublished":"2026-01-31T17:07:21+00:00","breadcrumb":{"@id":"https:\/\/denisdubois.com\/fr\/produit\/portrait-rouge-venitien-vendu\/#breadcrumb"},"inLanguage":"fr-FR","potentialAction":[{"@type":"ReadAction","target":["https:\/\/denisdubois.com\/fr\/produit\/portrait-rouge-venitien-vendu\/"]}]},{"@type":"ImageObject","inLanguage":"fr-FR","@id":"https:\/\/denisdubois.com\/fr\/produit\/portrait-rouge-venitien-vendu\/#primaryimage","url":"https:\/\/i0.wp.com\/denisdubois.com\/wp-content\/uploads\/2026\/01\/20250317_132636-submission-dubois-scaled.jpg?fit=2164%2C2560&ssl=1","contentUrl":"https:\/\/i0.wp.com\/denisdubois.com\/wp-content\/uploads\/2026\/01\/20250317_132636-submission-dubois-scaled.jpg?fit=2164%2C2560&ssl=1","width":2164,"height":2560},{"@type":"BreadcrumbList","@id":"https:\/\/denisdubois.com\/fr\/produit\/portrait-rouge-venitien-vendu\/#breadcrumb","itemListElement":[{"@type":"ListItem","position":1,"name":"Home","item":"https:\/\/denisdubois.com\/fr\/serigraphies-en-edition-limitee-estampes-dart-faites-a-la-main\/"},{"@type":"ListItem","position":2,"name":"Boutique","item":"https:\/\/denisdubois.com\/fr\/boutique\/"},{"@type":"ListItem","position":3,"name":"Portrait \u00ab Rouge v\u00e9nitien \u00bb (VENDU)"}]},{"@type":"WebSite","@id":"https:\/\/denisdubois.com\/fr\/#website","url":"https:\/\/denisdubois.com\/fr\/","name":"Fine Art by Denis Du Bois","description":"Explore the world through Denis Du Bois&#039; original drawings, paintings, and serigraphs. Subscribe for exclusive access to new editions and unique art collections.","publisher":{"@id":"https:\/\/denisdubois.com\/fr\/#organization"},"alternateName":"Atelier Denis Du Bois","potentialAction":[{"@type":"SearchAction","target":{"@type":"EntryPoint","urlTemplate":"https:\/\/denisdubois.com\/fr\/?s={search_term_string}"},"query-input":{"@type":"PropertyValueSpecification","valueRequired":true,"valueName":"search_term_string"}}],"inLanguage":"fr-FR"},{"@type":"Organization","@id":"https:\/\/denisdubois.com\/fr\/#organization","name":"Denis Du Bois","url":"https:\/\/denisdubois.com\/fr\/","logo":{"@type":"ImageObject","inLanguage":"fr-FR","@id":"https:\/\/denisdubois.com\/fr\/#\/schema\/logo\/image\/","url":"https:\/\/i0.wp.com\/denisdubois.com\/wp-content\/uploads\/2025\/12\/logo-crest-atelier-251216-1200x399-1.jpg?fit=1200%2C399&ssl=1","contentUrl":"https:\/\/i0.wp.com\/denisdubois.com\/wp-content\/uploads\/2025\/12\/logo-crest-atelier-251216-1200x399-1.jpg?fit=1200%2C399&ssl=1","width":1200,"height":399,"caption":"Denis Du Bois"},"image":{"@id":"https:\/\/denisdubois.com\/fr\/#\/schema\/logo\/image\/"},"sameAs":["https:\/\/facebook.com\/denisdubois","https:\/\/instagram.com\/cool.trails"]}]}},"jetpack_sharing_enabled":true,"_links":{"self":[{"href":"https:\/\/denisdubois.com\/fr\/wp-json\/wp\/v2\/product\/779","targetHints":{"allow":["GET"]}}],"collection":[{"href":"https:\/\/denisdubois.com\/fr\/wp-json\/wp\/v2\/product"}],"about":[{"href":"https:\/\/denisdubois.com\/fr\/wp-json\/wp\/v2\/types\/product"}],"replies":[{"embeddable":true,"href":"https:\/\/denisdubois.com\/fr\/wp-json\/wp\/v2\/comments?post=779"}],"wp:featuredmedia":[{"embeddable":true,"href":"https:\/\/denisdubois.com\/fr\/wp-json\/wp\/v2\/media\/457"}],"wp:attachment":[{"href":"https:\/\/denisdubois.com\/fr\/wp-json\/wp\/v2\/media?parent=779"}],"wp:term":[{"taxonomy":"product_brand","embeddable":true,"href":"https:\/\/denisdubois.com\/fr\/wp-json\/wp\/v2\/product_brand?post=779"},{"taxonomy":"product_cat","embeddable":true,"href":"https:\/\/denisdubois.com\/fr\/wp-json\/wp\/v2\/product_cat?post=779"},{"taxonomy":"product_tag","embeddable":true,"href":"https:\/\/denisdubois.com\/fr\/wp-json\/wp\/v2\/product_tag?post=779"}],"curies":[{"name":"wp","href":"https:\/\/api.w.org\/{rel}","templated":true}]}}