{"id":764,"date":"2025-12-21T00:19:25","date_gmt":"2025-12-21T00:19:25","guid":{"rendered":"https:\/\/denisdubois.com\/product\/warm-serigraphie-originale\/"},"modified":"2025-12-21T00:19:25","modified_gmt":"2025-12-21T08:19:25","slug":"warm-serigraphie-originale","status":"publish","type":"product","link":"https:\/\/denisdubois.com\/fr\/produit\/warm-serigraphie-originale\/","title":{"rendered":"&#8220;Warm&#8221; &#8211; S\u00e9rigraphie originale"},"content":{"rendered":"","protected":false},"excerpt":{"rendered":"<p>Une belle femme est allong\u00e9e sur un lit de repos dans une pi\u00e8ce fra\u00eeche. Fuit-elle la chaleur du jour, ou attend-elle ? Son \u00e9tat liminal demeure un myst\u00e8re.<\/p>\n<p>S\u00e9rigraphie d&#8217;art originale en \u00e9dition limit\u00e9e. Sign\u00e9e et num\u00e9rot\u00e9e par l&#8217;artiste. \u00c9dition de 16 exemplaires. Cachet de l&#8217;artiste emboss\u00e9 sur chaque \u00e9preuve. Certificat d&#8217;authenticit\u00e9 sign\u00e9 par l&#8217;artiste inclus.<\/p>\n<p>Pour l&#8217;histoire de cette \u0153uvre, consultez &#8220;<a href=\"https:\/\/denisdubois.com\/fr\/warm-lhistoire-derriere-cette-serigraphie-figurative\/\">Warm, l&#8217;histoire<\/a>&#8221; dans le blog Artist Insights.<\/p>\n<p>Zone d&#8217;image 34 x 27 cm (13,5 x 10,5 pouces). Papier d&#8217;art d&#8217;archives blanc fran\u00e7ais BFK Rives. Dimensions totales 51 x 38 cm (20 x 15 pouces) destin\u00e9es \u00e0 \u00eatre rogn\u00e9es. Il s&#8217;agit d&#8217;une \u0153uvre d&#8217;art r\u00e9alis\u00e9e \u00e0 la main. \u00c0 ce titre, il y aura de l\u00e9g\u00e8res variations entre les \u00e9preuves individuelles. Les couleurs sont bleus, bruns et rouge v\u00e9nitien. Les couleurs affich\u00e9es sur votre \u00e9cran peuvent ne pas \u00eatre exactes.<\/p>\n<p>Tarification progressive : au fur et \u00e0 mesure que l&#8217;\u00e9dition se vend, le prix augmentera.<\/p>\n","protected":false},"featured_media":209,"comment_status":"open","ping_status":"closed","template":"","meta":{"nf_dc_page":"","_monsterinsights_skip_tracking":false,"_monsterinsights_sitenote_active":false,"_monsterinsights_sitenote_note":"","_monsterinsights_sitenote_category":0},"product_brand":[],"product_cat":[122,101],"product_tag":[126,125,124],"class_list":{"0":"post-764","1":"product","2":"type-product","3":"status-publish","4":"has-post-thumbnail","6":"product_cat-figuratif","7":"product_cat-serigraphie","8":"product_tag-11x14","9":"product_tag-feminin","10":"product_tag-figuratif","11":"product_shipping_class-impression-plus-grande-que-format-lettre","13":"first","14":"instock","15":"sold-individually","16":"taxable","17":"shipping-taxable","18":"purchasable","19":"product-type-variable","20":"has-default-attributes"},"yoast_head":"<!-- This site is optimized with the Yoast SEO plugin v27.4 - https:\/\/yoast.com\/product\/yoast-seo-wordpress\/ -->\n<title>&quot;Warm&quot; - S\u00e9rigraphie originale &#8211; Fine Art by Denis Du Bois<\/title>\n<meta name=\"description\" content=\"Une belle femme est allong\u00e9e sur un lit de repos dans une pi\u00e8ce fra\u00eeche. Fuit-elle la chaleur du jour, ou attend-elle ? S\u00e9rigraphie d&#039;art originale en \u00e9dition limit\u00e9e S\/N.\" \/>\n<meta name=\"robots\" content=\"index, follow, max-snippet:-1, max-image-preview:large, max-video-preview:-1\" \/>\n<link rel=\"canonical\" href=\"https:\/\/denisdubois.com\/fr\/produit\/warm-serigraphie-originale\/\" \/>\n<meta property=\"og:locale\" content=\"fr_FR\" \/>\n<meta property=\"og:type\" content=\"article\" \/>\n<meta property=\"og:title\" content=\"&quot;Warm&quot; - S\u00e9rigraphie originale &#8211; Fine Art by Denis Du Bois\" \/>\n<meta property=\"og:description\" content=\"Une belle femme est allong\u00e9e sur un lit de repos dans une pi\u00e8ce fra\u00eeche. Fuit-elle la chaleur du jour, ou attend-elle ? S\u00e9rigraphie d&#039;art originale en \u00e9dition limit\u00e9e S\/N.\" \/>\n<meta property=\"og:url\" content=\"https:\/\/denisdubois.com\/fr\/produit\/warm-serigraphie-originale\/\" \/>\n<meta property=\"og:site_name\" content=\"Fine Art by Denis Du Bois\" \/>\n<meta property=\"article:publisher\" content=\"https:\/\/facebook.com\/denisdubois\" \/>\n<meta property=\"article:modified_time\" content=\"2025-12-21T08:19:25+00:00\" \/>\n<meta property=\"og:image\" content=\"https:\/\/i0.wp.com\/denisdubois.com\/wp-content\/uploads\/2025\/12\/20251220-Nr-1-cleaned-up-scaled.webp?fit=2560%2C1920&ssl=1\" \/>\n\t<meta property=\"og:image:width\" content=\"2560\" \/>\n\t<meta property=\"og:image:height\" content=\"1920\" \/>\n\t<meta property=\"og:image:type\" content=\"image\/webp\" \/>\n<script type=\"application\/ld+json\" class=\"yoast-schema-graph\">{\"@context\":\"https:\\\/\\\/schema.org\",\"@graph\":[{\"@type\":\"WebPage\",\"@id\":\"https:\\\/\\\/denisdubois.com\\\/fr\\\/produit\\\/warm-serigraphie-originale\\\/\",\"url\":\"https:\\\/\\\/denisdubois.com\\\/fr\\\/produit\\\/warm-serigraphie-originale\\\/\",\"name\":\"\\\"Warm\\\" - S\u00e9rigraphie originale &#8211; Fine Art by Denis Du Bois\",\"isPartOf\":{\"@id\":\"https:\\\/\\\/denisdubois.com\\\/fr\\\/#website\"},\"primaryImageOfPage\":{\"@id\":\"https:\\\/\\\/denisdubois.com\\\/fr\\\/produit\\\/warm-serigraphie-originale\\\/#primaryimage\"},\"image\":{\"@id\":\"https:\\\/\\\/denisdubois.com\\\/fr\\\/produit\\\/warm-serigraphie-originale\\\/#primaryimage\"},\"thumbnailUrl\":\"https:\\\/\\\/i0.wp.com\\\/denisdubois.com\\\/wp-content\\\/uploads\\\/2025\\\/12\\\/20251220-Nr-1-cleaned-up-scaled.webp?fit=2560%2C1920&ssl=1\",\"datePublished\":\"2025-12-21T00:19:25+00:00\",\"dateModified\":\"2025-12-21T08:19:25+00:00\",\"description\":\"Une belle femme est allong\u00e9e sur un lit de repos dans une pi\u00e8ce fra\u00eeche. Fuit-elle la chaleur du jour, ou attend-elle ? S\u00e9rigraphie d'art originale en \u00e9dition limit\u00e9e S\\\/N.\",\"breadcrumb\":{\"@id\":\"https:\\\/\\\/denisdubois.com\\\/fr\\\/produit\\\/warm-serigraphie-originale\\\/#breadcrumb\"},\"inLanguage\":\"fr-FR\",\"potentialAction\":[{\"@type\":\"ReadAction\",\"target\":[\"https:\\\/\\\/denisdubois.com\\\/fr\\\/produit\\\/warm-serigraphie-originale\\\/\"]}]},{\"@type\":\"ImageObject\",\"inLanguage\":\"fr-FR\",\"@id\":\"https:\\\/\\\/denisdubois.com\\\/fr\\\/produit\\\/warm-serigraphie-originale\\\/#primaryimage\",\"url\":\"https:\\\/\\\/i0.wp.com\\\/denisdubois.com\\\/wp-content\\\/uploads\\\/2025\\\/12\\\/20251220-Nr-1-cleaned-up-scaled.webp?fit=2560%2C1920&ssl=1\",\"contentUrl\":\"https:\\\/\\\/i0.wp.com\\\/denisdubois.com\\\/wp-content\\\/uploads\\\/2025\\\/12\\\/20251220-Nr-1-cleaned-up-scaled.webp?fit=2560%2C1920&ssl=1\",\"width\":2560,\"height\":1920,\"caption\":\"\\\"Warm\\\" - woman reclining on blue drapery, serigraph\"},{\"@type\":\"BreadcrumbList\",\"@id\":\"https:\\\/\\\/denisdubois.com\\\/fr\\\/produit\\\/warm-serigraphie-originale\\\/#breadcrumb\",\"itemListElement\":[{\"@type\":\"ListItem\",\"position\":1,\"name\":\"Home\",\"item\":\"https:\\\/\\\/denisdubois.com\\\/fr\\\/serigraphies-en-edition-limitee-estampes-dart-faites-a-la-main\\\/\"},{\"@type\":\"ListItem\",\"position\":2,\"name\":\"Boutique\",\"item\":\"https:\\\/\\\/denisdubois.com\\\/fr\\\/boutique\\\/\"},{\"@type\":\"ListItem\",\"position\":3,\"name\":\"&#8220;Warm&#8221; &#8211; S\u00e9rigraphie originale\"}]},{\"@type\":\"WebSite\",\"@id\":\"https:\\\/\\\/denisdubois.com\\\/fr\\\/#website\",\"url\":\"https:\\\/\\\/denisdubois.com\\\/fr\\\/\",\"name\":\"Fine Art by Denis Du Bois\",\"description\":\"Explore the world through Denis Du Bois&#039; original drawings, paintings, and serigraphs. Subscribe for exclusive access to new editions and unique art collections.\",\"publisher\":{\"@id\":\"https:\\\/\\\/denisdubois.com\\\/fr\\\/#organization\"},\"alternateName\":\"Atelier Denis Du Bois\",\"potentialAction\":[{\"@type\":\"SearchAction\",\"target\":{\"@type\":\"EntryPoint\",\"urlTemplate\":\"https:\\\/\\\/denisdubois.com\\\/fr\\\/?s={search_term_string}\"},\"query-input\":{\"@type\":\"PropertyValueSpecification\",\"valueRequired\":true,\"valueName\":\"search_term_string\"}}],\"inLanguage\":\"fr-FR\"},{\"@type\":\"Organization\",\"@id\":\"https:\\\/\\\/denisdubois.com\\\/fr\\\/#organization\",\"name\":\"Denis Du Bois\",\"url\":\"https:\\\/\\\/denisdubois.com\\\/fr\\\/\",\"logo\":{\"@type\":\"ImageObject\",\"inLanguage\":\"fr-FR\",\"@id\":\"https:\\\/\\\/denisdubois.com\\\/fr\\\/#\\\/schema\\\/logo\\\/image\\\/\",\"url\":\"https:\\\/\\\/i0.wp.com\\\/denisdubois.com\\\/wp-content\\\/uploads\\\/2025\\\/12\\\/logo-crest-atelier-251216-1200x399-1.jpg?fit=1200%2C399&ssl=1\",\"contentUrl\":\"https:\\\/\\\/i0.wp.com\\\/denisdubois.com\\\/wp-content\\\/uploads\\\/2025\\\/12\\\/logo-crest-atelier-251216-1200x399-1.jpg?fit=1200%2C399&ssl=1\",\"width\":1200,\"height\":399,\"caption\":\"Denis Du Bois\"},\"image\":{\"@id\":\"https:\\\/\\\/denisdubois.com\\\/fr\\\/#\\\/schema\\\/logo\\\/image\\\/\"},\"sameAs\":[\"https:\\\/\\\/facebook.com\\\/denisdubois\",\"https:\\\/\\\/instagram.com\\\/cool.trails\"]}]}<\/script>\n<!-- \/ Yoast SEO plugin. -->","yoast_head_json":{"title":"\"Warm\" - S\u00e9rigraphie originale &#8211; Fine Art by Denis Du Bois","description":"Une belle femme est allong\u00e9e sur un lit de repos dans une pi\u00e8ce fra\u00eeche. Fuit-elle la chaleur du jour, ou attend-elle ? S\u00e9rigraphie d'art originale en \u00e9dition limit\u00e9e S\/N.","robots":{"index":"index","follow":"follow","max-snippet":"max-snippet:-1","max-image-preview":"max-image-preview:large","max-video-preview":"max-video-preview:-1"},"canonical":"https:\/\/denisdubois.com\/fr\/produit\/warm-serigraphie-originale\/","og_locale":"fr_FR","og_type":"article","og_title":"\"Warm\" - S\u00e9rigraphie originale &#8211; Fine Art by Denis Du Bois","og_description":"Une belle femme est allong\u00e9e sur un lit de repos dans une pi\u00e8ce fra\u00eeche. Fuit-elle la chaleur du jour, ou attend-elle ? S\u00e9rigraphie d'art originale en \u00e9dition limit\u00e9e S\/N.","og_url":"https:\/\/denisdubois.com\/fr\/produit\/warm-serigraphie-originale\/","og_site_name":"Fine Art by Denis Du Bois","article_publisher":"https:\/\/facebook.com\/denisdubois","article_modified_time":"2025-12-21T08:19:25+00:00","og_image":[{"width":2560,"height":1920,"url":"https:\/\/i0.wp.com\/denisdubois.com\/wp-content\/uploads\/2025\/12\/20251220-Nr-1-cleaned-up-scaled.webp?fit=2560%2C1920&ssl=1","type":"image\/webp"}],"schema":{"@context":"https:\/\/schema.org","@graph":[{"@type":"WebPage","@id":"https:\/\/denisdubois.com\/fr\/produit\/warm-serigraphie-originale\/","url":"https:\/\/denisdubois.com\/fr\/produit\/warm-serigraphie-originale\/","name":"\"Warm\" - S\u00e9rigraphie originale &#8211; Fine Art by Denis Du Bois","isPartOf":{"@id":"https:\/\/denisdubois.com\/fr\/#website"},"primaryImageOfPage":{"@id":"https:\/\/denisdubois.com\/fr\/produit\/warm-serigraphie-originale\/#primaryimage"},"image":{"@id":"https:\/\/denisdubois.com\/fr\/produit\/warm-serigraphie-originale\/#primaryimage"},"thumbnailUrl":"https:\/\/i0.wp.com\/denisdubois.com\/wp-content\/uploads\/2025\/12\/20251220-Nr-1-cleaned-up-scaled.webp?fit=2560%2C1920&ssl=1","datePublished":"2025-12-21T00:19:25+00:00","dateModified":"2025-12-21T08:19:25+00:00","description":"Une belle femme est allong\u00e9e sur un lit de repos dans une pi\u00e8ce fra\u00eeche. Fuit-elle la chaleur du jour, ou attend-elle ? S\u00e9rigraphie d'art originale en \u00e9dition limit\u00e9e S\/N.","breadcrumb":{"@id":"https:\/\/denisdubois.com\/fr\/produit\/warm-serigraphie-originale\/#breadcrumb"},"inLanguage":"fr-FR","potentialAction":[{"@type":"ReadAction","target":["https:\/\/denisdubois.com\/fr\/produit\/warm-serigraphie-originale\/"]}]},{"@type":"ImageObject","inLanguage":"fr-FR","@id":"https:\/\/denisdubois.com\/fr\/produit\/warm-serigraphie-originale\/#primaryimage","url":"https:\/\/i0.wp.com\/denisdubois.com\/wp-content\/uploads\/2025\/12\/20251220-Nr-1-cleaned-up-scaled.webp?fit=2560%2C1920&ssl=1","contentUrl":"https:\/\/i0.wp.com\/denisdubois.com\/wp-content\/uploads\/2025\/12\/20251220-Nr-1-cleaned-up-scaled.webp?fit=2560%2C1920&ssl=1","width":2560,"height":1920,"caption":"\"Warm\" - woman reclining on blue drapery, serigraph"},{"@type":"BreadcrumbList","@id":"https:\/\/denisdubois.com\/fr\/produit\/warm-serigraphie-originale\/#breadcrumb","itemListElement":[{"@type":"ListItem","position":1,"name":"Home","item":"https:\/\/denisdubois.com\/fr\/serigraphies-en-edition-limitee-estampes-dart-faites-a-la-main\/"},{"@type":"ListItem","position":2,"name":"Boutique","item":"https:\/\/denisdubois.com\/fr\/boutique\/"},{"@type":"ListItem","position":3,"name":"&#8220;Warm&#8221; &#8211; S\u00e9rigraphie originale"}]},{"@type":"WebSite","@id":"https:\/\/denisdubois.com\/fr\/#website","url":"https:\/\/denisdubois.com\/fr\/","name":"Fine Art by Denis Du Bois","description":"Explore the world through Denis Du Bois&#039; original drawings, paintings, and serigraphs. Subscribe for exclusive access to new editions and unique art collections.","publisher":{"@id":"https:\/\/denisdubois.com\/fr\/#organization"},"alternateName":"Atelier Denis Du Bois","potentialAction":[{"@type":"SearchAction","target":{"@type":"EntryPoint","urlTemplate":"https:\/\/denisdubois.com\/fr\/?s={search_term_string}"},"query-input":{"@type":"PropertyValueSpecification","valueRequired":true,"valueName":"search_term_string"}}],"inLanguage":"fr-FR"},{"@type":"Organization","@id":"https:\/\/denisdubois.com\/fr\/#organization","name":"Denis Du Bois","url":"https:\/\/denisdubois.com\/fr\/","logo":{"@type":"ImageObject","inLanguage":"fr-FR","@id":"https:\/\/denisdubois.com\/fr\/#\/schema\/logo\/image\/","url":"https:\/\/i0.wp.com\/denisdubois.com\/wp-content\/uploads\/2025\/12\/logo-crest-atelier-251216-1200x399-1.jpg?fit=1200%2C399&ssl=1","contentUrl":"https:\/\/i0.wp.com\/denisdubois.com\/wp-content\/uploads\/2025\/12\/logo-crest-atelier-251216-1200x399-1.jpg?fit=1200%2C399&ssl=1","width":1200,"height":399,"caption":"Denis Du Bois"},"image":{"@id":"https:\/\/denisdubois.com\/fr\/#\/schema\/logo\/image\/"},"sameAs":["https:\/\/facebook.com\/denisdubois","https:\/\/instagram.com\/cool.trails"]}]}},"jetpack_sharing_enabled":true,"_links":{"self":[{"href":"https:\/\/denisdubois.com\/fr\/wp-json\/wp\/v2\/product\/764","targetHints":{"allow":["GET"]}}],"collection":[{"href":"https:\/\/denisdubois.com\/fr\/wp-json\/wp\/v2\/product"}],"about":[{"href":"https:\/\/denisdubois.com\/fr\/wp-json\/wp\/v2\/types\/product"}],"replies":[{"embeddable":true,"href":"https:\/\/denisdubois.com\/fr\/wp-json\/wp\/v2\/comments?post=764"}],"wp:featuredmedia":[{"embeddable":true,"href":"https:\/\/denisdubois.com\/fr\/wp-json\/wp\/v2\/media\/209"}],"wp:attachment":[{"href":"https:\/\/denisdubois.com\/fr\/wp-json\/wp\/v2\/media?parent=764"}],"wp:term":[{"taxonomy":"product_brand","embeddable":true,"href":"https:\/\/denisdubois.com\/fr\/wp-json\/wp\/v2\/product_brand?post=764"},{"taxonomy":"product_cat","embeddable":true,"href":"https:\/\/denisdubois.com\/fr\/wp-json\/wp\/v2\/product_cat?post=764"},{"taxonomy":"product_tag","embeddable":true,"href":"https:\/\/denisdubois.com\/fr\/wp-json\/wp\/v2\/product_tag?post=764"}],"curies":[{"name":"wp","href":"https:\/\/api.w.org\/{rel}","templated":true}]}}