{"id":749,"date":"2025-12-17T01:55:36","date_gmt":"2025-12-17T01:55:36","guid":{"rendered":"https:\/\/denisdubois.com\/product\/cartes-de-voeux-serie-espagne-torla-ordesa\/"},"modified":"2025-12-17T01:55:36","modified_gmt":"2025-12-17T09:55:36","slug":"cartes-de-voeux-serie-espagne-torla-ordesa","status":"publish","type":"product","link":"https:\/\/denisdubois.com\/fr\/produit\/cartes-de-voeux-serie-espagne-torla-ordesa\/","title":{"rendered":"Cartes de v\u0153ux s\u00e9rie Espagne : Torla-Ordesa"},"content":{"rendered":"","protected":false},"excerpt":{"rendered":"<p>DISPONIBLE EN MAI 2026<\/p>\n<p>Bo\u00eete de 6 cartes de v\u0153ux avec 7 enveloppes. Image en couleur d\u2019une s\u00e9rigraphie originale. Int\u00e9rieur vierge. Mod\u00e8le unique. (L\u2019image d\u2019illustration est affich\u00e9e ici.)<\/p>\n<p>D\u00e9couvrez l\u2019histoire de cette image dans \u00ab <a href=\"https:\/\/denisdubois.com\/fr\/torla-ordesa-lhistoire-derriere-cette-serigraphie-originale\/\">Torla-Ordesa : l\u2019histoire<\/a> \u00bb sur le blog Artist\u2019s Insights.<\/p>\n","protected":false},"featured_media":250,"comment_status":"closed","ping_status":"closed","template":"","meta":{"nf_dc_page":"","_monsterinsights_skip_tracking":false,"_monsterinsights_sitenote_active":false,"_monsterinsights_sitenote_note":"","_monsterinsights_sitenote_category":0},"product_brand":[],"product_cat":[113,102],"product_tag":[114,104],"class_list":{"0":"post-749","1":"product","2":"type-product","3":"status-publish","4":"has-post-thumbnail","6":"product_cat-cartes","7":"product_cat-serie-espagne","8":"product_tag-cartes","9":"product_tag-espagne","11":"first","12":"onbackorder","13":"taxable","14":"shipping-taxable","15":"purchasable","16":"product-type-simple"},"yoast_head":"<!-- This site is optimized with the Yoast SEO plugin v27.4 - https:\/\/yoast.com\/product\/yoast-seo-wordpress\/ -->\n<title>Cartes de v\u0153ux s\u00e9rie Espagne : Torla-Ordesa &#8211; Fine Art by Denis Du Bois<\/title>\n<meta name=\"description\" content=\"Bo\u00eete de 6 cartes de v\u0153ux avec 7 enveloppes. Image en couleur d\u2019une s\u00e9rigraphie originale. Int\u00e9rieur vierge.\" \/>\n<meta name=\"robots\" content=\"index, follow, max-snippet:-1, max-image-preview:large, max-video-preview:-1\" \/>\n<link rel=\"canonical\" href=\"https:\/\/denisdubois.com\/fr\/produit\/cartes-de-voeux-serie-espagne-torla-ordesa\/\" \/>\n<meta property=\"og:locale\" content=\"fr_FR\" \/>\n<meta property=\"og:type\" content=\"article\" \/>\n<meta property=\"og:title\" content=\"Cartes de v\u0153ux s\u00e9rie Espagne : Torla-Ordesa &#8211; Fine Art by Denis Du Bois\" \/>\n<meta property=\"og:description\" content=\"Bo\u00eete de 6 cartes de v\u0153ux avec 7 enveloppes. Image en couleur d\u2019une s\u00e9rigraphie originale. Int\u00e9rieur vierge.\" \/>\n<meta property=\"og:url\" content=\"https:\/\/denisdubois.com\/fr\/produit\/cartes-de-voeux-serie-espagne-torla-ordesa\/\" \/>\n<meta property=\"og:site_name\" content=\"Fine Art by Denis Du Bois\" \/>\n<meta property=\"article:publisher\" content=\"https:\/\/facebook.com\/denisdubois\" \/>\n<meta property=\"article:modified_time\" content=\"2025-12-17T09:55:36+00:00\" \/>\n<meta property=\"og:image\" content=\"https:\/\/i0.wp.com\/denisdubois.com\/wp-content\/uploads\/2025\/12\/cards-and-envelopes-torla-photo-TOPS-QUA10750_3-bw.webp?fit=930%2C773&ssl=1\" \/>\n\t<meta property=\"og:image:width\" content=\"930\" \/>\n\t<meta property=\"og:image:height\" content=\"773\" \/>\n\t<meta property=\"og:image:type\" content=\"image\/webp\" \/>\n<script type=\"application\/ld+json\" class=\"yoast-schema-graph\">{\"@context\":\"https:\\\/\\\/schema.org\",\"@graph\":[{\"@type\":\"WebPage\",\"@id\":\"https:\\\/\\\/denisdubois.com\\\/fr\\\/produit\\\/cartes-de-voeux-serie-espagne-torla-ordesa\\\/\",\"url\":\"https:\\\/\\\/denisdubois.com\\\/fr\\\/produit\\\/cartes-de-voeux-serie-espagne-torla-ordesa\\\/\",\"name\":\"Cartes de v\u0153ux s\u00e9rie Espagne : Torla-Ordesa &#8211; Fine Art by Denis Du Bois\",\"isPartOf\":{\"@id\":\"https:\\\/\\\/denisdubois.com\\\/fr\\\/#website\"},\"primaryImageOfPage\":{\"@id\":\"https:\\\/\\\/denisdubois.com\\\/fr\\\/produit\\\/cartes-de-voeux-serie-espagne-torla-ordesa\\\/#primaryimage\"},\"image\":{\"@id\":\"https:\\\/\\\/denisdubois.com\\\/fr\\\/produit\\\/cartes-de-voeux-serie-espagne-torla-ordesa\\\/#primaryimage\"},\"thumbnailUrl\":\"https:\\\/\\\/i0.wp.com\\\/denisdubois.com\\\/wp-content\\\/uploads\\\/2025\\\/12\\\/cards-and-envelopes-torla-photo-TOPS-QUA10750_3-bw.webp?fit=930%2C773&ssl=1\",\"datePublished\":\"2025-12-17T01:55:36+00:00\",\"dateModified\":\"2025-12-17T09:55:36+00:00\",\"description\":\"Bo\u00eete de 6 cartes de v\u0153ux avec 7 enveloppes. Image en couleur d\u2019une s\u00e9rigraphie originale. Int\u00e9rieur vierge.\",\"breadcrumb\":{\"@id\":\"https:\\\/\\\/denisdubois.com\\\/fr\\\/produit\\\/cartes-de-voeux-serie-espagne-torla-ordesa\\\/#breadcrumb\"},\"inLanguage\":\"fr-FR\",\"potentialAction\":[{\"@type\":\"ReadAction\",\"target\":[\"https:\\\/\\\/denisdubois.com\\\/fr\\\/produit\\\/cartes-de-voeux-serie-espagne-torla-ordesa\\\/\"]}]},{\"@type\":\"ImageObject\",\"inLanguage\":\"fr-FR\",\"@id\":\"https:\\\/\\\/denisdubois.com\\\/fr\\\/produit\\\/cartes-de-voeux-serie-espagne-torla-ordesa\\\/#primaryimage\",\"url\":\"https:\\\/\\\/i0.wp.com\\\/denisdubois.com\\\/wp-content\\\/uploads\\\/2025\\\/12\\\/cards-and-envelopes-torla-photo-TOPS-QUA10750_3-bw.webp?fit=930%2C773&ssl=1\",\"contentUrl\":\"https:\\\/\\\/i0.wp.com\\\/denisdubois.com\\\/wp-content\\\/uploads\\\/2025\\\/12\\\/cards-and-envelopes-torla-photo-TOPS-QUA10750_3-bw.webp?fit=930%2C773&ssl=1\",\"width\":930,\"height\":773,\"caption\":\"Torla card mockup\"},{\"@type\":\"BreadcrumbList\",\"@id\":\"https:\\\/\\\/denisdubois.com\\\/fr\\\/produit\\\/cartes-de-voeux-serie-espagne-torla-ordesa\\\/#breadcrumb\",\"itemListElement\":[{\"@type\":\"ListItem\",\"position\":1,\"name\":\"Home\",\"item\":\"https:\\\/\\\/denisdubois.com\\\/fr\\\/serigraphies-en-edition-limitee-estampes-dart-faites-a-la-main\\\/\"},{\"@type\":\"ListItem\",\"position\":2,\"name\":\"Boutique\",\"item\":\"https:\\\/\\\/denisdubois.com\\\/fr\\\/boutique\\\/\"},{\"@type\":\"ListItem\",\"position\":3,\"name\":\"Cartes de v\u0153ux s\u00e9rie Espagne : Torla-Ordesa\"}]},{\"@type\":\"WebSite\",\"@id\":\"https:\\\/\\\/denisdubois.com\\\/fr\\\/#website\",\"url\":\"https:\\\/\\\/denisdubois.com\\\/fr\\\/\",\"name\":\"Fine Art by Denis Du Bois\",\"description\":\"Explore the world through Denis Du Bois&#039; original drawings, paintings, and serigraphs. Subscribe for exclusive access to new editions and unique art collections.\",\"publisher\":{\"@id\":\"https:\\\/\\\/denisdubois.com\\\/fr\\\/#organization\"},\"alternateName\":\"Atelier Denis Du Bois\",\"potentialAction\":[{\"@type\":\"SearchAction\",\"target\":{\"@type\":\"EntryPoint\",\"urlTemplate\":\"https:\\\/\\\/denisdubois.com\\\/fr\\\/?s={search_term_string}\"},\"query-input\":{\"@type\":\"PropertyValueSpecification\",\"valueRequired\":true,\"valueName\":\"search_term_string\"}}],\"inLanguage\":\"fr-FR\"},{\"@type\":\"Organization\",\"@id\":\"https:\\\/\\\/denisdubois.com\\\/fr\\\/#organization\",\"name\":\"Denis Du Bois\",\"url\":\"https:\\\/\\\/denisdubois.com\\\/fr\\\/\",\"logo\":{\"@type\":\"ImageObject\",\"inLanguage\":\"fr-FR\",\"@id\":\"https:\\\/\\\/denisdubois.com\\\/fr\\\/#\\\/schema\\\/logo\\\/image\\\/\",\"url\":\"https:\\\/\\\/i0.wp.com\\\/denisdubois.com\\\/wp-content\\\/uploads\\\/2025\\\/12\\\/logo-crest-atelier-251216-1200x399-1.jpg?fit=1200%2C399&ssl=1\",\"contentUrl\":\"https:\\\/\\\/i0.wp.com\\\/denisdubois.com\\\/wp-content\\\/uploads\\\/2025\\\/12\\\/logo-crest-atelier-251216-1200x399-1.jpg?fit=1200%2C399&ssl=1\",\"width\":1200,\"height\":399,\"caption\":\"Denis Du Bois\"},\"image\":{\"@id\":\"https:\\\/\\\/denisdubois.com\\\/fr\\\/#\\\/schema\\\/logo\\\/image\\\/\"},\"sameAs\":[\"https:\\\/\\\/facebook.com\\\/denisdubois\",\"https:\\\/\\\/instagram.com\\\/cool.trails\"]}]}<\/script>\n<!-- \/ Yoast SEO plugin. -->","yoast_head_json":{"title":"Cartes de v\u0153ux s\u00e9rie Espagne : Torla-Ordesa &#8211; Fine Art by Denis Du Bois","description":"Bo\u00eete de 6 cartes de v\u0153ux avec 7 enveloppes. Image en couleur d\u2019une s\u00e9rigraphie originale. Int\u00e9rieur vierge.","robots":{"index":"index","follow":"follow","max-snippet":"max-snippet:-1","max-image-preview":"max-image-preview:large","max-video-preview":"max-video-preview:-1"},"canonical":"https:\/\/denisdubois.com\/fr\/produit\/cartes-de-voeux-serie-espagne-torla-ordesa\/","og_locale":"fr_FR","og_type":"article","og_title":"Cartes de v\u0153ux s\u00e9rie Espagne : Torla-Ordesa &#8211; Fine Art by Denis Du Bois","og_description":"Bo\u00eete de 6 cartes de v\u0153ux avec 7 enveloppes. Image en couleur d\u2019une s\u00e9rigraphie originale. Int\u00e9rieur vierge.","og_url":"https:\/\/denisdubois.com\/fr\/produit\/cartes-de-voeux-serie-espagne-torla-ordesa\/","og_site_name":"Fine Art by Denis Du Bois","article_publisher":"https:\/\/facebook.com\/denisdubois","article_modified_time":"2025-12-17T09:55:36+00:00","og_image":[{"width":930,"height":773,"url":"https:\/\/i0.wp.com\/denisdubois.com\/wp-content\/uploads\/2025\/12\/cards-and-envelopes-torla-photo-TOPS-QUA10750_3-bw.webp?fit=930%2C773&ssl=1","type":"image\/webp"}],"schema":{"@context":"https:\/\/schema.org","@graph":[{"@type":"WebPage","@id":"https:\/\/denisdubois.com\/fr\/produit\/cartes-de-voeux-serie-espagne-torla-ordesa\/","url":"https:\/\/denisdubois.com\/fr\/produit\/cartes-de-voeux-serie-espagne-torla-ordesa\/","name":"Cartes de v\u0153ux s\u00e9rie Espagne : Torla-Ordesa &#8211; Fine Art by Denis Du Bois","isPartOf":{"@id":"https:\/\/denisdubois.com\/fr\/#website"},"primaryImageOfPage":{"@id":"https:\/\/denisdubois.com\/fr\/produit\/cartes-de-voeux-serie-espagne-torla-ordesa\/#primaryimage"},"image":{"@id":"https:\/\/denisdubois.com\/fr\/produit\/cartes-de-voeux-serie-espagne-torla-ordesa\/#primaryimage"},"thumbnailUrl":"https:\/\/i0.wp.com\/denisdubois.com\/wp-content\/uploads\/2025\/12\/cards-and-envelopes-torla-photo-TOPS-QUA10750_3-bw.webp?fit=930%2C773&ssl=1","datePublished":"2025-12-17T01:55:36+00:00","dateModified":"2025-12-17T09:55:36+00:00","description":"Bo\u00eete de 6 cartes de v\u0153ux avec 7 enveloppes. Image en couleur d\u2019une s\u00e9rigraphie originale. Int\u00e9rieur vierge.","breadcrumb":{"@id":"https:\/\/denisdubois.com\/fr\/produit\/cartes-de-voeux-serie-espagne-torla-ordesa\/#breadcrumb"},"inLanguage":"fr-FR","potentialAction":[{"@type":"ReadAction","target":["https:\/\/denisdubois.com\/fr\/produit\/cartes-de-voeux-serie-espagne-torla-ordesa\/"]}]},{"@type":"ImageObject","inLanguage":"fr-FR","@id":"https:\/\/denisdubois.com\/fr\/produit\/cartes-de-voeux-serie-espagne-torla-ordesa\/#primaryimage","url":"https:\/\/i0.wp.com\/denisdubois.com\/wp-content\/uploads\/2025\/12\/cards-and-envelopes-torla-photo-TOPS-QUA10750_3-bw.webp?fit=930%2C773&ssl=1","contentUrl":"https:\/\/i0.wp.com\/denisdubois.com\/wp-content\/uploads\/2025\/12\/cards-and-envelopes-torla-photo-TOPS-QUA10750_3-bw.webp?fit=930%2C773&ssl=1","width":930,"height":773,"caption":"Torla card mockup"},{"@type":"BreadcrumbList","@id":"https:\/\/denisdubois.com\/fr\/produit\/cartes-de-voeux-serie-espagne-torla-ordesa\/#breadcrumb","itemListElement":[{"@type":"ListItem","position":1,"name":"Home","item":"https:\/\/denisdubois.com\/fr\/serigraphies-en-edition-limitee-estampes-dart-faites-a-la-main\/"},{"@type":"ListItem","position":2,"name":"Boutique","item":"https:\/\/denisdubois.com\/fr\/boutique\/"},{"@type":"ListItem","position":3,"name":"Cartes de v\u0153ux s\u00e9rie Espagne : Torla-Ordesa"}]},{"@type":"WebSite","@id":"https:\/\/denisdubois.com\/fr\/#website","url":"https:\/\/denisdubois.com\/fr\/","name":"Fine Art by Denis Du Bois","description":"Explore the world through Denis Du Bois&#039; original drawings, paintings, and serigraphs. Subscribe for exclusive access to new editions and unique art collections.","publisher":{"@id":"https:\/\/denisdubois.com\/fr\/#organization"},"alternateName":"Atelier Denis Du Bois","potentialAction":[{"@type":"SearchAction","target":{"@type":"EntryPoint","urlTemplate":"https:\/\/denisdubois.com\/fr\/?s={search_term_string}"},"query-input":{"@type":"PropertyValueSpecification","valueRequired":true,"valueName":"search_term_string"}}],"inLanguage":"fr-FR"},{"@type":"Organization","@id":"https:\/\/denisdubois.com\/fr\/#organization","name":"Denis Du Bois","url":"https:\/\/denisdubois.com\/fr\/","logo":{"@type":"ImageObject","inLanguage":"fr-FR","@id":"https:\/\/denisdubois.com\/fr\/#\/schema\/logo\/image\/","url":"https:\/\/i0.wp.com\/denisdubois.com\/wp-content\/uploads\/2025\/12\/logo-crest-atelier-251216-1200x399-1.jpg?fit=1200%2C399&ssl=1","contentUrl":"https:\/\/i0.wp.com\/denisdubois.com\/wp-content\/uploads\/2025\/12\/logo-crest-atelier-251216-1200x399-1.jpg?fit=1200%2C399&ssl=1","width":1200,"height":399,"caption":"Denis Du Bois"},"image":{"@id":"https:\/\/denisdubois.com\/fr\/#\/schema\/logo\/image\/"},"sameAs":["https:\/\/facebook.com\/denisdubois","https:\/\/instagram.com\/cool.trails"]}]}},"jetpack_sharing_enabled":true,"_links":{"self":[{"href":"https:\/\/denisdubois.com\/fr\/wp-json\/wp\/v2\/product\/749","targetHints":{"allow":["GET"]}}],"collection":[{"href":"https:\/\/denisdubois.com\/fr\/wp-json\/wp\/v2\/product"}],"about":[{"href":"https:\/\/denisdubois.com\/fr\/wp-json\/wp\/v2\/types\/product"}],"replies":[{"embeddable":true,"href":"https:\/\/denisdubois.com\/fr\/wp-json\/wp\/v2\/comments?post=749"}],"wp:featuredmedia":[{"embeddable":true,"href":"https:\/\/denisdubois.com\/fr\/wp-json\/wp\/v2\/media\/250"}],"wp:attachment":[{"href":"https:\/\/denisdubois.com\/fr\/wp-json\/wp\/v2\/media?parent=749"}],"wp:term":[{"taxonomy":"product_brand","embeddable":true,"href":"https:\/\/denisdubois.com\/fr\/wp-json\/wp\/v2\/product_brand?post=749"},{"taxonomy":"product_cat","embeddable":true,"href":"https:\/\/denisdubois.com\/fr\/wp-json\/wp\/v2\/product_cat?post=749"},{"taxonomy":"product_tag","embeddable":true,"href":"https:\/\/denisdubois.com\/fr\/wp-json\/wp\/v2\/product_tag?post=749"}],"curies":[{"name":"wp","href":"https:\/\/api.w.org\/{rel}","templated":true}]}}