{"id":748,"date":"2025-12-20T22:05:24","date_gmt":"2025-12-20T22:05:24","guid":{"rendered":"https:\/\/denisdubois.com\/product\/le-chat-sera-a-vous-dans-un-instant\/"},"modified":"2025-12-20T22:05:24","modified_gmt":"2025-12-21T06:05:24","slug":"le-chat-sera-a-vous-dans-un-instant","status":"publish","type":"product","link":"https:\/\/denisdubois.com\/fr\/produit\/le-chat-sera-a-vous-dans-un-instant\/","title":{"rendered":"Le chat sera \u00e0 vous dans un instant"},"content":{"rendered":"","protected":false},"excerpt":{"rendered":"<p>Le texte dit : \u00ab Asseyez-vous. Le chat sera \u00e0 vous dans un instant. \u00bb Un f\u00e9lin curieux jette un \u0153il autour de la porte ferm\u00e9e pour vous observer. N\u2019est-ce pas le cas de tous les chats ? Aucune intimit\u00e9, m\u00eame dans la salle de bains.<\/p>\n<p>Premi\u00e8re \u00e9dition. Vendu encadr\u00e9. Les recettes nettes sont vers\u00e9es directement aux op\u00e9rations de sauvetage de chats.<\/p>\n<p>Lisez l\u2019histoire derri\u00e8re ce panneau-m\u00e8me dans \u00ab <a href=\"https:\/\/denisdubois.com\/fr\/le-chat-vous-recevra-dans-un-instant\/\">Le chat sera \u00e0 vous dans un instant<\/a> \u00bb sur le blog Artist\u2019s Insights.<\/p>\n<p>S\u00e9rigraphie (impression au pochoir), trois couleurs, papier Bristol lisse. Zone d\u2019image de 5 \u00d7 6,5\u201d Les couleurs sont vert, bleu-violet et noir sur papier blanc. Chaque tirage est r\u00e9alis\u00e9 \u00e0 la main et il peut y avoir de l\u00e9g\u00e8res diff\u00e9rences d\u2019un tirage \u00e0 l\u2019autre. Les couleurs \u00e0 l\u2019\u00e9cran ne sont pas exactes.<\/p>\n<p>Livr\u00e9 dans un pr\u00e9sentoir transparent sans cadre en acrylique de 6,5 \u00d7 8,5\u201d \u2014 comprend une attache murale ainsi qu\u2019un accessoire permettant aussi de le poser. L\u2019\u0153uvre sera install\u00e9e dans le pr\u00e9sentoir lorsque vous la recevrez.<\/p>\n","protected":false},"featured_media":330,"comment_status":"open","ping_status":"closed","template":"","meta":{"nf_dc_page":"","_monsterinsights_skip_tracking":false,"_monsterinsights_sitenote_active":false,"_monsterinsights_sitenote_note":"","_monsterinsights_sitenote_category":0},"product_brand":[],"product_cat":[109,110,111],"product_tag":[112],"class_list":{"0":"post-748","1":"product","2":"type-product","3":"status-publish","4":"has-post-thumbnail","6":"product_cat-affiches","7":"product_cat-chats","8":"product_cat-decoration","9":"product_tag-decoration","11":"first","12":"instock","13":"taxable","14":"shipping-taxable","15":"purchasable","16":"product-type-simple"},"yoast_head":"<!-- This site is optimized with the Yoast SEO plugin v27.4 - https:\/\/yoast.com\/product\/yoast-seo-wordpress\/ -->\n<title>Le chat sera \u00e0 vous dans un instant<\/title>\n<meta name=\"description\" content=\"\u00ab Asseyez-vous. Le chat sera \u00e0 vous dans un instant. \u00bb Un f\u00e9lin curieux jette un \u0153il autour de la porte ferm\u00e9e. S\u00e9rigraphie originale, zone d\u2019image de 5 \u00d7 6,5\u201d\" \/>\n<meta name=\"robots\" content=\"index, follow, max-snippet:-1, max-image-preview:large, max-video-preview:-1\" \/>\n<link rel=\"canonical\" href=\"https:\/\/denisdubois.com\/fr\/produit\/le-chat-sera-a-vous-dans-un-instant\/\" \/>\n<meta property=\"og:locale\" content=\"fr_FR\" \/>\n<meta property=\"og:type\" content=\"article\" \/>\n<meta property=\"og:title\" content=\"Le chat sera \u00e0 vous dans un instant\" \/>\n<meta property=\"og:description\" content=\"\u00ab Asseyez-vous. Le chat sera \u00e0 vous dans un instant. \u00bb Un f\u00e9lin curieux jette un \u0153il autour de la porte ferm\u00e9e. S\u00e9rigraphie originale, zone d\u2019image de 5 \u00d7 6,5\u201d\" \/>\n<meta property=\"og:url\" content=\"https:\/\/denisdubois.com\/fr\/produit\/le-chat-sera-a-vous-dans-un-instant\/\" \/>\n<meta property=\"og:site_name\" content=\"Fine Art by Denis Du Bois\" \/>\n<meta property=\"article:publisher\" content=\"https:\/\/facebook.com\/denisdubois\" \/>\n<meta property=\"article:modified_time\" content=\"2025-12-21T06:05:24+00:00\" \/>\n<meta property=\"og:image\" content=\"https:\/\/i0.wp.com\/denisdubois.com\/wp-content\/uploads\/2025\/12\/cat-on-white-transp-900x.png?fit=900%2C900&ssl=1\" \/>\n\t<meta property=\"og:image:width\" content=\"900\" \/>\n\t<meta property=\"og:image:height\" content=\"900\" \/>\n\t<meta property=\"og:image:type\" content=\"image\/png\" \/>\n<script type=\"application\/ld+json\" class=\"yoast-schema-graph\">{\"@context\":\"https:\\\/\\\/schema.org\",\"@graph\":[{\"@type\":\"WebPage\",\"@id\":\"https:\\\/\\\/denisdubois.com\\\/fr\\\/produit\\\/le-chat-sera-a-vous-dans-un-instant\\\/\",\"url\":\"https:\\\/\\\/denisdubois.com\\\/fr\\\/produit\\\/le-chat-sera-a-vous-dans-un-instant\\\/\",\"name\":\"Le chat sera \u00e0 vous dans un instant\",\"isPartOf\":{\"@id\":\"https:\\\/\\\/denisdubois.com\\\/fr\\\/#website\"},\"primaryImageOfPage\":{\"@id\":\"https:\\\/\\\/denisdubois.com\\\/fr\\\/produit\\\/le-chat-sera-a-vous-dans-un-instant\\\/#primaryimage\"},\"image\":{\"@id\":\"https:\\\/\\\/denisdubois.com\\\/fr\\\/produit\\\/le-chat-sera-a-vous-dans-un-instant\\\/#primaryimage\"},\"thumbnailUrl\":\"https:\\\/\\\/i0.wp.com\\\/denisdubois.com\\\/wp-content\\\/uploads\\\/2025\\\/12\\\/cat-on-white-transp-900x.png?fit=900%2C900&ssl=1\",\"datePublished\":\"2025-12-20T22:05:24+00:00\",\"dateModified\":\"2025-12-21T06:05:24+00:00\",\"description\":\"\u00ab Asseyez-vous. Le chat sera \u00e0 vous dans un instant. \u00bb Un f\u00e9lin curieux jette un \u0153il autour de la porte ferm\u00e9e. S\u00e9rigraphie originale, zone d\u2019image de 5 \u00d7 6,5\u201d\",\"breadcrumb\":{\"@id\":\"https:\\\/\\\/denisdubois.com\\\/fr\\\/produit\\\/le-chat-sera-a-vous-dans-un-instant\\\/#breadcrumb\"},\"inLanguage\":\"fr-FR\",\"potentialAction\":[{\"@type\":\"ReadAction\",\"target\":[\"https:\\\/\\\/denisdubois.com\\\/fr\\\/produit\\\/le-chat-sera-a-vous-dans-un-instant\\\/\"]}]},{\"@type\":\"ImageObject\",\"inLanguage\":\"fr-FR\",\"@id\":\"https:\\\/\\\/denisdubois.com\\\/fr\\\/produit\\\/le-chat-sera-a-vous-dans-un-instant\\\/#primaryimage\",\"url\":\"https:\\\/\\\/i0.wp.com\\\/denisdubois.com\\\/wp-content\\\/uploads\\\/2025\\\/12\\\/cat-on-white-transp-900x.png?fit=900%2C900&ssl=1\",\"contentUrl\":\"https:\\\/\\\/i0.wp.com\\\/denisdubois.com\\\/wp-content\\\/uploads\\\/2025\\\/12\\\/cat-on-white-transp-900x.png?fit=900%2C900&ssl=1\",\"width\":900,\"height\":900,\"caption\":\"Have a seat the cat will be right with you bathroom sign in frame\"},{\"@type\":\"BreadcrumbList\",\"@id\":\"https:\\\/\\\/denisdubois.com\\\/fr\\\/produit\\\/le-chat-sera-a-vous-dans-un-instant\\\/#breadcrumb\",\"itemListElement\":[{\"@type\":\"ListItem\",\"position\":1,\"name\":\"Home\",\"item\":\"https:\\\/\\\/denisdubois.com\\\/fr\\\/serigraphies-en-edition-limitee-estampes-dart-faites-a-la-main\\\/\"},{\"@type\":\"ListItem\",\"position\":2,\"name\":\"Boutique\",\"item\":\"https:\\\/\\\/denisdubois.com\\\/fr\\\/boutique\\\/\"},{\"@type\":\"ListItem\",\"position\":3,\"name\":\"Le chat sera \u00e0 vous dans un instant\"}]},{\"@type\":\"WebSite\",\"@id\":\"https:\\\/\\\/denisdubois.com\\\/fr\\\/#website\",\"url\":\"https:\\\/\\\/denisdubois.com\\\/fr\\\/\",\"name\":\"Fine Art by Denis Du Bois\",\"description\":\"Explore the world through Denis Du Bois&#039; original drawings, paintings, and serigraphs. Subscribe for exclusive access to new editions and unique art collections.\",\"publisher\":{\"@id\":\"https:\\\/\\\/denisdubois.com\\\/fr\\\/#organization\"},\"alternateName\":\"Atelier Denis Du Bois\",\"potentialAction\":[{\"@type\":\"SearchAction\",\"target\":{\"@type\":\"EntryPoint\",\"urlTemplate\":\"https:\\\/\\\/denisdubois.com\\\/fr\\\/?s={search_term_string}\"},\"query-input\":{\"@type\":\"PropertyValueSpecification\",\"valueRequired\":true,\"valueName\":\"search_term_string\"}}],\"inLanguage\":\"fr-FR\"},{\"@type\":\"Organization\",\"@id\":\"https:\\\/\\\/denisdubois.com\\\/fr\\\/#organization\",\"name\":\"Denis Du Bois\",\"url\":\"https:\\\/\\\/denisdubois.com\\\/fr\\\/\",\"logo\":{\"@type\":\"ImageObject\",\"inLanguage\":\"fr-FR\",\"@id\":\"https:\\\/\\\/denisdubois.com\\\/fr\\\/#\\\/schema\\\/logo\\\/image\\\/\",\"url\":\"https:\\\/\\\/i0.wp.com\\\/denisdubois.com\\\/wp-content\\\/uploads\\\/2025\\\/12\\\/logo-crest-atelier-251216-1200x399-1.jpg?fit=1200%2C399&ssl=1\",\"contentUrl\":\"https:\\\/\\\/i0.wp.com\\\/denisdubois.com\\\/wp-content\\\/uploads\\\/2025\\\/12\\\/logo-crest-atelier-251216-1200x399-1.jpg?fit=1200%2C399&ssl=1\",\"width\":1200,\"height\":399,\"caption\":\"Denis Du Bois\"},\"image\":{\"@id\":\"https:\\\/\\\/denisdubois.com\\\/fr\\\/#\\\/schema\\\/logo\\\/image\\\/\"},\"sameAs\":[\"https:\\\/\\\/facebook.com\\\/denisdubois\",\"https:\\\/\\\/instagram.com\\\/cool.trails\"]}]}<\/script>\n<!-- \/ Yoast SEO plugin. -->","yoast_head_json":{"title":"Le chat sera \u00e0 vous dans un instant","description":"\u00ab Asseyez-vous. Le chat sera \u00e0 vous dans un instant. \u00bb Un f\u00e9lin curieux jette un \u0153il autour de la porte ferm\u00e9e. S\u00e9rigraphie originale, zone d\u2019image de 5 \u00d7 6,5\u201d","robots":{"index":"index","follow":"follow","max-snippet":"max-snippet:-1","max-image-preview":"max-image-preview:large","max-video-preview":"max-video-preview:-1"},"canonical":"https:\/\/denisdubois.com\/fr\/produit\/le-chat-sera-a-vous-dans-un-instant\/","og_locale":"fr_FR","og_type":"article","og_title":"Le chat sera \u00e0 vous dans un instant","og_description":"\u00ab Asseyez-vous. Le chat sera \u00e0 vous dans un instant. \u00bb Un f\u00e9lin curieux jette un \u0153il autour de la porte ferm\u00e9e. S\u00e9rigraphie originale, zone d\u2019image de 5 \u00d7 6,5\u201d","og_url":"https:\/\/denisdubois.com\/fr\/produit\/le-chat-sera-a-vous-dans-un-instant\/","og_site_name":"Fine Art by Denis Du Bois","article_publisher":"https:\/\/facebook.com\/denisdubois","article_modified_time":"2025-12-21T06:05:24+00:00","og_image":[{"width":900,"height":900,"url":"https:\/\/i0.wp.com\/denisdubois.com\/wp-content\/uploads\/2025\/12\/cat-on-white-transp-900x.png?fit=900%2C900&ssl=1","type":"image\/png"}],"schema":{"@context":"https:\/\/schema.org","@graph":[{"@type":"WebPage","@id":"https:\/\/denisdubois.com\/fr\/produit\/le-chat-sera-a-vous-dans-un-instant\/","url":"https:\/\/denisdubois.com\/fr\/produit\/le-chat-sera-a-vous-dans-un-instant\/","name":"Le chat sera \u00e0 vous dans un instant","isPartOf":{"@id":"https:\/\/denisdubois.com\/fr\/#website"},"primaryImageOfPage":{"@id":"https:\/\/denisdubois.com\/fr\/produit\/le-chat-sera-a-vous-dans-un-instant\/#primaryimage"},"image":{"@id":"https:\/\/denisdubois.com\/fr\/produit\/le-chat-sera-a-vous-dans-un-instant\/#primaryimage"},"thumbnailUrl":"https:\/\/i0.wp.com\/denisdubois.com\/wp-content\/uploads\/2025\/12\/cat-on-white-transp-900x.png?fit=900%2C900&ssl=1","datePublished":"2025-12-20T22:05:24+00:00","dateModified":"2025-12-21T06:05:24+00:00","description":"\u00ab Asseyez-vous. Le chat sera \u00e0 vous dans un instant. \u00bb Un f\u00e9lin curieux jette un \u0153il autour de la porte ferm\u00e9e. S\u00e9rigraphie originale, zone d\u2019image de 5 \u00d7 6,5\u201d","breadcrumb":{"@id":"https:\/\/denisdubois.com\/fr\/produit\/le-chat-sera-a-vous-dans-un-instant\/#breadcrumb"},"inLanguage":"fr-FR","potentialAction":[{"@type":"ReadAction","target":["https:\/\/denisdubois.com\/fr\/produit\/le-chat-sera-a-vous-dans-un-instant\/"]}]},{"@type":"ImageObject","inLanguage":"fr-FR","@id":"https:\/\/denisdubois.com\/fr\/produit\/le-chat-sera-a-vous-dans-un-instant\/#primaryimage","url":"https:\/\/i0.wp.com\/denisdubois.com\/wp-content\/uploads\/2025\/12\/cat-on-white-transp-900x.png?fit=900%2C900&ssl=1","contentUrl":"https:\/\/i0.wp.com\/denisdubois.com\/wp-content\/uploads\/2025\/12\/cat-on-white-transp-900x.png?fit=900%2C900&ssl=1","width":900,"height":900,"caption":"Have a seat the cat will be right with you bathroom sign in frame"},{"@type":"BreadcrumbList","@id":"https:\/\/denisdubois.com\/fr\/produit\/le-chat-sera-a-vous-dans-un-instant\/#breadcrumb","itemListElement":[{"@type":"ListItem","position":1,"name":"Home","item":"https:\/\/denisdubois.com\/fr\/serigraphies-en-edition-limitee-estampes-dart-faites-a-la-main\/"},{"@type":"ListItem","position":2,"name":"Boutique","item":"https:\/\/denisdubois.com\/fr\/boutique\/"},{"@type":"ListItem","position":3,"name":"Le chat sera \u00e0 vous dans un instant"}]},{"@type":"WebSite","@id":"https:\/\/denisdubois.com\/fr\/#website","url":"https:\/\/denisdubois.com\/fr\/","name":"Fine Art by Denis Du Bois","description":"Explore the world through Denis Du Bois&#039; original drawings, paintings, and serigraphs. Subscribe for exclusive access to new editions and unique art collections.","publisher":{"@id":"https:\/\/denisdubois.com\/fr\/#organization"},"alternateName":"Atelier Denis Du Bois","potentialAction":[{"@type":"SearchAction","target":{"@type":"EntryPoint","urlTemplate":"https:\/\/denisdubois.com\/fr\/?s={search_term_string}"},"query-input":{"@type":"PropertyValueSpecification","valueRequired":true,"valueName":"search_term_string"}}],"inLanguage":"fr-FR"},{"@type":"Organization","@id":"https:\/\/denisdubois.com\/fr\/#organization","name":"Denis Du Bois","url":"https:\/\/denisdubois.com\/fr\/","logo":{"@type":"ImageObject","inLanguage":"fr-FR","@id":"https:\/\/denisdubois.com\/fr\/#\/schema\/logo\/image\/","url":"https:\/\/i0.wp.com\/denisdubois.com\/wp-content\/uploads\/2025\/12\/logo-crest-atelier-251216-1200x399-1.jpg?fit=1200%2C399&ssl=1","contentUrl":"https:\/\/i0.wp.com\/denisdubois.com\/wp-content\/uploads\/2025\/12\/logo-crest-atelier-251216-1200x399-1.jpg?fit=1200%2C399&ssl=1","width":1200,"height":399,"caption":"Denis Du Bois"},"image":{"@id":"https:\/\/denisdubois.com\/fr\/#\/schema\/logo\/image\/"},"sameAs":["https:\/\/facebook.com\/denisdubois","https:\/\/instagram.com\/cool.trails"]}]}},"jetpack_sharing_enabled":true,"_links":{"self":[{"href":"https:\/\/denisdubois.com\/fr\/wp-json\/wp\/v2\/product\/748","targetHints":{"allow":["GET"]}}],"collection":[{"href":"https:\/\/denisdubois.com\/fr\/wp-json\/wp\/v2\/product"}],"about":[{"href":"https:\/\/denisdubois.com\/fr\/wp-json\/wp\/v2\/types\/product"}],"replies":[{"embeddable":true,"href":"https:\/\/denisdubois.com\/fr\/wp-json\/wp\/v2\/comments?post=748"}],"wp:featuredmedia":[{"embeddable":true,"href":"https:\/\/denisdubois.com\/fr\/wp-json\/wp\/v2\/media\/330"}],"wp:attachment":[{"href":"https:\/\/denisdubois.com\/fr\/wp-json\/wp\/v2\/media?parent=748"}],"wp:term":[{"taxonomy":"product_brand","embeddable":true,"href":"https:\/\/denisdubois.com\/fr\/wp-json\/wp\/v2\/product_brand?post=748"},{"taxonomy":"product_cat","embeddable":true,"href":"https:\/\/denisdubois.com\/fr\/wp-json\/wp\/v2\/product_cat?post=748"},{"taxonomy":"product_tag","embeddable":true,"href":"https:\/\/denisdubois.com\/fr\/wp-json\/wp\/v2\/product_tag?post=748"}],"curies":[{"name":"wp","href":"https:\/\/api.w.org\/{rel}","templated":true}]}}