{"id":746,"date":"2026-01-10T21:11:23","date_gmt":"2026-01-11T05:11:23","guid":{"rendered":"https:\/\/denisdubois.com\/product\/abonnement-a-la-serie-espagne-six-serigraphies-dart-faites-a-la-main\/"},"modified":"2026-01-10T21:11:23","modified_gmt":"2026-01-11T05:11:23","slug":"abonnement-a-la-serie-espagne-six-serigraphies-dart-faites-a-la-main","status":"publish","type":"product","link":"https:\/\/denisdubois.com\/fr\/produit\/abonnement-a-la-serie-espagne-six-serigraphies-dart-faites-a-la-main\/","title":{"rendered":"Abonnement \u00e0 la s\u00e9rie Espagne : six s\u00e9rigraphies d\u2019art faites \u00e0 la main"},"content":{"rendered":"","protected":false},"excerpt":{"rendered":"<p>Abonnez-vous \u00e0 la s\u00e9rie de six s\u00e9rigraphies d\u2019art issues de mon voyage en Espagne. Les abonn\u00e9s recevront les tirages num\u00e9rot\u00e9s les plus bas de chaque \u00e9dition limit\u00e9e, d\u00e8s leur sortie. La livraison est toujours gratuite pour les abonn\u00e9s \u00e0 la s\u00e9rie. Soutenez ma passion pour la s\u00e9rigraphie et faites de cette premi\u00e8re s\u00e9rie votre nouvelle acquisition.<\/p>\n<p>D\u00e9couvrez la s\u00e9rie dans \u00ab <a href=\"https:\/\/denisdubois.com\/fr\/serie-espagne-de-serigraphies-artisanales\/\">La S\u00e9rie Espagne<\/a> \u00bb sur le blog Artist\u2019s Insights.<\/p>\n<p>Tirages \u00e9galement vendus <a href=\"https:\/\/denisdubois.com\/fr\/product-category\/serie-espagne\/\">individuellement<\/a>.<\/p>\n","protected":false},"featured_media":557,"comment_status":"open","ping_status":"closed","template":"","meta":{"nf_dc_page":"","_monsterinsights_skip_tracking":false,"_monsterinsights_sitenote_active":false,"_monsterinsights_sitenote_note":"","_monsterinsights_sitenote_category":0},"product_brand":[],"product_cat":[102,101],"product_tag":[104],"class_list":{"0":"post-746","1":"product","2":"type-product","3":"status-publish","4":"has-post-thumbnail","6":"product_cat-serie-espagne","7":"product_cat-serigraphie","8":"product_tag-espagne","9":"product_shipping_class-livraison-gratuite-pour-les-abonnes","11":"first","12":"instock","13":"virtual","14":"sold-individually","15":"taxable","16":"purchasable","17":"product-type-simple"},"yoast_head":"<!-- This site is optimized with the Yoast SEO plugin v27.4 - https:\/\/yoast.com\/product\/yoast-seo-wordpress\/ -->\n<title>Abonnement \u00e0 la s\u00e9rie Espagne : six s\u00e9rigraphies d\u2019art faites \u00e0 la main &#8211; Fine Art by Denis Du Bois<\/title>\n<meta name=\"description\" content=\"Abonnez-vous \u00e0 la s\u00e9rie de six s\u00e9rigraphies issues de mon voyage en Espagne. La premi\u00e8re \u00e9dition sera lanc\u00e9e en janvier 2026. Tirages individuels disponibles.\" \/>\n<meta name=\"robots\" content=\"index, follow, max-snippet:-1, max-image-preview:large, max-video-preview:-1\" \/>\n<link rel=\"canonical\" href=\"https:\/\/denisdubois.com\/fr\/produit\/abonnement-a-la-serie-espagne-six-serigraphies-dart-faites-a-la-main\/\" \/>\n<meta property=\"og:locale\" content=\"fr_FR\" \/>\n<meta property=\"og:type\" content=\"article\" \/>\n<meta property=\"og:title\" content=\"Abonnement \u00e0 la s\u00e9rie Espagne : six s\u00e9rigraphies d\u2019art faites \u00e0 la main &#8211; Fine Art by Denis Du Bois\" \/>\n<meta property=\"og:description\" content=\"Abonnez-vous \u00e0 la s\u00e9rie de six s\u00e9rigraphies issues de mon voyage en Espagne. La premi\u00e8re \u00e9dition sera lanc\u00e9e en janvier 2026. Tirages individuels disponibles.\" \/>\n<meta property=\"og:url\" content=\"https:\/\/denisdubois.com\/fr\/produit\/abonnement-a-la-serie-espagne-six-serigraphies-dart-faites-a-la-main\/\" \/>\n<meta property=\"og:site_name\" content=\"Fine Art by Denis Du Bois\" \/>\n<meta property=\"article:publisher\" content=\"https:\/\/facebook.com\/denisdubois\" \/>\n<meta property=\"og:image\" content=\"https:\/\/denisdubois.com\/wp-content\/uploads\/2026\/03\/Torla-pro-photo-2-adj-v260322-noborder-transp-2400x-1024x1024.webp\" \/>\n\t<meta property=\"og:image:width\" content=\"1024\" \/>\n\t<meta property=\"og:image:height\" content=\"1024\" \/>\n\t<meta property=\"og:image:type\" content=\"image\/webp\" \/>\n<script type=\"application\/ld+json\" class=\"yoast-schema-graph\">{\"@context\":\"https:\\\/\\\/schema.org\",\"@graph\":[{\"@type\":\"WebPage\",\"@id\":\"https:\\\/\\\/denisdubois.com\\\/fr\\\/produit\\\/abonnement-a-la-serie-espagne-six-serigraphies-dart-faites-a-la-main\\\/\",\"url\":\"https:\\\/\\\/denisdubois.com\\\/fr\\\/produit\\\/abonnement-a-la-serie-espagne-six-serigraphies-dart-faites-a-la-main\\\/\",\"name\":\"Abonnement \u00e0 la s\u00e9rie Espagne : six s\u00e9rigraphies d\u2019art faites \u00e0 la main &#8211; Fine Art by Denis Du Bois\",\"isPartOf\":{\"@id\":\"https:\\\/\\\/denisdubois.com\\\/fr\\\/#website\"},\"primaryImageOfPage\":{\"@id\":\"https:\\\/\\\/denisdubois.com\\\/fr\\\/produit\\\/abonnement-a-la-serie-espagne-six-serigraphies-dart-faites-a-la-main\\\/#primaryimage\"},\"image\":{\"@id\":\"https:\\\/\\\/denisdubois.com\\\/fr\\\/produit\\\/abonnement-a-la-serie-espagne-six-serigraphies-dart-faites-a-la-main\\\/#primaryimage\"},\"thumbnailUrl\":\"https:\\\/\\\/i0.wp.com\\\/denisdubois.com\\\/wp-content\\\/uploads\\\/2026\\\/03\\\/Torla-pro-photo-2-adj-v260322-noborder-transp-2400x.webp?fit=2400%2C2400&ssl=1\",\"datePublished\":\"2026-01-11T05:11:23+00:00\",\"description\":\"Abonnez-vous \u00e0 la s\u00e9rie de six s\u00e9rigraphies issues de mon voyage en Espagne. La premi\u00e8re \u00e9dition sera lanc\u00e9e en janvier 2026. Tirages individuels disponibles.\",\"breadcrumb\":{\"@id\":\"https:\\\/\\\/denisdubois.com\\\/fr\\\/produit\\\/abonnement-a-la-serie-espagne-six-serigraphies-dart-faites-a-la-main\\\/#breadcrumb\"},\"inLanguage\":\"fr-FR\",\"potentialAction\":[{\"@type\":\"ReadAction\",\"target\":[\"https:\\\/\\\/denisdubois.com\\\/fr\\\/produit\\\/abonnement-a-la-serie-espagne-six-serigraphies-dart-faites-a-la-main\\\/\"]}]},{\"@type\":\"ImageObject\",\"inLanguage\":\"fr-FR\",\"@id\":\"https:\\\/\\\/denisdubois.com\\\/fr\\\/produit\\\/abonnement-a-la-serie-espagne-six-serigraphies-dart-faites-a-la-main\\\/#primaryimage\",\"url\":\"https:\\\/\\\/i0.wp.com\\\/denisdubois.com\\\/wp-content\\\/uploads\\\/2026\\\/03\\\/Torla-pro-photo-2-adj-v260322-noborder-transp-2400x.webp?fit=2400%2C2400&ssl=1\",\"contentUrl\":\"https:\\\/\\\/i0.wp.com\\\/denisdubois.com\\\/wp-content\\\/uploads\\\/2026\\\/03\\\/Torla-pro-photo-2-adj-v260322-noborder-transp-2400x.webp?fit=2400%2C2400&ssl=1\",\"width\":2400,\"height\":2400,\"caption\":\"Torla Ordessa Spain collector fine art serigraph screen print Copyright 2026 Denis Du Bois\"},{\"@type\":\"BreadcrumbList\",\"@id\":\"https:\\\/\\\/denisdubois.com\\\/fr\\\/produit\\\/abonnement-a-la-serie-espagne-six-serigraphies-dart-faites-a-la-main\\\/#breadcrumb\",\"itemListElement\":[{\"@type\":\"ListItem\",\"position\":1,\"name\":\"Home\",\"item\":\"https:\\\/\\\/denisdubois.com\\\/fr\\\/serigraphies-en-edition-limitee-estampes-dart-faites-a-la-main\\\/\"},{\"@type\":\"ListItem\",\"position\":2,\"name\":\"Boutique\",\"item\":\"https:\\\/\\\/denisdubois.com\\\/fr\\\/boutique\\\/\"},{\"@type\":\"ListItem\",\"position\":3,\"name\":\"Abonnement \u00e0 la s\u00e9rie Espagne : six s\u00e9rigraphies d\u2019art faites \u00e0 la main\"}]},{\"@type\":\"WebSite\",\"@id\":\"https:\\\/\\\/denisdubois.com\\\/fr\\\/#website\",\"url\":\"https:\\\/\\\/denisdubois.com\\\/fr\\\/\",\"name\":\"Fine Art by Denis Du Bois\",\"description\":\"Explore the world through Denis Du Bois&#039; original drawings, paintings, and serigraphs. Subscribe for exclusive access to new editions and unique art collections.\",\"publisher\":{\"@id\":\"https:\\\/\\\/denisdubois.com\\\/fr\\\/#organization\"},\"alternateName\":\"Atelier Denis Du Bois\",\"potentialAction\":[{\"@type\":\"SearchAction\",\"target\":{\"@type\":\"EntryPoint\",\"urlTemplate\":\"https:\\\/\\\/denisdubois.com\\\/fr\\\/?s={search_term_string}\"},\"query-input\":{\"@type\":\"PropertyValueSpecification\",\"valueRequired\":true,\"valueName\":\"search_term_string\"}}],\"inLanguage\":\"fr-FR\"},{\"@type\":\"Organization\",\"@id\":\"https:\\\/\\\/denisdubois.com\\\/fr\\\/#organization\",\"name\":\"Denis Du Bois\",\"url\":\"https:\\\/\\\/denisdubois.com\\\/fr\\\/\",\"logo\":{\"@type\":\"ImageObject\",\"inLanguage\":\"fr-FR\",\"@id\":\"https:\\\/\\\/denisdubois.com\\\/fr\\\/#\\\/schema\\\/logo\\\/image\\\/\",\"url\":\"https:\\\/\\\/i0.wp.com\\\/denisdubois.com\\\/wp-content\\\/uploads\\\/2025\\\/12\\\/logo-crest-atelier-251216-1200x399-1.jpg?fit=1200%2C399&ssl=1\",\"contentUrl\":\"https:\\\/\\\/i0.wp.com\\\/denisdubois.com\\\/wp-content\\\/uploads\\\/2025\\\/12\\\/logo-crest-atelier-251216-1200x399-1.jpg?fit=1200%2C399&ssl=1\",\"width\":1200,\"height\":399,\"caption\":\"Denis Du Bois\"},\"image\":{\"@id\":\"https:\\\/\\\/denisdubois.com\\\/fr\\\/#\\\/schema\\\/logo\\\/image\\\/\"},\"sameAs\":[\"https:\\\/\\\/facebook.com\\\/denisdubois\",\"https:\\\/\\\/instagram.com\\\/cool.trails\"]}]}<\/script>\n<!-- \/ Yoast SEO plugin. -->","yoast_head_json":{"title":"Abonnement \u00e0 la s\u00e9rie Espagne : six s\u00e9rigraphies d\u2019art faites \u00e0 la main &#8211; Fine Art by Denis Du Bois","description":"Abonnez-vous \u00e0 la s\u00e9rie de six s\u00e9rigraphies issues de mon voyage en Espagne. La premi\u00e8re \u00e9dition sera lanc\u00e9e en janvier 2026. Tirages individuels disponibles.","robots":{"index":"index","follow":"follow","max-snippet":"max-snippet:-1","max-image-preview":"max-image-preview:large","max-video-preview":"max-video-preview:-1"},"canonical":"https:\/\/denisdubois.com\/fr\/produit\/abonnement-a-la-serie-espagne-six-serigraphies-dart-faites-a-la-main\/","og_locale":"fr_FR","og_type":"article","og_title":"Abonnement \u00e0 la s\u00e9rie Espagne : six s\u00e9rigraphies d\u2019art faites \u00e0 la main &#8211; Fine Art by Denis Du Bois","og_description":"Abonnez-vous \u00e0 la s\u00e9rie de six s\u00e9rigraphies issues de mon voyage en Espagne. La premi\u00e8re \u00e9dition sera lanc\u00e9e en janvier 2026. Tirages individuels disponibles.","og_url":"https:\/\/denisdubois.com\/fr\/produit\/abonnement-a-la-serie-espagne-six-serigraphies-dart-faites-a-la-main\/","og_site_name":"Fine Art by Denis Du Bois","article_publisher":"https:\/\/facebook.com\/denisdubois","og_image":[{"width":1024,"height":1024,"url":"https:\/\/denisdubois.com\/wp-content\/uploads\/2026\/03\/Torla-pro-photo-2-adj-v260322-noborder-transp-2400x-1024x1024.webp","type":"image\/webp"}],"schema":{"@context":"https:\/\/schema.org","@graph":[{"@type":"WebPage","@id":"https:\/\/denisdubois.com\/fr\/produit\/abonnement-a-la-serie-espagne-six-serigraphies-dart-faites-a-la-main\/","url":"https:\/\/denisdubois.com\/fr\/produit\/abonnement-a-la-serie-espagne-six-serigraphies-dart-faites-a-la-main\/","name":"Abonnement \u00e0 la s\u00e9rie Espagne : six s\u00e9rigraphies d\u2019art faites \u00e0 la main &#8211; Fine Art by Denis Du Bois","isPartOf":{"@id":"https:\/\/denisdubois.com\/fr\/#website"},"primaryImageOfPage":{"@id":"https:\/\/denisdubois.com\/fr\/produit\/abonnement-a-la-serie-espagne-six-serigraphies-dart-faites-a-la-main\/#primaryimage"},"image":{"@id":"https:\/\/denisdubois.com\/fr\/produit\/abonnement-a-la-serie-espagne-six-serigraphies-dart-faites-a-la-main\/#primaryimage"},"thumbnailUrl":"https:\/\/i0.wp.com\/denisdubois.com\/wp-content\/uploads\/2026\/03\/Torla-pro-photo-2-adj-v260322-noborder-transp-2400x.webp?fit=2400%2C2400&ssl=1","datePublished":"2026-01-11T05:11:23+00:00","description":"Abonnez-vous \u00e0 la s\u00e9rie de six s\u00e9rigraphies issues de mon voyage en Espagne. La premi\u00e8re \u00e9dition sera lanc\u00e9e en janvier 2026. Tirages individuels disponibles.","breadcrumb":{"@id":"https:\/\/denisdubois.com\/fr\/produit\/abonnement-a-la-serie-espagne-six-serigraphies-dart-faites-a-la-main\/#breadcrumb"},"inLanguage":"fr-FR","potentialAction":[{"@type":"ReadAction","target":["https:\/\/denisdubois.com\/fr\/produit\/abonnement-a-la-serie-espagne-six-serigraphies-dart-faites-a-la-main\/"]}]},{"@type":"ImageObject","inLanguage":"fr-FR","@id":"https:\/\/denisdubois.com\/fr\/produit\/abonnement-a-la-serie-espagne-six-serigraphies-dart-faites-a-la-main\/#primaryimage","url":"https:\/\/i0.wp.com\/denisdubois.com\/wp-content\/uploads\/2026\/03\/Torla-pro-photo-2-adj-v260322-noborder-transp-2400x.webp?fit=2400%2C2400&ssl=1","contentUrl":"https:\/\/i0.wp.com\/denisdubois.com\/wp-content\/uploads\/2026\/03\/Torla-pro-photo-2-adj-v260322-noborder-transp-2400x.webp?fit=2400%2C2400&ssl=1","width":2400,"height":2400,"caption":"Torla Ordessa Spain collector fine art serigraph screen print Copyright 2026 Denis Du Bois"},{"@type":"BreadcrumbList","@id":"https:\/\/denisdubois.com\/fr\/produit\/abonnement-a-la-serie-espagne-six-serigraphies-dart-faites-a-la-main\/#breadcrumb","itemListElement":[{"@type":"ListItem","position":1,"name":"Home","item":"https:\/\/denisdubois.com\/fr\/serigraphies-en-edition-limitee-estampes-dart-faites-a-la-main\/"},{"@type":"ListItem","position":2,"name":"Boutique","item":"https:\/\/denisdubois.com\/fr\/boutique\/"},{"@type":"ListItem","position":3,"name":"Abonnement \u00e0 la s\u00e9rie Espagne : six s\u00e9rigraphies d\u2019art faites \u00e0 la main"}]},{"@type":"WebSite","@id":"https:\/\/denisdubois.com\/fr\/#website","url":"https:\/\/denisdubois.com\/fr\/","name":"Fine Art by Denis Du Bois","description":"Explore the world through Denis Du Bois&#039; original drawings, paintings, and serigraphs. Subscribe for exclusive access to new editions and unique art collections.","publisher":{"@id":"https:\/\/denisdubois.com\/fr\/#organization"},"alternateName":"Atelier Denis Du Bois","potentialAction":[{"@type":"SearchAction","target":{"@type":"EntryPoint","urlTemplate":"https:\/\/denisdubois.com\/fr\/?s={search_term_string}"},"query-input":{"@type":"PropertyValueSpecification","valueRequired":true,"valueName":"search_term_string"}}],"inLanguage":"fr-FR"},{"@type":"Organization","@id":"https:\/\/denisdubois.com\/fr\/#organization","name":"Denis Du Bois","url":"https:\/\/denisdubois.com\/fr\/","logo":{"@type":"ImageObject","inLanguage":"fr-FR","@id":"https:\/\/denisdubois.com\/fr\/#\/schema\/logo\/image\/","url":"https:\/\/i0.wp.com\/denisdubois.com\/wp-content\/uploads\/2025\/12\/logo-crest-atelier-251216-1200x399-1.jpg?fit=1200%2C399&ssl=1","contentUrl":"https:\/\/i0.wp.com\/denisdubois.com\/wp-content\/uploads\/2025\/12\/logo-crest-atelier-251216-1200x399-1.jpg?fit=1200%2C399&ssl=1","width":1200,"height":399,"caption":"Denis Du Bois"},"image":{"@id":"https:\/\/denisdubois.com\/fr\/#\/schema\/logo\/image\/"},"sameAs":["https:\/\/facebook.com\/denisdubois","https:\/\/instagram.com\/cool.trails"]}]}},"jetpack_sharing_enabled":true,"_links":{"self":[{"href":"https:\/\/denisdubois.com\/fr\/wp-json\/wp\/v2\/product\/746","targetHints":{"allow":["GET"]}}],"collection":[{"href":"https:\/\/denisdubois.com\/fr\/wp-json\/wp\/v2\/product"}],"about":[{"href":"https:\/\/denisdubois.com\/fr\/wp-json\/wp\/v2\/types\/product"}],"replies":[{"embeddable":true,"href":"https:\/\/denisdubois.com\/fr\/wp-json\/wp\/v2\/comments?post=746"}],"wp:featuredmedia":[{"embeddable":true,"href":"https:\/\/denisdubois.com\/fr\/wp-json\/wp\/v2\/media\/557"}],"wp:attachment":[{"href":"https:\/\/denisdubois.com\/fr\/wp-json\/wp\/v2\/media?parent=746"}],"wp:term":[{"taxonomy":"product_brand","embeddable":true,"href":"https:\/\/denisdubois.com\/fr\/wp-json\/wp\/v2\/product_brand?post=746"},{"taxonomy":"product_cat","embeddable":true,"href":"https:\/\/denisdubois.com\/fr\/wp-json\/wp\/v2\/product_cat?post=746"},{"taxonomy":"product_tag","embeddable":true,"href":"https:\/\/denisdubois.com\/fr\/wp-json\/wp\/v2\/product_tag?post=746"}],"curies":[{"name":"wp","href":"https:\/\/api.w.org\/{rel}","templated":true}]}}