{"id":851,"date":"2025-12-18T23:54:35","date_gmt":"2025-12-19T07:54:35","guid":{"rendered":"https:\/\/denisdubois.com\/politique-de-remboursement-et-de-retour\/"},"modified":"2026-04-24T19:32:14","modified_gmt":"2026-04-25T03:32:14","slug":"politique-de-remboursement-et-de-retour","status":"publish","type":"page","link":"https:\/\/denisdubois.com\/fr\/politique-de-remboursement-et-de-retour\/","title":{"rendered":"Politique de remboursement et de retour"},"content":{"rendered":"\n<p class=\"\">Ma politique de remboursement et de retour : sans poser de questions, pendant 30 jours, pour l&#8217;acheteur d&#8217;origine. <\/p>\n\n<p class=\"\">Veuillez ne pas renvoyer votre achat sans avoir au pr\u00e9alable obtenu une autorisation de retour et suivi les instructions qui y figurent.<\/p>\n\n<p class=\"\">Pour \u00eatre \u00e9ligible \u00e0 un retour, votre article doit \u00eatre dans le m\u00eame \u00e9tat que celui dans lequel vous l&#8217;avez re\u00e7u. Il doit \u00e9galement \u00eatre dans son emballage de protection d&#8217;origine.<\/p>\n\n<p class=\"\">Si vous envisagez de retourner une \u0153uvre d&#8217;art, veuillez consid\u00e9rer que chaque estampe est r\u00e9alis\u00e9e \u00e0 la main par l&#8217;artiste. Des variations mineures sont \u00e0 pr\u00e9voir. L&#8217;art est destin\u00e9 \u00e0 \u00eatre encadr\u00e9 ; par cons\u00e9quent, les marques au dos d&#8217;une estampe ou l&#8217;usure sur les bords de la feuille n&#8217;affectent pas votre plaisir une fois l&#8217;estampe encadr\u00e9e.<\/p>\n\n<p class=\"\">Vous demeurez soumis \u00e0 mes conditions g\u00e9n\u00e9rales, y compris les protections relatives aux droits d&#8217;auteur, apr\u00e8s avoir retourn\u00e9 un achat.<\/p>\n\n<p class=\"\">Pour finaliser votre retour, je n&#8217;ai besoin que de votre num\u00e9ro de commande, disponible dans la section Mon compte et sur votre facture. Si vous ne l&#8217;avez pas, contactez-moi et je rechercherai votre facture. Si 30 jours se sont \u00e9coul\u00e9s depuis votre achat, contactez-moi pour discuter d&#8217;un remboursement ou d&#8217;un \u00e9change.<\/p>\n\n<h2 class=\"wp-block-heading\">Remboursements<\/h2>\n\n<p class=\"\">Une fois votre retour re\u00e7u et inspect\u00e9, je vous enverrai un courriel pour vous informer que j&#8217;ai re\u00e7u votre article retourn\u00e9. Je vous informerai \u00e9galement de l&#8217;approbation ou du rejet de votre remboursement.<\/p>\n\n<p class=\"\">Si le retour est approuv\u00e9, votre remboursement sera alors trait\u00e9 et un cr\u00e9dit sera appliqu\u00e9 \u00e0 votre mode de paiement d&#8217;origine, dans un d\u00e9lai de 10 jours.<\/p>\n\n<h2 class=\"wp-block-heading\">\u00c9changes<\/h2>\n\n<p class=\"\">Je remplacerai les articles s&#8217;ils sont d\u00e9fectueux ou endommag\u00e9s pendant le transport. Si vous devez \u00e9changer le m\u00eame article, utilisez la proc\u00e9dure d&#8217;autorisation de retour.<\/p>\n\n<h2 class=\"wp-block-heading\">Cadeaux<\/h2>\n\n<p class=\"\">Si vous n&#8217;\u00eates pas l&#8217;acheteur, mais que l&#8217;article a \u00e9t\u00e9 marqu\u00e9 comme cadeau lors de l&#8217;achat et exp\u00e9di\u00e9 directement \u00e0 votre adresse, vous recevrez un cr\u00e9dit de galerie correspondant au prix de votre retour. Une fois l&#8217;article retourn\u00e9 accept\u00e9, un avis de cr\u00e9dit vous sera envoy\u00e9 par courriel.<\/p>\n\n<p class=\"\">Si l&#8217;article n&#8217;a pas \u00e9t\u00e9 marqu\u00e9 comme cadeau lors de l&#8217;achat, ou si l&#8217;acheteur a fait exp\u00e9dier la commande \u00e0 son adresse pour vous la remettre ult\u00e9rieurement, nous enverrons tout remboursement ou \u00e9change \u00e0 l&#8217;acheteur.<\/p>\n\n<h2 class=\"wp-block-heading\">Exp\u00e9dition des retours<\/h2>\n\n<p class=\"\">Pour retourner votre produit, vous devez l&#8217;envoyer par courrier <strong>UNIQUEMENT<\/strong> \u00e0 l&#8217;adresse indiqu\u00e9e sur l&#8217;autorisation de retour.<\/p>\n\n<p class=\"\">Dans la plupart des cas, vous serez responsable du paiement des frais d&#8217;exp\u00e9dition pour le retour d&#8217;un article. Les frais d&#8217;exp\u00e9dition ne sont pas remboursables. <\/p>\n\n<p class=\"\">Utilisez toujours un service d&#8217;exp\u00e9dition avec suivi ou ajoutez une assurance d&#8217;exp\u00e9dition. Je traite les retours apr\u00e8s avoir re\u00e7u votre article retourn\u00e9.<\/p>\n\n<h2 class=\"wp-block-heading\">Besoin d&#8217;aide ?<\/h2>\n\n<p class=\"\">Contactez-moi pour toute question relative aux remboursements et aux retours.<br\/>Texte traduit automatiquement.<\/p>\n\n<p class=\"\"><\/p>\n","protected":false},"excerpt":{"rendered":"<p>Ma politique de remboursement et de retour : sans poser de questions, pendant 30 jours, pour l&#8217;acheteur d&#8217;origine. Veuillez ne pas renvoyer votre achat sans avoir au pr\u00e9alable obtenu une autorisation de retour et suivi les instructions qui y figurent. Pour \u00eatre \u00e9ligible \u00e0 un retour, votre article doit \u00eatre dans le m\u00eame \u00e9tat que&hellip;<\/p>\n","protected":false},"author":1,"featured_media":0,"parent":0,"menu_order":0,"comment_status":"closed","ping_status":"closed","template":"","meta":{"nf_dc_page":"","_monsterinsights_skip_tracking":false,"_monsterinsights_sitenote_active":false,"_monsterinsights_sitenote_note":"","_monsterinsights_sitenote_category":0,"footnotes":""},"class_list":["post-851","page","type-page","status-publish","hentry"],"yoast_head":"<!-- This site is optimized with the Yoast SEO plugin v27.4 - https:\/\/yoast.com\/product\/yoast-seo-wordpress\/ -->\n<title>Politique de remboursement et de retour &#8211; Fine Art by Denis Du Bois<\/title>\n<meta name=\"description\" content=\"Pour \u00eatre \u00e9ligible \u00e0 un retour, votre article doit \u00eatre dans le m\u00eame \u00e9tat que celui dans lequel vous l&#039;avez re\u00e7u, dans son emballage de protection d&#039;origine.\" \/>\n<meta name=\"robots\" content=\"noindex, nofollow\" \/>\n<meta property=\"og:locale\" content=\"fr_FR\" \/>\n<meta property=\"og:type\" content=\"article\" \/>\n<meta property=\"og:title\" content=\"Politique de remboursement et de retour &#8211; Fine Art by Denis Du Bois\" \/>\n<meta property=\"og:description\" content=\"Pour \u00eatre \u00e9ligible \u00e0 un retour, votre article doit \u00eatre dans le m\u00eame \u00e9tat que celui dans lequel vous l&#039;avez re\u00e7u, dans son emballage de protection d&#039;origine.\" \/>\n<meta property=\"og:url\" content=\"https:\/\/denisdubois.com\/fr\/politique-de-remboursement-et-de-retour\/\" \/>\n<meta property=\"og:site_name\" content=\"Fine Art by Denis Du Bois\" \/>\n<meta property=\"article:publisher\" content=\"https:\/\/facebook.com\/denisdubois\" \/>\n<meta property=\"article:modified_time\" content=\"2026-04-25T03:32:14+00:00\" \/>\n<meta name=\"twitter:label1\" content=\"Dur\u00e9e de lecture estim\u00e9e\" \/>\n\t<meta name=\"twitter:data1\" content=\"2 minutes\" \/>\n<script type=\"application\/ld+json\" class=\"yoast-schema-graph\">{\"@context\":\"https:\\\/\\\/schema.org\",\"@graph\":[{\"@type\":\"WebPage\",\"@id\":\"https:\\\/\\\/denisdubois.com\\\/fr\\\/politique-de-remboursement-et-de-retour\\\/\",\"url\":\"https:\\\/\\\/denisdubois.com\\\/fr\\\/politique-de-remboursement-et-de-retour\\\/\",\"name\":\"Politique de remboursement et de retour &#8211; Fine Art by Denis Du Bois\",\"isPartOf\":{\"@id\":\"https:\\\/\\\/denisdubois.com\\\/fr\\\/#website\"},\"datePublished\":\"2025-12-19T07:54:35+00:00\",\"dateModified\":\"2026-04-25T03:32:14+00:00\",\"description\":\"Pour \u00eatre \u00e9ligible \u00e0 un retour, votre article doit \u00eatre dans le m\u00eame \u00e9tat que celui dans lequel vous l'avez re\u00e7u, dans son emballage de protection d'origine.\",\"breadcrumb\":{\"@id\":\"https:\\\/\\\/denisdubois.com\\\/fr\\\/politique-de-remboursement-et-de-retour\\\/#breadcrumb\"},\"inLanguage\":\"fr-FR\",\"potentialAction\":[{\"@type\":\"ReadAction\",\"target\":[\"https:\\\/\\\/denisdubois.com\\\/fr\\\/politique-de-remboursement-et-de-retour\\\/\"]}]},{\"@type\":\"BreadcrumbList\",\"@id\":\"https:\\\/\\\/denisdubois.com\\\/fr\\\/politique-de-remboursement-et-de-retour\\\/#breadcrumb\",\"itemListElement\":[{\"@type\":\"ListItem\",\"position\":1,\"name\":\"Home\",\"item\":\"https:\\\/\\\/denisdubois.com\\\/fr\\\/serigraphies-en-edition-limitee-estampes-dart-faites-a-la-main\\\/\"},{\"@type\":\"ListItem\",\"position\":2,\"name\":\"Politique de remboursement et de retour\"}]},{\"@type\":\"WebSite\",\"@id\":\"https:\\\/\\\/denisdubois.com\\\/fr\\\/#website\",\"url\":\"https:\\\/\\\/denisdubois.com\\\/fr\\\/\",\"name\":\"Fine Art by Denis Du Bois\",\"description\":\"Explore the world through Denis Du Bois&#039; original drawings, paintings, and serigraphs. Subscribe for exclusive access to new editions and unique art collections.\",\"publisher\":{\"@id\":\"https:\\\/\\\/denisdubois.com\\\/fr\\\/#organization\"},\"alternateName\":\"Atelier Denis Du Bois\",\"potentialAction\":[{\"@type\":\"SearchAction\",\"target\":{\"@type\":\"EntryPoint\",\"urlTemplate\":\"https:\\\/\\\/denisdubois.com\\\/fr\\\/?s={search_term_string}\"},\"query-input\":{\"@type\":\"PropertyValueSpecification\",\"valueRequired\":true,\"valueName\":\"search_term_string\"}}],\"inLanguage\":\"fr-FR\"},{\"@type\":\"Organization\",\"@id\":\"https:\\\/\\\/denisdubois.com\\\/fr\\\/#organization\",\"name\":\"Denis Du Bois\",\"url\":\"https:\\\/\\\/denisdubois.com\\\/fr\\\/\",\"logo\":{\"@type\":\"ImageObject\",\"inLanguage\":\"fr-FR\",\"@id\":\"https:\\\/\\\/denisdubois.com\\\/fr\\\/#\\\/schema\\\/logo\\\/image\\\/\",\"url\":\"https:\\\/\\\/i0.wp.com\\\/denisdubois.com\\\/wp-content\\\/uploads\\\/2025\\\/12\\\/logo-crest-atelier-251216-1200x399-1.jpg?fit=1200%2C399&ssl=1\",\"contentUrl\":\"https:\\\/\\\/i0.wp.com\\\/denisdubois.com\\\/wp-content\\\/uploads\\\/2025\\\/12\\\/logo-crest-atelier-251216-1200x399-1.jpg?fit=1200%2C399&ssl=1\",\"width\":1200,\"height\":399,\"caption\":\"Denis Du Bois\"},\"image\":{\"@id\":\"https:\\\/\\\/denisdubois.com\\\/fr\\\/#\\\/schema\\\/logo\\\/image\\\/\"},\"sameAs\":[\"https:\\\/\\\/facebook.com\\\/denisdubois\",\"https:\\\/\\\/instagram.com\\\/cool.trails\"]}]}<\/script>\n<!-- \/ Yoast SEO plugin. -->","yoast_head_json":{"title":"Politique de remboursement et de retour &#8211; Fine Art by Denis Du Bois","description":"Pour \u00eatre \u00e9ligible \u00e0 un retour, votre article doit \u00eatre dans le m\u00eame \u00e9tat que celui dans lequel vous l'avez re\u00e7u, dans son emballage de protection d'origine.","robots":{"index":"noindex","follow":"nofollow"},"og_locale":"fr_FR","og_type":"article","og_title":"Politique de remboursement et de retour &#8211; Fine Art by Denis Du Bois","og_description":"Pour \u00eatre \u00e9ligible \u00e0 un retour, votre article doit \u00eatre dans le m\u00eame \u00e9tat que celui dans lequel vous l'avez re\u00e7u, dans son emballage de protection d'origine.","og_url":"https:\/\/denisdubois.com\/fr\/politique-de-remboursement-et-de-retour\/","og_site_name":"Fine Art by Denis Du Bois","article_publisher":"https:\/\/facebook.com\/denisdubois","article_modified_time":"2026-04-25T03:32:14+00:00","twitter_misc":{"Dur\u00e9e de lecture estim\u00e9e":"2 minutes"},"schema":{"@context":"https:\/\/schema.org","@graph":[{"@type":"WebPage","@id":"https:\/\/denisdubois.com\/fr\/politique-de-remboursement-et-de-retour\/","url":"https:\/\/denisdubois.com\/fr\/politique-de-remboursement-et-de-retour\/","name":"Politique de remboursement et de retour &#8211; Fine Art by Denis Du Bois","isPartOf":{"@id":"https:\/\/denisdubois.com\/fr\/#website"},"datePublished":"2025-12-19T07:54:35+00:00","dateModified":"2026-04-25T03:32:14+00:00","description":"Pour \u00eatre \u00e9ligible \u00e0 un retour, votre article doit \u00eatre dans le m\u00eame \u00e9tat que celui dans lequel vous l'avez re\u00e7u, dans son emballage de protection d'origine.","breadcrumb":{"@id":"https:\/\/denisdubois.com\/fr\/politique-de-remboursement-et-de-retour\/#breadcrumb"},"inLanguage":"fr-FR","potentialAction":[{"@type":"ReadAction","target":["https:\/\/denisdubois.com\/fr\/politique-de-remboursement-et-de-retour\/"]}]},{"@type":"BreadcrumbList","@id":"https:\/\/denisdubois.com\/fr\/politique-de-remboursement-et-de-retour\/#breadcrumb","itemListElement":[{"@type":"ListItem","position":1,"name":"Home","item":"https:\/\/denisdubois.com\/fr\/serigraphies-en-edition-limitee-estampes-dart-faites-a-la-main\/"},{"@type":"ListItem","position":2,"name":"Politique de remboursement et de retour"}]},{"@type":"WebSite","@id":"https:\/\/denisdubois.com\/fr\/#website","url":"https:\/\/denisdubois.com\/fr\/","name":"Fine Art by Denis Du Bois","description":"Explore the world through Denis Du Bois&#039; original drawings, paintings, and serigraphs. Subscribe for exclusive access to new editions and unique art collections.","publisher":{"@id":"https:\/\/denisdubois.com\/fr\/#organization"},"alternateName":"Atelier Denis Du Bois","potentialAction":[{"@type":"SearchAction","target":{"@type":"EntryPoint","urlTemplate":"https:\/\/denisdubois.com\/fr\/?s={search_term_string}"},"query-input":{"@type":"PropertyValueSpecification","valueRequired":true,"valueName":"search_term_string"}}],"inLanguage":"fr-FR"},{"@type":"Organization","@id":"https:\/\/denisdubois.com\/fr\/#organization","name":"Denis Du Bois","url":"https:\/\/denisdubois.com\/fr\/","logo":{"@type":"ImageObject","inLanguage":"fr-FR","@id":"https:\/\/denisdubois.com\/fr\/#\/schema\/logo\/image\/","url":"https:\/\/i0.wp.com\/denisdubois.com\/wp-content\/uploads\/2025\/12\/logo-crest-atelier-251216-1200x399-1.jpg?fit=1200%2C399&ssl=1","contentUrl":"https:\/\/i0.wp.com\/denisdubois.com\/wp-content\/uploads\/2025\/12\/logo-crest-atelier-251216-1200x399-1.jpg?fit=1200%2C399&ssl=1","width":1200,"height":399,"caption":"Denis Du Bois"},"image":{"@id":"https:\/\/denisdubois.com\/fr\/#\/schema\/logo\/image\/"},"sameAs":["https:\/\/facebook.com\/denisdubois","https:\/\/instagram.com\/cool.trails"]}]}},"jetpack_sharing_enabled":true,"jetpack_shortlink":"https:\/\/wp.me\/PgZU3n-dJ","_links":{"self":[{"href":"https:\/\/denisdubois.com\/fr\/wp-json\/wp\/v2\/pages\/851","targetHints":{"allow":["GET"]}}],"collection":[{"href":"https:\/\/denisdubois.com\/fr\/wp-json\/wp\/v2\/pages"}],"about":[{"href":"https:\/\/denisdubois.com\/fr\/wp-json\/wp\/v2\/types\/page"}],"author":[{"embeddable":true,"href":"https:\/\/denisdubois.com\/fr\/wp-json\/wp\/v2\/users\/1"}],"replies":[{"embeddable":true,"href":"https:\/\/denisdubois.com\/fr\/wp-json\/wp\/v2\/comments?post=851"}],"version-history":[{"count":3,"href":"https:\/\/denisdubois.com\/fr\/wp-json\/wp\/v2\/pages\/851\/revisions"}],"predecessor-version":[{"id":903,"href":"https:\/\/denisdubois.com\/fr\/wp-json\/wp\/v2\/pages\/851\/revisions\/903"}],"wp:attachment":[{"href":"https:\/\/denisdubois.com\/fr\/wp-json\/wp\/v2\/media?parent=851"}],"curies":[{"name":"wp","href":"https:\/\/api.w.org\/{rel}","templated":true}]}}