{"id":681,"date":"2025-12-20T05:18:27","date_gmt":"2025-12-20T13:18:27","guid":{"rendered":"https:\/\/denisdubois.com\/a-propos-de-lemballage-et-de-lexpedition\/"},"modified":"2026-04-24T18:52:50","modified_gmt":"2026-04-25T02:52:50","slug":"a-propos-de-lemballage-et-de-lexpedition","status":"publish","type":"page","link":"https:\/\/denisdubois.com\/fr\/a-propos-de-lemballage-et-de-lexpedition\/","title":{"rendered":"\u00c0 propos de l\u2019emballage et de l\u2019exp\u00e9dition"},"content":{"rendered":"\n<p class=\"\">Je s\u00e9lectionne, emballe et exp\u00e9die moi-m\u00eame chaque estampe command\u00e9e. Je sais que l\u2019exp\u00e9dition d\u2019\u0153uvres d\u2019art d\u00e9licates n\u00e9cessite un soin extraordinaire. Ces articles doivent \u00eatre prot\u00e9g\u00e9s contre les dommages caus\u00e9s par l\u2019humidit\u00e9, la salet\u00e9 et la manipulation. Tenter de rouler une \u0153uvre d\u2019art sur papier pr\u00e9sente des risques consid\u00e9rables, notamment la formation de courbures permanentes. <\/p>\n\n<p class=\"\">C\u2019est pourquoi j\u2019exp\u00e9die les \u0153uvres originales dans des bo\u00eetes plates surdimensionn\u00e9es, dot\u00e9es de dispositifs sp\u00e9ciaux pour prot\u00e9ger les bords et les coins contre tout dommage potentiel lors du transport et de la manutention. Ce sont les meilleures techniques utilis\u00e9es par les experts, et votre acquisition m\u00e9rite ce qu\u2019il y a de mieux. <\/p>\n\n<p class=\"\">Vous avez fait un excellent choix en collectionnant l\u2019une de mes estampes d\u2019art. Il m\u2019incombe de veiller \u00e0 ce que votre s\u00e9lection vous parvienne en parfait \u00e9tat !<\/p>\n\n<p class=\"\">Lors de votre commande, plusieurs options d\u2019exp\u00e9dition vous seront propos\u00e9es. Les options exactes d\u00e9pendront de l\u2019\u0153uvre et de votre situation g\u00e9ographique. S\u00e9lectionnez le d\u00e9lai et le tarif qui correspondent \u00e0 vos besoins. <\/p>\n\n<p class=\"\">J\u2019exp\u00e9die depuis la plaque tournante r\u00e9gionale du centre de l\u2019\u00c9tat de Washington pour USPS, UPS et FedEx. Cela minimise le nombre de transferts par camion n\u00e9cessaires et r\u00e9duit ainsi les risques de dommages ou de retards. Les envois a\u00e9riens internationaux transitent d\u2019abord par l\u2019a\u00e9roport international de Seattle-Tacoma (SEA), o\u00f9 ils sont embarqu\u00e9s sur un vol \u00e0 votre destination. <\/p>\n\n<p class=\"\">Vous adorerez l\u2019exp\u00e9rience du d\u00e9ballage de votre nouvelle acquisition et de son ajout \u00e0 votre collection d\u2019art. Tout commence par une <a href=\"https:\/\/denisdubois.com\/gallery-shop\/\" type=\"page\" id=\"68\">visite \u00e0 la galerie<\/a>.<\/p>\n","protected":false},"excerpt":{"rendered":"<p>Je s\u00e9lectionne, emballe et exp\u00e9die moi-m\u00eame chaque estampe command\u00e9e. Je sais que l\u2019exp\u00e9dition d\u2019\u0153uvres d\u2019art d\u00e9licates n\u00e9cessite un soin extraordinaire. Ces articles doivent \u00eatre prot\u00e9g\u00e9s contre les dommages caus\u00e9s par l\u2019humidit\u00e9, la salet\u00e9 et la manipulation. Tenter de rouler une \u0153uvre d\u2019art sur papier pr\u00e9sente des risques consid\u00e9rables, notamment la formation de courbures permanentes. C\u2019est&hellip;<\/p>\n","protected":false},"author":2,"featured_media":0,"parent":0,"menu_order":0,"comment_status":"closed","ping_status":"closed","template":"","meta":{"nf_dc_page":"","_monsterinsights_skip_tracking":false,"_monsterinsights_sitenote_active":false,"_monsterinsights_sitenote_note":"","_monsterinsights_sitenote_category":0,"footnotes":""},"class_list":["post-681","page","type-page","status-publish","hentry"],"yoast_head":"<!-- This site is optimized with the Yoast SEO plugin v27.4 - https:\/\/yoast.com\/product\/yoast-seo-wordpress\/ -->\n<title>\u00c0 propos de l\u2019emballage et de l\u2019exp\u00e9dition &#8211; Fine Art by Denis Du Bois<\/title>\n<meta name=\"robots\" content=\"index, follow, max-snippet:-1, max-image-preview:large, max-video-preview:-1\" \/>\n<link rel=\"canonical\" href=\"https:\/\/denisdubois.com\/fr\/a-propos-de-lemballage-et-de-lexpedition\/\" \/>\n<meta property=\"og:locale\" content=\"fr_FR\" \/>\n<meta property=\"og:type\" content=\"article\" \/>\n<meta property=\"og:title\" content=\"\u00c0 propos de l\u2019emballage et de l\u2019exp\u00e9dition &#8211; Fine Art by Denis Du Bois\" \/>\n<meta property=\"og:description\" content=\"Je s\u00e9lectionne, emballe et exp\u00e9die moi-m\u00eame chaque estampe command\u00e9e. Je sais que l\u2019exp\u00e9dition d\u2019\u0153uvres d\u2019art d\u00e9licates n\u00e9cessite un soin extraordinaire. Ces articles doivent \u00eatre prot\u00e9g\u00e9s contre les dommages caus\u00e9s par l\u2019humidit\u00e9, la salet\u00e9 et la manipulation. Tenter de rouler une \u0153uvre d\u2019art sur papier pr\u00e9sente des risques consid\u00e9rables, notamment la formation de courbures permanentes. C\u2019est&hellip;\" \/>\n<meta property=\"og:url\" content=\"https:\/\/denisdubois.com\/fr\/a-propos-de-lemballage-et-de-lexpedition\/\" \/>\n<meta property=\"og:site_name\" content=\"Fine Art by Denis Du Bois\" \/>\n<meta property=\"article:publisher\" content=\"https:\/\/facebook.com\/denisdubois\" \/>\n<meta property=\"article:modified_time\" content=\"2026-04-25T02:52:50+00:00\" \/>\n<meta name=\"twitter:label1\" content=\"Dur\u00e9e de lecture estim\u00e9e\" \/>\n\t<meta name=\"twitter:data1\" content=\"1 minute\" \/>\n<script type=\"application\/ld+json\" class=\"yoast-schema-graph\">{\"@context\":\"https:\\\/\\\/schema.org\",\"@graph\":[{\"@type\":\"WebPage\",\"@id\":\"https:\\\/\\\/denisdubois.com\\\/fr\\\/a-propos-de-lemballage-et-de-lexpedition\\\/\",\"url\":\"https:\\\/\\\/denisdubois.com\\\/fr\\\/a-propos-de-lemballage-et-de-lexpedition\\\/\",\"name\":\"\u00c0 propos de l\u2019emballage et de l\u2019exp\u00e9dition &#8211; Fine Art by Denis Du Bois\",\"isPartOf\":{\"@id\":\"https:\\\/\\\/denisdubois.com\\\/fr\\\/#website\"},\"datePublished\":\"2025-12-20T13:18:27+00:00\",\"dateModified\":\"2026-04-25T02:52:50+00:00\",\"breadcrumb\":{\"@id\":\"https:\\\/\\\/denisdubois.com\\\/fr\\\/a-propos-de-lemballage-et-de-lexpedition\\\/#breadcrumb\"},\"inLanguage\":\"fr-FR\",\"potentialAction\":[{\"@type\":\"ReadAction\",\"target\":[\"https:\\\/\\\/denisdubois.com\\\/fr\\\/a-propos-de-lemballage-et-de-lexpedition\\\/\"]}]},{\"@type\":\"BreadcrumbList\",\"@id\":\"https:\\\/\\\/denisdubois.com\\\/fr\\\/a-propos-de-lemballage-et-de-lexpedition\\\/#breadcrumb\",\"itemListElement\":[{\"@type\":\"ListItem\",\"position\":1,\"name\":\"Home\",\"item\":\"https:\\\/\\\/denisdubois.com\\\/fr\\\/serigraphies-en-edition-limitee-estampes-dart-faites-a-la-main\\\/\"},{\"@type\":\"ListItem\",\"position\":2,\"name\":\"\u00c0 propos de l\u2019emballage et de l\u2019exp\u00e9dition\"}]},{\"@type\":\"WebSite\",\"@id\":\"https:\\\/\\\/denisdubois.com\\\/fr\\\/#website\",\"url\":\"https:\\\/\\\/denisdubois.com\\\/fr\\\/\",\"name\":\"Fine Art by Denis Du Bois\",\"description\":\"Explore the world through Denis Du Bois&#039; original drawings, paintings, and serigraphs. Subscribe for exclusive access to new editions and unique art collections.\",\"publisher\":{\"@id\":\"https:\\\/\\\/denisdubois.com\\\/fr\\\/#organization\"},\"alternateName\":\"Atelier Denis Du Bois\",\"potentialAction\":[{\"@type\":\"SearchAction\",\"target\":{\"@type\":\"EntryPoint\",\"urlTemplate\":\"https:\\\/\\\/denisdubois.com\\\/fr\\\/?s={search_term_string}\"},\"query-input\":{\"@type\":\"PropertyValueSpecification\",\"valueRequired\":true,\"valueName\":\"search_term_string\"}}],\"inLanguage\":\"fr-FR\"},{\"@type\":\"Organization\",\"@id\":\"https:\\\/\\\/denisdubois.com\\\/fr\\\/#organization\",\"name\":\"Denis Du Bois\",\"url\":\"https:\\\/\\\/denisdubois.com\\\/fr\\\/\",\"logo\":{\"@type\":\"ImageObject\",\"inLanguage\":\"fr-FR\",\"@id\":\"https:\\\/\\\/denisdubois.com\\\/fr\\\/#\\\/schema\\\/logo\\\/image\\\/\",\"url\":\"https:\\\/\\\/i0.wp.com\\\/denisdubois.com\\\/wp-content\\\/uploads\\\/2025\\\/12\\\/logo-crest-atelier-251216-1200x399-1.jpg?fit=1200%2C399&ssl=1\",\"contentUrl\":\"https:\\\/\\\/i0.wp.com\\\/denisdubois.com\\\/wp-content\\\/uploads\\\/2025\\\/12\\\/logo-crest-atelier-251216-1200x399-1.jpg?fit=1200%2C399&ssl=1\",\"width\":1200,\"height\":399,\"caption\":\"Denis Du Bois\"},\"image\":{\"@id\":\"https:\\\/\\\/denisdubois.com\\\/fr\\\/#\\\/schema\\\/logo\\\/image\\\/\"},\"sameAs\":[\"https:\\\/\\\/facebook.com\\\/denisdubois\",\"https:\\\/\\\/instagram.com\\\/cool.trails\"]}]}<\/script>\n<!-- \/ Yoast SEO plugin. -->","yoast_head_json":{"title":"\u00c0 propos de l\u2019emballage et de l\u2019exp\u00e9dition &#8211; Fine Art by Denis Du Bois","robots":{"index":"index","follow":"follow","max-snippet":"max-snippet:-1","max-image-preview":"max-image-preview:large","max-video-preview":"max-video-preview:-1"},"canonical":"https:\/\/denisdubois.com\/fr\/a-propos-de-lemballage-et-de-lexpedition\/","og_locale":"fr_FR","og_type":"article","og_title":"\u00c0 propos de l\u2019emballage et de l\u2019exp\u00e9dition &#8211; Fine Art by Denis Du Bois","og_description":"Je s\u00e9lectionne, emballe et exp\u00e9die moi-m\u00eame chaque estampe command\u00e9e. Je sais que l\u2019exp\u00e9dition d\u2019\u0153uvres d\u2019art d\u00e9licates n\u00e9cessite un soin extraordinaire. Ces articles doivent \u00eatre prot\u00e9g\u00e9s contre les dommages caus\u00e9s par l\u2019humidit\u00e9, la salet\u00e9 et la manipulation. Tenter de rouler une \u0153uvre d\u2019art sur papier pr\u00e9sente des risques consid\u00e9rables, notamment la formation de courbures permanentes. C\u2019est&hellip;","og_url":"https:\/\/denisdubois.com\/fr\/a-propos-de-lemballage-et-de-lexpedition\/","og_site_name":"Fine Art by Denis Du Bois","article_publisher":"https:\/\/facebook.com\/denisdubois","article_modified_time":"2026-04-25T02:52:50+00:00","twitter_misc":{"Dur\u00e9e de lecture estim\u00e9e":"1 minute"},"schema":{"@context":"https:\/\/schema.org","@graph":[{"@type":"WebPage","@id":"https:\/\/denisdubois.com\/fr\/a-propos-de-lemballage-et-de-lexpedition\/","url":"https:\/\/denisdubois.com\/fr\/a-propos-de-lemballage-et-de-lexpedition\/","name":"\u00c0 propos de l\u2019emballage et de l\u2019exp\u00e9dition &#8211; Fine Art by Denis Du Bois","isPartOf":{"@id":"https:\/\/denisdubois.com\/fr\/#website"},"datePublished":"2025-12-20T13:18:27+00:00","dateModified":"2026-04-25T02:52:50+00:00","breadcrumb":{"@id":"https:\/\/denisdubois.com\/fr\/a-propos-de-lemballage-et-de-lexpedition\/#breadcrumb"},"inLanguage":"fr-FR","potentialAction":[{"@type":"ReadAction","target":["https:\/\/denisdubois.com\/fr\/a-propos-de-lemballage-et-de-lexpedition\/"]}]},{"@type":"BreadcrumbList","@id":"https:\/\/denisdubois.com\/fr\/a-propos-de-lemballage-et-de-lexpedition\/#breadcrumb","itemListElement":[{"@type":"ListItem","position":1,"name":"Home","item":"https:\/\/denisdubois.com\/fr\/serigraphies-en-edition-limitee-estampes-dart-faites-a-la-main\/"},{"@type":"ListItem","position":2,"name":"\u00c0 propos de l\u2019emballage et de l\u2019exp\u00e9dition"}]},{"@type":"WebSite","@id":"https:\/\/denisdubois.com\/fr\/#website","url":"https:\/\/denisdubois.com\/fr\/","name":"Fine Art by Denis Du Bois","description":"Explore the world through Denis Du Bois&#039; original drawings, paintings, and serigraphs. Subscribe for exclusive access to new editions and unique art collections.","publisher":{"@id":"https:\/\/denisdubois.com\/fr\/#organization"},"alternateName":"Atelier Denis Du Bois","potentialAction":[{"@type":"SearchAction","target":{"@type":"EntryPoint","urlTemplate":"https:\/\/denisdubois.com\/fr\/?s={search_term_string}"},"query-input":{"@type":"PropertyValueSpecification","valueRequired":true,"valueName":"search_term_string"}}],"inLanguage":"fr-FR"},{"@type":"Organization","@id":"https:\/\/denisdubois.com\/fr\/#organization","name":"Denis Du Bois","url":"https:\/\/denisdubois.com\/fr\/","logo":{"@type":"ImageObject","inLanguage":"fr-FR","@id":"https:\/\/denisdubois.com\/fr\/#\/schema\/logo\/image\/","url":"https:\/\/i0.wp.com\/denisdubois.com\/wp-content\/uploads\/2025\/12\/logo-crest-atelier-251216-1200x399-1.jpg?fit=1200%2C399&ssl=1","contentUrl":"https:\/\/i0.wp.com\/denisdubois.com\/wp-content\/uploads\/2025\/12\/logo-crest-atelier-251216-1200x399-1.jpg?fit=1200%2C399&ssl=1","width":1200,"height":399,"caption":"Denis Du Bois"},"image":{"@id":"https:\/\/denisdubois.com\/fr\/#\/schema\/logo\/image\/"},"sameAs":["https:\/\/facebook.com\/denisdubois","https:\/\/instagram.com\/cool.trails"]}]}},"jetpack_sharing_enabled":true,"jetpack_shortlink":"https:\/\/wp.me\/PgZU3n-aZ","_links":{"self":[{"href":"https:\/\/denisdubois.com\/fr\/wp-json\/wp\/v2\/pages\/681","targetHints":{"allow":["GET"]}}],"collection":[{"href":"https:\/\/denisdubois.com\/fr\/wp-json\/wp\/v2\/pages"}],"about":[{"href":"https:\/\/denisdubois.com\/fr\/wp-json\/wp\/v2\/types\/page"}],"author":[{"embeddable":true,"href":"https:\/\/denisdubois.com\/fr\/wp-json\/wp\/v2\/users\/2"}],"replies":[{"embeddable":true,"href":"https:\/\/denisdubois.com\/fr\/wp-json\/wp\/v2\/comments?post=681"}],"version-history":[{"count":1,"href":"https:\/\/denisdubois.com\/fr\/wp-json\/wp\/v2\/pages\/681\/revisions"}],"predecessor-version":[{"id":683,"href":"https:\/\/denisdubois.com\/fr\/wp-json\/wp\/v2\/pages\/681\/revisions\/683"}],"wp:attachment":[{"href":"https:\/\/denisdubois.com\/fr\/wp-json\/wp\/v2\/media?parent=681"}],"curies":[{"name":"wp","href":"https:\/\/api.w.org\/{rel}","templated":true}]}}