{"id":669,"date":"2025-12-27T00:30:30","date_gmt":"2025-12-27T08:30:30","guid":{"rendered":"https:\/\/denisdubois.com\/informations-sur-les-medias\/"},"modified":"2026-04-24T18:52:50","modified_gmt":"2026-04-25T02:52:50","slug":"informations-sur-les-medias","status":"publish","type":"page","link":"https:\/\/denisdubois.com\/fr\/informations-sur-les-medias\/","title":{"rendered":"Informations sur les m\u00e9dias"},"content":{"rendered":"\n<p class=\"\"><em>Ressources pour les membres de la presse.<\/em><\/p>\n\n<p class=\"\">Denis D. Du Bois est un artiste et \u00e9crivain am\u00e9ricain dont l\u2019\u0153uvre capture l\u2019essence et l\u2019int\u00e9r\u00eat des exp\u00e9riences mondiales. Chaque dessin, estampe et r\u00e9cit r\u00e9v\u00e8le une profondeur de culture et de lieu.<\/p>\n\n<p class=\"\">Un sillage d\u2019histoires a men\u00e9 Denis jusqu\u2019ici. Il a lanc\u00e9 une agence de cr\u00e9ation, un magazine sur la durabilit\u00e9, le premier blog de randonn\u00e9e, ainsi que des podcasts sur NPR et PRX, avant de consacrer toute son attention \u00e0 l\u2019art aux c\u00f4t\u00e9s de son \u00e9pouse, \u00e9galement artiste. Il dessine depuis qu\u2019il est en \u00e2ge de tenir un crayon.<\/p>\n\n<p class=\"\">Des biographies plus d\u00e9taill\u00e9es sont disponibles sur <a href=\"https:\/\/denisdubois.com\/contact\/\">demande<\/a>.<\/p>\n\n<p class=\"\">Lieu : Denis est bas\u00e9 \u00e0 Peshastin, une ville de vergers de pommiers dans l\u2019\u00c9tat de Washington, aux \u00c9tats-Unis, et dispose de studios dans la ville voisine de Wenatchee, dans les montagnes des Cascades. Les \u0153uvres d\u2019art sont vendues en ligne sur DenisDuBois.com.<\/p>\n\n<p class=\"\">Techniques : S\u00e9rigraphie, plume et encre, lavis d\u2019encre et d\u2019aquarelle, fusain, carr\u00e9 Cont\u00e9 et graphite.<\/p>\n\n<p class=\"\">Sujets : Voyage ; figures ; surr\u00e9alisme.<\/p>\n\n<p class=\"\">Processus : Denis r\u00e9alise des croquis \u00e9nergiques lors de ses voyages, en utilisant un stylo-plume et un petit carnet de papier Bristol lisse. Plus tard, il ajoute un lavis d\u2019aquarelle ou redessine la sc\u00e8ne sur un papier plus grand avant la mise en couleur. Certains de ses sujets deviennent des s\u00e9rigraphies, o\u00f9 chaque couleur constitue une \u0153uvre d\u2019art en soi, recombin\u00e9e par l\u2019artiste dans l\u2019atelier de s\u00e9rigraphie. <\/p>\n\n<p class=\"\">Influences : Georgia O\u2019Keeffe, Salvador Dal\u00ed, Pablo Picasso, affiches r\u00e9volutionnaires, Urban Sketchers et plus encore.<\/p>\n\n<p class=\"\">Formation : Universit\u00e9 d\u2019\u00c9tat de l\u2019Arizona, Tempe. Admis en majeure Beaux-Arts. Apr\u00e8s un semestre d\u2019\u00e9tudes \u00e0 l\u2019\u00e9tranger, il s\u2019est orient\u00e9 vers le commerce international et a obtenu une licence. Nombreux cours et ateliers d\u2019art de niveau post-universitaire. Toujours en apprentissage.<\/p>\n\n<p class=\"\">Derni\u00e8re exposition : Figure Drawings &#8211; exposition collective, MAC Gallery, Wenatchee, printemps 2025.<\/p>\n\n<p class=\"\">Note<\/p>\n\n<p class=\"\"><em>Je viens tout juste de lancer un site sur denisdubois.com o\u00f9 mes \u0153uvres sont propos\u00e9es \u00e0 la vente. La cr\u00e9ation d\u2019une d\u00e9marche artistique et d\u2019un portfolio en ligne demandera plus de temps. Tant d\u2019art ! Si vous avez besoin de quoi que ce soit, n\u2019h\u00e9sitez pas \u00e0 <a href=\"https:\/\/denisdubois.com\/contact\/\">me solliciter<\/a>. <\/em><\/p>\n\n<figure class=\"wp-block-gallery has-nested-images columns-default is-cropped wp-block-gallery-1 is-layout-flex wp-block-gallery-is-layout-flex\">\n<figure class=\"wp-block-image size-large\"><img data-recalc-dims=\"1\" decoding=\"async\" width=\"959\" height=\"900\" loading=\"lazy\" data-id=\"284\" src=\"https:\/\/i0.wp.com\/denisdubois.com\/wp-content\/uploads\/2025\/12\/Denis-at-Spain-20250825.jpg?resize=959%2C900&#038;ssl=1\" alt=\"L&#x2019;artiste Denis D. Du Bois sur un balcon &#xE0; Laguardia avec les vignobles de la Rioja espagnole en arri&#xE8;re-plan\" class=\"wp-image-284\" srcset=\"https:\/\/i0.wp.com\/denisdubois.com\/wp-content\/uploads\/2025\/12\/Denis-at-Spain-20250825.jpg?w=959&amp;ssl=1 959w, https:\/\/i0.wp.com\/denisdubois.com\/wp-content\/uploads\/2025\/12\/Denis-at-Spain-20250825.jpg?resize=300%2C282&amp;ssl=1 300w, https:\/\/i0.wp.com\/denisdubois.com\/wp-content\/uploads\/2025\/12\/Denis-at-Spain-20250825.jpg?resize=768%2C721&amp;ssl=1 768w, https:\/\/i0.wp.com\/denisdubois.com\/wp-content\/uploads\/2025\/12\/Denis-at-Spain-20250825.jpg?resize=600%2C563&amp;ssl=1 600w\" sizes=\"auto, (max-width: 959px) 100vw, 959px\" \/><figcaption class=\"wp-element-caption\">Denis dans le village m\u00e9di\u00e9val de Laguardia, avec les vignobles de la r\u00e9gion viticole de la Rioja en Espagne au loin.<\/figcaption><\/figure>\n\n\n\n<figure class=\"wp-block-image size-large\"><img data-recalc-dims=\"1\" decoding=\"async\" width=\"675\" height=\"900\" loading=\"lazy\" data-id=\"286\" src=\"https:\/\/i0.wp.com\/denisdubois.com\/wp-content\/uploads\/2025\/12\/Denis-backpaciking-in-the-Spanish-Pyrenees-mountains-20250816.jpg?resize=675%2C900&#038;ssl=1\" alt=\"L&#x2019;artiste Denis D. Du Bois en randonn&#xE9;e en Espagne, avec une cascade en arri&#xE8;re-plan\" class=\"wp-image-286\" srcset=\"https:\/\/i0.wp.com\/denisdubois.com\/wp-content\/uploads\/2025\/12\/Denis-backpaciking-in-the-Spanish-Pyrenees-mountains-20250816.jpg?w=675&amp;ssl=1 675w, https:\/\/i0.wp.com\/denisdubois.com\/wp-content\/uploads\/2025\/12\/Denis-backpaciking-in-the-Spanish-Pyrenees-mountains-20250816.jpg?resize=225%2C300&amp;ssl=1 225w, https:\/\/i0.wp.com\/denisdubois.com\/wp-content\/uploads\/2025\/12\/Denis-backpaciking-in-the-Spanish-Pyrenees-mountains-20250816.jpg?resize=300%2C400&amp;ssl=1 300w, https:\/\/i0.wp.com\/denisdubois.com\/wp-content\/uploads\/2025\/12\/Denis-backpaciking-in-the-Spanish-Pyrenees-mountains-20250816.jpg?resize=600%2C800&amp;ssl=1 600w\" sizes=\"auto, (max-width: 675px) 100vw, 675px\" \/><figcaption class=\"wp-element-caption\">Denis en randonn\u00e9e dans le canyon d\u2019Ordesa, dans les Pyr\u00e9n\u00e9es espagnoles<\/figcaption><\/figure>\n\n\n\n<figure class=\"wp-block-image size-large\"><img data-recalc-dims=\"1\" decoding=\"async\" width=\"675\" height=\"900\" loading=\"lazy\" data-id=\"288\" src=\"https:\/\/i0.wp.com\/denisdubois.com\/wp-content\/uploads\/2025\/12\/Denis-bus-Barcelona-20250805.jpg?resize=675%2C900&#038;ssl=1\" alt=\"L&#x2019;artiste Denis D. Du Bois dans un bus &#xE0; Barcelone, Catalogne, Espagne.\" class=\"wp-image-288\" srcset=\"https:\/\/i0.wp.com\/denisdubois.com\/wp-content\/uploads\/2025\/12\/Denis-bus-Barcelona-20250805.jpg?w=675&amp;ssl=1 675w, https:\/\/i0.wp.com\/denisdubois.com\/wp-content\/uploads\/2025\/12\/Denis-bus-Barcelona-20250805.jpg?resize=225%2C300&amp;ssl=1 225w, https:\/\/i0.wp.com\/denisdubois.com\/wp-content\/uploads\/2025\/12\/Denis-bus-Barcelona-20250805.jpg?resize=300%2C400&amp;ssl=1 300w, https:\/\/i0.wp.com\/denisdubois.com\/wp-content\/uploads\/2025\/12\/Denis-bus-Barcelona-20250805.jpg?resize=600%2C800&amp;ssl=1 600w\" sizes=\"auto, (max-width: 675px) 100vw, 675px\" \/><figcaption class=\"wp-element-caption\">Denis dans un bus entre deux lieux de croquis &#8211; Barcelone.<\/figcaption><\/figure>\n\n\n\n<figure class=\"wp-block-image size-large\"><img data-recalc-dims=\"1\" decoding=\"async\" width=\"675\" height=\"900\" loading=\"lazy\" data-id=\"290\" src=\"https:\/\/i0.wp.com\/denisdubois.com\/wp-content\/uploads\/2025\/12\/Denis-1-MAC-show-20250801jpg.jpg?resize=675%2C900&#038;ssl=1\" alt=\"\" class=\"wp-image-290\" srcset=\"https:\/\/i0.wp.com\/denisdubois.com\/wp-content\/uploads\/2025\/12\/Denis-1-MAC-show-20250801jpg.jpg?w=675&amp;ssl=1 675w, https:\/\/i0.wp.com\/denisdubois.com\/wp-content\/uploads\/2025\/12\/Denis-1-MAC-show-20250801jpg.jpg?resize=225%2C300&amp;ssl=1 225w, https:\/\/i0.wp.com\/denisdubois.com\/wp-content\/uploads\/2025\/12\/Denis-1-MAC-show-20250801jpg.jpg?resize=300%2C400&amp;ssl=1 300w, https:\/\/i0.wp.com\/denisdubois.com\/wp-content\/uploads\/2025\/12\/Denis-1-MAC-show-20250801jpg.jpg?resize=600%2C800&amp;ssl=1 600w\" sizes=\"auto, (max-width: 675px) 100vw, 675px\" \/><figcaption class=\"wp-element-caption\">Exposition collective 2025<\/figcaption><\/figure>\n\n\n\n<figure class=\"wp-block-image size-large\"><img data-recalc-dims=\"1\" decoding=\"async\" width=\"675\" height=\"900\" loading=\"lazy\" data-id=\"291\" src=\"https:\/\/i0.wp.com\/denisdubois.com\/wp-content\/uploads\/2025\/12\/Denis-2-MAC-show-20250801.jpg?resize=675%2C900&#038;ssl=1\" alt=\"\" class=\"wp-image-291\" srcset=\"https:\/\/i0.wp.com\/denisdubois.com\/wp-content\/uploads\/2025\/12\/Denis-2-MAC-show-20250801.jpg?w=675&amp;ssl=1 675w, https:\/\/i0.wp.com\/denisdubois.com\/wp-content\/uploads\/2025\/12\/Denis-2-MAC-show-20250801.jpg?resize=225%2C300&amp;ssl=1 225w, https:\/\/i0.wp.com\/denisdubois.com\/wp-content\/uploads\/2025\/12\/Denis-2-MAC-show-20250801.jpg?resize=300%2C400&amp;ssl=1 300w, https:\/\/i0.wp.com\/denisdubois.com\/wp-content\/uploads\/2025\/12\/Denis-2-MAC-show-20250801.jpg?resize=600%2C800&amp;ssl=1 600w\" sizes=\"auto, (max-width: 675px) 100vw, 675px\" \/><figcaption class=\"wp-element-caption\">Exposition collective 2025<\/figcaption><\/figure>\n<\/figure>\n\n<figure class=\"wp-block-image size-full is-resized\"><img decoding=\"async\" width=\"500\" height=\"500\" loading=\"lazy\" src=\"https:\/\/i0.wp.com\/denisdubois.com\/wp-content\/uploads\/2025\/12\/family-crest-atelier-transp-500x500-1.png?fit=500%2C500&amp;ssl=1\" alt=\"\" class=\"wp-image-303\" style=\"width:169px;height:auto\" srcset=\"https:\/\/i0.wp.com\/denisdubois.com\/wp-content\/uploads\/2025\/12\/family-crest-atelier-transp-500x500-1.png?w=500&amp;ssl=1 500w, https:\/\/i0.wp.com\/denisdubois.com\/wp-content\/uploads\/2025\/12\/family-crest-atelier-transp-500x500-1.png?resize=300%2C300&amp;ssl=1 300w, https:\/\/i0.wp.com\/denisdubois.com\/wp-content\/uploads\/2025\/12\/family-crest-atelier-transp-500x500-1.png?resize=150%2C150&amp;ssl=1 150w, https:\/\/i0.wp.com\/denisdubois.com\/wp-content\/uploads\/2025\/12\/family-crest-atelier-transp-500x500-1.png?resize=220%2C220&amp;ssl=1 220w, https:\/\/i0.wp.com\/denisdubois.com\/wp-content\/uploads\/2025\/12\/family-crest-atelier-transp-500x500-1.png?resize=60%2C60&amp;ssl=1 60w\" sizes=\"auto, (max-width: 500px) 100vw, 500px\" \/><\/figure>\n\n<figure class=\"wp-block-image size-full is-resized\"><img decoding=\"async\" width=\"752\" height=\"376\" loading=\"lazy\" src=\"https:\/\/i0.wp.com\/denisdubois.com\/wp-content\/uploads\/2025\/12\/logo-crest-atelier-transp-752x376-2-1.png?fit=752%2C376&amp;ssl=1\" alt=\"\" class=\"wp-image-305\" style=\"aspect-ratio:2.000041557578024;width:188px;height:auto\" srcset=\"https:\/\/i0.wp.com\/denisdubois.com\/wp-content\/uploads\/2025\/12\/logo-crest-atelier-transp-752x376-2-1.png?w=752&amp;ssl=1 752w, https:\/\/i0.wp.com\/denisdubois.com\/wp-content\/uploads\/2025\/12\/logo-crest-atelier-transp-752x376-2-1.png?resize=300%2C150&amp;ssl=1 300w, https:\/\/i0.wp.com\/denisdubois.com\/wp-content\/uploads\/2025\/12\/logo-crest-atelier-transp-752x376-2-1.png?resize=600%2C300&amp;ssl=1 600w\" sizes=\"auto, (max-width: 752px) 100vw, 752px\" \/><\/figure>\n\n<p class=\"\"><\/p>\n","protected":false},"excerpt":{"rendered":"<p>Ressources pour les membres de la presse. Denis D. Du Bois est un artiste et \u00e9crivain am\u00e9ricain dont l\u2019\u0153uvre capture l\u2019essence et l\u2019int\u00e9r\u00eat des exp\u00e9riences mondiales. Chaque dessin, estampe et r\u00e9cit r\u00e9v\u00e8le une profondeur de culture et de lieu. Un sillage d\u2019histoires a men\u00e9 Denis jusqu\u2019ici. Il a lanc\u00e9 une agence de cr\u00e9ation, un magazine&hellip;<\/p>\n","protected":false},"author":2,"featured_media":671,"parent":0,"menu_order":0,"comment_status":"closed","ping_status":"closed","template":"","meta":{"nf_dc_page":"","_monsterinsights_skip_tracking":false,"_monsterinsights_sitenote_active":false,"_monsterinsights_sitenote_note":"","_monsterinsights_sitenote_category":0,"footnotes":""},"class_list":["post-669","page","type-page","status-publish","has-post-thumbnail","hentry"],"yoast_head":"<!-- This site is optimized with the Yoast SEO plugin v27.4 - https:\/\/yoast.com\/product\/yoast-seo-wordpress\/ -->\n<title>Informations sur les m\u00e9dias &#8211; Fine Art by Denis Du Bois<\/title>\n<meta name=\"description\" content=\"Denis D. Du Bois est un artiste et \u00e9crivain am\u00e9ricain dont l\u2019\u0153uvre capture l\u2019essence et l\u2019int\u00e9r\u00eat des exp\u00e9riences mondiales. Chaque dessin, estampe et r\u00e9cit r\u00e9v\u00e8le une profondeur de culture et de lieu.\" \/>\n<meta name=\"robots\" content=\"index, follow, max-snippet:-1, max-image-preview:large, max-video-preview:-1\" \/>\n<link rel=\"canonical\" href=\"https:\/\/denisdubois.com\/fr\/informations-sur-les-medias\/\" \/>\n<meta property=\"og:locale\" content=\"fr_FR\" \/>\n<meta property=\"og:type\" content=\"article\" \/>\n<meta property=\"og:title\" content=\"Informations sur les m\u00e9dias &#8211; Fine Art by Denis Du Bois\" \/>\n<meta property=\"og:description\" content=\"Denis D. Du Bois est un artiste et \u00e9crivain am\u00e9ricain dont l\u2019\u0153uvre capture l\u2019essence et l\u2019int\u00e9r\u00eat des exp\u00e9riences mondiales. Chaque dessin, estampe et r\u00e9cit r\u00e9v\u00e8le une profondeur de culture et de lieu.\" \/>\n<meta property=\"og:url\" content=\"https:\/\/denisdubois.com\/fr\/informations-sur-les-medias\/\" \/>\n<meta property=\"og:site_name\" content=\"Fine Art by Denis Du Bois\" \/>\n<meta property=\"article:publisher\" content=\"https:\/\/facebook.com\/denisdubois\" \/>\n<meta property=\"article:modified_time\" content=\"2026-04-25T02:52:50+00:00\" \/>\n<meta property=\"og:image\" content=\"https:\/\/i0.wp.com\/denisdubois.com\/wp-content\/uploads\/2025\/12\/Denis-bus-Barcelona-20250805.jpg?fit=675%2C900&ssl=1\" \/>\n\t<meta property=\"og:image:width\" content=\"675\" \/>\n\t<meta property=\"og:image:height\" content=\"900\" \/>\n\t<meta property=\"og:image:type\" content=\"image\/jpeg\" \/>\n<meta name=\"twitter:label1\" content=\"Dur\u00e9e de lecture estim\u00e9e\" \/>\n\t<meta name=\"twitter:data1\" content=\"2 minutes\" \/>\n<script type=\"application\/ld+json\" class=\"yoast-schema-graph\">{\"@context\":\"https:\\\/\\\/schema.org\",\"@graph\":[{\"@type\":\"WebPage\",\"@id\":\"https:\\\/\\\/denisdubois.com\\\/fr\\\/informations-sur-les-medias\\\/\",\"url\":\"https:\\\/\\\/denisdubois.com\\\/fr\\\/informations-sur-les-medias\\\/\",\"name\":\"Informations sur les m\u00e9dias &#8211; Fine Art by Denis Du Bois\",\"isPartOf\":{\"@id\":\"https:\\\/\\\/denisdubois.com\\\/fr\\\/#website\"},\"primaryImageOfPage\":{\"@id\":\"https:\\\/\\\/denisdubois.com\\\/fr\\\/informations-sur-les-medias\\\/#primaryimage\"},\"image\":{\"@id\":\"https:\\\/\\\/denisdubois.com\\\/fr\\\/informations-sur-les-medias\\\/#primaryimage\"},\"thumbnailUrl\":\"https:\\\/\\\/i0.wp.com\\\/denisdubois.com\\\/wp-content\\\/uploads\\\/2025\\\/12\\\/Denis-bus-Barcelona-20250805.jpg?fit=675%2C900&ssl=1\",\"datePublished\":\"2025-12-27T08:30:30+00:00\",\"dateModified\":\"2026-04-25T02:52:50+00:00\",\"description\":\"Denis D. Du Bois est un artiste et \u00e9crivain am\u00e9ricain dont l\u2019\u0153uvre capture l\u2019essence et l\u2019int\u00e9r\u00eat des exp\u00e9riences mondiales. Chaque dessin, estampe et r\u00e9cit r\u00e9v\u00e8le une profondeur de culture et de lieu.\",\"breadcrumb\":{\"@id\":\"https:\\\/\\\/denisdubois.com\\\/fr\\\/informations-sur-les-medias\\\/#breadcrumb\"},\"inLanguage\":\"fr-FR\",\"potentialAction\":[{\"@type\":\"ReadAction\",\"target\":[\"https:\\\/\\\/denisdubois.com\\\/fr\\\/informations-sur-les-medias\\\/\"]}]},{\"@type\":\"ImageObject\",\"inLanguage\":\"fr-FR\",\"@id\":\"https:\\\/\\\/denisdubois.com\\\/fr\\\/informations-sur-les-medias\\\/#primaryimage\",\"url\":\"https:\\\/\\\/i0.wp.com\\\/denisdubois.com\\\/wp-content\\\/uploads\\\/2025\\\/12\\\/Denis-bus-Barcelona-20250805.jpg?fit=675%2C900&ssl=1\",\"contentUrl\":\"https:\\\/\\\/i0.wp.com\\\/denisdubois.com\\\/wp-content\\\/uploads\\\/2025\\\/12\\\/Denis-bus-Barcelona-20250805.jpg?fit=675%2C900&ssl=1\",\"width\":675,\"height\":900,\"caption\":\"Denis on a bus between sketching locations - Barcelona.\"},{\"@type\":\"BreadcrumbList\",\"@id\":\"https:\\\/\\\/denisdubois.com\\\/fr\\\/informations-sur-les-medias\\\/#breadcrumb\",\"itemListElement\":[{\"@type\":\"ListItem\",\"position\":1,\"name\":\"Home\",\"item\":\"https:\\\/\\\/denisdubois.com\\\/fr\\\/serigraphies-en-edition-limitee-estampes-dart-faites-a-la-main\\\/\"},{\"@type\":\"ListItem\",\"position\":2,\"name\":\"Informations sur les m\u00e9dias\"}]},{\"@type\":\"WebSite\",\"@id\":\"https:\\\/\\\/denisdubois.com\\\/fr\\\/#website\",\"url\":\"https:\\\/\\\/denisdubois.com\\\/fr\\\/\",\"name\":\"Fine Art by Denis Du Bois\",\"description\":\"Explore the world through Denis Du Bois&#039; original drawings, paintings, and serigraphs. Subscribe for exclusive access to new editions and unique art collections.\",\"publisher\":{\"@id\":\"https:\\\/\\\/denisdubois.com\\\/fr\\\/#organization\"},\"alternateName\":\"Atelier Denis Du Bois\",\"potentialAction\":[{\"@type\":\"SearchAction\",\"target\":{\"@type\":\"EntryPoint\",\"urlTemplate\":\"https:\\\/\\\/denisdubois.com\\\/fr\\\/?s={search_term_string}\"},\"query-input\":{\"@type\":\"PropertyValueSpecification\",\"valueRequired\":true,\"valueName\":\"search_term_string\"}}],\"inLanguage\":\"fr-FR\"},{\"@type\":\"Organization\",\"@id\":\"https:\\\/\\\/denisdubois.com\\\/fr\\\/#organization\",\"name\":\"Denis Du Bois\",\"url\":\"https:\\\/\\\/denisdubois.com\\\/fr\\\/\",\"logo\":{\"@type\":\"ImageObject\",\"inLanguage\":\"fr-FR\",\"@id\":\"https:\\\/\\\/denisdubois.com\\\/fr\\\/#\\\/schema\\\/logo\\\/image\\\/\",\"url\":\"https:\\\/\\\/i0.wp.com\\\/denisdubois.com\\\/wp-content\\\/uploads\\\/2025\\\/12\\\/logo-crest-atelier-251216-1200x399-1.jpg?fit=1200%2C399&ssl=1\",\"contentUrl\":\"https:\\\/\\\/i0.wp.com\\\/denisdubois.com\\\/wp-content\\\/uploads\\\/2025\\\/12\\\/logo-crest-atelier-251216-1200x399-1.jpg?fit=1200%2C399&ssl=1\",\"width\":1200,\"height\":399,\"caption\":\"Denis Du Bois\"},\"image\":{\"@id\":\"https:\\\/\\\/denisdubois.com\\\/fr\\\/#\\\/schema\\\/logo\\\/image\\\/\"},\"sameAs\":[\"https:\\\/\\\/facebook.com\\\/denisdubois\",\"https:\\\/\\\/instagram.com\\\/cool.trails\"]}]}<\/script>\n<!-- \/ Yoast SEO plugin. -->","yoast_head_json":{"title":"Informations sur les m\u00e9dias &#8211; Fine Art by Denis Du Bois","description":"Denis D. Du Bois est un artiste et \u00e9crivain am\u00e9ricain dont l\u2019\u0153uvre capture l\u2019essence et l\u2019int\u00e9r\u00eat des exp\u00e9riences mondiales. Chaque dessin, estampe et r\u00e9cit r\u00e9v\u00e8le une profondeur de culture et de lieu.","robots":{"index":"index","follow":"follow","max-snippet":"max-snippet:-1","max-image-preview":"max-image-preview:large","max-video-preview":"max-video-preview:-1"},"canonical":"https:\/\/denisdubois.com\/fr\/informations-sur-les-medias\/","og_locale":"fr_FR","og_type":"article","og_title":"Informations sur les m\u00e9dias &#8211; Fine Art by Denis Du Bois","og_description":"Denis D. Du Bois est un artiste et \u00e9crivain am\u00e9ricain dont l\u2019\u0153uvre capture l\u2019essence et l\u2019int\u00e9r\u00eat des exp\u00e9riences mondiales. Chaque dessin, estampe et r\u00e9cit r\u00e9v\u00e8le une profondeur de culture et de lieu.","og_url":"https:\/\/denisdubois.com\/fr\/informations-sur-les-medias\/","og_site_name":"Fine Art by Denis Du Bois","article_publisher":"https:\/\/facebook.com\/denisdubois","article_modified_time":"2026-04-25T02:52:50+00:00","og_image":[{"width":675,"height":900,"url":"https:\/\/i0.wp.com\/denisdubois.com\/wp-content\/uploads\/2025\/12\/Denis-bus-Barcelona-20250805.jpg?fit=675%2C900&ssl=1","type":"image\/jpeg"}],"twitter_misc":{"Dur\u00e9e de lecture estim\u00e9e":"2 minutes"},"schema":{"@context":"https:\/\/schema.org","@graph":[{"@type":"WebPage","@id":"https:\/\/denisdubois.com\/fr\/informations-sur-les-medias\/","url":"https:\/\/denisdubois.com\/fr\/informations-sur-les-medias\/","name":"Informations sur les m\u00e9dias &#8211; Fine Art by Denis Du Bois","isPartOf":{"@id":"https:\/\/denisdubois.com\/fr\/#website"},"primaryImageOfPage":{"@id":"https:\/\/denisdubois.com\/fr\/informations-sur-les-medias\/#primaryimage"},"image":{"@id":"https:\/\/denisdubois.com\/fr\/informations-sur-les-medias\/#primaryimage"},"thumbnailUrl":"https:\/\/i0.wp.com\/denisdubois.com\/wp-content\/uploads\/2025\/12\/Denis-bus-Barcelona-20250805.jpg?fit=675%2C900&ssl=1","datePublished":"2025-12-27T08:30:30+00:00","dateModified":"2026-04-25T02:52:50+00:00","description":"Denis D. Du Bois est un artiste et \u00e9crivain am\u00e9ricain dont l\u2019\u0153uvre capture l\u2019essence et l\u2019int\u00e9r\u00eat des exp\u00e9riences mondiales. Chaque dessin, estampe et r\u00e9cit r\u00e9v\u00e8le une profondeur de culture et de lieu.","breadcrumb":{"@id":"https:\/\/denisdubois.com\/fr\/informations-sur-les-medias\/#breadcrumb"},"inLanguage":"fr-FR","potentialAction":[{"@type":"ReadAction","target":["https:\/\/denisdubois.com\/fr\/informations-sur-les-medias\/"]}]},{"@type":"ImageObject","inLanguage":"fr-FR","@id":"https:\/\/denisdubois.com\/fr\/informations-sur-les-medias\/#primaryimage","url":"https:\/\/i0.wp.com\/denisdubois.com\/wp-content\/uploads\/2025\/12\/Denis-bus-Barcelona-20250805.jpg?fit=675%2C900&ssl=1","contentUrl":"https:\/\/i0.wp.com\/denisdubois.com\/wp-content\/uploads\/2025\/12\/Denis-bus-Barcelona-20250805.jpg?fit=675%2C900&ssl=1","width":675,"height":900,"caption":"Denis on a bus between sketching locations - Barcelona."},{"@type":"BreadcrumbList","@id":"https:\/\/denisdubois.com\/fr\/informations-sur-les-medias\/#breadcrumb","itemListElement":[{"@type":"ListItem","position":1,"name":"Home","item":"https:\/\/denisdubois.com\/fr\/serigraphies-en-edition-limitee-estampes-dart-faites-a-la-main\/"},{"@type":"ListItem","position":2,"name":"Informations sur les m\u00e9dias"}]},{"@type":"WebSite","@id":"https:\/\/denisdubois.com\/fr\/#website","url":"https:\/\/denisdubois.com\/fr\/","name":"Fine Art by Denis Du Bois","description":"Explore the world through Denis Du Bois&#039; original drawings, paintings, and serigraphs. Subscribe for exclusive access to new editions and unique art collections.","publisher":{"@id":"https:\/\/denisdubois.com\/fr\/#organization"},"alternateName":"Atelier Denis Du Bois","potentialAction":[{"@type":"SearchAction","target":{"@type":"EntryPoint","urlTemplate":"https:\/\/denisdubois.com\/fr\/?s={search_term_string}"},"query-input":{"@type":"PropertyValueSpecification","valueRequired":true,"valueName":"search_term_string"}}],"inLanguage":"fr-FR"},{"@type":"Organization","@id":"https:\/\/denisdubois.com\/fr\/#organization","name":"Denis Du Bois","url":"https:\/\/denisdubois.com\/fr\/","logo":{"@type":"ImageObject","inLanguage":"fr-FR","@id":"https:\/\/denisdubois.com\/fr\/#\/schema\/logo\/image\/","url":"https:\/\/i0.wp.com\/denisdubois.com\/wp-content\/uploads\/2025\/12\/logo-crest-atelier-251216-1200x399-1.jpg?fit=1200%2C399&ssl=1","contentUrl":"https:\/\/i0.wp.com\/denisdubois.com\/wp-content\/uploads\/2025\/12\/logo-crest-atelier-251216-1200x399-1.jpg?fit=1200%2C399&ssl=1","width":1200,"height":399,"caption":"Denis Du Bois"},"image":{"@id":"https:\/\/denisdubois.com\/fr\/#\/schema\/logo\/image\/"},"sameAs":["https:\/\/facebook.com\/denisdubois","https:\/\/instagram.com\/cool.trails"]}]}},"jetpack_sharing_enabled":true,"jetpack_shortlink":"https:\/\/wp.me\/PgZU3n-aN","_links":{"self":[{"href":"https:\/\/denisdubois.com\/fr\/wp-json\/wp\/v2\/pages\/669","targetHints":{"allow":["GET"]}}],"collection":[{"href":"https:\/\/denisdubois.com\/fr\/wp-json\/wp\/v2\/pages"}],"about":[{"href":"https:\/\/denisdubois.com\/fr\/wp-json\/wp\/v2\/types\/page"}],"author":[{"embeddable":true,"href":"https:\/\/denisdubois.com\/fr\/wp-json\/wp\/v2\/users\/2"}],"replies":[{"embeddable":true,"href":"https:\/\/denisdubois.com\/fr\/wp-json\/wp\/v2\/comments?post=669"}],"version-history":[{"count":1,"href":"https:\/\/denisdubois.com\/fr\/wp-json\/wp\/v2\/pages\/669\/revisions"}],"predecessor-version":[{"id":674,"href":"https:\/\/denisdubois.com\/fr\/wp-json\/wp\/v2\/pages\/669\/revisions\/674"}],"wp:featuredmedia":[{"embeddable":true,"href":"https:\/\/denisdubois.com\/fr\/wp-json\/wp\/v2\/media\/671"}],"wp:attachment":[{"href":"https:\/\/denisdubois.com\/fr\/wp-json\/wp\/v2\/media?parent=669"}],"curies":[{"name":"wp","href":"https:\/\/api.w.org\/{rel}","templated":true}]}}