{"id":666,"date":"2025-12-27T01:41:25","date_gmt":"2025-12-27T09:41:25","guid":{"rendered":"https:\/\/denisdubois.com\/authenticite\/"},"modified":"2026-04-24T18:52:50","modified_gmt":"2026-04-25T02:52:50","slug":"authenticite","status":"publish","type":"page","link":"https:\/\/denisdubois.com\/fr\/authenticite\/","title":{"rendered":"Authenticit\u00e9"},"content":{"rendered":"\n<p class=\"\">Poss\u00e9dez-vous une \u0153uvre originale authentique de Denis Du Bois ?<\/p>\n\n<p class=\"\">F\u00e9licitations, vous avez ajout\u00e9 une \u0153uvre originale de Denis Du Bois \u00e0 votre collection ! La valeur d&#8217;une \u0153uvre d&#8217;art repose en partie sur son authenticit\u00e9 et le nombre limit\u00e9 d&#8217;exemplaires. La copie et la contrefa\u00e7on d\u00e9valorisent l&#8217;art et les artistes. Voici comment d\u00e9terminer si votre estampe est authentique. <\/p>\n\n<ul class=\"wp-block-list\">\n<li class=\"\">Mes s\u00e9rigraphies originales en \u00e9dition limit\u00e9e sont <strong>sign\u00e9es et num\u00e9rot\u00e9es<\/strong> par mes soins, habituellement au crayon, sous la zone d&#8217;image de la feuille. L&#8217;inscription serait, par exemple, \u00ab 6\/100 &#8230; (titre) &#8230; Du Bois 2025 \u00bb. Le num\u00e9ro repr\u00e9sente la position de l&#8217;estampe dans le tirage de l&#8217;\u00e9dition limit\u00e9e (6e) et le nombre limit\u00e9 d&#8217;exemplaires de l&#8217;\u00e9dition (100). Ce ne sont que des exemples. <\/li>\n\n\n\n<li class=\"\">Les \u0153uvres grand format portent un <strong>gaufrage<\/strong> avec mon nom, mes armoiries familiales et le mot \u00ab AUTHENTIQUE \u00bb. Vous pourrez sentir le gaufrage des deux c\u00f4t\u00e9s du papier. Un seul outil de gaufrage de ce type existe, et il se trouve dans mon coffre-fort.<\/li>\n\n\n\n<li class=\"\">Les \u0153uvres originales sont accompagn\u00e9es d&#8217;un <strong>certificat d&#8217;authenticit\u00e9<\/strong> (COA) qui comprend une image de l&#8217;\u0153uvre, mon gaufrage et ma signature. <\/li>\n\n\n\n<li class=\"\">Mes estampes en \u00e9dition ouverte peuvent \u00eatre sign\u00e9es, mais sans num\u00e9ro. <\/li>\n\n\n\n<li class=\"\">Les reproductions par gicl\u00e9e ou imprimantes laser ne seront pas gaufr\u00e9es ni sign\u00e9es individuellement, cependant ma signature peut faire partie de l&#8217;image reproduite. <\/li>\n\n\n\n<li class=\"\">Si le recto, le verso ou l&#8217;emballage de l&#8217;\u0153uvre ou du COA comporte un code QR, le scanner vous m\u00e8nera \u00e0 cette page web. <\/li>\n<\/ul>\n\n<p class=\"\">Je suis \u00e0 votre service pour inspecter et certifier l&#8217;authenticit\u00e9 de toute \u0153uvre en cas de doute. Il vous suffit de me <a href=\"https:\/\/denisdubois.com\/contact\/\">contacter<\/a>.<\/p>\n\n<p class=\"\"><\/p>\n","protected":false},"excerpt":{"rendered":"<p>Poss\u00e9dez-vous une \u0153uvre originale authentique de Denis Du Bois ? F\u00e9licitations, vous avez ajout\u00e9 une \u0153uvre originale de Denis Du Bois \u00e0 votre collection ! La valeur d&#8217;une \u0153uvre d&#8217;art repose en partie sur son authenticit\u00e9 et le nombre limit\u00e9 d&#8217;exemplaires. La copie et la contrefa\u00e7on d\u00e9valorisent l&#8217;art et les artistes. Voici comment d\u00e9terminer si&hellip;<\/p>\n","protected":false},"author":2,"featured_media":0,"parent":0,"menu_order":0,"comment_status":"closed","ping_status":"closed","template":"","meta":{"nf_dc_page":"","_monsterinsights_skip_tracking":false,"_monsterinsights_sitenote_active":false,"_monsterinsights_sitenote_note":"","_monsterinsights_sitenote_category":0,"footnotes":""},"class_list":["post-666","page","type-page","status-publish","hentry"],"yoast_head":"<!-- This site is optimized with the Yoast SEO plugin v27.4 - https:\/\/yoast.com\/product\/yoast-seo-wordpress\/ -->\n<title>Authenticit\u00e9 &#8211; Fine Art by Denis Du Bois<\/title>\n<meta name=\"description\" content=\"F\u00e9licitations, vous avez ajout\u00e9 une \u0153uvre originale de Denis Du Bois \u00e0 votre collection !\" \/>\n<meta name=\"robots\" content=\"index, follow, max-snippet:-1, max-image-preview:large, max-video-preview:-1\" \/>\n<link rel=\"canonical\" href=\"https:\/\/denisdubois.com\/fr\/authenticite\/\" \/>\n<meta property=\"og:locale\" content=\"fr_FR\" \/>\n<meta property=\"og:type\" content=\"article\" \/>\n<meta property=\"og:title\" content=\"Authenticit\u00e9 &#8211; Fine Art by Denis Du Bois\" \/>\n<meta property=\"og:description\" content=\"F\u00e9licitations, vous avez ajout\u00e9 une \u0153uvre originale de Denis Du Bois \u00e0 votre collection !\" \/>\n<meta property=\"og:url\" content=\"https:\/\/denisdubois.com\/fr\/authenticite\/\" \/>\n<meta property=\"og:site_name\" content=\"Fine Art by Denis Du Bois\" \/>\n<meta property=\"article:publisher\" content=\"https:\/\/facebook.com\/denisdubois\" \/>\n<meta property=\"article:modified_time\" content=\"2026-04-25T02:52:50+00:00\" \/>\n<meta name=\"twitter:label1\" content=\"Dur\u00e9e de lecture estim\u00e9e\" \/>\n\t<meta name=\"twitter:data1\" content=\"1 minute\" \/>\n<script type=\"application\/ld+json\" class=\"yoast-schema-graph\">{\"@context\":\"https:\\\/\\\/schema.org\",\"@graph\":[{\"@type\":\"WebPage\",\"@id\":\"https:\\\/\\\/denisdubois.com\\\/fr\\\/authenticite\\\/\",\"url\":\"https:\\\/\\\/denisdubois.com\\\/fr\\\/authenticite\\\/\",\"name\":\"Authenticit\u00e9 &#8211; Fine Art by Denis Du Bois\",\"isPartOf\":{\"@id\":\"https:\\\/\\\/denisdubois.com\\\/fr\\\/#website\"},\"datePublished\":\"2025-12-27T09:41:25+00:00\",\"dateModified\":\"2026-04-25T02:52:50+00:00\",\"description\":\"F\u00e9licitations, vous avez ajout\u00e9 une \u0153uvre originale de Denis Du Bois \u00e0 votre collection !\",\"breadcrumb\":{\"@id\":\"https:\\\/\\\/denisdubois.com\\\/fr\\\/authenticite\\\/#breadcrumb\"},\"inLanguage\":\"fr-FR\",\"potentialAction\":[{\"@type\":\"ReadAction\",\"target\":[\"https:\\\/\\\/denisdubois.com\\\/fr\\\/authenticite\\\/\"]}]},{\"@type\":\"BreadcrumbList\",\"@id\":\"https:\\\/\\\/denisdubois.com\\\/fr\\\/authenticite\\\/#breadcrumb\",\"itemListElement\":[{\"@type\":\"ListItem\",\"position\":1,\"name\":\"Home\",\"item\":\"https:\\\/\\\/denisdubois.com\\\/fr\\\/serigraphies-en-edition-limitee-estampes-dart-faites-a-la-main\\\/\"},{\"@type\":\"ListItem\",\"position\":2,\"name\":\"Authenticit\u00e9\"}]},{\"@type\":\"WebSite\",\"@id\":\"https:\\\/\\\/denisdubois.com\\\/fr\\\/#website\",\"url\":\"https:\\\/\\\/denisdubois.com\\\/fr\\\/\",\"name\":\"Fine Art by Denis Du Bois\",\"description\":\"Explore the world through Denis Du Bois&#039; original drawings, paintings, and serigraphs. Subscribe for exclusive access to new editions and unique art collections.\",\"publisher\":{\"@id\":\"https:\\\/\\\/denisdubois.com\\\/fr\\\/#organization\"},\"alternateName\":\"Atelier Denis Du Bois\",\"potentialAction\":[{\"@type\":\"SearchAction\",\"target\":{\"@type\":\"EntryPoint\",\"urlTemplate\":\"https:\\\/\\\/denisdubois.com\\\/fr\\\/?s={search_term_string}\"},\"query-input\":{\"@type\":\"PropertyValueSpecification\",\"valueRequired\":true,\"valueName\":\"search_term_string\"}}],\"inLanguage\":\"fr-FR\"},{\"@type\":\"Organization\",\"@id\":\"https:\\\/\\\/denisdubois.com\\\/fr\\\/#organization\",\"name\":\"Denis Du Bois\",\"url\":\"https:\\\/\\\/denisdubois.com\\\/fr\\\/\",\"logo\":{\"@type\":\"ImageObject\",\"inLanguage\":\"fr-FR\",\"@id\":\"https:\\\/\\\/denisdubois.com\\\/fr\\\/#\\\/schema\\\/logo\\\/image\\\/\",\"url\":\"https:\\\/\\\/i0.wp.com\\\/denisdubois.com\\\/wp-content\\\/uploads\\\/2025\\\/12\\\/logo-crest-atelier-251216-1200x399-1.jpg?fit=1200%2C399&ssl=1\",\"contentUrl\":\"https:\\\/\\\/i0.wp.com\\\/denisdubois.com\\\/wp-content\\\/uploads\\\/2025\\\/12\\\/logo-crest-atelier-251216-1200x399-1.jpg?fit=1200%2C399&ssl=1\",\"width\":1200,\"height\":399,\"caption\":\"Denis Du Bois\"},\"image\":{\"@id\":\"https:\\\/\\\/denisdubois.com\\\/fr\\\/#\\\/schema\\\/logo\\\/image\\\/\"},\"sameAs\":[\"https:\\\/\\\/facebook.com\\\/denisdubois\",\"https:\\\/\\\/instagram.com\\\/cool.trails\"]}]}<\/script>\n<!-- \/ Yoast SEO plugin. -->","yoast_head_json":{"title":"Authenticit\u00e9 &#8211; Fine Art by Denis Du Bois","description":"F\u00e9licitations, vous avez ajout\u00e9 une \u0153uvre originale de Denis Du Bois \u00e0 votre collection !","robots":{"index":"index","follow":"follow","max-snippet":"max-snippet:-1","max-image-preview":"max-image-preview:large","max-video-preview":"max-video-preview:-1"},"canonical":"https:\/\/denisdubois.com\/fr\/authenticite\/","og_locale":"fr_FR","og_type":"article","og_title":"Authenticit\u00e9 &#8211; Fine Art by Denis Du Bois","og_description":"F\u00e9licitations, vous avez ajout\u00e9 une \u0153uvre originale de Denis Du Bois \u00e0 votre collection !","og_url":"https:\/\/denisdubois.com\/fr\/authenticite\/","og_site_name":"Fine Art by Denis Du Bois","article_publisher":"https:\/\/facebook.com\/denisdubois","article_modified_time":"2026-04-25T02:52:50+00:00","twitter_misc":{"Dur\u00e9e de lecture estim\u00e9e":"1 minute"},"schema":{"@context":"https:\/\/schema.org","@graph":[{"@type":"WebPage","@id":"https:\/\/denisdubois.com\/fr\/authenticite\/","url":"https:\/\/denisdubois.com\/fr\/authenticite\/","name":"Authenticit\u00e9 &#8211; Fine Art by Denis Du Bois","isPartOf":{"@id":"https:\/\/denisdubois.com\/fr\/#website"},"datePublished":"2025-12-27T09:41:25+00:00","dateModified":"2026-04-25T02:52:50+00:00","description":"F\u00e9licitations, vous avez ajout\u00e9 une \u0153uvre originale de Denis Du Bois \u00e0 votre collection !","breadcrumb":{"@id":"https:\/\/denisdubois.com\/fr\/authenticite\/#breadcrumb"},"inLanguage":"fr-FR","potentialAction":[{"@type":"ReadAction","target":["https:\/\/denisdubois.com\/fr\/authenticite\/"]}]},{"@type":"BreadcrumbList","@id":"https:\/\/denisdubois.com\/fr\/authenticite\/#breadcrumb","itemListElement":[{"@type":"ListItem","position":1,"name":"Home","item":"https:\/\/denisdubois.com\/fr\/serigraphies-en-edition-limitee-estampes-dart-faites-a-la-main\/"},{"@type":"ListItem","position":2,"name":"Authenticit\u00e9"}]},{"@type":"WebSite","@id":"https:\/\/denisdubois.com\/fr\/#website","url":"https:\/\/denisdubois.com\/fr\/","name":"Fine Art by Denis Du Bois","description":"Explore the world through Denis Du Bois&#039; original drawings, paintings, and serigraphs. Subscribe for exclusive access to new editions and unique art collections.","publisher":{"@id":"https:\/\/denisdubois.com\/fr\/#organization"},"alternateName":"Atelier Denis Du Bois","potentialAction":[{"@type":"SearchAction","target":{"@type":"EntryPoint","urlTemplate":"https:\/\/denisdubois.com\/fr\/?s={search_term_string}"},"query-input":{"@type":"PropertyValueSpecification","valueRequired":true,"valueName":"search_term_string"}}],"inLanguage":"fr-FR"},{"@type":"Organization","@id":"https:\/\/denisdubois.com\/fr\/#organization","name":"Denis Du Bois","url":"https:\/\/denisdubois.com\/fr\/","logo":{"@type":"ImageObject","inLanguage":"fr-FR","@id":"https:\/\/denisdubois.com\/fr\/#\/schema\/logo\/image\/","url":"https:\/\/i0.wp.com\/denisdubois.com\/wp-content\/uploads\/2025\/12\/logo-crest-atelier-251216-1200x399-1.jpg?fit=1200%2C399&ssl=1","contentUrl":"https:\/\/i0.wp.com\/denisdubois.com\/wp-content\/uploads\/2025\/12\/logo-crest-atelier-251216-1200x399-1.jpg?fit=1200%2C399&ssl=1","width":1200,"height":399,"caption":"Denis Du Bois"},"image":{"@id":"https:\/\/denisdubois.com\/fr\/#\/schema\/logo\/image\/"},"sameAs":["https:\/\/facebook.com\/denisdubois","https:\/\/instagram.com\/cool.trails"]}]}},"jetpack_sharing_enabled":true,"jetpack_shortlink":"https:\/\/wp.me\/PgZU3n-aK","_links":{"self":[{"href":"https:\/\/denisdubois.com\/fr\/wp-json\/wp\/v2\/pages\/666","targetHints":{"allow":["GET"]}}],"collection":[{"href":"https:\/\/denisdubois.com\/fr\/wp-json\/wp\/v2\/pages"}],"about":[{"href":"https:\/\/denisdubois.com\/fr\/wp-json\/wp\/v2\/types\/page"}],"author":[{"embeddable":true,"href":"https:\/\/denisdubois.com\/fr\/wp-json\/wp\/v2\/users\/2"}],"replies":[{"embeddable":true,"href":"https:\/\/denisdubois.com\/fr\/wp-json\/wp\/v2\/comments?post=666"}],"version-history":[{"count":1,"href":"https:\/\/denisdubois.com\/fr\/wp-json\/wp\/v2\/pages\/666\/revisions"}],"predecessor-version":[{"id":668,"href":"https:\/\/denisdubois.com\/fr\/wp-json\/wp\/v2\/pages\/666\/revisions\/668"}],"wp:attachment":[{"href":"https:\/\/denisdubois.com\/fr\/wp-json\/wp\/v2\/media?parent=666"}],"curies":[{"name":"wp","href":"https:\/\/api.w.org\/{rel}","templated":true}]}}