{"id":654,"date":"2026-01-23T13:39:56","date_gmt":"2026-01-23T21:39:56","guid":{"rendered":"https:\/\/denisdubois.com\/reception-de-votre-oeuvre-dart-originale\/"},"modified":"2026-04-24T19:06:58","modified_gmt":"2026-04-25T03:06:58","slug":"reception-de-votre-oeuvre-dart-originale","status":"publish","type":"page","link":"https:\/\/denisdubois.com\/fr\/reception-de-votre-oeuvre-dart-originale\/","title":{"rendered":"R\u00e9ception de votre \u0153uvre d\u2019art originale"},"content":{"rendered":"\n<p class=\"\">Lorsque votre nouvelle acquisition arrive, suivez ces \u00e9tapes simples pour la prot\u00e9ger :<\/p>\n\n<ol class=\"wp-block-list\">\n<li class=\"\">Inspectez l\u2019ext\u00e9rieur de l\u2019emballage et photographiez tout dommage si vous en constatez. Ouvrez le colis tr\u00e8s prudemment pour \u00e9viter d\u2019endommager votre \u0153uvre. Coupez avec la pointe d\u2019un couteau X-Acto ou d\u2019un cutter avec la lame sortie au minimum. \u00c9vitez d\u2019utiliser des cl\u00e9s ou des couteaux de cuisine. Coupez aux endroits indiqu\u00e9s, s\u2019ils sont marqu\u00e9s. <\/li>\n\n\n\n<li class=\"\">Retirez d\u00e9licatement l\u2019\u0153uvre et sa pochette de protection transparente de l\u2019emballage. \u00c9vitez de plier ou de froisser l\u2019\u0153uvre. Conservez l\u2019emballage pour le moment.<\/li>\n\n\n\n<li class=\"\">Admirez votre nouvelle acquisition ! La pochette de protection transparente est sans acide. Laissez l\u2019\u0153uvre dans cette pochette jusqu\u2019\u00e0 ce qu\u2019elle soit pr\u00eate \u00e0 \u00eatre encadr\u00e9e. Je recommande de conserver l\u2019\u0153uvre dans son emballage d\u2019exp\u00e9dition, en incluant le sachet de gel d\u00e9shydratant si celui-ci \u00e9tait fourni.<\/li>\n<\/ol>\n\n<p class=\"\">Que faire si le colis est endommag\u00e9 ? Prenez des photos et conservez l\u2019emballage. Inspectez l\u2019\u0153uvre avec soin. Je d\u00e9ploie de grands efforts pour <a href=\"https:\/\/denisdubois.com\/fr\/a-propos-de-lemballage-et-de-lexpedition\/\" type=\"page\" id=\"172\">emballer l\u2019\u0153uvre afin de la prot\u00e9ger<\/a> d\u2019\u00e9ventuels dommages subis par l\u2019emballage ext\u00e9rieur. Heureusement, l\u2019\u0153uvre n\u2019a probablement subi aucun dommage. Si c\u2019est le cas, <a href=\"https:\/\/denisdubois.com\/fr\/contact\/\" type=\"page\" id=\"62\">informez-moi<\/a> imm\u00e9diatement. Les colis sont assur\u00e9s par le transporteur, je devrai donc d\u00e9poser une r\u00e9clamation. En attendant, je vous r\u00e9pondrai avec les instructions pour un <a href=\"https:\/\/denisdubois.com\/fr\/politique-de-remboursement-et-de-retour\/\" type=\"page\" id=\"72\">\u00e9change ou un remboursement<\/a> de l\u2019\u0153uvre endommag\u00e9e, selon que l\u2019\u00e9dition est \u00e9puis\u00e9e ou non. <\/p>\n\n<p class=\"\">Vous avez un go\u00fbt impeccable. Merci d\u2019avoir choisi mon art pour votre collection ! <\/p>\n\n<p class=\"\">Texte traduit automatiquement. <br\/>Code QR vers cette page web :<\/p>\n\n<figure class=\"wp-block-image size-large is-resized\"><img data-recalc-dims=\"1\" decoding=\"async\" width=\"1024\" height=\"1024\" loading=\"lazy\" src=\"https:\/\/i0.wp.com\/denisdubois.com\/wp-content\/uploads\/2026\/01\/QR-code-receiving-inspecting-art-260123.webp?resize=1024%2C1024&#038;ssl=1\" alt=\"\" class=\"wp-image-446\" style=\"width:102px;height:auto\" srcset=\"https:\/\/i0.wp.com\/denisdubois.com\/wp-content\/uploads\/2026\/01\/QR-code-receiving-inspecting-art-260123.webp?resize=1024%2C1024&amp;ssl=1 1024w, https:\/\/i0.wp.com\/denisdubois.com\/wp-content\/uploads\/2026\/01\/QR-code-receiving-inspecting-art-260123.webp?resize=300%2C300&amp;ssl=1 300w, https:\/\/i0.wp.com\/denisdubois.com\/wp-content\/uploads\/2026\/01\/QR-code-receiving-inspecting-art-260123.webp?resize=150%2C150&amp;ssl=1 150w, https:\/\/i0.wp.com\/denisdubois.com\/wp-content\/uploads\/2026\/01\/QR-code-receiving-inspecting-art-260123.webp?resize=768%2C768&amp;ssl=1 768w, https:\/\/i0.wp.com\/denisdubois.com\/wp-content\/uploads\/2026\/01\/QR-code-receiving-inspecting-art-260123.webp?resize=1536%2C1536&amp;ssl=1 1536w, https:\/\/i0.wp.com\/denisdubois.com\/wp-content\/uploads\/2026\/01\/QR-code-receiving-inspecting-art-260123.webp?resize=600%2C600&amp;ssl=1 600w, https:\/\/i0.wp.com\/denisdubois.com\/wp-content\/uploads\/2026\/01\/QR-code-receiving-inspecting-art-260123.webp?resize=220%2C220&amp;ssl=1 220w, https:\/\/i0.wp.com\/denisdubois.com\/wp-content\/uploads\/2026\/01\/QR-code-receiving-inspecting-art-260123.webp?resize=60%2C60&amp;ssl=1 60w, https:\/\/i0.wp.com\/denisdubois.com\/wp-content\/uploads\/2026\/01\/QR-code-receiving-inspecting-art-260123.webp?w=2000&amp;ssl=1 2000w\" sizes=\"auto, (max-width: 1000px) 100vw, 1000px\" \/><\/figure>\n\n<p class=\"\"><\/p>\n","protected":false},"excerpt":{"rendered":"<p>Lorsque votre nouvelle acquisition arrive, suivez ces \u00e9tapes simples pour la prot\u00e9ger : Que faire si le colis est endommag\u00e9 ? Prenez des photos et conservez l\u2019emballage. Inspectez l\u2019\u0153uvre avec soin. Je d\u00e9ploie de grands efforts pour emballer l\u2019\u0153uvre afin de la prot\u00e9ger d\u2019\u00e9ventuels dommages subis par l\u2019emballage ext\u00e9rieur. Heureusement, l\u2019\u0153uvre n\u2019a probablement subi aucun&hellip;<\/p>\n","protected":false},"author":2,"featured_media":0,"parent":0,"menu_order":0,"comment_status":"closed","ping_status":"closed","template":"","meta":{"nf_dc_page":"","_monsterinsights_skip_tracking":false,"_monsterinsights_sitenote_active":false,"_monsterinsights_sitenote_note":"","_monsterinsights_sitenote_category":0,"footnotes":""},"class_list":["post-654","page","type-page","status-publish","hentry"],"yoast_head":"<!-- This site is optimized with the Yoast SEO plugin v27.4 - https:\/\/yoast.com\/product\/yoast-seo-wordpress\/ -->\n<title>R\u00e9ception de votre \u0153uvre d\u2019art originale &#8211; Fine Art by Denis Du Bois<\/title>\n<meta name=\"robots\" content=\"index, follow, max-snippet:-1, max-image-preview:large, max-video-preview:-1\" \/>\n<link rel=\"canonical\" href=\"https:\/\/denisdubois.com\/fr\/reception-de-votre-oeuvre-dart-originale\/\" \/>\n<meta property=\"og:locale\" content=\"fr_FR\" \/>\n<meta property=\"og:type\" content=\"article\" \/>\n<meta property=\"og:title\" content=\"R\u00e9ception de votre \u0153uvre d\u2019art originale &#8211; Fine Art by Denis Du Bois\" \/>\n<meta property=\"og:description\" content=\"Lorsque votre nouvelle acquisition arrive, suivez ces \u00e9tapes simples pour la prot\u00e9ger : Que faire si le colis est endommag\u00e9 ? Prenez des photos et conservez l\u2019emballage. Inspectez l\u2019\u0153uvre avec soin. Je d\u00e9ploie de grands efforts pour emballer l\u2019\u0153uvre afin de la prot\u00e9ger d\u2019\u00e9ventuels dommages subis par l\u2019emballage ext\u00e9rieur. Heureusement, l\u2019\u0153uvre n\u2019a probablement subi aucun&hellip;\" \/>\n<meta property=\"og:url\" content=\"https:\/\/denisdubois.com\/fr\/reception-de-votre-oeuvre-dart-originale\/\" \/>\n<meta property=\"og:site_name\" content=\"Fine Art by Denis Du Bois\" \/>\n<meta property=\"article:publisher\" content=\"https:\/\/facebook.com\/denisdubois\" \/>\n<meta property=\"article:modified_time\" content=\"2026-04-25T03:06:58+00:00\" \/>\n<meta property=\"og:image\" content=\"https:\/\/denisdubois.com\/wp-content\/uploads\/2026\/01\/QR-code-receiving-inspecting-art-260123-1024x1024.webp\" \/>\n<meta name=\"twitter:label1\" content=\"Dur\u00e9e de lecture estim\u00e9e\" \/>\n\t<meta name=\"twitter:data1\" content=\"1 minute\" \/>\n<script type=\"application\/ld+json\" class=\"yoast-schema-graph\">{\"@context\":\"https:\\\/\\\/schema.org\",\"@graph\":[{\"@type\":\"WebPage\",\"@id\":\"https:\\\/\\\/denisdubois.com\\\/fr\\\/reception-de-votre-oeuvre-dart-originale\\\/\",\"url\":\"https:\\\/\\\/denisdubois.com\\\/fr\\\/reception-de-votre-oeuvre-dart-originale\\\/\",\"name\":\"R\u00e9ception de votre \u0153uvre d\u2019art originale &#8211; Fine Art by Denis Du Bois\",\"isPartOf\":{\"@id\":\"https:\\\/\\\/denisdubois.com\\\/fr\\\/#website\"},\"primaryImageOfPage\":{\"@id\":\"https:\\\/\\\/denisdubois.com\\\/fr\\\/reception-de-votre-oeuvre-dart-originale\\\/#primaryimage\"},\"image\":{\"@id\":\"https:\\\/\\\/denisdubois.com\\\/fr\\\/reception-de-votre-oeuvre-dart-originale\\\/#primaryimage\"},\"thumbnailUrl\":\"https:\\\/\\\/denisdubois.com\\\/wp-content\\\/uploads\\\/2026\\\/01\\\/QR-code-receiving-inspecting-art-260123-1024x1024.webp\",\"datePublished\":\"2026-01-23T21:39:56+00:00\",\"dateModified\":\"2026-04-25T03:06:58+00:00\",\"breadcrumb\":{\"@id\":\"https:\\\/\\\/denisdubois.com\\\/fr\\\/reception-de-votre-oeuvre-dart-originale\\\/#breadcrumb\"},\"inLanguage\":\"fr-FR\",\"potentialAction\":[{\"@type\":\"ReadAction\",\"target\":[\"https:\\\/\\\/denisdubois.com\\\/fr\\\/reception-de-votre-oeuvre-dart-originale\\\/\"]}]},{\"@type\":\"ImageObject\",\"inLanguage\":\"fr-FR\",\"@id\":\"https:\\\/\\\/denisdubois.com\\\/fr\\\/reception-de-votre-oeuvre-dart-originale\\\/#primaryimage\",\"url\":\"https:\\\/\\\/denisdubois.com\\\/wp-content\\\/uploads\\\/2026\\\/01\\\/QR-code-receiving-inspecting-art-260123-1024x1024.webp\",\"contentUrl\":\"https:\\\/\\\/denisdubois.com\\\/wp-content\\\/uploads\\\/2026\\\/01\\\/QR-code-receiving-inspecting-art-260123-1024x1024.webp\"},{\"@type\":\"BreadcrumbList\",\"@id\":\"https:\\\/\\\/denisdubois.com\\\/fr\\\/reception-de-votre-oeuvre-dart-originale\\\/#breadcrumb\",\"itemListElement\":[{\"@type\":\"ListItem\",\"position\":1,\"name\":\"Home\",\"item\":\"https:\\\/\\\/denisdubois.com\\\/fr\\\/serigraphies-en-edition-limitee-estampes-dart-faites-a-la-main\\\/\"},{\"@type\":\"ListItem\",\"position\":2,\"name\":\"R\u00e9ception de votre \u0153uvre d\u2019art originale\"}]},{\"@type\":\"WebSite\",\"@id\":\"https:\\\/\\\/denisdubois.com\\\/fr\\\/#website\",\"url\":\"https:\\\/\\\/denisdubois.com\\\/fr\\\/\",\"name\":\"Fine Art by Denis Du Bois\",\"description\":\"Explore the world through Denis Du Bois&#039; original drawings, paintings, and serigraphs. Subscribe for exclusive access to new editions and unique art collections.\",\"publisher\":{\"@id\":\"https:\\\/\\\/denisdubois.com\\\/fr\\\/#organization\"},\"alternateName\":\"Atelier Denis Du Bois\",\"potentialAction\":[{\"@type\":\"SearchAction\",\"target\":{\"@type\":\"EntryPoint\",\"urlTemplate\":\"https:\\\/\\\/denisdubois.com\\\/fr\\\/?s={search_term_string}\"},\"query-input\":{\"@type\":\"PropertyValueSpecification\",\"valueRequired\":true,\"valueName\":\"search_term_string\"}}],\"inLanguage\":\"fr-FR\"},{\"@type\":\"Organization\",\"@id\":\"https:\\\/\\\/denisdubois.com\\\/fr\\\/#organization\",\"name\":\"Denis Du Bois\",\"url\":\"https:\\\/\\\/denisdubois.com\\\/fr\\\/\",\"logo\":{\"@type\":\"ImageObject\",\"inLanguage\":\"fr-FR\",\"@id\":\"https:\\\/\\\/denisdubois.com\\\/fr\\\/#\\\/schema\\\/logo\\\/image\\\/\",\"url\":\"https:\\\/\\\/i0.wp.com\\\/denisdubois.com\\\/wp-content\\\/uploads\\\/2025\\\/12\\\/logo-crest-atelier-251216-1200x399-1.jpg?fit=1200%2C399&ssl=1\",\"contentUrl\":\"https:\\\/\\\/i0.wp.com\\\/denisdubois.com\\\/wp-content\\\/uploads\\\/2025\\\/12\\\/logo-crest-atelier-251216-1200x399-1.jpg?fit=1200%2C399&ssl=1\",\"width\":1200,\"height\":399,\"caption\":\"Denis Du Bois\"},\"image\":{\"@id\":\"https:\\\/\\\/denisdubois.com\\\/fr\\\/#\\\/schema\\\/logo\\\/image\\\/\"},\"sameAs\":[\"https:\\\/\\\/facebook.com\\\/denisdubois\",\"https:\\\/\\\/instagram.com\\\/cool.trails\"]}]}<\/script>\n<!-- \/ Yoast SEO plugin. -->","yoast_head_json":{"title":"R\u00e9ception de votre \u0153uvre d\u2019art originale &#8211; Fine Art by Denis Du Bois","robots":{"index":"index","follow":"follow","max-snippet":"max-snippet:-1","max-image-preview":"max-image-preview:large","max-video-preview":"max-video-preview:-1"},"canonical":"https:\/\/denisdubois.com\/fr\/reception-de-votre-oeuvre-dart-originale\/","og_locale":"fr_FR","og_type":"article","og_title":"R\u00e9ception de votre \u0153uvre d\u2019art originale &#8211; Fine Art by Denis Du Bois","og_description":"Lorsque votre nouvelle acquisition arrive, suivez ces \u00e9tapes simples pour la prot\u00e9ger : Que faire si le colis est endommag\u00e9 ? Prenez des photos et conservez l\u2019emballage. Inspectez l\u2019\u0153uvre avec soin. Je d\u00e9ploie de grands efforts pour emballer l\u2019\u0153uvre afin de la prot\u00e9ger d\u2019\u00e9ventuels dommages subis par l\u2019emballage ext\u00e9rieur. Heureusement, l\u2019\u0153uvre n\u2019a probablement subi aucun&hellip;","og_url":"https:\/\/denisdubois.com\/fr\/reception-de-votre-oeuvre-dart-originale\/","og_site_name":"Fine Art by Denis Du Bois","article_publisher":"https:\/\/facebook.com\/denisdubois","article_modified_time":"2026-04-25T03:06:58+00:00","og_image":[{"url":"https:\/\/denisdubois.com\/wp-content\/uploads\/2026\/01\/QR-code-receiving-inspecting-art-260123-1024x1024.webp","type":"","width":"","height":""}],"twitter_misc":{"Dur\u00e9e de lecture estim\u00e9e":"1 minute"},"schema":{"@context":"https:\/\/schema.org","@graph":[{"@type":"WebPage","@id":"https:\/\/denisdubois.com\/fr\/reception-de-votre-oeuvre-dart-originale\/","url":"https:\/\/denisdubois.com\/fr\/reception-de-votre-oeuvre-dart-originale\/","name":"R\u00e9ception de votre \u0153uvre d\u2019art originale &#8211; Fine Art by Denis Du Bois","isPartOf":{"@id":"https:\/\/denisdubois.com\/fr\/#website"},"primaryImageOfPage":{"@id":"https:\/\/denisdubois.com\/fr\/reception-de-votre-oeuvre-dart-originale\/#primaryimage"},"image":{"@id":"https:\/\/denisdubois.com\/fr\/reception-de-votre-oeuvre-dart-originale\/#primaryimage"},"thumbnailUrl":"https:\/\/denisdubois.com\/wp-content\/uploads\/2026\/01\/QR-code-receiving-inspecting-art-260123-1024x1024.webp","datePublished":"2026-01-23T21:39:56+00:00","dateModified":"2026-04-25T03:06:58+00:00","breadcrumb":{"@id":"https:\/\/denisdubois.com\/fr\/reception-de-votre-oeuvre-dart-originale\/#breadcrumb"},"inLanguage":"fr-FR","potentialAction":[{"@type":"ReadAction","target":["https:\/\/denisdubois.com\/fr\/reception-de-votre-oeuvre-dart-originale\/"]}]},{"@type":"ImageObject","inLanguage":"fr-FR","@id":"https:\/\/denisdubois.com\/fr\/reception-de-votre-oeuvre-dart-originale\/#primaryimage","url":"https:\/\/denisdubois.com\/wp-content\/uploads\/2026\/01\/QR-code-receiving-inspecting-art-260123-1024x1024.webp","contentUrl":"https:\/\/denisdubois.com\/wp-content\/uploads\/2026\/01\/QR-code-receiving-inspecting-art-260123-1024x1024.webp"},{"@type":"BreadcrumbList","@id":"https:\/\/denisdubois.com\/fr\/reception-de-votre-oeuvre-dart-originale\/#breadcrumb","itemListElement":[{"@type":"ListItem","position":1,"name":"Home","item":"https:\/\/denisdubois.com\/fr\/serigraphies-en-edition-limitee-estampes-dart-faites-a-la-main\/"},{"@type":"ListItem","position":2,"name":"R\u00e9ception de votre \u0153uvre d\u2019art originale"}]},{"@type":"WebSite","@id":"https:\/\/denisdubois.com\/fr\/#website","url":"https:\/\/denisdubois.com\/fr\/","name":"Fine Art by Denis Du Bois","description":"Explore the world through Denis Du Bois&#039; original drawings, paintings, and serigraphs. Subscribe for exclusive access to new editions and unique art collections.","publisher":{"@id":"https:\/\/denisdubois.com\/fr\/#organization"},"alternateName":"Atelier Denis Du Bois","potentialAction":[{"@type":"SearchAction","target":{"@type":"EntryPoint","urlTemplate":"https:\/\/denisdubois.com\/fr\/?s={search_term_string}"},"query-input":{"@type":"PropertyValueSpecification","valueRequired":true,"valueName":"search_term_string"}}],"inLanguage":"fr-FR"},{"@type":"Organization","@id":"https:\/\/denisdubois.com\/fr\/#organization","name":"Denis Du Bois","url":"https:\/\/denisdubois.com\/fr\/","logo":{"@type":"ImageObject","inLanguage":"fr-FR","@id":"https:\/\/denisdubois.com\/fr\/#\/schema\/logo\/image\/","url":"https:\/\/i0.wp.com\/denisdubois.com\/wp-content\/uploads\/2025\/12\/logo-crest-atelier-251216-1200x399-1.jpg?fit=1200%2C399&ssl=1","contentUrl":"https:\/\/i0.wp.com\/denisdubois.com\/wp-content\/uploads\/2025\/12\/logo-crest-atelier-251216-1200x399-1.jpg?fit=1200%2C399&ssl=1","width":1200,"height":399,"caption":"Denis Du Bois"},"image":{"@id":"https:\/\/denisdubois.com\/fr\/#\/schema\/logo\/image\/"},"sameAs":["https:\/\/facebook.com\/denisdubois","https:\/\/instagram.com\/cool.trails"]}]}},"jetpack_sharing_enabled":true,"jetpack_shortlink":"https:\/\/wp.me\/PgZU3n-ay","_links":{"self":[{"href":"https:\/\/denisdubois.com\/fr\/wp-json\/wp\/v2\/pages\/654","targetHints":{"allow":["GET"]}}],"collection":[{"href":"https:\/\/denisdubois.com\/fr\/wp-json\/wp\/v2\/pages"}],"about":[{"href":"https:\/\/denisdubois.com\/fr\/wp-json\/wp\/v2\/types\/page"}],"author":[{"embeddable":true,"href":"https:\/\/denisdubois.com\/fr\/wp-json\/wp\/v2\/users\/2"}],"replies":[{"embeddable":true,"href":"https:\/\/denisdubois.com\/fr\/wp-json\/wp\/v2\/comments?post=654"}],"version-history":[{"count":3,"href":"https:\/\/denisdubois.com\/fr\/wp-json\/wp\/v2\/pages\/654\/revisions"}],"predecessor-version":[{"id":899,"href":"https:\/\/denisdubois.com\/fr\/wp-json\/wp\/v2\/pages\/654\/revisions\/899"}],"wp:attachment":[{"href":"https:\/\/denisdubois.com\/fr\/wp-json\/wp\/v2\/media?parent=654"}],"curies":[{"name":"wp","href":"https:\/\/api.w.org\/{rel}","templated":true}]}}