{"id":650,"date":"2025-12-19T00:30:15","date_gmt":"2025-12-19T08:30:15","guid":{"rendered":"https:\/\/denisdubois.com\/serie-espagne\/"},"modified":"2026-04-24T18:51:50","modified_gmt":"2026-04-25T02:51:50","slug":"serie-espagne","status":"publish","type":"page","link":"https:\/\/denisdubois.com\/fr\/serie-espagne\/","title":{"rendered":"S\u00e9rie Espagne"},"content":{"rendered":"\n<p class=\"\">Six s\u00e9rigraphies d&#8217;art originales, six images enchanteresses issues de mes r\u00e9cents voyages en Espagne.<\/p>\n\n<figure class=\"is-style-nfd-waves-top-left wp-block-image size-large is-resized\"><img data-recalc-dims=\"1\" decoding=\"async\" width=\"1024\" height=\"768\" loading=\"lazy\" src=\"https:\/\/i0.wp.com\/denisdubois.com\/wp-content\/uploads\/2025\/12\/20250808_101722-Denis-ZGZ-sign-copy.webp?resize=1024%2C768&#038;ssl=1\" alt=\"Denis &#xE0; Saragosse, Espagne\" class=\"wp-image-101\" style=\"width:644px;height:auto\" srcset=\"https:\/\/i0.wp.com\/denisdubois.com\/wp-content\/uploads\/2025\/12\/20250808_101722-Denis-ZGZ-sign-copy-scaled.webp?resize=1024%2C768&amp;ssl=1 1024w, https:\/\/i0.wp.com\/denisdubois.com\/wp-content\/uploads\/2025\/12\/20250808_101722-Denis-ZGZ-sign-copy-scaled.webp?resize=300%2C225&amp;ssl=1 300w, https:\/\/i0.wp.com\/denisdubois.com\/wp-content\/uploads\/2025\/12\/20250808_101722-Denis-ZGZ-sign-copy-scaled.webp?resize=768%2C576&amp;ssl=1 768w, https:\/\/i0.wp.com\/denisdubois.com\/wp-content\/uploads\/2025\/12\/20250808_101722-Denis-ZGZ-sign-copy-scaled.webp?resize=1536%2C1152&amp;ssl=1 1536w, https:\/\/i0.wp.com\/denisdubois.com\/wp-content\/uploads\/2025\/12\/20250808_101722-Denis-ZGZ-sign-copy-scaled.webp?resize=2048%2C1536&amp;ssl=1 2048w, https:\/\/i0.wp.com\/denisdubois.com\/wp-content\/uploads\/2025\/12\/20250808_101722-Denis-ZGZ-sign-copy-scaled.webp?resize=600%2C450&amp;ssl=1 600w\" sizes=\"auto, (max-width: 1000px) 100vw, 1000px\" \/><\/figure>\n\n<p class=\"\">Cette s\u00e9rie est en cours de r\u00e9alisation \u00e0 l&#8217;atelier. Vous pouvez acqu\u00e9rir des estampes individuelles ou vous abonner \u00e0 la s\u00e9rie et les recevoir toutes au fur et \u00e0 mesure de leur cr\u00e9ation.<\/p>\n\n<p class=\"\"><a href=\"https:\/\/denisdubois.com\/product\/collectors-prints-spain-torla\/\" type=\"product\" id=\"41\">Torla-Ordessa<\/a> est termin\u00e9e et pr\u00eate \u00e0 \u00eatre collectionn\u00e9e.<\/p>\n\n<p class=\"\">Puerta de Alcal\u00e1 Toledo est en cours de r\u00e9alisation.<\/p>\n\n<p class=\"\">D&#8217;autres \u00e9ditions suivront.<\/p>\n","protected":false},"excerpt":{"rendered":"<p>Six s\u00e9rigraphies d&#8217;art originales, six images enchanteresses issues de mes r\u00e9cents voyages en Espagne. Cette s\u00e9rie est en cours de r\u00e9alisation \u00e0 l&#8217;atelier. Vous pouvez acqu\u00e9rir des estampes individuelles ou vous abonner \u00e0 la s\u00e9rie et les recevoir toutes au fur et \u00e0 mesure de leur cr\u00e9ation. Torla-Ordessa est termin\u00e9e et pr\u00eate \u00e0 \u00eatre collectionn\u00e9e.&hellip;<\/p>\n","protected":false},"author":1,"featured_media":652,"parent":0,"menu_order":0,"comment_status":"closed","ping_status":"closed","template":"","meta":{"nf_dc_page":"","_monsterinsights_skip_tracking":false,"_monsterinsights_sitenote_active":false,"_monsterinsights_sitenote_note":"","_monsterinsights_sitenote_category":0,"footnotes":""},"class_list":["post-650","page","type-page","status-publish","has-post-thumbnail","hentry"],"yoast_head":"<!-- This site is optimized with the Yoast SEO plugin v27.4 - https:\/\/yoast.com\/product\/yoast-seo-wordpress\/ -->\n<title>S\u00e9rie Espagne &#8211; S\u00e9rigraphies d&#039;art &#8211; Original Fine Art by Denis Du Bois<\/title>\n<meta name=\"description\" content=\"Six s\u00e9rigraphies d&#039;art originales, six images enchanteresses issues des nombreux voyages de l&#039;artiste en Espagne.\" \/>\n<meta name=\"robots\" content=\"index, follow, max-snippet:-1, max-image-preview:large, max-video-preview:-1\" \/>\n<link rel=\"canonical\" href=\"https:\/\/denisdubois.com\/fr\/serie-espagne\/\" \/>\n<meta property=\"og:locale\" content=\"fr_FR\" \/>\n<meta property=\"og:type\" content=\"article\" \/>\n<meta property=\"og:title\" content=\"S\u00e9rie Espagne &#8211; S\u00e9rigraphies d&#039;art &#8211; Original Fine Art by Denis Du Bois\" \/>\n<meta property=\"og:description\" content=\"Six s\u00e9rigraphies d&#039;art originales, six images enchanteresses issues des nombreux voyages de l&#039;artiste en Espagne.\" \/>\n<meta property=\"og:url\" content=\"https:\/\/denisdubois.com\/fr\/serie-espagne\/\" \/>\n<meta property=\"og:site_name\" content=\"Fine Art by Denis Du Bois\" \/>\n<meta property=\"article:publisher\" content=\"https:\/\/facebook.com\/denisdubois\" \/>\n<meta property=\"article:modified_time\" content=\"2026-04-25T02:51:50+00:00\" \/>\n<meta property=\"og:image\" content=\"https:\/\/i0.wp.com\/denisdubois.com\/wp-content\/uploads\/2025\/12\/20250808_101722-Denis-ZGZ-sign-copy-scaled.webp?fit=2560%2C1920&ssl=1\" \/>\n\t<meta property=\"og:image:width\" content=\"2560\" \/>\n\t<meta property=\"og:image:height\" content=\"1920\" \/>\n\t<meta property=\"og:image:type\" content=\"image\/webp\" \/>\n<script type=\"application\/ld+json\" class=\"yoast-schema-graph\">{\"@context\":\"https:\\\/\\\/schema.org\",\"@graph\":[{\"@type\":\"WebPage\",\"@id\":\"https:\\\/\\\/denisdubois.com\\\/fr\\\/serie-espagne\\\/\",\"url\":\"https:\\\/\\\/denisdubois.com\\\/fr\\\/serie-espagne\\\/\",\"name\":\"S\u00e9rie Espagne &#8211; S\u00e9rigraphies d'art &#8211; Original Fine Art by Denis Du Bois\",\"isPartOf\":{\"@id\":\"https:\\\/\\\/denisdubois.com\\\/fr\\\/#website\"},\"primaryImageOfPage\":{\"@id\":\"https:\\\/\\\/denisdubois.com\\\/fr\\\/serie-espagne\\\/#primaryimage\"},\"image\":{\"@id\":\"https:\\\/\\\/denisdubois.com\\\/fr\\\/serie-espagne\\\/#primaryimage\"},\"thumbnailUrl\":\"https:\\\/\\\/i0.wp.com\\\/denisdubois.com\\\/wp-content\\\/uploads\\\/2025\\\/12\\\/20250808_101722-Denis-ZGZ-sign-copy-scaled.webp?fit=2560%2C1920&ssl=1\",\"datePublished\":\"2025-12-19T08:30:15+00:00\",\"dateModified\":\"2026-04-25T02:51:50+00:00\",\"description\":\"Six s\u00e9rigraphies d'art originales, six images enchanteresses issues des nombreux voyages de l'artiste en Espagne.\",\"breadcrumb\":{\"@id\":\"https:\\\/\\\/denisdubois.com\\\/fr\\\/serie-espagne\\\/#breadcrumb\"},\"inLanguage\":\"fr-FR\",\"potentialAction\":[{\"@type\":\"ReadAction\",\"target\":[\"https:\\\/\\\/denisdubois.com\\\/fr\\\/serie-espagne\\\/\"]}]},{\"@type\":\"ImageObject\",\"inLanguage\":\"fr-FR\",\"@id\":\"https:\\\/\\\/denisdubois.com\\\/fr\\\/serie-espagne\\\/#primaryimage\",\"url\":\"https:\\\/\\\/i0.wp.com\\\/denisdubois.com\\\/wp-content\\\/uploads\\\/2025\\\/12\\\/20250808_101722-Denis-ZGZ-sign-copy-scaled.webp?fit=2560%2C1920&ssl=1\",\"contentUrl\":\"https:\\\/\\\/i0.wp.com\\\/denisdubois.com\\\/wp-content\\\/uploads\\\/2025\\\/12\\\/20250808_101722-Denis-ZGZ-sign-copy-scaled.webp?fit=2560%2C1920&ssl=1\",\"width\":2560,\"height\":1920,\"caption\":\"Denis in Zaragoza Spain\"},{\"@type\":\"BreadcrumbList\",\"@id\":\"https:\\\/\\\/denisdubois.com\\\/fr\\\/serie-espagne\\\/#breadcrumb\",\"itemListElement\":[{\"@type\":\"ListItem\",\"position\":1,\"name\":\"Home\",\"item\":\"https:\\\/\\\/denisdubois.com\\\/fr\\\/serigraphies-en-edition-limitee-estampes-dart-faites-a-la-main\\\/\"},{\"@type\":\"ListItem\",\"position\":2,\"name\":\"S\u00e9rie Espagne\"}]},{\"@type\":\"WebSite\",\"@id\":\"https:\\\/\\\/denisdubois.com\\\/fr\\\/#website\",\"url\":\"https:\\\/\\\/denisdubois.com\\\/fr\\\/\",\"name\":\"Fine Art by Denis Du Bois\",\"description\":\"Explore the world through Denis Du Bois&#039; original drawings, paintings, and serigraphs. Subscribe for exclusive access to new editions and unique art collections.\",\"publisher\":{\"@id\":\"https:\\\/\\\/denisdubois.com\\\/fr\\\/#organization\"},\"alternateName\":\"Atelier Denis Du Bois\",\"potentialAction\":[{\"@type\":\"SearchAction\",\"target\":{\"@type\":\"EntryPoint\",\"urlTemplate\":\"https:\\\/\\\/denisdubois.com\\\/fr\\\/?s={search_term_string}\"},\"query-input\":{\"@type\":\"PropertyValueSpecification\",\"valueRequired\":true,\"valueName\":\"search_term_string\"}}],\"inLanguage\":\"fr-FR\"},{\"@type\":\"Organization\",\"@id\":\"https:\\\/\\\/denisdubois.com\\\/fr\\\/#organization\",\"name\":\"Denis Du Bois\",\"url\":\"https:\\\/\\\/denisdubois.com\\\/fr\\\/\",\"logo\":{\"@type\":\"ImageObject\",\"inLanguage\":\"fr-FR\",\"@id\":\"https:\\\/\\\/denisdubois.com\\\/fr\\\/#\\\/schema\\\/logo\\\/image\\\/\",\"url\":\"https:\\\/\\\/i0.wp.com\\\/denisdubois.com\\\/wp-content\\\/uploads\\\/2025\\\/12\\\/logo-crest-atelier-251216-1200x399-1.jpg?fit=1200%2C399&ssl=1\",\"contentUrl\":\"https:\\\/\\\/i0.wp.com\\\/denisdubois.com\\\/wp-content\\\/uploads\\\/2025\\\/12\\\/logo-crest-atelier-251216-1200x399-1.jpg?fit=1200%2C399&ssl=1\",\"width\":1200,\"height\":399,\"caption\":\"Denis Du Bois\"},\"image\":{\"@id\":\"https:\\\/\\\/denisdubois.com\\\/fr\\\/#\\\/schema\\\/logo\\\/image\\\/\"},\"sameAs\":[\"https:\\\/\\\/facebook.com\\\/denisdubois\",\"https:\\\/\\\/instagram.com\\\/cool.trails\"]}]}<\/script>\n<!-- \/ Yoast SEO plugin. -->","yoast_head_json":{"title":"S\u00e9rie Espagne &#8211; S\u00e9rigraphies d'art &#8211; Original Fine Art by Denis Du Bois","description":"Six s\u00e9rigraphies d'art originales, six images enchanteresses issues des nombreux voyages de l'artiste en Espagne.","robots":{"index":"index","follow":"follow","max-snippet":"max-snippet:-1","max-image-preview":"max-image-preview:large","max-video-preview":"max-video-preview:-1"},"canonical":"https:\/\/denisdubois.com\/fr\/serie-espagne\/","og_locale":"fr_FR","og_type":"article","og_title":"S\u00e9rie Espagne &#8211; S\u00e9rigraphies d'art &#8211; Original Fine Art by Denis Du Bois","og_description":"Six s\u00e9rigraphies d'art originales, six images enchanteresses issues des nombreux voyages de l'artiste en Espagne.","og_url":"https:\/\/denisdubois.com\/fr\/serie-espagne\/","og_site_name":"Fine Art by Denis Du Bois","article_publisher":"https:\/\/facebook.com\/denisdubois","article_modified_time":"2026-04-25T02:51:50+00:00","og_image":[{"width":2560,"height":1920,"url":"https:\/\/i0.wp.com\/denisdubois.com\/wp-content\/uploads\/2025\/12\/20250808_101722-Denis-ZGZ-sign-copy-scaled.webp?fit=2560%2C1920&ssl=1","type":"image\/webp"}],"schema":{"@context":"https:\/\/schema.org","@graph":[{"@type":"WebPage","@id":"https:\/\/denisdubois.com\/fr\/serie-espagne\/","url":"https:\/\/denisdubois.com\/fr\/serie-espagne\/","name":"S\u00e9rie Espagne &#8211; S\u00e9rigraphies d'art &#8211; Original Fine Art by Denis Du Bois","isPartOf":{"@id":"https:\/\/denisdubois.com\/fr\/#website"},"primaryImageOfPage":{"@id":"https:\/\/denisdubois.com\/fr\/serie-espagne\/#primaryimage"},"image":{"@id":"https:\/\/denisdubois.com\/fr\/serie-espagne\/#primaryimage"},"thumbnailUrl":"https:\/\/i0.wp.com\/denisdubois.com\/wp-content\/uploads\/2025\/12\/20250808_101722-Denis-ZGZ-sign-copy-scaled.webp?fit=2560%2C1920&ssl=1","datePublished":"2025-12-19T08:30:15+00:00","dateModified":"2026-04-25T02:51:50+00:00","description":"Six s\u00e9rigraphies d'art originales, six images enchanteresses issues des nombreux voyages de l'artiste en Espagne.","breadcrumb":{"@id":"https:\/\/denisdubois.com\/fr\/serie-espagne\/#breadcrumb"},"inLanguage":"fr-FR","potentialAction":[{"@type":"ReadAction","target":["https:\/\/denisdubois.com\/fr\/serie-espagne\/"]}]},{"@type":"ImageObject","inLanguage":"fr-FR","@id":"https:\/\/denisdubois.com\/fr\/serie-espagne\/#primaryimage","url":"https:\/\/i0.wp.com\/denisdubois.com\/wp-content\/uploads\/2025\/12\/20250808_101722-Denis-ZGZ-sign-copy-scaled.webp?fit=2560%2C1920&ssl=1","contentUrl":"https:\/\/i0.wp.com\/denisdubois.com\/wp-content\/uploads\/2025\/12\/20250808_101722-Denis-ZGZ-sign-copy-scaled.webp?fit=2560%2C1920&ssl=1","width":2560,"height":1920,"caption":"Denis in Zaragoza Spain"},{"@type":"BreadcrumbList","@id":"https:\/\/denisdubois.com\/fr\/serie-espagne\/#breadcrumb","itemListElement":[{"@type":"ListItem","position":1,"name":"Home","item":"https:\/\/denisdubois.com\/fr\/serigraphies-en-edition-limitee-estampes-dart-faites-a-la-main\/"},{"@type":"ListItem","position":2,"name":"S\u00e9rie Espagne"}]},{"@type":"WebSite","@id":"https:\/\/denisdubois.com\/fr\/#website","url":"https:\/\/denisdubois.com\/fr\/","name":"Fine Art by Denis Du Bois","description":"Explore the world through Denis Du Bois&#039; original drawings, paintings, and serigraphs. Subscribe for exclusive access to new editions and unique art collections.","publisher":{"@id":"https:\/\/denisdubois.com\/fr\/#organization"},"alternateName":"Atelier Denis Du Bois","potentialAction":[{"@type":"SearchAction","target":{"@type":"EntryPoint","urlTemplate":"https:\/\/denisdubois.com\/fr\/?s={search_term_string}"},"query-input":{"@type":"PropertyValueSpecification","valueRequired":true,"valueName":"search_term_string"}}],"inLanguage":"fr-FR"},{"@type":"Organization","@id":"https:\/\/denisdubois.com\/fr\/#organization","name":"Denis Du Bois","url":"https:\/\/denisdubois.com\/fr\/","logo":{"@type":"ImageObject","inLanguage":"fr-FR","@id":"https:\/\/denisdubois.com\/fr\/#\/schema\/logo\/image\/","url":"https:\/\/i0.wp.com\/denisdubois.com\/wp-content\/uploads\/2025\/12\/logo-crest-atelier-251216-1200x399-1.jpg?fit=1200%2C399&ssl=1","contentUrl":"https:\/\/i0.wp.com\/denisdubois.com\/wp-content\/uploads\/2025\/12\/logo-crest-atelier-251216-1200x399-1.jpg?fit=1200%2C399&ssl=1","width":1200,"height":399,"caption":"Denis Du Bois"},"image":{"@id":"https:\/\/denisdubois.com\/fr\/#\/schema\/logo\/image\/"},"sameAs":["https:\/\/facebook.com\/denisdubois","https:\/\/instagram.com\/cool.trails"]}]}},"jetpack_sharing_enabled":true,"jetpack_shortlink":"https:\/\/wp.me\/PgZU3n-au","_links":{"self":[{"href":"https:\/\/denisdubois.com\/fr\/wp-json\/wp\/v2\/pages\/650","targetHints":{"allow":["GET"]}}],"collection":[{"href":"https:\/\/denisdubois.com\/fr\/wp-json\/wp\/v2\/pages"}],"about":[{"href":"https:\/\/denisdubois.com\/fr\/wp-json\/wp\/v2\/types\/page"}],"author":[{"embeddable":true,"href":"https:\/\/denisdubois.com\/fr\/wp-json\/wp\/v2\/users\/1"}],"replies":[{"embeddable":true,"href":"https:\/\/denisdubois.com\/fr\/wp-json\/wp\/v2\/comments?post=650"}],"version-history":[{"count":1,"href":"https:\/\/denisdubois.com\/fr\/wp-json\/wp\/v2\/pages\/650\/revisions"}],"predecessor-version":[{"id":653,"href":"https:\/\/denisdubois.com\/fr\/wp-json\/wp\/v2\/pages\/650\/revisions\/653"}],"wp:featuredmedia":[{"embeddable":true,"href":"https:\/\/denisdubois.com\/fr\/wp-json\/wp\/v2\/media\/652"}],"wp:attachment":[{"href":"https:\/\/denisdubois.com\/fr\/wp-json\/wp\/v2\/media?parent=650"}],"curies":[{"name":"wp","href":"https:\/\/api.w.org\/{rel}","templated":true}]}}