{"id":833,"date":"2025-12-17T01:55:38","date_gmt":"2025-12-17T01:55:38","guid":{"rendered":"https:\/\/denisdubois.com\/product\/serie-espana-torla-ordesa-impresiones-de-edicion-limitada\/"},"modified":"2025-12-17T01:55:38","modified_gmt":"2025-12-17T09:55:38","slug":"serie-espana-torla-ordesa-impresiones-de-edicion-limitada","status":"publish","type":"product","link":"https:\/\/denisdubois.com\/es\/producto\/serie-espana-torla-ordesa-impresiones-de-edicion-limitada\/","title":{"rendered":"Serie Espa\u00f1a: Torla-Ordesa Impresiones de Edici\u00f3n Limitada"},"content":{"rendered":"","protected":false},"excerpt":{"rendered":"<p>Esta impactante impresi\u00f3n art\u00edstica es la primera de mi serie Espa\u00f1a. Diboc\u00e9 escenas durante mi viaje por Espa\u00f1a en 2025 y regres\u00e9 a casa para desarrollarlas como serigraf\u00edas en el taller de grabado. Lea sobre ello en &#8220;<a href=\"https:\/\/denisdubois.com\/es\/torla-ordesa-la-historia-detras-de-esta-serigrafia-original\/\">Torla-Ordesa: La Historia<\/a>&#8221; en el Blog de Perspectivas del Artista.<\/p>\n<p>Serigraf\u00eda original, una de una peque\u00f1a edici\u00f3n limitada, impresa por el artista en papel Rives 100% algod\u00f3n, color blanco roto, de archivo, libre de \u00e1cido, \u00e1rea de imagen 28 x 35,5 cm, nueve colores de tinta, firmada y numerada por el artista. La hoja lleva mi sello en relieve de Autenticidad y viene con un Certificado de Autenticidad del Artista.<\/p>\n<p>Los colores en pantalla de dispositivos son inexactos. Esta es una obra de arte artesanal. Como tal, habr\u00e1 variaciones menores que hacen \u00fanica cada impresi\u00f3n. <a href=\"https:\/\/denisdubois.com\/es\/producto\/suscripcion-a-la-serie-espana-de-seis-serigrafias-artesanales\/\">Los suscriptores de la serie<\/a> recibir\u00e1n las impresiones con los n\u00fameros m\u00e1s bajos disponibles en cada edici\u00f3n.<\/p>\n","protected":false},"featured_media":557,"comment_status":"open","ping_status":"closed","template":"","meta":{"nf_dc_page":"","_monsterinsights_skip_tracking":false,"_monsterinsights_sitenote_active":false,"_monsterinsights_sitenote_note":"","_monsterinsights_sitenote_category":0},"product_brand":[],"product_cat":[106,105],"product_tag":[108,137,140,138],"class_list":{"0":"post-833","1":"product","2":"type-product","3":"status-publish","4":"has-post-thumbnail","6":"product_cat-serie-espana","7":"product_cat-serigrafia","8":"product_tag-espana","9":"product_tag-iglesia","10":"product_tag-montanas","11":"product_tag-paisaje","12":"product_shipping_class-estampa-mayor-que-tamano-carta","14":"first","15":"instock","16":"sold-individually","17":"taxable","18":"shipping-taxable","19":"purchasable","20":"product-type-variable","21":"has-default-attributes"},"yoast_head":"<!-- This site is optimized with the Yoast SEO plugin v27.4 - https:\/\/yoast.com\/product\/yoast-seo-wordpress\/ -->\n<title>Serie Espa\u00f1a: Torla-Ordesa Impresiones de Edici\u00f3n Limitada &#8211; Fine Art by Denis Du Bois<\/title>\n<meta name=\"description\" content=\"Hermosa serigraf\u00eda art\u00edstica, 28 x 35,5 cm, edici\u00f3n limitada, papel de arte 100% algod\u00f3n libre de \u00e1cido de archivo, nueve colores de tinta, firmada y numerada por el artista.\" \/>\n<meta name=\"robots\" content=\"index, follow, max-snippet:-1, max-image-preview:large, max-video-preview:-1\" \/>\n<link rel=\"canonical\" href=\"https:\/\/denisdubois.com\/es\/producto\/serie-espana-torla-ordesa-impresiones-de-edicion-limitada\/\" \/>\n<meta property=\"og:locale\" content=\"es_ES\" \/>\n<meta property=\"og:type\" content=\"article\" \/>\n<meta property=\"og:title\" content=\"Serie Espa\u00f1a: Torla-Ordesa Impresiones de Edici\u00f3n Limitada &#8211; Fine Art by Denis Du Bois\" \/>\n<meta property=\"og:description\" content=\"Hermosa serigraf\u00eda art\u00edstica, 28 x 35,5 cm, edici\u00f3n limitada, papel de arte 100% algod\u00f3n libre de \u00e1cido de archivo, nueve colores de tinta, firmada y numerada por el artista.\" \/>\n<meta property=\"og:url\" content=\"https:\/\/denisdubois.com\/es\/producto\/serie-espana-torla-ordesa-impresiones-de-edicion-limitada\/\" \/>\n<meta property=\"og:site_name\" content=\"Fine Art by Denis Du Bois\" \/>\n<meta property=\"article:publisher\" content=\"https:\/\/facebook.com\/denisdubois\" \/>\n<meta property=\"article:modified_time\" content=\"2025-12-17T09:55:38+00:00\" \/>\n<meta property=\"og:image\" content=\"https:\/\/denisdubois.com\/wp-content\/uploads\/2026\/03\/Torla-pro-photo-2-adj-v260322-noborder-transp-2400x-1024x1024.webp\" \/>\n\t<meta property=\"og:image:width\" content=\"1024\" \/>\n\t<meta property=\"og:image:height\" content=\"1024\" \/>\n\t<meta property=\"og:image:type\" content=\"image\/webp\" \/>\n<script type=\"application\/ld+json\" class=\"yoast-schema-graph\">{\"@context\":\"https:\\\/\\\/schema.org\",\"@graph\":[{\"@type\":\"WebPage\",\"@id\":\"https:\\\/\\\/denisdubois.com\\\/es\\\/producto\\\/serie-espana-torla-ordesa-impresiones-de-edicion-limitada\\\/\",\"url\":\"https:\\\/\\\/denisdubois.com\\\/es\\\/producto\\\/serie-espana-torla-ordesa-impresiones-de-edicion-limitada\\\/\",\"name\":\"Serie Espa\u00f1a: Torla-Ordesa Impresiones de Edici\u00f3n Limitada &#8211; Fine Art by Denis Du Bois\",\"isPartOf\":{\"@id\":\"https:\\\/\\\/denisdubois.com\\\/es\\\/#website\"},\"primaryImageOfPage\":{\"@id\":\"https:\\\/\\\/denisdubois.com\\\/es\\\/producto\\\/serie-espana-torla-ordesa-impresiones-de-edicion-limitada\\\/#primaryimage\"},\"image\":{\"@id\":\"https:\\\/\\\/denisdubois.com\\\/es\\\/producto\\\/serie-espana-torla-ordesa-impresiones-de-edicion-limitada\\\/#primaryimage\"},\"thumbnailUrl\":\"https:\\\/\\\/i0.wp.com\\\/denisdubois.com\\\/wp-content\\\/uploads\\\/2026\\\/03\\\/Torla-pro-photo-2-adj-v260322-noborder-transp-2400x.webp?fit=2400%2C2400&ssl=1\",\"datePublished\":\"2025-12-17T01:55:38+00:00\",\"dateModified\":\"2025-12-17T09:55:38+00:00\",\"description\":\"Hermosa serigraf\u00eda art\u00edstica, 28 x 35,5 cm, edici\u00f3n limitada, papel de arte 100% algod\u00f3n libre de \u00e1cido de archivo, nueve colores de tinta, firmada y numerada por el artista.\",\"breadcrumb\":{\"@id\":\"https:\\\/\\\/denisdubois.com\\\/es\\\/producto\\\/serie-espana-torla-ordesa-impresiones-de-edicion-limitada\\\/#breadcrumb\"},\"inLanguage\":\"es\",\"potentialAction\":[{\"@type\":\"ReadAction\",\"target\":[\"https:\\\/\\\/denisdubois.com\\\/es\\\/producto\\\/serie-espana-torla-ordesa-impresiones-de-edicion-limitada\\\/\"]}]},{\"@type\":\"ImageObject\",\"inLanguage\":\"es\",\"@id\":\"https:\\\/\\\/denisdubois.com\\\/es\\\/producto\\\/serie-espana-torla-ordesa-impresiones-de-edicion-limitada\\\/#primaryimage\",\"url\":\"https:\\\/\\\/i0.wp.com\\\/denisdubois.com\\\/wp-content\\\/uploads\\\/2026\\\/03\\\/Torla-pro-photo-2-adj-v260322-noborder-transp-2400x.webp?fit=2400%2C2400&ssl=1\",\"contentUrl\":\"https:\\\/\\\/i0.wp.com\\\/denisdubois.com\\\/wp-content\\\/uploads\\\/2026\\\/03\\\/Torla-pro-photo-2-adj-v260322-noborder-transp-2400x.webp?fit=2400%2C2400&ssl=1\",\"width\":2400,\"height\":2400,\"caption\":\"Torla Ordessa Spain collector fine art serigraph screen print Copyright 2026 Denis Du Bois\"},{\"@type\":\"BreadcrumbList\",\"@id\":\"https:\\\/\\\/denisdubois.com\\\/es\\\/producto\\\/serie-espana-torla-ordesa-impresiones-de-edicion-limitada\\\/#breadcrumb\",\"itemListElement\":[{\"@type\":\"ListItem\",\"position\":1,\"name\":\"Home\",\"item\":\"https:\\\/\\\/denisdubois.com\\\/es\\\/serigrafias-de-edicion-limitada-impresiones-artisticas-hechas-a-mano\\\/\"},{\"@type\":\"ListItem\",\"position\":2,\"name\":\"Tienda\",\"item\":\"https:\\\/\\\/denisdubois.com\\\/es\\\/tienda\\\/\"},{\"@type\":\"ListItem\",\"position\":3,\"name\":\"Serie Espa\u00f1a: Torla-Ordesa Impresiones de Edici\u00f3n Limitada\"}]},{\"@type\":\"WebSite\",\"@id\":\"https:\\\/\\\/denisdubois.com\\\/es\\\/#website\",\"url\":\"https:\\\/\\\/denisdubois.com\\\/es\\\/\",\"name\":\"Fine Art by Denis Du Bois\",\"description\":\"Explore the world through Denis Du Bois&#039; original drawings, paintings, and serigraphs. Subscribe for exclusive access to new editions and unique art collections.\",\"publisher\":{\"@id\":\"https:\\\/\\\/denisdubois.com\\\/es\\\/#organization\"},\"alternateName\":\"Atelier Denis Du Bois\",\"potentialAction\":[{\"@type\":\"SearchAction\",\"target\":{\"@type\":\"EntryPoint\",\"urlTemplate\":\"https:\\\/\\\/denisdubois.com\\\/es\\\/?s={search_term_string}\"},\"query-input\":{\"@type\":\"PropertyValueSpecification\",\"valueRequired\":true,\"valueName\":\"search_term_string\"}}],\"inLanguage\":\"es\"},{\"@type\":\"Organization\",\"@id\":\"https:\\\/\\\/denisdubois.com\\\/es\\\/#organization\",\"name\":\"Denis Du Bois\",\"url\":\"https:\\\/\\\/denisdubois.com\\\/es\\\/\",\"logo\":{\"@type\":\"ImageObject\",\"inLanguage\":\"es\",\"@id\":\"https:\\\/\\\/denisdubois.com\\\/es\\\/#\\\/schema\\\/logo\\\/image\\\/\",\"url\":\"https:\\\/\\\/i0.wp.com\\\/denisdubois.com\\\/wp-content\\\/uploads\\\/2025\\\/12\\\/logo-crest-atelier-251216-1200x399-1.jpg?fit=1200%2C399&ssl=1\",\"contentUrl\":\"https:\\\/\\\/i0.wp.com\\\/denisdubois.com\\\/wp-content\\\/uploads\\\/2025\\\/12\\\/logo-crest-atelier-251216-1200x399-1.jpg?fit=1200%2C399&ssl=1\",\"width\":1200,\"height\":399,\"caption\":\"Denis Du Bois\"},\"image\":{\"@id\":\"https:\\\/\\\/denisdubois.com\\\/es\\\/#\\\/schema\\\/logo\\\/image\\\/\"},\"sameAs\":[\"https:\\\/\\\/facebook.com\\\/denisdubois\",\"https:\\\/\\\/instagram.com\\\/cool.trails\"]}]}<\/script>\n<!-- \/ Yoast SEO plugin. -->","yoast_head_json":{"title":"Serie Espa\u00f1a: Torla-Ordesa Impresiones de Edici\u00f3n Limitada &#8211; Fine Art by Denis Du Bois","description":"Hermosa serigraf\u00eda art\u00edstica, 28 x 35,5 cm, edici\u00f3n limitada, papel de arte 100% algod\u00f3n libre de \u00e1cido de archivo, nueve colores de tinta, firmada y numerada por el artista.","robots":{"index":"index","follow":"follow","max-snippet":"max-snippet:-1","max-image-preview":"max-image-preview:large","max-video-preview":"max-video-preview:-1"},"canonical":"https:\/\/denisdubois.com\/es\/producto\/serie-espana-torla-ordesa-impresiones-de-edicion-limitada\/","og_locale":"es_ES","og_type":"article","og_title":"Serie Espa\u00f1a: Torla-Ordesa Impresiones de Edici\u00f3n Limitada &#8211; Fine Art by Denis Du Bois","og_description":"Hermosa serigraf\u00eda art\u00edstica, 28 x 35,5 cm, edici\u00f3n limitada, papel de arte 100% algod\u00f3n libre de \u00e1cido de archivo, nueve colores de tinta, firmada y numerada por el artista.","og_url":"https:\/\/denisdubois.com\/es\/producto\/serie-espana-torla-ordesa-impresiones-de-edicion-limitada\/","og_site_name":"Fine Art by Denis Du Bois","article_publisher":"https:\/\/facebook.com\/denisdubois","article_modified_time":"2025-12-17T09:55:38+00:00","og_image":[{"width":1024,"height":1024,"url":"https:\/\/denisdubois.com\/wp-content\/uploads\/2026\/03\/Torla-pro-photo-2-adj-v260322-noborder-transp-2400x-1024x1024.webp","type":"image\/webp"}],"schema":{"@context":"https:\/\/schema.org","@graph":[{"@type":"WebPage","@id":"https:\/\/denisdubois.com\/es\/producto\/serie-espana-torla-ordesa-impresiones-de-edicion-limitada\/","url":"https:\/\/denisdubois.com\/es\/producto\/serie-espana-torla-ordesa-impresiones-de-edicion-limitada\/","name":"Serie Espa\u00f1a: Torla-Ordesa Impresiones de Edici\u00f3n Limitada &#8211; Fine Art by Denis Du Bois","isPartOf":{"@id":"https:\/\/denisdubois.com\/es\/#website"},"primaryImageOfPage":{"@id":"https:\/\/denisdubois.com\/es\/producto\/serie-espana-torla-ordesa-impresiones-de-edicion-limitada\/#primaryimage"},"image":{"@id":"https:\/\/denisdubois.com\/es\/producto\/serie-espana-torla-ordesa-impresiones-de-edicion-limitada\/#primaryimage"},"thumbnailUrl":"https:\/\/i0.wp.com\/denisdubois.com\/wp-content\/uploads\/2026\/03\/Torla-pro-photo-2-adj-v260322-noborder-transp-2400x.webp?fit=2400%2C2400&ssl=1","datePublished":"2025-12-17T01:55:38+00:00","dateModified":"2025-12-17T09:55:38+00:00","description":"Hermosa serigraf\u00eda art\u00edstica, 28 x 35,5 cm, edici\u00f3n limitada, papel de arte 100% algod\u00f3n libre de \u00e1cido de archivo, nueve colores de tinta, firmada y numerada por el artista.","breadcrumb":{"@id":"https:\/\/denisdubois.com\/es\/producto\/serie-espana-torla-ordesa-impresiones-de-edicion-limitada\/#breadcrumb"},"inLanguage":"es","potentialAction":[{"@type":"ReadAction","target":["https:\/\/denisdubois.com\/es\/producto\/serie-espana-torla-ordesa-impresiones-de-edicion-limitada\/"]}]},{"@type":"ImageObject","inLanguage":"es","@id":"https:\/\/denisdubois.com\/es\/producto\/serie-espana-torla-ordesa-impresiones-de-edicion-limitada\/#primaryimage","url":"https:\/\/i0.wp.com\/denisdubois.com\/wp-content\/uploads\/2026\/03\/Torla-pro-photo-2-adj-v260322-noborder-transp-2400x.webp?fit=2400%2C2400&ssl=1","contentUrl":"https:\/\/i0.wp.com\/denisdubois.com\/wp-content\/uploads\/2026\/03\/Torla-pro-photo-2-adj-v260322-noborder-transp-2400x.webp?fit=2400%2C2400&ssl=1","width":2400,"height":2400,"caption":"Torla Ordessa Spain collector fine art serigraph screen print Copyright 2026 Denis Du Bois"},{"@type":"BreadcrumbList","@id":"https:\/\/denisdubois.com\/es\/producto\/serie-espana-torla-ordesa-impresiones-de-edicion-limitada\/#breadcrumb","itemListElement":[{"@type":"ListItem","position":1,"name":"Home","item":"https:\/\/denisdubois.com\/es\/serigrafias-de-edicion-limitada-impresiones-artisticas-hechas-a-mano\/"},{"@type":"ListItem","position":2,"name":"Tienda","item":"https:\/\/denisdubois.com\/es\/tienda\/"},{"@type":"ListItem","position":3,"name":"Serie Espa\u00f1a: Torla-Ordesa Impresiones de Edici\u00f3n Limitada"}]},{"@type":"WebSite","@id":"https:\/\/denisdubois.com\/es\/#website","url":"https:\/\/denisdubois.com\/es\/","name":"Fine Art by Denis Du Bois","description":"Explore the world through Denis Du Bois&#039; original drawings, paintings, and serigraphs. Subscribe for exclusive access to new editions and unique art collections.","publisher":{"@id":"https:\/\/denisdubois.com\/es\/#organization"},"alternateName":"Atelier Denis Du Bois","potentialAction":[{"@type":"SearchAction","target":{"@type":"EntryPoint","urlTemplate":"https:\/\/denisdubois.com\/es\/?s={search_term_string}"},"query-input":{"@type":"PropertyValueSpecification","valueRequired":true,"valueName":"search_term_string"}}],"inLanguage":"es"},{"@type":"Organization","@id":"https:\/\/denisdubois.com\/es\/#organization","name":"Denis Du Bois","url":"https:\/\/denisdubois.com\/es\/","logo":{"@type":"ImageObject","inLanguage":"es","@id":"https:\/\/denisdubois.com\/es\/#\/schema\/logo\/image\/","url":"https:\/\/i0.wp.com\/denisdubois.com\/wp-content\/uploads\/2025\/12\/logo-crest-atelier-251216-1200x399-1.jpg?fit=1200%2C399&ssl=1","contentUrl":"https:\/\/i0.wp.com\/denisdubois.com\/wp-content\/uploads\/2025\/12\/logo-crest-atelier-251216-1200x399-1.jpg?fit=1200%2C399&ssl=1","width":1200,"height":399,"caption":"Denis Du Bois"},"image":{"@id":"https:\/\/denisdubois.com\/es\/#\/schema\/logo\/image\/"},"sameAs":["https:\/\/facebook.com\/denisdubois","https:\/\/instagram.com\/cool.trails"]}]}},"jetpack_sharing_enabled":true,"_links":{"self":[{"href":"https:\/\/denisdubois.com\/es\/wp-json\/wp\/v2\/product\/833","targetHints":{"allow":["GET"]}}],"collection":[{"href":"https:\/\/denisdubois.com\/es\/wp-json\/wp\/v2\/product"}],"about":[{"href":"https:\/\/denisdubois.com\/es\/wp-json\/wp\/v2\/types\/product"}],"replies":[{"embeddable":true,"href":"https:\/\/denisdubois.com\/es\/wp-json\/wp\/v2\/comments?post=833"}],"wp:featuredmedia":[{"embeddable":true,"href":"https:\/\/denisdubois.com\/es\/wp-json\/wp\/v2\/media\/557"}],"wp:attachment":[{"href":"https:\/\/denisdubois.com\/es\/wp-json\/wp\/v2\/media?parent=833"}],"wp:term":[{"taxonomy":"product_brand","embeddable":true,"href":"https:\/\/denisdubois.com\/es\/wp-json\/wp\/v2\/product_brand?post=833"},{"taxonomy":"product_cat","embeddable":true,"href":"https:\/\/denisdubois.com\/es\/wp-json\/wp\/v2\/product_cat?post=833"},{"taxonomy":"product_tag","embeddable":true,"href":"https:\/\/denisdubois.com\/es\/wp-json\/wp\/v2\/product_tag?post=833"}],"curies":[{"name":"wp","href":"https:\/\/api.w.org\/{rel}","templated":true}]}}