{"id":812,"date":"2026-02-16T14:01:40","date_gmt":"2026-02-16T22:01:40","guid":{"rendered":"https:\/\/denisdubois.com\/product\/iglesia-san-salvador-serigrafia-de-arte-lineal\/"},"modified":"2026-02-16T14:01:40","modified_gmt":"2026-02-16T22:01:40","slug":"iglesia-san-salvador-serigrafia-de-arte-lineal","status":"publish","type":"product","link":"https:\/\/denisdubois.com\/es\/producto\/iglesia-san-salvador-serigrafia-de-arte-lineal\/","title":{"rendered":"Iglesia San Salvador &#8211; Serigraf\u00eda de Arte Lineal"},"content":{"rendered":"","protected":false},"excerpt":{"rendered":"<p>Esta variaci\u00f3n de <a href=\"https:\/\/denisdubois.com\/product\/collectors-prints-spain-torla\/\">su versi\u00f3n en color<\/a> es una serigraf\u00eda creada a partir de un boceto a pluma y tinta que realic\u00e9 en el norte de Espa\u00f1a durante un viaje de dibujo urbano. Representa la encantadora Iglesia de San Salvador en el pueblo de monta\u00f1a de Torla-Ordesa. Lea sobre este tema en &#8220;<a href=\"https:\/\/denisdubois.com\/es\/torla-ordesa-la-historia-detras-de-esta-serigrafia-original\/\">Torla-Ordesa: La Historia<\/a>&#8221; en el Blog Artist&#8217;s Insights.<\/p>\n<p>Disponible enmarcado o sin enmarcar. El \u00e1rea de imagen serigrafiada con t\u00edtulo y firma es de 11&#215;14 pulgadas. Serigrafiado por el artista sobre papel Rives 100% algod\u00f3n, libre de \u00e1cido, de 115 g\/m\u00b2, color blanco crema para grabado, utilizando tinta sepia oscura. La hoja de 14&#215;19 pulgadas est\u00e1 destinada a ser recortada para enmarcar.<\/p>\n<p>Edici\u00f3n abierta, firmada y con relieve, con Certificado de Autenticidad del Artista. Los colores de la pantalla del dispositivo son inexactos. No forma parte de una suscripci\u00f3n.<\/p>\n","protected":false},"featured_media":502,"comment_status":"open","ping_status":"closed","template":"","meta":{"nf_dc_page":"","_monsterinsights_skip_tracking":false,"_monsterinsights_sitenote_active":false,"_monsterinsights_sitenote_note":"","_monsterinsights_sitenote_category":0},"product_brand":[],"product_cat":[106,105],"product_tag":[121,139,108,137,138],"class_list":{"0":"post-812","1":"product","2":"type-product","3":"status-publish","4":"has-post-thumbnail","6":"product_cat-serie-espana","7":"product_cat-serigrafia","8":"product_tag-11x14","9":"product_tag-dibujo","10":"product_tag-espana","11":"product_tag-iglesia","12":"product_tag-paisaje","13":"product_shipping_class-estampa-mayor-que-tamano-carta","15":"first","16":"instock","17":"taxable","18":"shipping-taxable","19":"purchasable","20":"product-type-variable"},"yoast_head":"<!-- This site is optimized with the Yoast SEO plugin v27.4 - https:\/\/yoast.com\/product\/yoast-seo-wordpress\/ -->\n<title>Iglesia San Salvador - Serigraf\u00eda de Arte Lineal &#8211; Fine Art by Denis Du Bois<\/title>\n<meta name=\"description\" content=\"Serigraf\u00eda firmada que representa la encantadora Iglesia de San Salvador en Torla-Ordesa, Espa\u00f1a. \u00c1rea de imagen de 11x14 pulgadas sobre papel Rives 100% algod\u00f3n. Disponible enmarcado.\" \/>\n<meta name=\"robots\" content=\"index, follow, max-snippet:-1, max-image-preview:large, max-video-preview:-1\" \/>\n<link rel=\"canonical\" href=\"https:\/\/denisdubois.com\/es\/producto\/iglesia-san-salvador-serigrafia-de-arte-lineal\/\" \/>\n<meta property=\"og:locale\" content=\"es_ES\" \/>\n<meta property=\"og:type\" content=\"article\" \/>\n<meta property=\"og:title\" content=\"Iglesia San Salvador - Serigraf\u00eda de Arte Lineal &#8211; Fine Art by Denis Du Bois\" \/>\n<meta property=\"og:description\" content=\"Serigraf\u00eda firmada que representa la encantadora Iglesia de San Salvador en Torla-Ordesa, Espa\u00f1a. \u00c1rea de imagen de 11x14 pulgadas sobre papel Rives 100% algod\u00f3n. Disponible enmarcado.\" \/>\n<meta property=\"og:url\" content=\"https:\/\/denisdubois.com\/es\/producto\/iglesia-san-salvador-serigrafia-de-arte-lineal\/\" \/>\n<meta property=\"og:site_name\" content=\"Fine Art by Denis Du Bois\" \/>\n<meta property=\"article:publisher\" content=\"https:\/\/facebook.com\/denisdubois\" \/>\n<meta property=\"og:image\" content=\"https:\/\/i0.wp.com\/denisdubois.com\/wp-content\/uploads\/2026\/02\/Iglesia-pro-photo-cleaned-1800x-v260303.webp?fit=1800%2C1800&ssl=1\" \/>\n\t<meta property=\"og:image:width\" content=\"1800\" \/>\n\t<meta property=\"og:image:height\" content=\"1800\" \/>\n\t<meta property=\"og:image:type\" content=\"image\/webp\" \/>\n<script type=\"application\/ld+json\" class=\"yoast-schema-graph\">{\"@context\":\"https:\\\/\\\/schema.org\",\"@graph\":[{\"@type\":\"WebPage\",\"@id\":\"https:\\\/\\\/denisdubois.com\\\/es\\\/producto\\\/iglesia-san-salvador-serigrafia-de-arte-lineal\\\/\",\"url\":\"https:\\\/\\\/denisdubois.com\\\/es\\\/producto\\\/iglesia-san-salvador-serigrafia-de-arte-lineal\\\/\",\"name\":\"Iglesia San Salvador - Serigraf\u00eda de Arte Lineal &#8211; Fine Art by Denis Du Bois\",\"isPartOf\":{\"@id\":\"https:\\\/\\\/denisdubois.com\\\/es\\\/#website\"},\"primaryImageOfPage\":{\"@id\":\"https:\\\/\\\/denisdubois.com\\\/es\\\/producto\\\/iglesia-san-salvador-serigrafia-de-arte-lineal\\\/#primaryimage\"},\"image\":{\"@id\":\"https:\\\/\\\/denisdubois.com\\\/es\\\/producto\\\/iglesia-san-salvador-serigrafia-de-arte-lineal\\\/#primaryimage\"},\"thumbnailUrl\":\"https:\\\/\\\/i0.wp.com\\\/denisdubois.com\\\/wp-content\\\/uploads\\\/2026\\\/02\\\/Iglesia-pro-photo-cleaned-1800x-v260303.webp?fit=1800%2C1800&ssl=1\",\"datePublished\":\"2026-02-16T22:01:40+00:00\",\"description\":\"Serigraf\u00eda firmada que representa la encantadora Iglesia de San Salvador en Torla-Ordesa, Espa\u00f1a. \u00c1rea de imagen de 11x14 pulgadas sobre papel Rives 100% algod\u00f3n. Disponible enmarcado.\",\"breadcrumb\":{\"@id\":\"https:\\\/\\\/denisdubois.com\\\/es\\\/producto\\\/iglesia-san-salvador-serigrafia-de-arte-lineal\\\/#breadcrumb\"},\"inLanguage\":\"es\",\"potentialAction\":[{\"@type\":\"ReadAction\",\"target\":[\"https:\\\/\\\/denisdubois.com\\\/es\\\/producto\\\/iglesia-san-salvador-serigrafia-de-arte-lineal\\\/\"]}]},{\"@type\":\"ImageObject\",\"inLanguage\":\"es\",\"@id\":\"https:\\\/\\\/denisdubois.com\\\/es\\\/producto\\\/iglesia-san-salvador-serigrafia-de-arte-lineal\\\/#primaryimage\",\"url\":\"https:\\\/\\\/i0.wp.com\\\/denisdubois.com\\\/wp-content\\\/uploads\\\/2026\\\/02\\\/Iglesia-pro-photo-cleaned-1800x-v260303.webp?fit=1800%2C1800&ssl=1\",\"contentUrl\":\"https:\\\/\\\/i0.wp.com\\\/denisdubois.com\\\/wp-content\\\/uploads\\\/2026\\\/02\\\/Iglesia-pro-photo-cleaned-1800x-v260303.webp?fit=1800%2C1800&ssl=1\",\"width\":1800,\"height\":1800,\"caption\":\"serigraph of iglesia san salvador spain by Denis Du Bois\"},{\"@type\":\"BreadcrumbList\",\"@id\":\"https:\\\/\\\/denisdubois.com\\\/es\\\/producto\\\/iglesia-san-salvador-serigrafia-de-arte-lineal\\\/#breadcrumb\",\"itemListElement\":[{\"@type\":\"ListItem\",\"position\":1,\"name\":\"Home\",\"item\":\"https:\\\/\\\/denisdubois.com\\\/es\\\/serigrafias-de-edicion-limitada-impresiones-artisticas-hechas-a-mano\\\/\"},{\"@type\":\"ListItem\",\"position\":2,\"name\":\"Tienda\",\"item\":\"https:\\\/\\\/denisdubois.com\\\/es\\\/tienda\\\/\"},{\"@type\":\"ListItem\",\"position\":3,\"name\":\"Iglesia San Salvador &#8211; Serigraf\u00eda de Arte Lineal\"}]},{\"@type\":\"WebSite\",\"@id\":\"https:\\\/\\\/denisdubois.com\\\/es\\\/#website\",\"url\":\"https:\\\/\\\/denisdubois.com\\\/es\\\/\",\"name\":\"Fine Art by Denis Du Bois\",\"description\":\"Explore the world through Denis Du Bois&#039; original drawings, paintings, and serigraphs. Subscribe for exclusive access to new editions and unique art collections.\",\"publisher\":{\"@id\":\"https:\\\/\\\/denisdubois.com\\\/es\\\/#organization\"},\"alternateName\":\"Atelier Denis Du Bois\",\"potentialAction\":[{\"@type\":\"SearchAction\",\"target\":{\"@type\":\"EntryPoint\",\"urlTemplate\":\"https:\\\/\\\/denisdubois.com\\\/es\\\/?s={search_term_string}\"},\"query-input\":{\"@type\":\"PropertyValueSpecification\",\"valueRequired\":true,\"valueName\":\"search_term_string\"}}],\"inLanguage\":\"es\"},{\"@type\":\"Organization\",\"@id\":\"https:\\\/\\\/denisdubois.com\\\/es\\\/#organization\",\"name\":\"Denis Du Bois\",\"url\":\"https:\\\/\\\/denisdubois.com\\\/es\\\/\",\"logo\":{\"@type\":\"ImageObject\",\"inLanguage\":\"es\",\"@id\":\"https:\\\/\\\/denisdubois.com\\\/es\\\/#\\\/schema\\\/logo\\\/image\\\/\",\"url\":\"https:\\\/\\\/i0.wp.com\\\/denisdubois.com\\\/wp-content\\\/uploads\\\/2025\\\/12\\\/logo-crest-atelier-251216-1200x399-1.jpg?fit=1200%2C399&ssl=1\",\"contentUrl\":\"https:\\\/\\\/i0.wp.com\\\/denisdubois.com\\\/wp-content\\\/uploads\\\/2025\\\/12\\\/logo-crest-atelier-251216-1200x399-1.jpg?fit=1200%2C399&ssl=1\",\"width\":1200,\"height\":399,\"caption\":\"Denis Du Bois\"},\"image\":{\"@id\":\"https:\\\/\\\/denisdubois.com\\\/es\\\/#\\\/schema\\\/logo\\\/image\\\/\"},\"sameAs\":[\"https:\\\/\\\/facebook.com\\\/denisdubois\",\"https:\\\/\\\/instagram.com\\\/cool.trails\"]}]}<\/script>\n<!-- \/ Yoast SEO plugin. -->","yoast_head_json":{"title":"Iglesia San Salvador - Serigraf\u00eda de Arte Lineal &#8211; Fine Art by Denis Du Bois","description":"Serigraf\u00eda firmada que representa la encantadora Iglesia de San Salvador en Torla-Ordesa, Espa\u00f1a. \u00c1rea de imagen de 11x14 pulgadas sobre papel Rives 100% algod\u00f3n. Disponible enmarcado.","robots":{"index":"index","follow":"follow","max-snippet":"max-snippet:-1","max-image-preview":"max-image-preview:large","max-video-preview":"max-video-preview:-1"},"canonical":"https:\/\/denisdubois.com\/es\/producto\/iglesia-san-salvador-serigrafia-de-arte-lineal\/","og_locale":"es_ES","og_type":"article","og_title":"Iglesia San Salvador - Serigraf\u00eda de Arte Lineal &#8211; Fine Art by Denis Du Bois","og_description":"Serigraf\u00eda firmada que representa la encantadora Iglesia de San Salvador en Torla-Ordesa, Espa\u00f1a. \u00c1rea de imagen de 11x14 pulgadas sobre papel Rives 100% algod\u00f3n. Disponible enmarcado.","og_url":"https:\/\/denisdubois.com\/es\/producto\/iglesia-san-salvador-serigrafia-de-arte-lineal\/","og_site_name":"Fine Art by Denis Du Bois","article_publisher":"https:\/\/facebook.com\/denisdubois","og_image":[{"width":1800,"height":1800,"url":"https:\/\/i0.wp.com\/denisdubois.com\/wp-content\/uploads\/2026\/02\/Iglesia-pro-photo-cleaned-1800x-v260303.webp?fit=1800%2C1800&ssl=1","type":"image\/webp"}],"schema":{"@context":"https:\/\/schema.org","@graph":[{"@type":"WebPage","@id":"https:\/\/denisdubois.com\/es\/producto\/iglesia-san-salvador-serigrafia-de-arte-lineal\/","url":"https:\/\/denisdubois.com\/es\/producto\/iglesia-san-salvador-serigrafia-de-arte-lineal\/","name":"Iglesia San Salvador - Serigraf\u00eda de Arte Lineal &#8211; Fine Art by Denis Du Bois","isPartOf":{"@id":"https:\/\/denisdubois.com\/es\/#website"},"primaryImageOfPage":{"@id":"https:\/\/denisdubois.com\/es\/producto\/iglesia-san-salvador-serigrafia-de-arte-lineal\/#primaryimage"},"image":{"@id":"https:\/\/denisdubois.com\/es\/producto\/iglesia-san-salvador-serigrafia-de-arte-lineal\/#primaryimage"},"thumbnailUrl":"https:\/\/i0.wp.com\/denisdubois.com\/wp-content\/uploads\/2026\/02\/Iglesia-pro-photo-cleaned-1800x-v260303.webp?fit=1800%2C1800&ssl=1","datePublished":"2026-02-16T22:01:40+00:00","description":"Serigraf\u00eda firmada que representa la encantadora Iglesia de San Salvador en Torla-Ordesa, Espa\u00f1a. \u00c1rea de imagen de 11x14 pulgadas sobre papel Rives 100% algod\u00f3n. Disponible enmarcado.","breadcrumb":{"@id":"https:\/\/denisdubois.com\/es\/producto\/iglesia-san-salvador-serigrafia-de-arte-lineal\/#breadcrumb"},"inLanguage":"es","potentialAction":[{"@type":"ReadAction","target":["https:\/\/denisdubois.com\/es\/producto\/iglesia-san-salvador-serigrafia-de-arte-lineal\/"]}]},{"@type":"ImageObject","inLanguage":"es","@id":"https:\/\/denisdubois.com\/es\/producto\/iglesia-san-salvador-serigrafia-de-arte-lineal\/#primaryimage","url":"https:\/\/i0.wp.com\/denisdubois.com\/wp-content\/uploads\/2026\/02\/Iglesia-pro-photo-cleaned-1800x-v260303.webp?fit=1800%2C1800&ssl=1","contentUrl":"https:\/\/i0.wp.com\/denisdubois.com\/wp-content\/uploads\/2026\/02\/Iglesia-pro-photo-cleaned-1800x-v260303.webp?fit=1800%2C1800&ssl=1","width":1800,"height":1800,"caption":"serigraph of iglesia san salvador spain by Denis Du Bois"},{"@type":"BreadcrumbList","@id":"https:\/\/denisdubois.com\/es\/producto\/iglesia-san-salvador-serigrafia-de-arte-lineal\/#breadcrumb","itemListElement":[{"@type":"ListItem","position":1,"name":"Home","item":"https:\/\/denisdubois.com\/es\/serigrafias-de-edicion-limitada-impresiones-artisticas-hechas-a-mano\/"},{"@type":"ListItem","position":2,"name":"Tienda","item":"https:\/\/denisdubois.com\/es\/tienda\/"},{"@type":"ListItem","position":3,"name":"Iglesia San Salvador &#8211; Serigraf\u00eda de Arte Lineal"}]},{"@type":"WebSite","@id":"https:\/\/denisdubois.com\/es\/#website","url":"https:\/\/denisdubois.com\/es\/","name":"Fine Art by Denis Du Bois","description":"Explore the world through Denis Du Bois&#039; original drawings, paintings, and serigraphs. Subscribe for exclusive access to new editions and unique art collections.","publisher":{"@id":"https:\/\/denisdubois.com\/es\/#organization"},"alternateName":"Atelier Denis Du Bois","potentialAction":[{"@type":"SearchAction","target":{"@type":"EntryPoint","urlTemplate":"https:\/\/denisdubois.com\/es\/?s={search_term_string}"},"query-input":{"@type":"PropertyValueSpecification","valueRequired":true,"valueName":"search_term_string"}}],"inLanguage":"es"},{"@type":"Organization","@id":"https:\/\/denisdubois.com\/es\/#organization","name":"Denis Du Bois","url":"https:\/\/denisdubois.com\/es\/","logo":{"@type":"ImageObject","inLanguage":"es","@id":"https:\/\/denisdubois.com\/es\/#\/schema\/logo\/image\/","url":"https:\/\/i0.wp.com\/denisdubois.com\/wp-content\/uploads\/2025\/12\/logo-crest-atelier-251216-1200x399-1.jpg?fit=1200%2C399&ssl=1","contentUrl":"https:\/\/i0.wp.com\/denisdubois.com\/wp-content\/uploads\/2025\/12\/logo-crest-atelier-251216-1200x399-1.jpg?fit=1200%2C399&ssl=1","width":1200,"height":399,"caption":"Denis Du Bois"},"image":{"@id":"https:\/\/denisdubois.com\/es\/#\/schema\/logo\/image\/"},"sameAs":["https:\/\/facebook.com\/denisdubois","https:\/\/instagram.com\/cool.trails"]}]}},"jetpack_sharing_enabled":true,"_links":{"self":[{"href":"https:\/\/denisdubois.com\/es\/wp-json\/wp\/v2\/product\/812","targetHints":{"allow":["GET"]}}],"collection":[{"href":"https:\/\/denisdubois.com\/es\/wp-json\/wp\/v2\/product"}],"about":[{"href":"https:\/\/denisdubois.com\/es\/wp-json\/wp\/v2\/types\/product"}],"replies":[{"embeddable":true,"href":"https:\/\/denisdubois.com\/es\/wp-json\/wp\/v2\/comments?post=812"}],"wp:featuredmedia":[{"embeddable":true,"href":"https:\/\/denisdubois.com\/es\/wp-json\/wp\/v2\/media\/502"}],"wp:attachment":[{"href":"https:\/\/denisdubois.com\/es\/wp-json\/wp\/v2\/media?parent=812"}],"wp:term":[{"taxonomy":"product_brand","embeddable":true,"href":"https:\/\/denisdubois.com\/es\/wp-json\/wp\/v2\/product_brand?post=812"},{"taxonomy":"product_cat","embeddable":true,"href":"https:\/\/denisdubois.com\/es\/wp-json\/wp\/v2\/product_cat?post=812"},{"taxonomy":"product_tag","embeddable":true,"href":"https:\/\/denisdubois.com\/es\/wp-json\/wp\/v2\/product_tag?post=812"}],"curies":[{"name":"wp","href":"https:\/\/api.w.org\/{rel}","templated":true}]}}