{"id":803,"date":"2026-03-18T19:13:08","date_gmt":"2026-03-19T03:13:08","guid":{"rendered":"https:\/\/denisdubois.com\/product\/tu-me-manques-2-serigrafia-en-color\/"},"modified":"2026-03-18T19:13:08","modified_gmt":"2026-03-19T03:13:08","slug":"tu-me-manques-2-serigrafia-en-color","status":"publish","type":"product","link":"https:\/\/denisdubois.com\/es\/producto\/tu-me-manques-2-serigrafia-en-color\/","title":{"rendered":"Tu Me Manques 2 &#8211; Serigraf\u00eda en color"},"content":{"rendered":"","protected":false},"excerpt":{"rendered":"<p>Ella se sienta sola, encontrando equilibrio y fuerza en la ausencia de su amado. Serigraf\u00eda en 8 colores basada en un boceto de figura del natural. &#8220;Tu me manques&#8221; significa &#8220;Te echo de menos&#8221; en franc\u00e9s. Para m\u00e1s informaci\u00f3n sobre esta obra y la serie de serigraf\u00edas de arte figurativo, est\u00e9 atento al <a href=\"https:\/\/denisdubois.com\/insights\/\">Blog de Perspectivas del Artista<\/a>. Serigraf\u00eda, \u00e1rea de imagen de 30 \u00d7 30 cm. 2026.<\/p>\n","protected":false},"featured_media":546,"comment_status":"open","ping_status":"closed","template":"","meta":{"nf_dc_page":"","_monsterinsights_skip_tracking":false,"_monsterinsights_sitenote_active":false,"_monsterinsights_sitenote_note":"","_monsterinsights_sitenote_category":0},"product_brand":[],"product_cat":[117,105],"product_tag":[120,119],"class_list":{"0":"post-803","1":"product","2":"type-product","3":"status-publish","4":"has-post-thumbnail","6":"product_cat-figurativo","7":"product_cat-serigrafia","8":"product_tag-femenino","9":"product_tag-figurativo","10":"product_shipping_class-estampa-mayor-que-tamano-carta","12":"first","13":"instock","14":"taxable","15":"shipping-taxable","16":"purchasable","17":"product-type-simple"},"yoast_head":"<!-- This site is optimized with the Yoast SEO plugin v27.4 - https:\/\/yoast.com\/product\/yoast-seo-wordpress\/ -->\n<title>Tu Me Manques 2 - Serigraf\u00eda en color &#8211; Fine Art by Denis Du Bois<\/title>\n<meta name=\"description\" content=\"Serigraf\u00eda de 30 \u00d7 30 cm basada en un dibujo de figura. &quot;Tu me manques&quot; significa &quot;Te echo de menos&quot;\" \/>\n<meta name=\"robots\" content=\"index, follow, max-snippet:-1, max-image-preview:large, max-video-preview:-1\" \/>\n<link rel=\"canonical\" href=\"https:\/\/denisdubois.com\/es\/producto\/tu-me-manques-2-serigrafia-en-color\/\" \/>\n<meta property=\"og:locale\" content=\"es_ES\" \/>\n<meta property=\"og:type\" content=\"article\" \/>\n<meta property=\"og:title\" content=\"Tu Me Manques 2 - Serigraf\u00eda en color &#8211; Fine Art by Denis Du Bois\" \/>\n<meta property=\"og:description\" content=\"Serigraf\u00eda de 30 \u00d7 30 cm basada en un dibujo de figura. &quot;Tu me manques&quot; significa &quot;Te echo de menos&quot;\" \/>\n<meta property=\"og:url\" content=\"https:\/\/denisdubois.com\/es\/producto\/tu-me-manques-2-serigrafia-en-color\/\" \/>\n<meta property=\"og:site_name\" content=\"Fine Art by Denis Du Bois\" \/>\n<meta property=\"article:publisher\" content=\"https:\/\/facebook.com\/denisdubois\" \/>\n<meta property=\"og:image\" content=\"https:\/\/i0.wp.com\/denisdubois.com\/wp-content\/uploads\/2026\/03\/tmm2-pro-photo-260318-cleaned-1200x-1.jpg?fit=1200%2C1200&ssl=1\" \/>\n\t<meta property=\"og:image:width\" content=\"1200\" \/>\n\t<meta property=\"og:image:height\" content=\"1200\" \/>\n\t<meta property=\"og:image:type\" content=\"image\/jpeg\" \/>\n<script type=\"application\/ld+json\" class=\"yoast-schema-graph\">{\"@context\":\"https:\\\/\\\/schema.org\",\"@graph\":[{\"@type\":\"WebPage\",\"@id\":\"https:\\\/\\\/denisdubois.com\\\/es\\\/producto\\\/tu-me-manques-2-serigrafia-en-color\\\/\",\"url\":\"https:\\\/\\\/denisdubois.com\\\/es\\\/producto\\\/tu-me-manques-2-serigrafia-en-color\\\/\",\"name\":\"Tu Me Manques 2 - Serigraf\u00eda en color &#8211; Fine Art by Denis Du Bois\",\"isPartOf\":{\"@id\":\"https:\\\/\\\/denisdubois.com\\\/es\\\/#website\"},\"primaryImageOfPage\":{\"@id\":\"https:\\\/\\\/denisdubois.com\\\/es\\\/producto\\\/tu-me-manques-2-serigrafia-en-color\\\/#primaryimage\"},\"image\":{\"@id\":\"https:\\\/\\\/denisdubois.com\\\/es\\\/producto\\\/tu-me-manques-2-serigrafia-en-color\\\/#primaryimage\"},\"thumbnailUrl\":\"https:\\\/\\\/i0.wp.com\\\/denisdubois.com\\\/wp-content\\\/uploads\\\/2026\\\/03\\\/tmm2-pro-photo-260318-cleaned-1200x-1.jpg?fit=1200%2C1200&ssl=1\",\"datePublished\":\"2026-03-19T03:13:08+00:00\",\"description\":\"Serigraf\u00eda de 30 \u00d7 30 cm basada en un dibujo de figura. \\\"Tu me manques\\\" significa \\\"Te echo de menos\\\"\",\"breadcrumb\":{\"@id\":\"https:\\\/\\\/denisdubois.com\\\/es\\\/producto\\\/tu-me-manques-2-serigrafia-en-color\\\/#breadcrumb\"},\"inLanguage\":\"es\",\"potentialAction\":[{\"@type\":\"ReadAction\",\"target\":[\"https:\\\/\\\/denisdubois.com\\\/es\\\/producto\\\/tu-me-manques-2-serigrafia-en-color\\\/\"]}]},{\"@type\":\"ImageObject\",\"inLanguage\":\"es\",\"@id\":\"https:\\\/\\\/denisdubois.com\\\/es\\\/producto\\\/tu-me-manques-2-serigrafia-en-color\\\/#primaryimage\",\"url\":\"https:\\\/\\\/i0.wp.com\\\/denisdubois.com\\\/wp-content\\\/uploads\\\/2026\\\/03\\\/tmm2-pro-photo-260318-cleaned-1200x-1.jpg?fit=1200%2C1200&ssl=1\",\"contentUrl\":\"https:\\\/\\\/i0.wp.com\\\/denisdubois.com\\\/wp-content\\\/uploads\\\/2026\\\/03\\\/tmm2-pro-photo-260318-cleaned-1200x-1.jpg?fit=1200%2C1200&ssl=1\",\"width\":1200,\"height\":1200},{\"@type\":\"BreadcrumbList\",\"@id\":\"https:\\\/\\\/denisdubois.com\\\/es\\\/producto\\\/tu-me-manques-2-serigrafia-en-color\\\/#breadcrumb\",\"itemListElement\":[{\"@type\":\"ListItem\",\"position\":1,\"name\":\"Home\",\"item\":\"https:\\\/\\\/denisdubois.com\\\/es\\\/serigrafias-de-edicion-limitada-impresiones-artisticas-hechas-a-mano\\\/\"},{\"@type\":\"ListItem\",\"position\":2,\"name\":\"Tienda\",\"item\":\"https:\\\/\\\/denisdubois.com\\\/es\\\/tienda\\\/\"},{\"@type\":\"ListItem\",\"position\":3,\"name\":\"Tu Me Manques 2 &#8211; Serigraf\u00eda en color\"}]},{\"@type\":\"WebSite\",\"@id\":\"https:\\\/\\\/denisdubois.com\\\/es\\\/#website\",\"url\":\"https:\\\/\\\/denisdubois.com\\\/es\\\/\",\"name\":\"Fine Art by Denis Du Bois\",\"description\":\"Explore the world through Denis Du Bois&#039; original drawings, paintings, and serigraphs. Subscribe for exclusive access to new editions and unique art collections.\",\"publisher\":{\"@id\":\"https:\\\/\\\/denisdubois.com\\\/es\\\/#organization\"},\"alternateName\":\"Atelier Denis Du Bois\",\"potentialAction\":[{\"@type\":\"SearchAction\",\"target\":{\"@type\":\"EntryPoint\",\"urlTemplate\":\"https:\\\/\\\/denisdubois.com\\\/es\\\/?s={search_term_string}\"},\"query-input\":{\"@type\":\"PropertyValueSpecification\",\"valueRequired\":true,\"valueName\":\"search_term_string\"}}],\"inLanguage\":\"es\"},{\"@type\":\"Organization\",\"@id\":\"https:\\\/\\\/denisdubois.com\\\/es\\\/#organization\",\"name\":\"Denis Du Bois\",\"url\":\"https:\\\/\\\/denisdubois.com\\\/es\\\/\",\"logo\":{\"@type\":\"ImageObject\",\"inLanguage\":\"es\",\"@id\":\"https:\\\/\\\/denisdubois.com\\\/es\\\/#\\\/schema\\\/logo\\\/image\\\/\",\"url\":\"https:\\\/\\\/i0.wp.com\\\/denisdubois.com\\\/wp-content\\\/uploads\\\/2025\\\/12\\\/logo-crest-atelier-251216-1200x399-1.jpg?fit=1200%2C399&ssl=1\",\"contentUrl\":\"https:\\\/\\\/i0.wp.com\\\/denisdubois.com\\\/wp-content\\\/uploads\\\/2025\\\/12\\\/logo-crest-atelier-251216-1200x399-1.jpg?fit=1200%2C399&ssl=1\",\"width\":1200,\"height\":399,\"caption\":\"Denis Du Bois\"},\"image\":{\"@id\":\"https:\\\/\\\/denisdubois.com\\\/es\\\/#\\\/schema\\\/logo\\\/image\\\/\"},\"sameAs\":[\"https:\\\/\\\/facebook.com\\\/denisdubois\",\"https:\\\/\\\/instagram.com\\\/cool.trails\"]}]}<\/script>\n<!-- \/ Yoast SEO plugin. -->","yoast_head_json":{"title":"Tu Me Manques 2 - Serigraf\u00eda en color &#8211; Fine Art by Denis Du Bois","description":"Serigraf\u00eda de 30 \u00d7 30 cm basada en un dibujo de figura. \"Tu me manques\" significa \"Te echo de menos\"","robots":{"index":"index","follow":"follow","max-snippet":"max-snippet:-1","max-image-preview":"max-image-preview:large","max-video-preview":"max-video-preview:-1"},"canonical":"https:\/\/denisdubois.com\/es\/producto\/tu-me-manques-2-serigrafia-en-color\/","og_locale":"es_ES","og_type":"article","og_title":"Tu Me Manques 2 - Serigraf\u00eda en color &#8211; Fine Art by Denis Du Bois","og_description":"Serigraf\u00eda de 30 \u00d7 30 cm basada en un dibujo de figura. \"Tu me manques\" significa \"Te echo de menos\"","og_url":"https:\/\/denisdubois.com\/es\/producto\/tu-me-manques-2-serigrafia-en-color\/","og_site_name":"Fine Art by Denis Du Bois","article_publisher":"https:\/\/facebook.com\/denisdubois","og_image":[{"width":1200,"height":1200,"url":"https:\/\/i0.wp.com\/denisdubois.com\/wp-content\/uploads\/2026\/03\/tmm2-pro-photo-260318-cleaned-1200x-1.jpg?fit=1200%2C1200&ssl=1","type":"image\/jpeg"}],"schema":{"@context":"https:\/\/schema.org","@graph":[{"@type":"WebPage","@id":"https:\/\/denisdubois.com\/es\/producto\/tu-me-manques-2-serigrafia-en-color\/","url":"https:\/\/denisdubois.com\/es\/producto\/tu-me-manques-2-serigrafia-en-color\/","name":"Tu Me Manques 2 - Serigraf\u00eda en color &#8211; Fine Art by Denis Du Bois","isPartOf":{"@id":"https:\/\/denisdubois.com\/es\/#website"},"primaryImageOfPage":{"@id":"https:\/\/denisdubois.com\/es\/producto\/tu-me-manques-2-serigrafia-en-color\/#primaryimage"},"image":{"@id":"https:\/\/denisdubois.com\/es\/producto\/tu-me-manques-2-serigrafia-en-color\/#primaryimage"},"thumbnailUrl":"https:\/\/i0.wp.com\/denisdubois.com\/wp-content\/uploads\/2026\/03\/tmm2-pro-photo-260318-cleaned-1200x-1.jpg?fit=1200%2C1200&ssl=1","datePublished":"2026-03-19T03:13:08+00:00","description":"Serigraf\u00eda de 30 \u00d7 30 cm basada en un dibujo de figura. \"Tu me manques\" significa \"Te echo de menos\"","breadcrumb":{"@id":"https:\/\/denisdubois.com\/es\/producto\/tu-me-manques-2-serigrafia-en-color\/#breadcrumb"},"inLanguage":"es","potentialAction":[{"@type":"ReadAction","target":["https:\/\/denisdubois.com\/es\/producto\/tu-me-manques-2-serigrafia-en-color\/"]}]},{"@type":"ImageObject","inLanguage":"es","@id":"https:\/\/denisdubois.com\/es\/producto\/tu-me-manques-2-serigrafia-en-color\/#primaryimage","url":"https:\/\/i0.wp.com\/denisdubois.com\/wp-content\/uploads\/2026\/03\/tmm2-pro-photo-260318-cleaned-1200x-1.jpg?fit=1200%2C1200&ssl=1","contentUrl":"https:\/\/i0.wp.com\/denisdubois.com\/wp-content\/uploads\/2026\/03\/tmm2-pro-photo-260318-cleaned-1200x-1.jpg?fit=1200%2C1200&ssl=1","width":1200,"height":1200},{"@type":"BreadcrumbList","@id":"https:\/\/denisdubois.com\/es\/producto\/tu-me-manques-2-serigrafia-en-color\/#breadcrumb","itemListElement":[{"@type":"ListItem","position":1,"name":"Home","item":"https:\/\/denisdubois.com\/es\/serigrafias-de-edicion-limitada-impresiones-artisticas-hechas-a-mano\/"},{"@type":"ListItem","position":2,"name":"Tienda","item":"https:\/\/denisdubois.com\/es\/tienda\/"},{"@type":"ListItem","position":3,"name":"Tu Me Manques 2 &#8211; Serigraf\u00eda en color"}]},{"@type":"WebSite","@id":"https:\/\/denisdubois.com\/es\/#website","url":"https:\/\/denisdubois.com\/es\/","name":"Fine Art by Denis Du Bois","description":"Explore the world through Denis Du Bois&#039; original drawings, paintings, and serigraphs. Subscribe for exclusive access to new editions and unique art collections.","publisher":{"@id":"https:\/\/denisdubois.com\/es\/#organization"},"alternateName":"Atelier Denis Du Bois","potentialAction":[{"@type":"SearchAction","target":{"@type":"EntryPoint","urlTemplate":"https:\/\/denisdubois.com\/es\/?s={search_term_string}"},"query-input":{"@type":"PropertyValueSpecification","valueRequired":true,"valueName":"search_term_string"}}],"inLanguage":"es"},{"@type":"Organization","@id":"https:\/\/denisdubois.com\/es\/#organization","name":"Denis Du Bois","url":"https:\/\/denisdubois.com\/es\/","logo":{"@type":"ImageObject","inLanguage":"es","@id":"https:\/\/denisdubois.com\/es\/#\/schema\/logo\/image\/","url":"https:\/\/i0.wp.com\/denisdubois.com\/wp-content\/uploads\/2025\/12\/logo-crest-atelier-251216-1200x399-1.jpg?fit=1200%2C399&ssl=1","contentUrl":"https:\/\/i0.wp.com\/denisdubois.com\/wp-content\/uploads\/2025\/12\/logo-crest-atelier-251216-1200x399-1.jpg?fit=1200%2C399&ssl=1","width":1200,"height":399,"caption":"Denis Du Bois"},"image":{"@id":"https:\/\/denisdubois.com\/es\/#\/schema\/logo\/image\/"},"sameAs":["https:\/\/facebook.com\/denisdubois","https:\/\/instagram.com\/cool.trails"]}]}},"jetpack_sharing_enabled":true,"_links":{"self":[{"href":"https:\/\/denisdubois.com\/es\/wp-json\/wp\/v2\/product\/803","targetHints":{"allow":["GET"]}}],"collection":[{"href":"https:\/\/denisdubois.com\/es\/wp-json\/wp\/v2\/product"}],"about":[{"href":"https:\/\/denisdubois.com\/es\/wp-json\/wp\/v2\/types\/product"}],"replies":[{"embeddable":true,"href":"https:\/\/denisdubois.com\/es\/wp-json\/wp\/v2\/comments?post=803"}],"wp:featuredmedia":[{"embeddable":true,"href":"https:\/\/denisdubois.com\/es\/wp-json\/wp\/v2\/media\/546"}],"wp:attachment":[{"href":"https:\/\/denisdubois.com\/es\/wp-json\/wp\/v2\/media?parent=803"}],"wp:term":[{"taxonomy":"product_brand","embeddable":true,"href":"https:\/\/denisdubois.com\/es\/wp-json\/wp\/v2\/product_brand?post=803"},{"taxonomy":"product_cat","embeddable":true,"href":"https:\/\/denisdubois.com\/es\/wp-json\/wp\/v2\/product_cat?post=803"},{"taxonomy":"product_tag","embeddable":true,"href":"https:\/\/denisdubois.com\/es\/wp-json\/wp\/v2\/product_tag?post=803"}],"curies":[{"name":"wp","href":"https:\/\/api.w.org\/{rel}","templated":true}]}}