{"id":776,"date":"2025-12-19T16:35:19","date_gmt":"2025-12-20T00:35:19","guid":{"rendered":"https:\/\/denisdubois.com\/product\/resist-hate-serigrafias-de-arte-agotado\/"},"modified":"2025-12-19T16:35:19","modified_gmt":"2025-12-20T00:35:19","slug":"resist-hate-serigrafias-de-arte-agotado","status":"publish","type":"product","link":"https:\/\/denisdubois.com\/es\/producto\/resist-hate-serigrafias-de-arte-agotado\/","title":{"rendered":"Resist Hate &#8211; Serigraf\u00edas de Arte (AGOTADO)"},"content":{"rendered":"","protected":false},"excerpt":{"rendered":"<p>El odio, la ira, el miedo y la culpa son herramientas poderosas de explotaci\u00f3n. Los l\u00edderes d\u00e9biles dicen a sus seguidores que odien a sus oponentes. Es m\u00e1s f\u00e1cil que crear un cambio positivo para todos. La incitaci\u00f3n al odio siempre ser\u00e1 parte de la opresi\u00f3n. Las personas pueden resistir reconoci\u00e9ndolo primero.<\/p>\n<p>Este dise\u00f1o evoca la sensaci\u00f3n de haber sido impreso por rebeldes en un s\u00f3tano con una bombilla desnuda, donde un golpe en la puerta har\u00eda que todos corrieran hacia la escalera de incendios.<\/p>\n<p>Tama\u00f1o del papel de serigraf\u00eda 27,9 \u00d7 35,6 cm. Los colores son rojo, negro y blanco, sobre papel de bellas artes color hueso de 250 g\/m\u00b2. 2025.<\/p>\n","protected":false},"featured_media":433,"comment_status":"closed","ping_status":"closed","template":"","meta":{"nf_dc_page":"","_monsterinsights_skip_tracking":false,"_monsterinsights_sitenote_active":false,"_monsterinsights_sitenote_note":"","_monsterinsights_sitenote_category":0},"product_brand":[],"product_cat":[105],"product_tag":[121],"class_list":{"0":"post-776","1":"product","2":"type-product","3":"status-publish","4":"has-post-thumbnail","6":"product_cat-serigrafia","7":"product_tag-11x14","8":"product_shipping_class-estampa-mayor-que-tamano-carta","10":"first","11":"outofstock","12":"sold-individually","13":"taxable","14":"shipping-taxable","15":"purchasable","16":"product-type-simple"},"yoast_head":"<!-- This site is optimized with the Yoast SEO plugin v27.4 - https:\/\/yoast.com\/product\/yoast-seo-wordpress\/ -->\n<title>Resist Hate - Serigraf\u00edas de Arte (AGOTADO) &#8211; Fine Art by Denis Du Bois<\/title>\n<meta name=\"description\" content=\"El odio, la ira, el miedo y la culpa son herramientas poderosas de explotaci\u00f3n. La incitaci\u00f3n al odio siempre ser\u00e1 parte de la opresi\u00f3n. Podemos resistir reconoci\u00e9ndolo primero.\" \/>\n<meta name=\"robots\" content=\"index, follow, max-snippet:-1, max-image-preview:large, max-video-preview:-1\" \/>\n<link rel=\"canonical\" href=\"https:\/\/denisdubois.com\/es\/producto\/resist-hate-serigrafias-de-arte-agotado\/\" \/>\n<meta property=\"og:locale\" content=\"es_ES\" \/>\n<meta property=\"og:type\" content=\"article\" \/>\n<meta property=\"og:title\" content=\"Resist Hate - Serigraf\u00edas de Arte (AGOTADO) &#8211; Fine Art by Denis Du Bois\" \/>\n<meta property=\"og:description\" content=\"El odio, la ira, el miedo y la culpa son herramientas poderosas de explotaci\u00f3n. La incitaci\u00f3n al odio siempre ser\u00e1 parte de la opresi\u00f3n. Podemos resistir reconoci\u00e9ndolo primero.\" \/>\n<meta property=\"og:url\" content=\"https:\/\/denisdubois.com\/es\/producto\/resist-hate-serigrafias-de-arte-agotado\/\" \/>\n<meta property=\"og:site_name\" content=\"Fine Art by Denis Du Bois\" \/>\n<meta property=\"article:publisher\" content=\"https:\/\/facebook.com\/denisdubois\" \/>\n<meta property=\"og:image\" content=\"https:\/\/i0.wp.com\/denisdubois.com\/wp-content\/uploads\/2026\/01\/hate-scan-260119-900x-transp.png?fit=900%2C900&ssl=1\" \/>\n\t<meta property=\"og:image:width\" content=\"900\" \/>\n\t<meta property=\"og:image:height\" content=\"900\" \/>\n\t<meta property=\"og:image:type\" content=\"image\/png\" \/>\n<script type=\"application\/ld+json\" class=\"yoast-schema-graph\">{\"@context\":\"https:\\\/\\\/schema.org\",\"@graph\":[{\"@type\":\"WebPage\",\"@id\":\"https:\\\/\\\/denisdubois.com\\\/es\\\/producto\\\/resist-hate-serigrafias-de-arte-agotado\\\/\",\"url\":\"https:\\\/\\\/denisdubois.com\\\/es\\\/producto\\\/resist-hate-serigrafias-de-arte-agotado\\\/\",\"name\":\"Resist Hate - Serigraf\u00edas de Arte (AGOTADO) &#8211; Fine Art by Denis Du Bois\",\"isPartOf\":{\"@id\":\"https:\\\/\\\/denisdubois.com\\\/es\\\/#website\"},\"primaryImageOfPage\":{\"@id\":\"https:\\\/\\\/denisdubois.com\\\/es\\\/producto\\\/resist-hate-serigrafias-de-arte-agotado\\\/#primaryimage\"},\"image\":{\"@id\":\"https:\\\/\\\/denisdubois.com\\\/es\\\/producto\\\/resist-hate-serigrafias-de-arte-agotado\\\/#primaryimage\"},\"thumbnailUrl\":\"https:\\\/\\\/i0.wp.com\\\/denisdubois.com\\\/wp-content\\\/uploads\\\/2026\\\/01\\\/hate-scan-260119-900x-transp.png?fit=900%2C900&ssl=1\",\"datePublished\":\"2025-12-20T00:35:19+00:00\",\"description\":\"El odio, la ira, el miedo y la culpa son herramientas poderosas de explotaci\u00f3n. La incitaci\u00f3n al odio siempre ser\u00e1 parte de la opresi\u00f3n. Podemos resistir reconoci\u00e9ndolo primero.\",\"breadcrumb\":{\"@id\":\"https:\\\/\\\/denisdubois.com\\\/es\\\/producto\\\/resist-hate-serigrafias-de-arte-agotado\\\/#breadcrumb\"},\"inLanguage\":\"es\",\"potentialAction\":[{\"@type\":\"ReadAction\",\"target\":[\"https:\\\/\\\/denisdubois.com\\\/es\\\/producto\\\/resist-hate-serigrafias-de-arte-agotado\\\/\"]}]},{\"@type\":\"ImageObject\",\"inLanguage\":\"es\",\"@id\":\"https:\\\/\\\/denisdubois.com\\\/es\\\/producto\\\/resist-hate-serigrafias-de-arte-agotado\\\/#primaryimage\",\"url\":\"https:\\\/\\\/i0.wp.com\\\/denisdubois.com\\\/wp-content\\\/uploads\\\/2026\\\/01\\\/hate-scan-260119-900x-transp.png?fit=900%2C900&ssl=1\",\"contentUrl\":\"https:\\\/\\\/i0.wp.com\\\/denisdubois.com\\\/wp-content\\\/uploads\\\/2026\\\/01\\\/hate-scan-260119-900x-transp.png?fit=900%2C900&ssl=1\",\"width\":900,\"height\":900,\"caption\":\"Resist Hate (Big Brother)\"},{\"@type\":\"BreadcrumbList\",\"@id\":\"https:\\\/\\\/denisdubois.com\\\/es\\\/producto\\\/resist-hate-serigrafias-de-arte-agotado\\\/#breadcrumb\",\"itemListElement\":[{\"@type\":\"ListItem\",\"position\":1,\"name\":\"Home\",\"item\":\"https:\\\/\\\/denisdubois.com\\\/es\\\/serigrafias-de-edicion-limitada-impresiones-artisticas-hechas-a-mano\\\/\"},{\"@type\":\"ListItem\",\"position\":2,\"name\":\"Tienda\",\"item\":\"https:\\\/\\\/denisdubois.com\\\/es\\\/tienda\\\/\"},{\"@type\":\"ListItem\",\"position\":3,\"name\":\"Resist Hate &#8211; Serigraf\u00edas de Arte (AGOTADO)\"}]},{\"@type\":\"WebSite\",\"@id\":\"https:\\\/\\\/denisdubois.com\\\/es\\\/#website\",\"url\":\"https:\\\/\\\/denisdubois.com\\\/es\\\/\",\"name\":\"Fine Art by Denis Du Bois\",\"description\":\"Explore the world through Denis Du Bois&#039; original drawings, paintings, and serigraphs. Subscribe for exclusive access to new editions and unique art collections.\",\"publisher\":{\"@id\":\"https:\\\/\\\/denisdubois.com\\\/es\\\/#organization\"},\"alternateName\":\"Atelier Denis Du Bois\",\"potentialAction\":[{\"@type\":\"SearchAction\",\"target\":{\"@type\":\"EntryPoint\",\"urlTemplate\":\"https:\\\/\\\/denisdubois.com\\\/es\\\/?s={search_term_string}\"},\"query-input\":{\"@type\":\"PropertyValueSpecification\",\"valueRequired\":true,\"valueName\":\"search_term_string\"}}],\"inLanguage\":\"es\"},{\"@type\":\"Organization\",\"@id\":\"https:\\\/\\\/denisdubois.com\\\/es\\\/#organization\",\"name\":\"Denis Du Bois\",\"url\":\"https:\\\/\\\/denisdubois.com\\\/es\\\/\",\"logo\":{\"@type\":\"ImageObject\",\"inLanguage\":\"es\",\"@id\":\"https:\\\/\\\/denisdubois.com\\\/es\\\/#\\\/schema\\\/logo\\\/image\\\/\",\"url\":\"https:\\\/\\\/i0.wp.com\\\/denisdubois.com\\\/wp-content\\\/uploads\\\/2025\\\/12\\\/logo-crest-atelier-251216-1200x399-1.jpg?fit=1200%2C399&ssl=1\",\"contentUrl\":\"https:\\\/\\\/i0.wp.com\\\/denisdubois.com\\\/wp-content\\\/uploads\\\/2025\\\/12\\\/logo-crest-atelier-251216-1200x399-1.jpg?fit=1200%2C399&ssl=1\",\"width\":1200,\"height\":399,\"caption\":\"Denis Du Bois\"},\"image\":{\"@id\":\"https:\\\/\\\/denisdubois.com\\\/es\\\/#\\\/schema\\\/logo\\\/image\\\/\"},\"sameAs\":[\"https:\\\/\\\/facebook.com\\\/denisdubois\",\"https:\\\/\\\/instagram.com\\\/cool.trails\"]}]}<\/script>\n<!-- \/ Yoast SEO plugin. -->","yoast_head_json":{"title":"Resist Hate - Serigraf\u00edas de Arte (AGOTADO) &#8211; Fine Art by Denis Du Bois","description":"El odio, la ira, el miedo y la culpa son herramientas poderosas de explotaci\u00f3n. La incitaci\u00f3n al odio siempre ser\u00e1 parte de la opresi\u00f3n. Podemos resistir reconoci\u00e9ndolo primero.","robots":{"index":"index","follow":"follow","max-snippet":"max-snippet:-1","max-image-preview":"max-image-preview:large","max-video-preview":"max-video-preview:-1"},"canonical":"https:\/\/denisdubois.com\/es\/producto\/resist-hate-serigrafias-de-arte-agotado\/","og_locale":"es_ES","og_type":"article","og_title":"Resist Hate - Serigraf\u00edas de Arte (AGOTADO) &#8211; Fine Art by Denis Du Bois","og_description":"El odio, la ira, el miedo y la culpa son herramientas poderosas de explotaci\u00f3n. La incitaci\u00f3n al odio siempre ser\u00e1 parte de la opresi\u00f3n. Podemos resistir reconoci\u00e9ndolo primero.","og_url":"https:\/\/denisdubois.com\/es\/producto\/resist-hate-serigrafias-de-arte-agotado\/","og_site_name":"Fine Art by Denis Du Bois","article_publisher":"https:\/\/facebook.com\/denisdubois","og_image":[{"width":900,"height":900,"url":"https:\/\/i0.wp.com\/denisdubois.com\/wp-content\/uploads\/2026\/01\/hate-scan-260119-900x-transp.png?fit=900%2C900&ssl=1","type":"image\/png"}],"schema":{"@context":"https:\/\/schema.org","@graph":[{"@type":"WebPage","@id":"https:\/\/denisdubois.com\/es\/producto\/resist-hate-serigrafias-de-arte-agotado\/","url":"https:\/\/denisdubois.com\/es\/producto\/resist-hate-serigrafias-de-arte-agotado\/","name":"Resist Hate - Serigraf\u00edas de Arte (AGOTADO) &#8211; Fine Art by Denis Du Bois","isPartOf":{"@id":"https:\/\/denisdubois.com\/es\/#website"},"primaryImageOfPage":{"@id":"https:\/\/denisdubois.com\/es\/producto\/resist-hate-serigrafias-de-arte-agotado\/#primaryimage"},"image":{"@id":"https:\/\/denisdubois.com\/es\/producto\/resist-hate-serigrafias-de-arte-agotado\/#primaryimage"},"thumbnailUrl":"https:\/\/i0.wp.com\/denisdubois.com\/wp-content\/uploads\/2026\/01\/hate-scan-260119-900x-transp.png?fit=900%2C900&ssl=1","datePublished":"2025-12-20T00:35:19+00:00","description":"El odio, la ira, el miedo y la culpa son herramientas poderosas de explotaci\u00f3n. La incitaci\u00f3n al odio siempre ser\u00e1 parte de la opresi\u00f3n. Podemos resistir reconoci\u00e9ndolo primero.","breadcrumb":{"@id":"https:\/\/denisdubois.com\/es\/producto\/resist-hate-serigrafias-de-arte-agotado\/#breadcrumb"},"inLanguage":"es","potentialAction":[{"@type":"ReadAction","target":["https:\/\/denisdubois.com\/es\/producto\/resist-hate-serigrafias-de-arte-agotado\/"]}]},{"@type":"ImageObject","inLanguage":"es","@id":"https:\/\/denisdubois.com\/es\/producto\/resist-hate-serigrafias-de-arte-agotado\/#primaryimage","url":"https:\/\/i0.wp.com\/denisdubois.com\/wp-content\/uploads\/2026\/01\/hate-scan-260119-900x-transp.png?fit=900%2C900&ssl=1","contentUrl":"https:\/\/i0.wp.com\/denisdubois.com\/wp-content\/uploads\/2026\/01\/hate-scan-260119-900x-transp.png?fit=900%2C900&ssl=1","width":900,"height":900,"caption":"Resist Hate (Big Brother)"},{"@type":"BreadcrumbList","@id":"https:\/\/denisdubois.com\/es\/producto\/resist-hate-serigrafias-de-arte-agotado\/#breadcrumb","itemListElement":[{"@type":"ListItem","position":1,"name":"Home","item":"https:\/\/denisdubois.com\/es\/serigrafias-de-edicion-limitada-impresiones-artisticas-hechas-a-mano\/"},{"@type":"ListItem","position":2,"name":"Tienda","item":"https:\/\/denisdubois.com\/es\/tienda\/"},{"@type":"ListItem","position":3,"name":"Resist Hate &#8211; Serigraf\u00edas de Arte (AGOTADO)"}]},{"@type":"WebSite","@id":"https:\/\/denisdubois.com\/es\/#website","url":"https:\/\/denisdubois.com\/es\/","name":"Fine Art by Denis Du Bois","description":"Explore the world through Denis Du Bois&#039; original drawings, paintings, and serigraphs. Subscribe for exclusive access to new editions and unique art collections.","publisher":{"@id":"https:\/\/denisdubois.com\/es\/#organization"},"alternateName":"Atelier Denis Du Bois","potentialAction":[{"@type":"SearchAction","target":{"@type":"EntryPoint","urlTemplate":"https:\/\/denisdubois.com\/es\/?s={search_term_string}"},"query-input":{"@type":"PropertyValueSpecification","valueRequired":true,"valueName":"search_term_string"}}],"inLanguage":"es"},{"@type":"Organization","@id":"https:\/\/denisdubois.com\/es\/#organization","name":"Denis Du Bois","url":"https:\/\/denisdubois.com\/es\/","logo":{"@type":"ImageObject","inLanguage":"es","@id":"https:\/\/denisdubois.com\/es\/#\/schema\/logo\/image\/","url":"https:\/\/i0.wp.com\/denisdubois.com\/wp-content\/uploads\/2025\/12\/logo-crest-atelier-251216-1200x399-1.jpg?fit=1200%2C399&ssl=1","contentUrl":"https:\/\/i0.wp.com\/denisdubois.com\/wp-content\/uploads\/2025\/12\/logo-crest-atelier-251216-1200x399-1.jpg?fit=1200%2C399&ssl=1","width":1200,"height":399,"caption":"Denis Du Bois"},"image":{"@id":"https:\/\/denisdubois.com\/es\/#\/schema\/logo\/image\/"},"sameAs":["https:\/\/facebook.com\/denisdubois","https:\/\/instagram.com\/cool.trails"]}]}},"jetpack_sharing_enabled":true,"_links":{"self":[{"href":"https:\/\/denisdubois.com\/es\/wp-json\/wp\/v2\/product\/776","targetHints":{"allow":["GET"]}}],"collection":[{"href":"https:\/\/denisdubois.com\/es\/wp-json\/wp\/v2\/product"}],"about":[{"href":"https:\/\/denisdubois.com\/es\/wp-json\/wp\/v2\/types\/product"}],"replies":[{"embeddable":true,"href":"https:\/\/denisdubois.com\/es\/wp-json\/wp\/v2\/comments?post=776"}],"wp:featuredmedia":[{"embeddable":true,"href":"https:\/\/denisdubois.com\/es\/wp-json\/wp\/v2\/media\/433"}],"wp:attachment":[{"href":"https:\/\/denisdubois.com\/es\/wp-json\/wp\/v2\/media?parent=776"}],"wp:term":[{"taxonomy":"product_brand","embeddable":true,"href":"https:\/\/denisdubois.com\/es\/wp-json\/wp\/v2\/product_brand?post=776"},{"taxonomy":"product_cat","embeddable":true,"href":"https:\/\/denisdubois.com\/es\/wp-json\/wp\/v2\/product_cat?post=776"},{"taxonomy":"product_tag","embeddable":true,"href":"https:\/\/denisdubois.com\/es\/wp-json\/wp\/v2\/product_tag?post=776"}],"curies":[{"name":"wp","href":"https:\/\/api.w.org\/{rel}","templated":true}]}}