{"id":774,"date":"2026-01-31T09:07:21","date_gmt":"2026-01-31T17:07:21","guid":{"rendered":"https:\/\/denisdubois.com\/product\/retrato-venetian-red-vendido\/"},"modified":"2026-01-31T09:07:21","modified_gmt":"2026-01-31T17:07:21","slug":"retrato-venetian-red-vendido","status":"publish","type":"product","link":"https:\/\/denisdubois.com\/es\/producto\/retrato-venetian-red-vendido\/","title":{"rendered":"Retrato \u00abVenetian Red\u00bb (VENDIDO)"},"content":{"rendered":"","protected":false},"excerpt":{"rendered":"<p>Este retrato original se dibuj\u00f3 del natural en una hora utilizando dos t\u00e9cnicas de dibujo del mismo color. Presenta mi estilo habitual de l\u00edneas exageradas. La creta Cont\u00e9 es como el carboncillo, pero con un poco de cera para que se adhiera mejor al papel. Mol\u00ed parte de ese color y lo apliqu\u00e9 con un instrumento de dibujo de punta blanda. El color natural del papel realza el tono c\u00e1lido del dibujo.<\/p>\n<p>L\u00e1piz de color y creta Cont\u00e9 sobre papel de dibujo Strathmore 400 de 18&#215;24&#8243;. 2025. Pieza \u00fanica.<\/p>\n","protected":false},"featured_media":457,"comment_status":"open","ping_status":"closed","template":"","meta":{"nf_dc_page":"","_monsterinsights_skip_tracking":false,"_monsterinsights_sitenote_active":false,"_monsterinsights_sitenote_note":"","_monsterinsights_sitenote_category":0},"product_brand":[],"product_cat":[117],"product_tag":[120],"class_list":{"0":"post-774","1":"product","2":"type-product","3":"status-publish","4":"has-post-thumbnail","6":"product_cat-figurativo","7":"product_tag-femenino","9":"first","10":"outofstock","11":"taxable","12":"shipping-taxable","13":"purchasable","14":"product-type-simple"},"yoast_head":"<!-- This site is optimized with the Yoast SEO plugin v27.4 - https:\/\/yoast.com\/product\/yoast-seo-wordpress\/ -->\n<title>Retrato \u00abVenetian Red\u00bb (VENDIDO) &#8211; Fine Art by Denis Du Bois<\/title>\n<meta name=\"robots\" content=\"index, follow, max-snippet:-1, max-image-preview:large, max-video-preview:-1\" \/>\n<link rel=\"canonical\" href=\"https:\/\/denisdubois.com\/es\/producto\/retrato-venetian-red-vendido\/\" \/>\n<meta property=\"og:locale\" content=\"es_ES\" \/>\n<meta property=\"og:type\" content=\"article\" \/>\n<meta property=\"og:title\" content=\"Retrato \u00abVenetian Red\u00bb (VENDIDO) &#8211; Fine Art by Denis Du Bois\" \/>\n<meta property=\"og:description\" content=\"Este retrato original se dibuj\u00f3 del natural en una hora utilizando dos t\u00e9cnicas de dibujo del mismo color. Presenta mi estilo habitual de l\u00edneas exageradas. La creta Cont\u00e9 es como el carboncillo, pero con un poco de cera para que se adhiera mejor al papel. Mol\u00ed parte de ese color y lo apliqu\u00e9 con un instrumento de dibujo de punta blanda. El color natural del papel realza el tono c\u00e1lido del dibujo. L\u00e1piz de color y creta Cont\u00e9 sobre papel de dibujo Strathmore 400 de 18x24&quot;. 2025. Pieza \u00fanica.\" \/>\n<meta property=\"og:url\" content=\"https:\/\/denisdubois.com\/es\/producto\/retrato-venetian-red-vendido\/\" \/>\n<meta property=\"og:site_name\" content=\"Fine Art by Denis Du Bois\" \/>\n<meta property=\"article:publisher\" content=\"https:\/\/facebook.com\/denisdubois\" \/>\n<meta property=\"og:image\" content=\"https:\/\/i0.wp.com\/denisdubois.com\/wp-content\/uploads\/2026\/01\/20250317_132636-submission-dubois-scaled.jpg?fit=2164%2C2560&ssl=1\" \/>\n\t<meta property=\"og:image:width\" content=\"2164\" \/>\n\t<meta property=\"og:image:height\" content=\"2560\" \/>\n\t<meta property=\"og:image:type\" content=\"image\/jpeg\" \/>\n<script type=\"application\/ld+json\" class=\"yoast-schema-graph\">{\"@context\":\"https:\\\/\\\/schema.org\",\"@graph\":[{\"@type\":\"WebPage\",\"@id\":\"https:\\\/\\\/denisdubois.com\\\/es\\\/producto\\\/retrato-venetian-red-vendido\\\/\",\"url\":\"https:\\\/\\\/denisdubois.com\\\/es\\\/producto\\\/retrato-venetian-red-vendido\\\/\",\"name\":\"Retrato \u00abVenetian Red\u00bb (VENDIDO) &#8211; Fine Art by Denis Du Bois\",\"isPartOf\":{\"@id\":\"https:\\\/\\\/denisdubois.com\\\/es\\\/#website\"},\"primaryImageOfPage\":{\"@id\":\"https:\\\/\\\/denisdubois.com\\\/es\\\/producto\\\/retrato-venetian-red-vendido\\\/#primaryimage\"},\"image\":{\"@id\":\"https:\\\/\\\/denisdubois.com\\\/es\\\/producto\\\/retrato-venetian-red-vendido\\\/#primaryimage\"},\"thumbnailUrl\":\"https:\\\/\\\/i0.wp.com\\\/denisdubois.com\\\/wp-content\\\/uploads\\\/2026\\\/01\\\/20250317_132636-submission-dubois-scaled.jpg?fit=2164%2C2560&ssl=1\",\"datePublished\":\"2026-01-31T17:07:21+00:00\",\"breadcrumb\":{\"@id\":\"https:\\\/\\\/denisdubois.com\\\/es\\\/producto\\\/retrato-venetian-red-vendido\\\/#breadcrumb\"},\"inLanguage\":\"es\",\"potentialAction\":[{\"@type\":\"ReadAction\",\"target\":[\"https:\\\/\\\/denisdubois.com\\\/es\\\/producto\\\/retrato-venetian-red-vendido\\\/\"]}]},{\"@type\":\"ImageObject\",\"inLanguage\":\"es\",\"@id\":\"https:\\\/\\\/denisdubois.com\\\/es\\\/producto\\\/retrato-venetian-red-vendido\\\/#primaryimage\",\"url\":\"https:\\\/\\\/i0.wp.com\\\/denisdubois.com\\\/wp-content\\\/uploads\\\/2026\\\/01\\\/20250317_132636-submission-dubois-scaled.jpg?fit=2164%2C2560&ssl=1\",\"contentUrl\":\"https:\\\/\\\/i0.wp.com\\\/denisdubois.com\\\/wp-content\\\/uploads\\\/2026\\\/01\\\/20250317_132636-submission-dubois-scaled.jpg?fit=2164%2C2560&ssl=1\",\"width\":2164,\"height\":2560},{\"@type\":\"BreadcrumbList\",\"@id\":\"https:\\\/\\\/denisdubois.com\\\/es\\\/producto\\\/retrato-venetian-red-vendido\\\/#breadcrumb\",\"itemListElement\":[{\"@type\":\"ListItem\",\"position\":1,\"name\":\"Home\",\"item\":\"https:\\\/\\\/denisdubois.com\\\/es\\\/serigrafias-de-edicion-limitada-impresiones-artisticas-hechas-a-mano\\\/\"},{\"@type\":\"ListItem\",\"position\":2,\"name\":\"Tienda\",\"item\":\"https:\\\/\\\/denisdubois.com\\\/es\\\/tienda\\\/\"},{\"@type\":\"ListItem\",\"position\":3,\"name\":\"Retrato \u00abVenetian Red\u00bb (VENDIDO)\"}]},{\"@type\":\"WebSite\",\"@id\":\"https:\\\/\\\/denisdubois.com\\\/es\\\/#website\",\"url\":\"https:\\\/\\\/denisdubois.com\\\/es\\\/\",\"name\":\"Fine Art by Denis Du Bois\",\"description\":\"Explore the world through Denis Du Bois&#039; original drawings, paintings, and serigraphs. Subscribe for exclusive access to new editions and unique art collections.\",\"publisher\":{\"@id\":\"https:\\\/\\\/denisdubois.com\\\/es\\\/#organization\"},\"alternateName\":\"Atelier Denis Du Bois\",\"potentialAction\":[{\"@type\":\"SearchAction\",\"target\":{\"@type\":\"EntryPoint\",\"urlTemplate\":\"https:\\\/\\\/denisdubois.com\\\/es\\\/?s={search_term_string}\"},\"query-input\":{\"@type\":\"PropertyValueSpecification\",\"valueRequired\":true,\"valueName\":\"search_term_string\"}}],\"inLanguage\":\"es\"},{\"@type\":\"Organization\",\"@id\":\"https:\\\/\\\/denisdubois.com\\\/es\\\/#organization\",\"name\":\"Denis Du Bois\",\"url\":\"https:\\\/\\\/denisdubois.com\\\/es\\\/\",\"logo\":{\"@type\":\"ImageObject\",\"inLanguage\":\"es\",\"@id\":\"https:\\\/\\\/denisdubois.com\\\/es\\\/#\\\/schema\\\/logo\\\/image\\\/\",\"url\":\"https:\\\/\\\/i0.wp.com\\\/denisdubois.com\\\/wp-content\\\/uploads\\\/2025\\\/12\\\/logo-crest-atelier-251216-1200x399-1.jpg?fit=1200%2C399&ssl=1\",\"contentUrl\":\"https:\\\/\\\/i0.wp.com\\\/denisdubois.com\\\/wp-content\\\/uploads\\\/2025\\\/12\\\/logo-crest-atelier-251216-1200x399-1.jpg?fit=1200%2C399&ssl=1\",\"width\":1200,\"height\":399,\"caption\":\"Denis Du Bois\"},\"image\":{\"@id\":\"https:\\\/\\\/denisdubois.com\\\/es\\\/#\\\/schema\\\/logo\\\/image\\\/\"},\"sameAs\":[\"https:\\\/\\\/facebook.com\\\/denisdubois\",\"https:\\\/\\\/instagram.com\\\/cool.trails\"]}]}<\/script>\n<!-- \/ Yoast SEO plugin. -->","yoast_head_json":{"title":"Retrato \u00abVenetian Red\u00bb (VENDIDO) &#8211; Fine Art by Denis Du Bois","robots":{"index":"index","follow":"follow","max-snippet":"max-snippet:-1","max-image-preview":"max-image-preview:large","max-video-preview":"max-video-preview:-1"},"canonical":"https:\/\/denisdubois.com\/es\/producto\/retrato-venetian-red-vendido\/","og_locale":"es_ES","og_type":"article","og_title":"Retrato \u00abVenetian Red\u00bb (VENDIDO) &#8211; Fine Art by Denis Du Bois","og_description":"Este retrato original se dibuj\u00f3 del natural en una hora utilizando dos t\u00e9cnicas de dibujo del mismo color. Presenta mi estilo habitual de l\u00edneas exageradas. La creta Cont\u00e9 es como el carboncillo, pero con un poco de cera para que se adhiera mejor al papel. Mol\u00ed parte de ese color y lo apliqu\u00e9 con un instrumento de dibujo de punta blanda. El color natural del papel realza el tono c\u00e1lido del dibujo. L\u00e1piz de color y creta Cont\u00e9 sobre papel de dibujo Strathmore 400 de 18x24\". 2025. Pieza \u00fanica.","og_url":"https:\/\/denisdubois.com\/es\/producto\/retrato-venetian-red-vendido\/","og_site_name":"Fine Art by Denis Du Bois","article_publisher":"https:\/\/facebook.com\/denisdubois","og_image":[{"width":2164,"height":2560,"url":"https:\/\/i0.wp.com\/denisdubois.com\/wp-content\/uploads\/2026\/01\/20250317_132636-submission-dubois-scaled.jpg?fit=2164%2C2560&ssl=1","type":"image\/jpeg"}],"schema":{"@context":"https:\/\/schema.org","@graph":[{"@type":"WebPage","@id":"https:\/\/denisdubois.com\/es\/producto\/retrato-venetian-red-vendido\/","url":"https:\/\/denisdubois.com\/es\/producto\/retrato-venetian-red-vendido\/","name":"Retrato \u00abVenetian Red\u00bb (VENDIDO) &#8211; Fine Art by Denis Du Bois","isPartOf":{"@id":"https:\/\/denisdubois.com\/es\/#website"},"primaryImageOfPage":{"@id":"https:\/\/denisdubois.com\/es\/producto\/retrato-venetian-red-vendido\/#primaryimage"},"image":{"@id":"https:\/\/denisdubois.com\/es\/producto\/retrato-venetian-red-vendido\/#primaryimage"},"thumbnailUrl":"https:\/\/i0.wp.com\/denisdubois.com\/wp-content\/uploads\/2026\/01\/20250317_132636-submission-dubois-scaled.jpg?fit=2164%2C2560&ssl=1","datePublished":"2026-01-31T17:07:21+00:00","breadcrumb":{"@id":"https:\/\/denisdubois.com\/es\/producto\/retrato-venetian-red-vendido\/#breadcrumb"},"inLanguage":"es","potentialAction":[{"@type":"ReadAction","target":["https:\/\/denisdubois.com\/es\/producto\/retrato-venetian-red-vendido\/"]}]},{"@type":"ImageObject","inLanguage":"es","@id":"https:\/\/denisdubois.com\/es\/producto\/retrato-venetian-red-vendido\/#primaryimage","url":"https:\/\/i0.wp.com\/denisdubois.com\/wp-content\/uploads\/2026\/01\/20250317_132636-submission-dubois-scaled.jpg?fit=2164%2C2560&ssl=1","contentUrl":"https:\/\/i0.wp.com\/denisdubois.com\/wp-content\/uploads\/2026\/01\/20250317_132636-submission-dubois-scaled.jpg?fit=2164%2C2560&ssl=1","width":2164,"height":2560},{"@type":"BreadcrumbList","@id":"https:\/\/denisdubois.com\/es\/producto\/retrato-venetian-red-vendido\/#breadcrumb","itemListElement":[{"@type":"ListItem","position":1,"name":"Home","item":"https:\/\/denisdubois.com\/es\/serigrafias-de-edicion-limitada-impresiones-artisticas-hechas-a-mano\/"},{"@type":"ListItem","position":2,"name":"Tienda","item":"https:\/\/denisdubois.com\/es\/tienda\/"},{"@type":"ListItem","position":3,"name":"Retrato \u00abVenetian Red\u00bb (VENDIDO)"}]},{"@type":"WebSite","@id":"https:\/\/denisdubois.com\/es\/#website","url":"https:\/\/denisdubois.com\/es\/","name":"Fine Art by Denis Du Bois","description":"Explore the world through Denis Du Bois&#039; original drawings, paintings, and serigraphs. Subscribe for exclusive access to new editions and unique art collections.","publisher":{"@id":"https:\/\/denisdubois.com\/es\/#organization"},"alternateName":"Atelier Denis Du Bois","potentialAction":[{"@type":"SearchAction","target":{"@type":"EntryPoint","urlTemplate":"https:\/\/denisdubois.com\/es\/?s={search_term_string}"},"query-input":{"@type":"PropertyValueSpecification","valueRequired":true,"valueName":"search_term_string"}}],"inLanguage":"es"},{"@type":"Organization","@id":"https:\/\/denisdubois.com\/es\/#organization","name":"Denis Du Bois","url":"https:\/\/denisdubois.com\/es\/","logo":{"@type":"ImageObject","inLanguage":"es","@id":"https:\/\/denisdubois.com\/es\/#\/schema\/logo\/image\/","url":"https:\/\/i0.wp.com\/denisdubois.com\/wp-content\/uploads\/2025\/12\/logo-crest-atelier-251216-1200x399-1.jpg?fit=1200%2C399&ssl=1","contentUrl":"https:\/\/i0.wp.com\/denisdubois.com\/wp-content\/uploads\/2025\/12\/logo-crest-atelier-251216-1200x399-1.jpg?fit=1200%2C399&ssl=1","width":1200,"height":399,"caption":"Denis Du Bois"},"image":{"@id":"https:\/\/denisdubois.com\/es\/#\/schema\/logo\/image\/"},"sameAs":["https:\/\/facebook.com\/denisdubois","https:\/\/instagram.com\/cool.trails"]}]}},"jetpack_sharing_enabled":true,"_links":{"self":[{"href":"https:\/\/denisdubois.com\/es\/wp-json\/wp\/v2\/product\/774","targetHints":{"allow":["GET"]}}],"collection":[{"href":"https:\/\/denisdubois.com\/es\/wp-json\/wp\/v2\/product"}],"about":[{"href":"https:\/\/denisdubois.com\/es\/wp-json\/wp\/v2\/types\/product"}],"replies":[{"embeddable":true,"href":"https:\/\/denisdubois.com\/es\/wp-json\/wp\/v2\/comments?post=774"}],"wp:featuredmedia":[{"embeddable":true,"href":"https:\/\/denisdubois.com\/es\/wp-json\/wp\/v2\/media\/457"}],"wp:attachment":[{"href":"https:\/\/denisdubois.com\/es\/wp-json\/wp\/v2\/media?parent=774"}],"wp:term":[{"taxonomy":"product_brand","embeddable":true,"href":"https:\/\/denisdubois.com\/es\/wp-json\/wp\/v2\/product_brand?post=774"},{"taxonomy":"product_cat","embeddable":true,"href":"https:\/\/denisdubois.com\/es\/wp-json\/wp\/v2\/product_cat?post=774"},{"taxonomy":"product_tag","embeddable":true,"href":"https:\/\/denisdubois.com\/es\/wp-json\/wp\/v2\/product_tag?post=774"}],"curies":[{"name":"wp","href":"https:\/\/api.w.org\/{rel}","templated":true}]}}