{"id":772,"date":"2026-02-11T22:51:39","date_gmt":"2026-02-12T06:51:39","guid":{"rendered":"https:\/\/denisdubois.com\/product\/tu-me-manques-1-serigrafias-artisticas-vendido\/"},"modified":"2026-02-11T22:51:39","modified_gmt":"2026-02-12T06:51:39","slug":"tu-me-manques-1-serigrafias-artisticas-vendido","status":"publish","type":"product","link":"https:\/\/denisdubois.com\/es\/producto\/tu-me-manques-1-serigrafias-artisticas-vendido\/","title":{"rendered":"Tu Me Manques 1 &#8211; Serigraf\u00edas art\u00edsticas (VENDIDO)"},"content":{"rendered":"","protected":false},"excerpt":{"rendered":"<p>Serigraf\u00eda de 11&#215;14&#8243; en 4 colores basada en un boceto del natural de una figura de 20 minutos. &#8220;Tu me manques&#8221; significa &#8220;te echo de menos&#8221; en franc\u00e9s. Para saber m\u00e1s sobre esta impresi\u00f3n, consulte el <a href=\"https:\/\/denisdubois.com\/insights\/\">Blog de impresiones del artista<\/a>. 2026.<\/p>\n","protected":false},"featured_media":466,"comment_status":"open","ping_status":"closed","template":"","meta":{"nf_dc_page":"","_monsterinsights_skip_tracking":false,"_monsterinsights_sitenote_active":false,"_monsterinsights_sitenote_note":"","_monsterinsights_sitenote_category":0},"product_brand":[],"product_cat":[117,105],"product_tag":[119],"class_list":{"0":"post-772","1":"product","2":"type-product","3":"status-publish","4":"has-post-thumbnail","6":"product_cat-figurativo","7":"product_cat-serigrafia","8":"product_tag-figurativo","10":"first","11":"outofstock","12":"sold-individually","13":"taxable","14":"shipping-taxable","15":"purchasable","16":"product-type-simple"},"yoast_head":"<!-- This site is optimized with the Yoast SEO plugin v27.4 - https:\/\/yoast.com\/product\/yoast-seo-wordpress\/ -->\n<title>Tu Me Manques 1 - Serigraf\u00edas art\u00edsticas (VENDIDO) &#8211; Fine Art by Denis Du Bois<\/title>\n<meta name=\"robots\" content=\"index, follow, max-snippet:-1, max-image-preview:large, max-video-preview:-1\" \/>\n<link rel=\"canonical\" href=\"https:\/\/denisdubois.com\/es\/producto\/tu-me-manques-1-serigrafias-artisticas-vendido\/\" \/>\n<meta property=\"og:locale\" content=\"es_ES\" \/>\n<meta property=\"og:type\" content=\"article\" \/>\n<meta property=\"og:title\" content=\"Tu Me Manques 1 - Serigraf\u00edas art\u00edsticas (VENDIDO) &#8211; Fine Art by Denis Du Bois\" \/>\n<meta property=\"og:description\" content=\"Serigraf\u00eda de 11x14&quot; en 4 colores basada en un boceto del natural de una figura de 20 minutos. &quot;Tu me manques&quot; significa &quot;te echo de menos&quot; en franc\u00e9s. Para saber m\u00e1s sobre esta impresi\u00f3n, consulte el Blog de impresiones del artista. 2026.\" \/>\n<meta property=\"og:url\" content=\"https:\/\/denisdubois.com\/es\/producto\/tu-me-manques-1-serigrafias-artisticas-vendido\/\" \/>\n<meta property=\"og:site_name\" content=\"Fine Art by Denis Du Bois\" \/>\n<meta property=\"article:publisher\" content=\"https:\/\/facebook.com\/denisdubois\" \/>\n<meta property=\"og:image\" content=\"https:\/\/i0.wp.com\/denisdubois.com\/wp-content\/uploads\/2026\/02\/hollow-transp-900x.webp?fit=904%2C900&ssl=1\" \/>\n\t<meta property=\"og:image:width\" content=\"904\" \/>\n\t<meta property=\"og:image:height\" content=\"900\" \/>\n\t<meta property=\"og:image:type\" content=\"image\/webp\" \/>\n<script type=\"application\/ld+json\" class=\"yoast-schema-graph\">{\"@context\":\"https:\\\/\\\/schema.org\",\"@graph\":[{\"@type\":\"WebPage\",\"@id\":\"https:\\\/\\\/denisdubois.com\\\/es\\\/producto\\\/tu-me-manques-1-serigrafias-artisticas-vendido\\\/\",\"url\":\"https:\\\/\\\/denisdubois.com\\\/es\\\/producto\\\/tu-me-manques-1-serigrafias-artisticas-vendido\\\/\",\"name\":\"Tu Me Manques 1 - Serigraf\u00edas art\u00edsticas (VENDIDO) &#8211; Fine Art by Denis Du Bois\",\"isPartOf\":{\"@id\":\"https:\\\/\\\/denisdubois.com\\\/es\\\/#website\"},\"primaryImageOfPage\":{\"@id\":\"https:\\\/\\\/denisdubois.com\\\/es\\\/producto\\\/tu-me-manques-1-serigrafias-artisticas-vendido\\\/#primaryimage\"},\"image\":{\"@id\":\"https:\\\/\\\/denisdubois.com\\\/es\\\/producto\\\/tu-me-manques-1-serigrafias-artisticas-vendido\\\/#primaryimage\"},\"thumbnailUrl\":\"https:\\\/\\\/i0.wp.com\\\/denisdubois.com\\\/wp-content\\\/uploads\\\/2026\\\/02\\\/hollow-transp-900x.webp?fit=904%2C900&ssl=1\",\"datePublished\":\"2026-02-12T06:51:39+00:00\",\"breadcrumb\":{\"@id\":\"https:\\\/\\\/denisdubois.com\\\/es\\\/producto\\\/tu-me-manques-1-serigrafias-artisticas-vendido\\\/#breadcrumb\"},\"inLanguage\":\"es\",\"potentialAction\":[{\"@type\":\"ReadAction\",\"target\":[\"https:\\\/\\\/denisdubois.com\\\/es\\\/producto\\\/tu-me-manques-1-serigrafias-artisticas-vendido\\\/\"]}]},{\"@type\":\"ImageObject\",\"inLanguage\":\"es\",\"@id\":\"https:\\\/\\\/denisdubois.com\\\/es\\\/producto\\\/tu-me-manques-1-serigrafias-artisticas-vendido\\\/#primaryimage\",\"url\":\"https:\\\/\\\/i0.wp.com\\\/denisdubois.com\\\/wp-content\\\/uploads\\\/2026\\\/02\\\/hollow-transp-900x.webp?fit=904%2C900&ssl=1\",\"contentUrl\":\"https:\\\/\\\/i0.wp.com\\\/denisdubois.com\\\/wp-content\\\/uploads\\\/2026\\\/02\\\/hollow-transp-900x.webp?fit=904%2C900&ssl=1\",\"width\":904,\"height\":900,\"caption\":\"screen print of a man sitting on an ottoman thinking of someone\"},{\"@type\":\"BreadcrumbList\",\"@id\":\"https:\\\/\\\/denisdubois.com\\\/es\\\/producto\\\/tu-me-manques-1-serigrafias-artisticas-vendido\\\/#breadcrumb\",\"itemListElement\":[{\"@type\":\"ListItem\",\"position\":1,\"name\":\"Home\",\"item\":\"https:\\\/\\\/denisdubois.com\\\/es\\\/serigrafias-de-edicion-limitada-impresiones-artisticas-hechas-a-mano\\\/\"},{\"@type\":\"ListItem\",\"position\":2,\"name\":\"Tienda\",\"item\":\"https:\\\/\\\/denisdubois.com\\\/es\\\/tienda\\\/\"},{\"@type\":\"ListItem\",\"position\":3,\"name\":\"Tu Me Manques 1 &#8211; Serigraf\u00edas art\u00edsticas (VENDIDO)\"}]},{\"@type\":\"WebSite\",\"@id\":\"https:\\\/\\\/denisdubois.com\\\/es\\\/#website\",\"url\":\"https:\\\/\\\/denisdubois.com\\\/es\\\/\",\"name\":\"Fine Art by Denis Du Bois\",\"description\":\"Explore the world through Denis Du Bois&#039; original drawings, paintings, and serigraphs. Subscribe for exclusive access to new editions and unique art collections.\",\"publisher\":{\"@id\":\"https:\\\/\\\/denisdubois.com\\\/es\\\/#organization\"},\"alternateName\":\"Atelier Denis Du Bois\",\"potentialAction\":[{\"@type\":\"SearchAction\",\"target\":{\"@type\":\"EntryPoint\",\"urlTemplate\":\"https:\\\/\\\/denisdubois.com\\\/es\\\/?s={search_term_string}\"},\"query-input\":{\"@type\":\"PropertyValueSpecification\",\"valueRequired\":true,\"valueName\":\"search_term_string\"}}],\"inLanguage\":\"es\"},{\"@type\":\"Organization\",\"@id\":\"https:\\\/\\\/denisdubois.com\\\/es\\\/#organization\",\"name\":\"Denis Du Bois\",\"url\":\"https:\\\/\\\/denisdubois.com\\\/es\\\/\",\"logo\":{\"@type\":\"ImageObject\",\"inLanguage\":\"es\",\"@id\":\"https:\\\/\\\/denisdubois.com\\\/es\\\/#\\\/schema\\\/logo\\\/image\\\/\",\"url\":\"https:\\\/\\\/i0.wp.com\\\/denisdubois.com\\\/wp-content\\\/uploads\\\/2025\\\/12\\\/logo-crest-atelier-251216-1200x399-1.jpg?fit=1200%2C399&ssl=1\",\"contentUrl\":\"https:\\\/\\\/i0.wp.com\\\/denisdubois.com\\\/wp-content\\\/uploads\\\/2025\\\/12\\\/logo-crest-atelier-251216-1200x399-1.jpg?fit=1200%2C399&ssl=1\",\"width\":1200,\"height\":399,\"caption\":\"Denis Du Bois\"},\"image\":{\"@id\":\"https:\\\/\\\/denisdubois.com\\\/es\\\/#\\\/schema\\\/logo\\\/image\\\/\"},\"sameAs\":[\"https:\\\/\\\/facebook.com\\\/denisdubois\",\"https:\\\/\\\/instagram.com\\\/cool.trails\"]}]}<\/script>\n<!-- \/ Yoast SEO plugin. -->","yoast_head_json":{"title":"Tu Me Manques 1 - Serigraf\u00edas art\u00edsticas (VENDIDO) &#8211; Fine Art by Denis Du Bois","robots":{"index":"index","follow":"follow","max-snippet":"max-snippet:-1","max-image-preview":"max-image-preview:large","max-video-preview":"max-video-preview:-1"},"canonical":"https:\/\/denisdubois.com\/es\/producto\/tu-me-manques-1-serigrafias-artisticas-vendido\/","og_locale":"es_ES","og_type":"article","og_title":"Tu Me Manques 1 - Serigraf\u00edas art\u00edsticas (VENDIDO) &#8211; Fine Art by Denis Du Bois","og_description":"Serigraf\u00eda de 11x14\" en 4 colores basada en un boceto del natural de una figura de 20 minutos. \"Tu me manques\" significa \"te echo de menos\" en franc\u00e9s. Para saber m\u00e1s sobre esta impresi\u00f3n, consulte el Blog de impresiones del artista. 2026.","og_url":"https:\/\/denisdubois.com\/es\/producto\/tu-me-manques-1-serigrafias-artisticas-vendido\/","og_site_name":"Fine Art by Denis Du Bois","article_publisher":"https:\/\/facebook.com\/denisdubois","og_image":[{"width":904,"height":900,"url":"https:\/\/i0.wp.com\/denisdubois.com\/wp-content\/uploads\/2026\/02\/hollow-transp-900x.webp?fit=904%2C900&ssl=1","type":"image\/webp"}],"schema":{"@context":"https:\/\/schema.org","@graph":[{"@type":"WebPage","@id":"https:\/\/denisdubois.com\/es\/producto\/tu-me-manques-1-serigrafias-artisticas-vendido\/","url":"https:\/\/denisdubois.com\/es\/producto\/tu-me-manques-1-serigrafias-artisticas-vendido\/","name":"Tu Me Manques 1 - Serigraf\u00edas art\u00edsticas (VENDIDO) &#8211; Fine Art by Denis Du Bois","isPartOf":{"@id":"https:\/\/denisdubois.com\/es\/#website"},"primaryImageOfPage":{"@id":"https:\/\/denisdubois.com\/es\/producto\/tu-me-manques-1-serigrafias-artisticas-vendido\/#primaryimage"},"image":{"@id":"https:\/\/denisdubois.com\/es\/producto\/tu-me-manques-1-serigrafias-artisticas-vendido\/#primaryimage"},"thumbnailUrl":"https:\/\/i0.wp.com\/denisdubois.com\/wp-content\/uploads\/2026\/02\/hollow-transp-900x.webp?fit=904%2C900&ssl=1","datePublished":"2026-02-12T06:51:39+00:00","breadcrumb":{"@id":"https:\/\/denisdubois.com\/es\/producto\/tu-me-manques-1-serigrafias-artisticas-vendido\/#breadcrumb"},"inLanguage":"es","potentialAction":[{"@type":"ReadAction","target":["https:\/\/denisdubois.com\/es\/producto\/tu-me-manques-1-serigrafias-artisticas-vendido\/"]}]},{"@type":"ImageObject","inLanguage":"es","@id":"https:\/\/denisdubois.com\/es\/producto\/tu-me-manques-1-serigrafias-artisticas-vendido\/#primaryimage","url":"https:\/\/i0.wp.com\/denisdubois.com\/wp-content\/uploads\/2026\/02\/hollow-transp-900x.webp?fit=904%2C900&ssl=1","contentUrl":"https:\/\/i0.wp.com\/denisdubois.com\/wp-content\/uploads\/2026\/02\/hollow-transp-900x.webp?fit=904%2C900&ssl=1","width":904,"height":900,"caption":"screen print of a man sitting on an ottoman thinking of someone"},{"@type":"BreadcrumbList","@id":"https:\/\/denisdubois.com\/es\/producto\/tu-me-manques-1-serigrafias-artisticas-vendido\/#breadcrumb","itemListElement":[{"@type":"ListItem","position":1,"name":"Home","item":"https:\/\/denisdubois.com\/es\/serigrafias-de-edicion-limitada-impresiones-artisticas-hechas-a-mano\/"},{"@type":"ListItem","position":2,"name":"Tienda","item":"https:\/\/denisdubois.com\/es\/tienda\/"},{"@type":"ListItem","position":3,"name":"Tu Me Manques 1 &#8211; Serigraf\u00edas art\u00edsticas (VENDIDO)"}]},{"@type":"WebSite","@id":"https:\/\/denisdubois.com\/es\/#website","url":"https:\/\/denisdubois.com\/es\/","name":"Fine Art by Denis Du Bois","description":"Explore the world through Denis Du Bois&#039; original drawings, paintings, and serigraphs. Subscribe for exclusive access to new editions and unique art collections.","publisher":{"@id":"https:\/\/denisdubois.com\/es\/#organization"},"alternateName":"Atelier Denis Du Bois","potentialAction":[{"@type":"SearchAction","target":{"@type":"EntryPoint","urlTemplate":"https:\/\/denisdubois.com\/es\/?s={search_term_string}"},"query-input":{"@type":"PropertyValueSpecification","valueRequired":true,"valueName":"search_term_string"}}],"inLanguage":"es"},{"@type":"Organization","@id":"https:\/\/denisdubois.com\/es\/#organization","name":"Denis Du Bois","url":"https:\/\/denisdubois.com\/es\/","logo":{"@type":"ImageObject","inLanguage":"es","@id":"https:\/\/denisdubois.com\/es\/#\/schema\/logo\/image\/","url":"https:\/\/i0.wp.com\/denisdubois.com\/wp-content\/uploads\/2025\/12\/logo-crest-atelier-251216-1200x399-1.jpg?fit=1200%2C399&ssl=1","contentUrl":"https:\/\/i0.wp.com\/denisdubois.com\/wp-content\/uploads\/2025\/12\/logo-crest-atelier-251216-1200x399-1.jpg?fit=1200%2C399&ssl=1","width":1200,"height":399,"caption":"Denis Du Bois"},"image":{"@id":"https:\/\/denisdubois.com\/es\/#\/schema\/logo\/image\/"},"sameAs":["https:\/\/facebook.com\/denisdubois","https:\/\/instagram.com\/cool.trails"]}]}},"jetpack_sharing_enabled":true,"_links":{"self":[{"href":"https:\/\/denisdubois.com\/es\/wp-json\/wp\/v2\/product\/772","targetHints":{"allow":["GET"]}}],"collection":[{"href":"https:\/\/denisdubois.com\/es\/wp-json\/wp\/v2\/product"}],"about":[{"href":"https:\/\/denisdubois.com\/es\/wp-json\/wp\/v2\/types\/product"}],"replies":[{"embeddable":true,"href":"https:\/\/denisdubois.com\/es\/wp-json\/wp\/v2\/comments?post=772"}],"wp:featuredmedia":[{"embeddable":true,"href":"https:\/\/denisdubois.com\/es\/wp-json\/wp\/v2\/media\/466"}],"wp:attachment":[{"href":"https:\/\/denisdubois.com\/es\/wp-json\/wp\/v2\/media?parent=772"}],"wp:term":[{"taxonomy":"product_brand","embeddable":true,"href":"https:\/\/denisdubois.com\/es\/wp-json\/wp\/v2\/product_brand?post=772"},{"taxonomy":"product_cat","embeddable":true,"href":"https:\/\/denisdubois.com\/es\/wp-json\/wp\/v2\/product_cat?post=772"},{"taxonomy":"product_tag","embeddable":true,"href":"https:\/\/denisdubois.com\/es\/wp-json\/wp\/v2\/product_tag?post=772"}],"curies":[{"name":"wp","href":"https:\/\/api.w.org\/{rel}","templated":true}]}}