{"id":771,"date":"2025-12-20T22:05:24","date_gmt":"2025-12-20T22:05:24","guid":{"rendered":"https:\/\/denisdubois.com\/product\/el-gato-le-atendera-enseguida\/"},"modified":"2025-12-20T22:05:24","modified_gmt":"2025-12-21T06:05:24","slug":"el-gato-le-atendera-enseguida","status":"publish","type":"product","link":"https:\/\/denisdubois.com\/es\/producto\/el-gato-le-atendera-enseguida\/","title":{"rendered":"El gato le atender\u00e1 enseguida"},"content":{"rendered":"","protected":false},"excerpt":{"rendered":"<p>El texto dice: &#8220;Tome asiento. El gato le atender\u00e1 enseguida.&#8221; Un curioso felino se asoma por la puerta cerrada para observarle. \u00bfNo son as\u00ed todos los gatos? Sin intimidad, ni siquiera en el ba\u00f1o.<\/p>\n<p>Primera edici\u00f3n. Se vende enmarcado. Los beneficios netos se destinan directamente a operaciones de rescate de gatos.<\/p>\n<p>Lea la historia detr\u00e1s de este cartel meme en &#8220;<a href=\"https:\/\/denisdubois.com\/es\/el-gato-le-atendera-en-breve\/\">El gato le atender\u00e1 enseguida<\/a>&#8221; en el Blog de Perspectivas del Artista.<\/p>\n<p>Serigraf\u00eda (impresi\u00f3n serigr\u00e1fica), tres colores, papel Bristol satinado. \u00c1rea de imagen de 12,7 x 16,5 cm. Los colores son verde, violeta azulado y negro sobre papel blanco. Cada impresi\u00f3n est\u00e1 hecha a mano y puede haber peque\u00f1as variaciones entre impresiones. Los colores en pantalla no son exactos.<\/p>\n<p>Se presenta en un expositor de acr\u00edlico transparente sin marco de 16,5 x 21,6 cm; incluye colgador de pared y soporte para colocaci\u00f3n independiente. La obra estar\u00e1 instalada en el marco cuando la reciba.<\/p>\n","protected":false},"featured_media":330,"comment_status":"open","ping_status":"closed","template":"","meta":{"nf_dc_page":"","_monsterinsights_skip_tracking":false,"_monsterinsights_sitenote_active":false,"_monsterinsights_sitenote_note":"","_monsterinsights_sitenote_category":0},"product_brand":[],"product_cat":[129,128,127],"product_tag":[130],"class_list":{"0":"post-771","1":"product","2":"type-product","3":"status-publish","4":"has-post-thumbnail","6":"product_cat-decoracion","7":"product_cat-gatos","8":"product_cat-posteres","9":"product_tag-decoracion","11":"first","12":"instock","13":"taxable","14":"shipping-taxable","15":"purchasable","16":"product-type-simple"},"yoast_head":"<!-- This site is optimized with the Yoast SEO plugin v27.4 - https:\/\/yoast.com\/product\/yoast-seo-wordpress\/ -->\n<title>El gato le atender\u00e1 enseguida<\/title>\n<meta name=\"description\" content=\"&quot;Tome asiento. El gato le atender\u00e1 enseguida.&quot; Un curioso felino se asoma por la puerta cerrada. Serigraf\u00eda original, \u00e1rea de imagen de 12,7 x 16,5 cm.\" \/>\n<meta name=\"robots\" content=\"index, follow, max-snippet:-1, max-image-preview:large, max-video-preview:-1\" \/>\n<link rel=\"canonical\" href=\"https:\/\/denisdubois.com\/es\/producto\/el-gato-le-atendera-enseguida\/\" \/>\n<meta property=\"og:locale\" content=\"es_ES\" \/>\n<meta property=\"og:type\" content=\"article\" \/>\n<meta property=\"og:title\" content=\"El gato le atender\u00e1 enseguida\" \/>\n<meta property=\"og:description\" content=\"&quot;Tome asiento. El gato le atender\u00e1 enseguida.&quot; Un curioso felino se asoma por la puerta cerrada. Serigraf\u00eda original, \u00e1rea de imagen de 12,7 x 16,5 cm.\" \/>\n<meta property=\"og:url\" content=\"https:\/\/denisdubois.com\/es\/producto\/el-gato-le-atendera-enseguida\/\" \/>\n<meta property=\"og:site_name\" content=\"Fine Art by Denis Du Bois\" \/>\n<meta property=\"article:publisher\" content=\"https:\/\/facebook.com\/denisdubois\" \/>\n<meta property=\"article:modified_time\" content=\"2025-12-21T06:05:24+00:00\" \/>\n<meta property=\"og:image\" content=\"https:\/\/i0.wp.com\/denisdubois.com\/wp-content\/uploads\/2025\/12\/cat-on-white-transp-900x.png?fit=900%2C900&ssl=1\" \/>\n\t<meta property=\"og:image:width\" content=\"900\" \/>\n\t<meta property=\"og:image:height\" content=\"900\" \/>\n\t<meta property=\"og:image:type\" content=\"image\/png\" \/>\n<script type=\"application\/ld+json\" class=\"yoast-schema-graph\">{\"@context\":\"https:\\\/\\\/schema.org\",\"@graph\":[{\"@type\":\"WebPage\",\"@id\":\"https:\\\/\\\/denisdubois.com\\\/es\\\/producto\\\/el-gato-le-atendera-enseguida\\\/\",\"url\":\"https:\\\/\\\/denisdubois.com\\\/es\\\/producto\\\/el-gato-le-atendera-enseguida\\\/\",\"name\":\"El gato le atender\u00e1 enseguida\",\"isPartOf\":{\"@id\":\"https:\\\/\\\/denisdubois.com\\\/es\\\/#website\"},\"primaryImageOfPage\":{\"@id\":\"https:\\\/\\\/denisdubois.com\\\/es\\\/producto\\\/el-gato-le-atendera-enseguida\\\/#primaryimage\"},\"image\":{\"@id\":\"https:\\\/\\\/denisdubois.com\\\/es\\\/producto\\\/el-gato-le-atendera-enseguida\\\/#primaryimage\"},\"thumbnailUrl\":\"https:\\\/\\\/i0.wp.com\\\/denisdubois.com\\\/wp-content\\\/uploads\\\/2025\\\/12\\\/cat-on-white-transp-900x.png?fit=900%2C900&ssl=1\",\"datePublished\":\"2025-12-20T22:05:24+00:00\",\"dateModified\":\"2025-12-21T06:05:24+00:00\",\"description\":\"\\\"Tome asiento. El gato le atender\u00e1 enseguida.\\\" Un curioso felino se asoma por la puerta cerrada. Serigraf\u00eda original, \u00e1rea de imagen de 12,7 x 16,5 cm.\",\"breadcrumb\":{\"@id\":\"https:\\\/\\\/denisdubois.com\\\/es\\\/producto\\\/el-gato-le-atendera-enseguida\\\/#breadcrumb\"},\"inLanguage\":\"es\",\"potentialAction\":[{\"@type\":\"ReadAction\",\"target\":[\"https:\\\/\\\/denisdubois.com\\\/es\\\/producto\\\/el-gato-le-atendera-enseguida\\\/\"]}]},{\"@type\":\"ImageObject\",\"inLanguage\":\"es\",\"@id\":\"https:\\\/\\\/denisdubois.com\\\/es\\\/producto\\\/el-gato-le-atendera-enseguida\\\/#primaryimage\",\"url\":\"https:\\\/\\\/i0.wp.com\\\/denisdubois.com\\\/wp-content\\\/uploads\\\/2025\\\/12\\\/cat-on-white-transp-900x.png?fit=900%2C900&ssl=1\",\"contentUrl\":\"https:\\\/\\\/i0.wp.com\\\/denisdubois.com\\\/wp-content\\\/uploads\\\/2025\\\/12\\\/cat-on-white-transp-900x.png?fit=900%2C900&ssl=1\",\"width\":900,\"height\":900,\"caption\":\"Have a seat the cat will be right with you bathroom sign in frame\"},{\"@type\":\"BreadcrumbList\",\"@id\":\"https:\\\/\\\/denisdubois.com\\\/es\\\/producto\\\/el-gato-le-atendera-enseguida\\\/#breadcrumb\",\"itemListElement\":[{\"@type\":\"ListItem\",\"position\":1,\"name\":\"Home\",\"item\":\"https:\\\/\\\/denisdubois.com\\\/es\\\/serigrafias-de-edicion-limitada-impresiones-artisticas-hechas-a-mano\\\/\"},{\"@type\":\"ListItem\",\"position\":2,\"name\":\"Tienda\",\"item\":\"https:\\\/\\\/denisdubois.com\\\/es\\\/tienda\\\/\"},{\"@type\":\"ListItem\",\"position\":3,\"name\":\"El gato le atender\u00e1 enseguida\"}]},{\"@type\":\"WebSite\",\"@id\":\"https:\\\/\\\/denisdubois.com\\\/es\\\/#website\",\"url\":\"https:\\\/\\\/denisdubois.com\\\/es\\\/\",\"name\":\"Fine Art by Denis Du Bois\",\"description\":\"Explore the world through Denis Du Bois&#039; original drawings, paintings, and serigraphs. Subscribe for exclusive access to new editions and unique art collections.\",\"publisher\":{\"@id\":\"https:\\\/\\\/denisdubois.com\\\/es\\\/#organization\"},\"alternateName\":\"Atelier Denis Du Bois\",\"potentialAction\":[{\"@type\":\"SearchAction\",\"target\":{\"@type\":\"EntryPoint\",\"urlTemplate\":\"https:\\\/\\\/denisdubois.com\\\/es\\\/?s={search_term_string}\"},\"query-input\":{\"@type\":\"PropertyValueSpecification\",\"valueRequired\":true,\"valueName\":\"search_term_string\"}}],\"inLanguage\":\"es\"},{\"@type\":\"Organization\",\"@id\":\"https:\\\/\\\/denisdubois.com\\\/es\\\/#organization\",\"name\":\"Denis Du Bois\",\"url\":\"https:\\\/\\\/denisdubois.com\\\/es\\\/\",\"logo\":{\"@type\":\"ImageObject\",\"inLanguage\":\"es\",\"@id\":\"https:\\\/\\\/denisdubois.com\\\/es\\\/#\\\/schema\\\/logo\\\/image\\\/\",\"url\":\"https:\\\/\\\/i0.wp.com\\\/denisdubois.com\\\/wp-content\\\/uploads\\\/2025\\\/12\\\/logo-crest-atelier-251216-1200x399-1.jpg?fit=1200%2C399&ssl=1\",\"contentUrl\":\"https:\\\/\\\/i0.wp.com\\\/denisdubois.com\\\/wp-content\\\/uploads\\\/2025\\\/12\\\/logo-crest-atelier-251216-1200x399-1.jpg?fit=1200%2C399&ssl=1\",\"width\":1200,\"height\":399,\"caption\":\"Denis Du Bois\"},\"image\":{\"@id\":\"https:\\\/\\\/denisdubois.com\\\/es\\\/#\\\/schema\\\/logo\\\/image\\\/\"},\"sameAs\":[\"https:\\\/\\\/facebook.com\\\/denisdubois\",\"https:\\\/\\\/instagram.com\\\/cool.trails\"]}]}<\/script>\n<!-- \/ Yoast SEO plugin. -->","yoast_head_json":{"title":"El gato le atender\u00e1 enseguida","description":"\"Tome asiento. El gato le atender\u00e1 enseguida.\" Un curioso felino se asoma por la puerta cerrada. Serigraf\u00eda original, \u00e1rea de imagen de 12,7 x 16,5 cm.","robots":{"index":"index","follow":"follow","max-snippet":"max-snippet:-1","max-image-preview":"max-image-preview:large","max-video-preview":"max-video-preview:-1"},"canonical":"https:\/\/denisdubois.com\/es\/producto\/el-gato-le-atendera-enseguida\/","og_locale":"es_ES","og_type":"article","og_title":"El gato le atender\u00e1 enseguida","og_description":"\"Tome asiento. El gato le atender\u00e1 enseguida.\" Un curioso felino se asoma por la puerta cerrada. Serigraf\u00eda original, \u00e1rea de imagen de 12,7 x 16,5 cm.","og_url":"https:\/\/denisdubois.com\/es\/producto\/el-gato-le-atendera-enseguida\/","og_site_name":"Fine Art by Denis Du Bois","article_publisher":"https:\/\/facebook.com\/denisdubois","article_modified_time":"2025-12-21T06:05:24+00:00","og_image":[{"width":900,"height":900,"url":"https:\/\/i0.wp.com\/denisdubois.com\/wp-content\/uploads\/2025\/12\/cat-on-white-transp-900x.png?fit=900%2C900&ssl=1","type":"image\/png"}],"schema":{"@context":"https:\/\/schema.org","@graph":[{"@type":"WebPage","@id":"https:\/\/denisdubois.com\/es\/producto\/el-gato-le-atendera-enseguida\/","url":"https:\/\/denisdubois.com\/es\/producto\/el-gato-le-atendera-enseguida\/","name":"El gato le atender\u00e1 enseguida","isPartOf":{"@id":"https:\/\/denisdubois.com\/es\/#website"},"primaryImageOfPage":{"@id":"https:\/\/denisdubois.com\/es\/producto\/el-gato-le-atendera-enseguida\/#primaryimage"},"image":{"@id":"https:\/\/denisdubois.com\/es\/producto\/el-gato-le-atendera-enseguida\/#primaryimage"},"thumbnailUrl":"https:\/\/i0.wp.com\/denisdubois.com\/wp-content\/uploads\/2025\/12\/cat-on-white-transp-900x.png?fit=900%2C900&ssl=1","datePublished":"2025-12-20T22:05:24+00:00","dateModified":"2025-12-21T06:05:24+00:00","description":"\"Tome asiento. El gato le atender\u00e1 enseguida.\" Un curioso felino se asoma por la puerta cerrada. Serigraf\u00eda original, \u00e1rea de imagen de 12,7 x 16,5 cm.","breadcrumb":{"@id":"https:\/\/denisdubois.com\/es\/producto\/el-gato-le-atendera-enseguida\/#breadcrumb"},"inLanguage":"es","potentialAction":[{"@type":"ReadAction","target":["https:\/\/denisdubois.com\/es\/producto\/el-gato-le-atendera-enseguida\/"]}]},{"@type":"ImageObject","inLanguage":"es","@id":"https:\/\/denisdubois.com\/es\/producto\/el-gato-le-atendera-enseguida\/#primaryimage","url":"https:\/\/i0.wp.com\/denisdubois.com\/wp-content\/uploads\/2025\/12\/cat-on-white-transp-900x.png?fit=900%2C900&ssl=1","contentUrl":"https:\/\/i0.wp.com\/denisdubois.com\/wp-content\/uploads\/2025\/12\/cat-on-white-transp-900x.png?fit=900%2C900&ssl=1","width":900,"height":900,"caption":"Have a seat the cat will be right with you bathroom sign in frame"},{"@type":"BreadcrumbList","@id":"https:\/\/denisdubois.com\/es\/producto\/el-gato-le-atendera-enseguida\/#breadcrumb","itemListElement":[{"@type":"ListItem","position":1,"name":"Home","item":"https:\/\/denisdubois.com\/es\/serigrafias-de-edicion-limitada-impresiones-artisticas-hechas-a-mano\/"},{"@type":"ListItem","position":2,"name":"Tienda","item":"https:\/\/denisdubois.com\/es\/tienda\/"},{"@type":"ListItem","position":3,"name":"El gato le atender\u00e1 enseguida"}]},{"@type":"WebSite","@id":"https:\/\/denisdubois.com\/es\/#website","url":"https:\/\/denisdubois.com\/es\/","name":"Fine Art by Denis Du Bois","description":"Explore the world through Denis Du Bois&#039; original drawings, paintings, and serigraphs. Subscribe for exclusive access to new editions and unique art collections.","publisher":{"@id":"https:\/\/denisdubois.com\/es\/#organization"},"alternateName":"Atelier Denis Du Bois","potentialAction":[{"@type":"SearchAction","target":{"@type":"EntryPoint","urlTemplate":"https:\/\/denisdubois.com\/es\/?s={search_term_string}"},"query-input":{"@type":"PropertyValueSpecification","valueRequired":true,"valueName":"search_term_string"}}],"inLanguage":"es"},{"@type":"Organization","@id":"https:\/\/denisdubois.com\/es\/#organization","name":"Denis Du Bois","url":"https:\/\/denisdubois.com\/es\/","logo":{"@type":"ImageObject","inLanguage":"es","@id":"https:\/\/denisdubois.com\/es\/#\/schema\/logo\/image\/","url":"https:\/\/i0.wp.com\/denisdubois.com\/wp-content\/uploads\/2025\/12\/logo-crest-atelier-251216-1200x399-1.jpg?fit=1200%2C399&ssl=1","contentUrl":"https:\/\/i0.wp.com\/denisdubois.com\/wp-content\/uploads\/2025\/12\/logo-crest-atelier-251216-1200x399-1.jpg?fit=1200%2C399&ssl=1","width":1200,"height":399,"caption":"Denis Du Bois"},"image":{"@id":"https:\/\/denisdubois.com\/es\/#\/schema\/logo\/image\/"},"sameAs":["https:\/\/facebook.com\/denisdubois","https:\/\/instagram.com\/cool.trails"]}]}},"jetpack_sharing_enabled":true,"_links":{"self":[{"href":"https:\/\/denisdubois.com\/es\/wp-json\/wp\/v2\/product\/771","targetHints":{"allow":["GET"]}}],"collection":[{"href":"https:\/\/denisdubois.com\/es\/wp-json\/wp\/v2\/product"}],"about":[{"href":"https:\/\/denisdubois.com\/es\/wp-json\/wp\/v2\/types\/product"}],"replies":[{"embeddable":true,"href":"https:\/\/denisdubois.com\/es\/wp-json\/wp\/v2\/comments?post=771"}],"wp:featuredmedia":[{"embeddable":true,"href":"https:\/\/denisdubois.com\/es\/wp-json\/wp\/v2\/media\/330"}],"wp:attachment":[{"href":"https:\/\/denisdubois.com\/es\/wp-json\/wp\/v2\/media?parent=771"}],"wp:term":[{"taxonomy":"product_brand","embeddable":true,"href":"https:\/\/denisdubois.com\/es\/wp-json\/wp\/v2\/product_brand?post=771"},{"taxonomy":"product_cat","embeddable":true,"href":"https:\/\/denisdubois.com\/es\/wp-json\/wp\/v2\/product_cat?post=771"},{"taxonomy":"product_tag","embeddable":true,"href":"https:\/\/denisdubois.com\/es\/wp-json\/wp\/v2\/product_tag?post=771"}],"curies":[{"name":"wp","href":"https:\/\/api.w.org\/{rel}","templated":true}]}}