{"id":757,"date":"2025-12-21T00:19:25","date_gmt":"2025-12-21T00:19:25","guid":{"rendered":"https:\/\/denisdubois.com\/product\/warm-serigrafia-original\/"},"modified":"2025-12-21T00:19:25","modified_gmt":"2025-12-21T08:19:25","slug":"warm-serigrafia-original","status":"publish","type":"product","link":"https:\/\/denisdubois.com\/es\/producto\/warm-serigrafia-original\/","title":{"rendered":"&#8220;Warm&#8221; &#8211; Serigraf\u00eda original"},"content":{"rendered":"","protected":false},"excerpt":{"rendered":"<p>Una hermosa mujer descansa en un div\u00e1n en una habitaci\u00f3n fresca. \u00bfEst\u00e1 escapando del calor del d\u00eda o esperando? Su estado liminal es un misterio.<\/p>\n<p>Serigraf\u00eda art\u00edstica original de edici\u00f3n limitada. Firmada y numerada por el artista. Edici\u00f3n de 16. Sello del artista en relieve en cada estampa. Certificado de autenticidad firmado por el artista incluido.<\/p>\n<p>Para conocer la historia detr\u00e1s de esta obra, consulte &#8220;<a href=\"https:\/\/denisdubois.com\/es\/warm-la-historia-detras-de-esta-serigrafia-figurativa\/\">Warm, la historia<\/a>&#8221; en el blog Artist Insights.<\/p>\n<p>\u00c1rea de imagen 34 x 27 cm (13,5 x 10,5 pulgadas). Papel art\u00edstico de archivo blanco franc\u00e9s BFK Rives. Tama\u00f1o total 51 x 38 cm (20 x 15 pulgadas) destinado a ser recortado. Esta es una obra artesanal. Como tal, habr\u00e1 variaciones menores en las estampas individuales. Los colores son azules, marrones y rojo veneciano. Los colores mostrados en la pantalla de su dispositivo pueden no ser exactos.<\/p>\n<p>Precio escalonado: A medida que se venda la edici\u00f3n, el precio aumentar\u00e1.<\/p>\n","protected":false},"featured_media":209,"comment_status":"open","ping_status":"closed","template":"","meta":{"nf_dc_page":"","_monsterinsights_skip_tracking":false,"_monsterinsights_sitenote_active":false,"_monsterinsights_sitenote_note":"","_monsterinsights_sitenote_category":0},"product_brand":[],"product_cat":[117,105],"product_tag":[121,120,119],"class_list":{"0":"post-757","1":"product","2":"type-product","3":"status-publish","4":"has-post-thumbnail","6":"product_cat-figurativo","7":"product_cat-serigrafia","8":"product_tag-11x14","9":"product_tag-femenino","10":"product_tag-figurativo","11":"product_shipping_class-estampa-mayor-que-tamano-carta","13":"first","14":"instock","15":"sold-individually","16":"taxable","17":"shipping-taxable","18":"purchasable","19":"product-type-variable","20":"has-default-attributes"},"yoast_head":"<!-- This site is optimized with the Yoast SEO plugin v27.4 - https:\/\/yoast.com\/product\/yoast-seo-wordpress\/ -->\n<title>&quot;Warm&quot; - Serigraf\u00eda original &#8211; Fine Art by Denis Du Bois<\/title>\n<meta name=\"description\" content=\"Una hermosa mujer descansa en un div\u00e1n en una habitaci\u00f3n fresca. \u00bfEst\u00e1 escapando del calor del d\u00eda o esperando? Serigraf\u00eda art\u00edstica original de edici\u00f3n limitada F\/N.\" \/>\n<meta name=\"robots\" content=\"index, follow, max-snippet:-1, max-image-preview:large, max-video-preview:-1\" \/>\n<link rel=\"canonical\" href=\"https:\/\/denisdubois.com\/es\/producto\/warm-serigrafia-original\/\" \/>\n<meta property=\"og:locale\" content=\"es_ES\" \/>\n<meta property=\"og:type\" content=\"article\" \/>\n<meta property=\"og:title\" content=\"&quot;Warm&quot; - Serigraf\u00eda original &#8211; Fine Art by Denis Du Bois\" \/>\n<meta property=\"og:description\" content=\"Una hermosa mujer descansa en un div\u00e1n en una habitaci\u00f3n fresca. \u00bfEst\u00e1 escapando del calor del d\u00eda o esperando? Serigraf\u00eda art\u00edstica original de edici\u00f3n limitada F\/N.\" \/>\n<meta property=\"og:url\" content=\"https:\/\/denisdubois.com\/es\/producto\/warm-serigrafia-original\/\" \/>\n<meta property=\"og:site_name\" content=\"Fine Art by Denis Du Bois\" \/>\n<meta property=\"article:publisher\" content=\"https:\/\/facebook.com\/denisdubois\" \/>\n<meta property=\"article:modified_time\" content=\"2025-12-21T08:19:25+00:00\" \/>\n<meta property=\"og:image\" content=\"https:\/\/i0.wp.com\/denisdubois.com\/wp-content\/uploads\/2025\/12\/20251220-Nr-1-cleaned-up-scaled.webp?fit=2560%2C1920&ssl=1\" \/>\n\t<meta property=\"og:image:width\" content=\"2560\" \/>\n\t<meta property=\"og:image:height\" content=\"1920\" \/>\n\t<meta property=\"og:image:type\" content=\"image\/webp\" \/>\n<script type=\"application\/ld+json\" class=\"yoast-schema-graph\">{\"@context\":\"https:\\\/\\\/schema.org\",\"@graph\":[{\"@type\":\"WebPage\",\"@id\":\"https:\\\/\\\/denisdubois.com\\\/es\\\/producto\\\/warm-serigrafia-original\\\/\",\"url\":\"https:\\\/\\\/denisdubois.com\\\/es\\\/producto\\\/warm-serigrafia-original\\\/\",\"name\":\"\\\"Warm\\\" - Serigraf\u00eda original &#8211; Fine Art by Denis Du Bois\",\"isPartOf\":{\"@id\":\"https:\\\/\\\/denisdubois.com\\\/es\\\/#website\"},\"primaryImageOfPage\":{\"@id\":\"https:\\\/\\\/denisdubois.com\\\/es\\\/producto\\\/warm-serigrafia-original\\\/#primaryimage\"},\"image\":{\"@id\":\"https:\\\/\\\/denisdubois.com\\\/es\\\/producto\\\/warm-serigrafia-original\\\/#primaryimage\"},\"thumbnailUrl\":\"https:\\\/\\\/i0.wp.com\\\/denisdubois.com\\\/wp-content\\\/uploads\\\/2025\\\/12\\\/20251220-Nr-1-cleaned-up-scaled.webp?fit=2560%2C1920&ssl=1\",\"datePublished\":\"2025-12-21T00:19:25+00:00\",\"dateModified\":\"2025-12-21T08:19:25+00:00\",\"description\":\"Una hermosa mujer descansa en un div\u00e1n en una habitaci\u00f3n fresca. \u00bfEst\u00e1 escapando del calor del d\u00eda o esperando? Serigraf\u00eda art\u00edstica original de edici\u00f3n limitada F\\\/N.\",\"breadcrumb\":{\"@id\":\"https:\\\/\\\/denisdubois.com\\\/es\\\/producto\\\/warm-serigrafia-original\\\/#breadcrumb\"},\"inLanguage\":\"es\",\"potentialAction\":[{\"@type\":\"ReadAction\",\"target\":[\"https:\\\/\\\/denisdubois.com\\\/es\\\/producto\\\/warm-serigrafia-original\\\/\"]}]},{\"@type\":\"ImageObject\",\"inLanguage\":\"es\",\"@id\":\"https:\\\/\\\/denisdubois.com\\\/es\\\/producto\\\/warm-serigrafia-original\\\/#primaryimage\",\"url\":\"https:\\\/\\\/i0.wp.com\\\/denisdubois.com\\\/wp-content\\\/uploads\\\/2025\\\/12\\\/20251220-Nr-1-cleaned-up-scaled.webp?fit=2560%2C1920&ssl=1\",\"contentUrl\":\"https:\\\/\\\/i0.wp.com\\\/denisdubois.com\\\/wp-content\\\/uploads\\\/2025\\\/12\\\/20251220-Nr-1-cleaned-up-scaled.webp?fit=2560%2C1920&ssl=1\",\"width\":2560,\"height\":1920,\"caption\":\"\\\"Warm\\\" - woman reclining on blue drapery, serigraph\"},{\"@type\":\"BreadcrumbList\",\"@id\":\"https:\\\/\\\/denisdubois.com\\\/es\\\/producto\\\/warm-serigrafia-original\\\/#breadcrumb\",\"itemListElement\":[{\"@type\":\"ListItem\",\"position\":1,\"name\":\"Home\",\"item\":\"https:\\\/\\\/denisdubois.com\\\/es\\\/serigrafias-de-edicion-limitada-impresiones-artisticas-hechas-a-mano\\\/\"},{\"@type\":\"ListItem\",\"position\":2,\"name\":\"Tienda\",\"item\":\"https:\\\/\\\/denisdubois.com\\\/es\\\/tienda\\\/\"},{\"@type\":\"ListItem\",\"position\":3,\"name\":\"&#8220;Warm&#8221; &#8211; Serigraf\u00eda original\"}]},{\"@type\":\"WebSite\",\"@id\":\"https:\\\/\\\/denisdubois.com\\\/es\\\/#website\",\"url\":\"https:\\\/\\\/denisdubois.com\\\/es\\\/\",\"name\":\"Fine Art by Denis Du Bois\",\"description\":\"Explore the world through Denis Du Bois&#039; original drawings, paintings, and serigraphs. Subscribe for exclusive access to new editions and unique art collections.\",\"publisher\":{\"@id\":\"https:\\\/\\\/denisdubois.com\\\/es\\\/#organization\"},\"alternateName\":\"Atelier Denis Du Bois\",\"potentialAction\":[{\"@type\":\"SearchAction\",\"target\":{\"@type\":\"EntryPoint\",\"urlTemplate\":\"https:\\\/\\\/denisdubois.com\\\/es\\\/?s={search_term_string}\"},\"query-input\":{\"@type\":\"PropertyValueSpecification\",\"valueRequired\":true,\"valueName\":\"search_term_string\"}}],\"inLanguage\":\"es\"},{\"@type\":\"Organization\",\"@id\":\"https:\\\/\\\/denisdubois.com\\\/es\\\/#organization\",\"name\":\"Denis Du Bois\",\"url\":\"https:\\\/\\\/denisdubois.com\\\/es\\\/\",\"logo\":{\"@type\":\"ImageObject\",\"inLanguage\":\"es\",\"@id\":\"https:\\\/\\\/denisdubois.com\\\/es\\\/#\\\/schema\\\/logo\\\/image\\\/\",\"url\":\"https:\\\/\\\/i0.wp.com\\\/denisdubois.com\\\/wp-content\\\/uploads\\\/2025\\\/12\\\/logo-crest-atelier-251216-1200x399-1.jpg?fit=1200%2C399&ssl=1\",\"contentUrl\":\"https:\\\/\\\/i0.wp.com\\\/denisdubois.com\\\/wp-content\\\/uploads\\\/2025\\\/12\\\/logo-crest-atelier-251216-1200x399-1.jpg?fit=1200%2C399&ssl=1\",\"width\":1200,\"height\":399,\"caption\":\"Denis Du Bois\"},\"image\":{\"@id\":\"https:\\\/\\\/denisdubois.com\\\/es\\\/#\\\/schema\\\/logo\\\/image\\\/\"},\"sameAs\":[\"https:\\\/\\\/facebook.com\\\/denisdubois\",\"https:\\\/\\\/instagram.com\\\/cool.trails\"]}]}<\/script>\n<!-- \/ Yoast SEO plugin. -->","yoast_head_json":{"title":"\"Warm\" - Serigraf\u00eda original &#8211; Fine Art by Denis Du Bois","description":"Una hermosa mujer descansa en un div\u00e1n en una habitaci\u00f3n fresca. \u00bfEst\u00e1 escapando del calor del d\u00eda o esperando? Serigraf\u00eda art\u00edstica original de edici\u00f3n limitada F\/N.","robots":{"index":"index","follow":"follow","max-snippet":"max-snippet:-1","max-image-preview":"max-image-preview:large","max-video-preview":"max-video-preview:-1"},"canonical":"https:\/\/denisdubois.com\/es\/producto\/warm-serigrafia-original\/","og_locale":"es_ES","og_type":"article","og_title":"\"Warm\" - Serigraf\u00eda original &#8211; Fine Art by Denis Du Bois","og_description":"Una hermosa mujer descansa en un div\u00e1n en una habitaci\u00f3n fresca. \u00bfEst\u00e1 escapando del calor del d\u00eda o esperando? Serigraf\u00eda art\u00edstica original de edici\u00f3n limitada F\/N.","og_url":"https:\/\/denisdubois.com\/es\/producto\/warm-serigrafia-original\/","og_site_name":"Fine Art by Denis Du Bois","article_publisher":"https:\/\/facebook.com\/denisdubois","article_modified_time":"2025-12-21T08:19:25+00:00","og_image":[{"width":2560,"height":1920,"url":"https:\/\/i0.wp.com\/denisdubois.com\/wp-content\/uploads\/2025\/12\/20251220-Nr-1-cleaned-up-scaled.webp?fit=2560%2C1920&ssl=1","type":"image\/webp"}],"schema":{"@context":"https:\/\/schema.org","@graph":[{"@type":"WebPage","@id":"https:\/\/denisdubois.com\/es\/producto\/warm-serigrafia-original\/","url":"https:\/\/denisdubois.com\/es\/producto\/warm-serigrafia-original\/","name":"\"Warm\" - Serigraf\u00eda original &#8211; Fine Art by Denis Du Bois","isPartOf":{"@id":"https:\/\/denisdubois.com\/es\/#website"},"primaryImageOfPage":{"@id":"https:\/\/denisdubois.com\/es\/producto\/warm-serigrafia-original\/#primaryimage"},"image":{"@id":"https:\/\/denisdubois.com\/es\/producto\/warm-serigrafia-original\/#primaryimage"},"thumbnailUrl":"https:\/\/i0.wp.com\/denisdubois.com\/wp-content\/uploads\/2025\/12\/20251220-Nr-1-cleaned-up-scaled.webp?fit=2560%2C1920&ssl=1","datePublished":"2025-12-21T00:19:25+00:00","dateModified":"2025-12-21T08:19:25+00:00","description":"Una hermosa mujer descansa en un div\u00e1n en una habitaci\u00f3n fresca. \u00bfEst\u00e1 escapando del calor del d\u00eda o esperando? Serigraf\u00eda art\u00edstica original de edici\u00f3n limitada F\/N.","breadcrumb":{"@id":"https:\/\/denisdubois.com\/es\/producto\/warm-serigrafia-original\/#breadcrumb"},"inLanguage":"es","potentialAction":[{"@type":"ReadAction","target":["https:\/\/denisdubois.com\/es\/producto\/warm-serigrafia-original\/"]}]},{"@type":"ImageObject","inLanguage":"es","@id":"https:\/\/denisdubois.com\/es\/producto\/warm-serigrafia-original\/#primaryimage","url":"https:\/\/i0.wp.com\/denisdubois.com\/wp-content\/uploads\/2025\/12\/20251220-Nr-1-cleaned-up-scaled.webp?fit=2560%2C1920&ssl=1","contentUrl":"https:\/\/i0.wp.com\/denisdubois.com\/wp-content\/uploads\/2025\/12\/20251220-Nr-1-cleaned-up-scaled.webp?fit=2560%2C1920&ssl=1","width":2560,"height":1920,"caption":"\"Warm\" - woman reclining on blue drapery, serigraph"},{"@type":"BreadcrumbList","@id":"https:\/\/denisdubois.com\/es\/producto\/warm-serigrafia-original\/#breadcrumb","itemListElement":[{"@type":"ListItem","position":1,"name":"Home","item":"https:\/\/denisdubois.com\/es\/serigrafias-de-edicion-limitada-impresiones-artisticas-hechas-a-mano\/"},{"@type":"ListItem","position":2,"name":"Tienda","item":"https:\/\/denisdubois.com\/es\/tienda\/"},{"@type":"ListItem","position":3,"name":"&#8220;Warm&#8221; &#8211; Serigraf\u00eda original"}]},{"@type":"WebSite","@id":"https:\/\/denisdubois.com\/es\/#website","url":"https:\/\/denisdubois.com\/es\/","name":"Fine Art by Denis Du Bois","description":"Explore the world through Denis Du Bois&#039; original drawings, paintings, and serigraphs. Subscribe for exclusive access to new editions and unique art collections.","publisher":{"@id":"https:\/\/denisdubois.com\/es\/#organization"},"alternateName":"Atelier Denis Du Bois","potentialAction":[{"@type":"SearchAction","target":{"@type":"EntryPoint","urlTemplate":"https:\/\/denisdubois.com\/es\/?s={search_term_string}"},"query-input":{"@type":"PropertyValueSpecification","valueRequired":true,"valueName":"search_term_string"}}],"inLanguage":"es"},{"@type":"Organization","@id":"https:\/\/denisdubois.com\/es\/#organization","name":"Denis Du Bois","url":"https:\/\/denisdubois.com\/es\/","logo":{"@type":"ImageObject","inLanguage":"es","@id":"https:\/\/denisdubois.com\/es\/#\/schema\/logo\/image\/","url":"https:\/\/i0.wp.com\/denisdubois.com\/wp-content\/uploads\/2025\/12\/logo-crest-atelier-251216-1200x399-1.jpg?fit=1200%2C399&ssl=1","contentUrl":"https:\/\/i0.wp.com\/denisdubois.com\/wp-content\/uploads\/2025\/12\/logo-crest-atelier-251216-1200x399-1.jpg?fit=1200%2C399&ssl=1","width":1200,"height":399,"caption":"Denis Du Bois"},"image":{"@id":"https:\/\/denisdubois.com\/es\/#\/schema\/logo\/image\/"},"sameAs":["https:\/\/facebook.com\/denisdubois","https:\/\/instagram.com\/cool.trails"]}]}},"jetpack_sharing_enabled":true,"_links":{"self":[{"href":"https:\/\/denisdubois.com\/es\/wp-json\/wp\/v2\/product\/757","targetHints":{"allow":["GET"]}}],"collection":[{"href":"https:\/\/denisdubois.com\/es\/wp-json\/wp\/v2\/product"}],"about":[{"href":"https:\/\/denisdubois.com\/es\/wp-json\/wp\/v2\/types\/product"}],"replies":[{"embeddable":true,"href":"https:\/\/denisdubois.com\/es\/wp-json\/wp\/v2\/comments?post=757"}],"wp:featuredmedia":[{"embeddable":true,"href":"https:\/\/denisdubois.com\/es\/wp-json\/wp\/v2\/media\/209"}],"wp:attachment":[{"href":"https:\/\/denisdubois.com\/es\/wp-json\/wp\/v2\/media?parent=757"}],"wp:term":[{"taxonomy":"product_brand","embeddable":true,"href":"https:\/\/denisdubois.com\/es\/wp-json\/wp\/v2\/product_brand?post=757"},{"taxonomy":"product_cat","embeddable":true,"href":"https:\/\/denisdubois.com\/es\/wp-json\/wp\/v2\/product_cat?post=757"},{"taxonomy":"product_tag","embeddable":true,"href":"https:\/\/denisdubois.com\/es\/wp-json\/wp\/v2\/product_tag?post=757"}],"curies":[{"name":"wp","href":"https:\/\/api.w.org\/{rel}","templated":true}]}}