{"id":864,"date":"2025-12-18T23:54:35","date_gmt":"2025-12-19T07:54:35","guid":{"rendered":"https:\/\/denisdubois.com\/politica-de-reembolsos-y-devoluciones\/"},"modified":"2026-04-24T19:31:06","modified_gmt":"2026-04-25T03:31:06","slug":"politica-de-reembolsos-y-devoluciones","status":"publish","type":"page","link":"https:\/\/denisdubois.com\/es\/politica-de-reembolsos-y-devoluciones\/","title":{"rendered":"Pol\u00edtica de reembolsos y devoluciones"},"content":{"rendered":"\n<p class=\"\">Mi pol\u00edtica de reembolsos y devoluciones: sin preguntas, durante 30 d\u00edas, para el comprador original. <\/p>\n\n<p class=\"\">Por favor, no env\u00ede su compra de vuelta sin obtener primero una autorizaci\u00f3n de devoluci\u00f3n y seguir las instrucciones que se detallan en ella.<\/p>\n\n<p class=\"\">Para poder realizar una devoluci\u00f3n, su art\u00edculo debe estar en las mismas condiciones en que lo recibi\u00f3. Tambi\u00e9n debe estar en su embalaje protector original.<\/p>\n\n<p class=\"\">Si est\u00e1 considerando devolver una obra de arte, tenga en cuenta que cada impresi\u00f3n est\u00e1 hecha a mano por el artista. Es de esperar que existan peque\u00f1as variaciones. El arte est\u00e1 concebido para ser enmarcado; por lo tanto, las marcas en el reverso de una impresi\u00f3n o el desgaste en los bordes de la hoja no afectan a su disfrute una vez que la obra est\u00e1 enmarcada.<\/p>\n\n<p class=\"\">Usted seguir\u00e1 sujeto a mis T\u00e9rminos y condiciones, incluidas las protecciones de derechos de autor, tras devolver una compra.<\/p>\n\n<p class=\"\">Para completar su devoluci\u00f3n, solo necesito su n\u00famero de pedido, que est\u00e1 disponible en la secci\u00f3n Mi cuenta y en su factura. Si no lo tiene, p\u00f3ngase en contacto conmigo y buscar\u00e9 su factura. Si han pasado m\u00e1s de 30 d\u00edas desde su compra, p\u00f3ngase en contacto conmigo para tratar un posible reembolso o cambio.<\/p>\n\n<h2 class=\"wp-block-heading\">Reembolsos<\/h2>\n\n<p class=\"\">Una vez recibida e inspeccionada su devoluci\u00f3n, le enviar\u00e9 un correo electr\u00f3nico para notificarle que he recibido el art\u00edculo devuelto. Tambi\u00e9n le notificar\u00e9 la aprobaci\u00f3n o el rechazo de su reembolso.<\/p>\n\n<p class=\"\">Si se aprueba la devoluci\u00f3n, se procesar\u00e1 su reembolso y se aplicar\u00e1 un cr\u00e9dito a su m\u00e9todo de pago original en un plazo de 10 d\u00edas.<\/p>\n\n<h2 class=\"wp-block-heading\">Intercambios<\/h2>\n\n<p class=\"\">Sustituir\u00e9 los art\u00edculos si est\u00e1n defectuosos o han sufrido da\u00f1os durante el transporte. Si necesita realizar un cambio por el mismo art\u00edculo, utilice el proceso de autorizaci\u00f3n de devoluci\u00f3n.<\/p>\n\n<h2 class=\"wp-block-heading\">Regalos<\/h2>\n\n<p class=\"\">Si usted no es el comprador, pero el art\u00edculo se marc\u00f3 como regalo al comprarlo y se le envi\u00f3 directamente a usted, recibir\u00e1 un cr\u00e9dito de la galer\u00eda por el valor de su devoluci\u00f3n. Una vez aceptado el art\u00edculo devuelto, se le enviar\u00e1 por correo electr\u00f3nico un aviso de cr\u00e9dito.<\/p>\n\n<p class=\"\">Si el art\u00edculo no se marc\u00f3 como regalo al comprarlo, o si el comprador pidi\u00f3 que se le enviara el pedido a s\u00ed mismo para entreg\u00e1rselo a usted m\u00e1s tarde, enviaremos cualquier reembolso o cambio al comprador.<\/p>\n\n<h2 class=\"wp-block-heading\">Env\u00edo de devoluciones<\/h2>\n\n<p class=\"\">Para devolver su producto, debe enviarlo por correo <strong>SOLO<\/strong> a la direcci\u00f3n facilitada en la autorizaci\u00f3n de devoluci\u00f3n.<\/p>\n\n<p class=\"\">En la mayor\u00eda de los casos, usted ser\u00e1 responsable de pagar los gastos de env\u00edo para devolver un art\u00edculo. Los gastos de env\u00edo no son reembolsables. <\/p>\n\n<p class=\"\">Utilice siempre un servicio de env\u00edo con seguimiento o a\u00f1ada un seguro de env\u00edo. Procesar\u00e9 las devoluciones una vez que haya recibido el art\u00edculo devuelto.<\/p>\n\n<h2 class=\"wp-block-heading\">\u00bfNecesita ayuda?<\/h2>\n\n<p class=\"\">P\u00f3ngase en contacto conmigo para cuestiones relacionadas con reembolsos y devoluciones.<br\/>Texto traducido autom\u00e1ticamente.<\/p>\n\n<p class=\"\"><\/p>\n","protected":false},"excerpt":{"rendered":"<p>Mi pol\u00edtica de reembolsos y devoluciones: sin preguntas, durante 30 d\u00edas, para el comprador original. Por favor, no env\u00ede su compra de vuelta sin obtener primero una autorizaci\u00f3n de devoluci\u00f3n y seguir las instrucciones que se detallan en ella. Para poder realizar una devoluci\u00f3n, su art\u00edculo debe estar en las mismas condiciones en que lo&hellip;<\/p>\n","protected":false},"author":1,"featured_media":0,"parent":0,"menu_order":0,"comment_status":"closed","ping_status":"closed","template":"","meta":{"nf_dc_page":"","_monsterinsights_skip_tracking":false,"_monsterinsights_sitenote_active":false,"_monsterinsights_sitenote_note":"","_monsterinsights_sitenote_category":0,"footnotes":""},"class_list":["post-864","page","type-page","status-publish","hentry"],"yoast_head":"<!-- This site is optimized with the Yoast SEO plugin v27.4 - https:\/\/yoast.com\/product\/yoast-seo-wordpress\/ -->\n<title>Pol\u00edtica de reembolsos y devoluciones &#8211; Fine Art by Denis Du Bois<\/title>\n<meta name=\"description\" content=\"Para poder realizar una devoluci\u00f3n, su art\u00edculo debe estar en las mismas condiciones en que lo recibi\u00f3, en su embalaje protector original.\" \/>\n<meta name=\"robots\" content=\"noindex, nofollow\" \/>\n<meta property=\"og:locale\" content=\"es_ES\" \/>\n<meta property=\"og:type\" content=\"article\" \/>\n<meta property=\"og:title\" content=\"Pol\u00edtica de reembolsos y devoluciones &#8211; Fine Art by Denis Du Bois\" \/>\n<meta property=\"og:description\" content=\"Para poder realizar una devoluci\u00f3n, su art\u00edculo debe estar en las mismas condiciones en que lo recibi\u00f3, en su embalaje protector original.\" \/>\n<meta property=\"og:url\" content=\"https:\/\/denisdubois.com\/es\/politica-de-reembolsos-y-devoluciones\/\" \/>\n<meta property=\"og:site_name\" content=\"Fine Art by Denis Du Bois\" \/>\n<meta property=\"article:publisher\" content=\"https:\/\/facebook.com\/denisdubois\" \/>\n<meta property=\"article:modified_time\" content=\"2026-04-25T03:31:06+00:00\" \/>\n<meta name=\"twitter:label1\" content=\"Tiempo de lectura\" \/>\n\t<meta name=\"twitter:data1\" content=\"3 minuto\" \/>\n<script type=\"application\/ld+json\" class=\"yoast-schema-graph\">{\"@context\":\"https:\\\/\\\/schema.org\",\"@graph\":[{\"@type\":\"WebPage\",\"@id\":\"https:\\\/\\\/denisdubois.com\\\/es\\\/politica-de-reembolsos-y-devoluciones\\\/\",\"url\":\"https:\\\/\\\/denisdubois.com\\\/es\\\/politica-de-reembolsos-y-devoluciones\\\/\",\"name\":\"Pol\u00edtica de reembolsos y devoluciones &#8211; Fine Art by Denis Du Bois\",\"isPartOf\":{\"@id\":\"https:\\\/\\\/denisdubois.com\\\/es\\\/#website\"},\"datePublished\":\"2025-12-19T07:54:35+00:00\",\"dateModified\":\"2026-04-25T03:31:06+00:00\",\"description\":\"Para poder realizar una devoluci\u00f3n, su art\u00edculo debe estar en las mismas condiciones en que lo recibi\u00f3, en su embalaje protector original.\",\"breadcrumb\":{\"@id\":\"https:\\\/\\\/denisdubois.com\\\/es\\\/politica-de-reembolsos-y-devoluciones\\\/#breadcrumb\"},\"inLanguage\":\"es\",\"potentialAction\":[{\"@type\":\"ReadAction\",\"target\":[\"https:\\\/\\\/denisdubois.com\\\/es\\\/politica-de-reembolsos-y-devoluciones\\\/\"]}]},{\"@type\":\"BreadcrumbList\",\"@id\":\"https:\\\/\\\/denisdubois.com\\\/es\\\/politica-de-reembolsos-y-devoluciones\\\/#breadcrumb\",\"itemListElement\":[{\"@type\":\"ListItem\",\"position\":1,\"name\":\"Home\",\"item\":\"https:\\\/\\\/denisdubois.com\\\/es\\\/serigrafias-de-edicion-limitada-impresiones-artisticas-hechas-a-mano\\\/\"},{\"@type\":\"ListItem\",\"position\":2,\"name\":\"Pol\u00edtica de reembolsos y devoluciones\"}]},{\"@type\":\"WebSite\",\"@id\":\"https:\\\/\\\/denisdubois.com\\\/es\\\/#website\",\"url\":\"https:\\\/\\\/denisdubois.com\\\/es\\\/\",\"name\":\"Fine Art by Denis Du Bois\",\"description\":\"Explore the world through Denis Du Bois&#039; original drawings, paintings, and serigraphs. Subscribe for exclusive access to new editions and unique art collections.\",\"publisher\":{\"@id\":\"https:\\\/\\\/denisdubois.com\\\/es\\\/#organization\"},\"alternateName\":\"Atelier Denis Du Bois\",\"potentialAction\":[{\"@type\":\"SearchAction\",\"target\":{\"@type\":\"EntryPoint\",\"urlTemplate\":\"https:\\\/\\\/denisdubois.com\\\/es\\\/?s={search_term_string}\"},\"query-input\":{\"@type\":\"PropertyValueSpecification\",\"valueRequired\":true,\"valueName\":\"search_term_string\"}}],\"inLanguage\":\"es\"},{\"@type\":\"Organization\",\"@id\":\"https:\\\/\\\/denisdubois.com\\\/es\\\/#organization\",\"name\":\"Denis Du Bois\",\"url\":\"https:\\\/\\\/denisdubois.com\\\/es\\\/\",\"logo\":{\"@type\":\"ImageObject\",\"inLanguage\":\"es\",\"@id\":\"https:\\\/\\\/denisdubois.com\\\/es\\\/#\\\/schema\\\/logo\\\/image\\\/\",\"url\":\"https:\\\/\\\/i0.wp.com\\\/denisdubois.com\\\/wp-content\\\/uploads\\\/2025\\\/12\\\/logo-crest-atelier-251216-1200x399-1.jpg?fit=1200%2C399&ssl=1\",\"contentUrl\":\"https:\\\/\\\/i0.wp.com\\\/denisdubois.com\\\/wp-content\\\/uploads\\\/2025\\\/12\\\/logo-crest-atelier-251216-1200x399-1.jpg?fit=1200%2C399&ssl=1\",\"width\":1200,\"height\":399,\"caption\":\"Denis Du Bois\"},\"image\":{\"@id\":\"https:\\\/\\\/denisdubois.com\\\/es\\\/#\\\/schema\\\/logo\\\/image\\\/\"},\"sameAs\":[\"https:\\\/\\\/facebook.com\\\/denisdubois\",\"https:\\\/\\\/instagram.com\\\/cool.trails\"]}]}<\/script>\n<!-- \/ Yoast SEO plugin. -->","yoast_head_json":{"title":"Pol\u00edtica de reembolsos y devoluciones &#8211; Fine Art by Denis Du Bois","description":"Para poder realizar una devoluci\u00f3n, su art\u00edculo debe estar en las mismas condiciones en que lo recibi\u00f3, en su embalaje protector original.","robots":{"index":"noindex","follow":"nofollow"},"og_locale":"es_ES","og_type":"article","og_title":"Pol\u00edtica de reembolsos y devoluciones &#8211; Fine Art by Denis Du Bois","og_description":"Para poder realizar una devoluci\u00f3n, su art\u00edculo debe estar en las mismas condiciones en que lo recibi\u00f3, en su embalaje protector original.","og_url":"https:\/\/denisdubois.com\/es\/politica-de-reembolsos-y-devoluciones\/","og_site_name":"Fine Art by Denis Du Bois","article_publisher":"https:\/\/facebook.com\/denisdubois","article_modified_time":"2026-04-25T03:31:06+00:00","twitter_misc":{"Tiempo de lectura":"3 minuto"},"schema":{"@context":"https:\/\/schema.org","@graph":[{"@type":"WebPage","@id":"https:\/\/denisdubois.com\/es\/politica-de-reembolsos-y-devoluciones\/","url":"https:\/\/denisdubois.com\/es\/politica-de-reembolsos-y-devoluciones\/","name":"Pol\u00edtica de reembolsos y devoluciones &#8211; Fine Art by Denis Du Bois","isPartOf":{"@id":"https:\/\/denisdubois.com\/es\/#website"},"datePublished":"2025-12-19T07:54:35+00:00","dateModified":"2026-04-25T03:31:06+00:00","description":"Para poder realizar una devoluci\u00f3n, su art\u00edculo debe estar en las mismas condiciones en que lo recibi\u00f3, en su embalaje protector original.","breadcrumb":{"@id":"https:\/\/denisdubois.com\/es\/politica-de-reembolsos-y-devoluciones\/#breadcrumb"},"inLanguage":"es","potentialAction":[{"@type":"ReadAction","target":["https:\/\/denisdubois.com\/es\/politica-de-reembolsos-y-devoluciones\/"]}]},{"@type":"BreadcrumbList","@id":"https:\/\/denisdubois.com\/es\/politica-de-reembolsos-y-devoluciones\/#breadcrumb","itemListElement":[{"@type":"ListItem","position":1,"name":"Home","item":"https:\/\/denisdubois.com\/es\/serigrafias-de-edicion-limitada-impresiones-artisticas-hechas-a-mano\/"},{"@type":"ListItem","position":2,"name":"Pol\u00edtica de reembolsos y devoluciones"}]},{"@type":"WebSite","@id":"https:\/\/denisdubois.com\/es\/#website","url":"https:\/\/denisdubois.com\/es\/","name":"Fine Art by Denis Du Bois","description":"Explore the world through Denis Du Bois&#039; original drawings, paintings, and serigraphs. Subscribe for exclusive access to new editions and unique art collections.","publisher":{"@id":"https:\/\/denisdubois.com\/es\/#organization"},"alternateName":"Atelier Denis Du Bois","potentialAction":[{"@type":"SearchAction","target":{"@type":"EntryPoint","urlTemplate":"https:\/\/denisdubois.com\/es\/?s={search_term_string}"},"query-input":{"@type":"PropertyValueSpecification","valueRequired":true,"valueName":"search_term_string"}}],"inLanguage":"es"},{"@type":"Organization","@id":"https:\/\/denisdubois.com\/es\/#organization","name":"Denis Du Bois","url":"https:\/\/denisdubois.com\/es\/","logo":{"@type":"ImageObject","inLanguage":"es","@id":"https:\/\/denisdubois.com\/es\/#\/schema\/logo\/image\/","url":"https:\/\/i0.wp.com\/denisdubois.com\/wp-content\/uploads\/2025\/12\/logo-crest-atelier-251216-1200x399-1.jpg?fit=1200%2C399&ssl=1","contentUrl":"https:\/\/i0.wp.com\/denisdubois.com\/wp-content\/uploads\/2025\/12\/logo-crest-atelier-251216-1200x399-1.jpg?fit=1200%2C399&ssl=1","width":1200,"height":399,"caption":"Denis Du Bois"},"image":{"@id":"https:\/\/denisdubois.com\/es\/#\/schema\/logo\/image\/"},"sameAs":["https:\/\/facebook.com\/denisdubois","https:\/\/instagram.com\/cool.trails"]}]}},"jetpack_sharing_enabled":true,"jetpack_shortlink":"https:\/\/wp.me\/PgZU3n-dW","_links":{"self":[{"href":"https:\/\/denisdubois.com\/es\/wp-json\/wp\/v2\/pages\/864","targetHints":{"allow":["GET"]}}],"collection":[{"href":"https:\/\/denisdubois.com\/es\/wp-json\/wp\/v2\/pages"}],"about":[{"href":"https:\/\/denisdubois.com\/es\/wp-json\/wp\/v2\/types\/page"}],"author":[{"embeddable":true,"href":"https:\/\/denisdubois.com\/es\/wp-json\/wp\/v2\/users\/1"}],"replies":[{"embeddable":true,"href":"https:\/\/denisdubois.com\/es\/wp-json\/wp\/v2\/comments?post=864"}],"version-history":[{"count":3,"href":"https:\/\/denisdubois.com\/es\/wp-json\/wp\/v2\/pages\/864\/revisions"}],"predecessor-version":[{"id":901,"href":"https:\/\/denisdubois.com\/es\/wp-json\/wp\/v2\/pages\/864\/revisions\/901"}],"wp:attachment":[{"href":"https:\/\/denisdubois.com\/es\/wp-json\/wp\/v2\/media?parent=864"}],"curies":[{"name":"wp","href":"https:\/\/api.w.org\/{rel}","templated":true}]}}