{"id":857,"date":"2025-12-19T00:30:15","date_gmt":"2025-12-19T08:30:15","guid":{"rendered":"https:\/\/denisdubois.com\/serie-espana\/"},"modified":"2026-04-24T18:58:30","modified_gmt":"2026-04-25T02:58:30","slug":"serie-espana","status":"publish","type":"page","link":"https:\/\/denisdubois.com\/es\/serie-espana\/","title":{"rendered":"Serie Espa\u00f1a"},"content":{"rendered":"\n<p class=\"\">Seis serigraf\u00edas originales de bellas artes, seis im\u00e1genes encantadoras de mis recientes viajes por Espa\u00f1a.<\/p>\n\n<figure class=\"is-style-nfd-waves-top-left wp-block-image size-large is-resized\"><img data-recalc-dims=\"1\" decoding=\"async\" width=\"1024\" height=\"768\" loading=\"lazy\" src=\"https:\/\/i0.wp.com\/denisdubois.com\/wp-content\/uploads\/2025\/12\/20250808_101722-Denis-ZGZ-sign-copy.webp?resize=1024%2C768&#038;ssl=1\" alt=\"Denis en Zaragoza, Espa&#xF1;a\" class=\"wp-image-101\" style=\"width:644px;height:auto\" srcset=\"https:\/\/i0.wp.com\/denisdubois.com\/wp-content\/uploads\/2025\/12\/20250808_101722-Denis-ZGZ-sign-copy-scaled.webp?resize=1024%2C768&amp;ssl=1 1024w, https:\/\/i0.wp.com\/denisdubois.com\/wp-content\/uploads\/2025\/12\/20250808_101722-Denis-ZGZ-sign-copy-scaled.webp?resize=300%2C225&amp;ssl=1 300w, https:\/\/i0.wp.com\/denisdubois.com\/wp-content\/uploads\/2025\/12\/20250808_101722-Denis-ZGZ-sign-copy-scaled.webp?resize=768%2C576&amp;ssl=1 768w, https:\/\/i0.wp.com\/denisdubois.com\/wp-content\/uploads\/2025\/12\/20250808_101722-Denis-ZGZ-sign-copy-scaled.webp?resize=1536%2C1152&amp;ssl=1 1536w, https:\/\/i0.wp.com\/denisdubois.com\/wp-content\/uploads\/2025\/12\/20250808_101722-Denis-ZGZ-sign-copy-scaled.webp?resize=2048%2C1536&amp;ssl=1 2048w, https:\/\/i0.wp.com\/denisdubois.com\/wp-content\/uploads\/2025\/12\/20250808_101722-Denis-ZGZ-sign-copy-scaled.webp?resize=600%2C450&amp;ssl=1 600w\" sizes=\"auto, (max-width: 1000px) 100vw, 1000px\" \/><\/figure>\n\n<p class=\"\">Esta serie es un trabajo en curso en el estudio. Puede adquirir estampas individuales o suscribirse a la serie y recibirlas todas a medida que se vayan creando.<\/p>\n\n<p class=\"\"><a href=\"https:\/\/denisdubois.com\/es\/producto\/serie-espana-torla-ordesa-impresiones-de-edicion-limitada\/\" type=\"product\" id=\"41\">Torla-Ordessa<\/a> est\u00e1 terminada y lista para que la incorpore a su colecci\u00f3n.<\/p>\n\n<p class=\"\">Puerta de Alcal\u00e1 Toledo est\u00e1 en proceso.<\/p>\n\n<p class=\"\">Seguir\u00e1n m\u00e1s ediciones.<\/p>\n","protected":false},"excerpt":{"rendered":"<p>Seis serigraf\u00edas originales de bellas artes, seis im\u00e1genes encantadoras de mis recientes viajes por Espa\u00f1a. Esta serie es un trabajo en curso en el estudio. Puede adquirir estampas individuales o suscribirse a la serie y recibirlas todas a medida que se vayan creando. Torla-Ordessa est\u00e1 terminada y lista para que la incorpore a su colecci\u00f3n.&hellip;<\/p>\n","protected":false},"author":1,"featured_media":859,"parent":0,"menu_order":0,"comment_status":"closed","ping_status":"closed","template":"","meta":{"nf_dc_page":"","_monsterinsights_skip_tracking":false,"_monsterinsights_sitenote_active":false,"_monsterinsights_sitenote_note":"","_monsterinsights_sitenote_category":0,"footnotes":""},"class_list":["post-857","page","type-page","status-publish","has-post-thumbnail","hentry"],"yoast_head":"<!-- This site is optimized with the Yoast SEO plugin v27.4 - https:\/\/yoast.com\/product\/yoast-seo-wordpress\/ -->\n<title>Serie Espa\u00f1a &#8211; Serigraf\u00edas de bellas artes &#8211; Original Fine Art by Denis Du Bois<\/title>\n<meta name=\"description\" content=\"Seis serigraf\u00edas originales de bellas artes, seis im\u00e1genes encantadoras de los extensos viajes del artista por Espa\u00f1a.\" \/>\n<meta name=\"robots\" content=\"index, follow, max-snippet:-1, max-image-preview:large, max-video-preview:-1\" \/>\n<link rel=\"canonical\" href=\"https:\/\/denisdubois.com\/es\/serie-espana\/\" \/>\n<meta property=\"og:locale\" content=\"es_ES\" \/>\n<meta property=\"og:type\" content=\"article\" \/>\n<meta property=\"og:title\" content=\"Serie Espa\u00f1a &#8211; Serigraf\u00edas de bellas artes &#8211; Original Fine Art by Denis Du Bois\" \/>\n<meta property=\"og:description\" content=\"Seis serigraf\u00edas originales de bellas artes, seis im\u00e1genes encantadoras de los extensos viajes del artista por Espa\u00f1a.\" \/>\n<meta property=\"og:url\" content=\"https:\/\/denisdubois.com\/es\/serie-espana\/\" \/>\n<meta property=\"og:site_name\" content=\"Fine Art by Denis Du Bois\" \/>\n<meta property=\"article:publisher\" content=\"https:\/\/facebook.com\/denisdubois\" \/>\n<meta property=\"article:modified_time\" content=\"2026-04-25T02:58:30+00:00\" \/>\n<meta property=\"og:image\" content=\"https:\/\/i0.wp.com\/denisdubois.com\/wp-content\/uploads\/2025\/12\/20250808_101722-Denis-ZGZ-sign-copy-scaled.webp?fit=2560%2C1920&ssl=1\" \/>\n\t<meta property=\"og:image:width\" content=\"2560\" \/>\n\t<meta property=\"og:image:height\" content=\"1920\" \/>\n\t<meta property=\"og:image:type\" content=\"image\/webp\" \/>\n<script type=\"application\/ld+json\" class=\"yoast-schema-graph\">{\"@context\":\"https:\\\/\\\/schema.org\",\"@graph\":[{\"@type\":\"WebPage\",\"@id\":\"https:\\\/\\\/denisdubois.com\\\/es\\\/serie-espana\\\/\",\"url\":\"https:\\\/\\\/denisdubois.com\\\/es\\\/serie-espana\\\/\",\"name\":\"Serie Espa\u00f1a &#8211; Serigraf\u00edas de bellas artes &#8211; Original Fine Art by Denis Du Bois\",\"isPartOf\":{\"@id\":\"https:\\\/\\\/denisdubois.com\\\/es\\\/#website\"},\"primaryImageOfPage\":{\"@id\":\"https:\\\/\\\/denisdubois.com\\\/es\\\/serie-espana\\\/#primaryimage\"},\"image\":{\"@id\":\"https:\\\/\\\/denisdubois.com\\\/es\\\/serie-espana\\\/#primaryimage\"},\"thumbnailUrl\":\"https:\\\/\\\/i0.wp.com\\\/denisdubois.com\\\/wp-content\\\/uploads\\\/2025\\\/12\\\/20250808_101722-Denis-ZGZ-sign-copy-scaled.webp?fit=2560%2C1920&ssl=1\",\"datePublished\":\"2025-12-19T08:30:15+00:00\",\"dateModified\":\"2026-04-25T02:58:30+00:00\",\"description\":\"Seis serigraf\u00edas originales de bellas artes, seis im\u00e1genes encantadoras de los extensos viajes del artista por Espa\u00f1a.\",\"breadcrumb\":{\"@id\":\"https:\\\/\\\/denisdubois.com\\\/es\\\/serie-espana\\\/#breadcrumb\"},\"inLanguage\":\"es\",\"potentialAction\":[{\"@type\":\"ReadAction\",\"target\":[\"https:\\\/\\\/denisdubois.com\\\/es\\\/serie-espana\\\/\"]}]},{\"@type\":\"ImageObject\",\"inLanguage\":\"es\",\"@id\":\"https:\\\/\\\/denisdubois.com\\\/es\\\/serie-espana\\\/#primaryimage\",\"url\":\"https:\\\/\\\/i0.wp.com\\\/denisdubois.com\\\/wp-content\\\/uploads\\\/2025\\\/12\\\/20250808_101722-Denis-ZGZ-sign-copy-scaled.webp?fit=2560%2C1920&ssl=1\",\"contentUrl\":\"https:\\\/\\\/i0.wp.com\\\/denisdubois.com\\\/wp-content\\\/uploads\\\/2025\\\/12\\\/20250808_101722-Denis-ZGZ-sign-copy-scaled.webp?fit=2560%2C1920&ssl=1\",\"width\":2560,\"height\":1920,\"caption\":\"Denis in Zaragoza Spain\"},{\"@type\":\"BreadcrumbList\",\"@id\":\"https:\\\/\\\/denisdubois.com\\\/es\\\/serie-espana\\\/#breadcrumb\",\"itemListElement\":[{\"@type\":\"ListItem\",\"position\":1,\"name\":\"Home\",\"item\":\"https:\\\/\\\/denisdubois.com\\\/es\\\/serigrafias-de-edicion-limitada-impresiones-artisticas-hechas-a-mano\\\/\"},{\"@type\":\"ListItem\",\"position\":2,\"name\":\"Serie Espa\u00f1a\"}]},{\"@type\":\"WebSite\",\"@id\":\"https:\\\/\\\/denisdubois.com\\\/es\\\/#website\",\"url\":\"https:\\\/\\\/denisdubois.com\\\/es\\\/\",\"name\":\"Fine Art by Denis Du Bois\",\"description\":\"Explore the world through Denis Du Bois&#039; original drawings, paintings, and serigraphs. Subscribe for exclusive access to new editions and unique art collections.\",\"publisher\":{\"@id\":\"https:\\\/\\\/denisdubois.com\\\/es\\\/#organization\"},\"alternateName\":\"Atelier Denis Du Bois\",\"potentialAction\":[{\"@type\":\"SearchAction\",\"target\":{\"@type\":\"EntryPoint\",\"urlTemplate\":\"https:\\\/\\\/denisdubois.com\\\/es\\\/?s={search_term_string}\"},\"query-input\":{\"@type\":\"PropertyValueSpecification\",\"valueRequired\":true,\"valueName\":\"search_term_string\"}}],\"inLanguage\":\"es\"},{\"@type\":\"Organization\",\"@id\":\"https:\\\/\\\/denisdubois.com\\\/es\\\/#organization\",\"name\":\"Denis Du Bois\",\"url\":\"https:\\\/\\\/denisdubois.com\\\/es\\\/\",\"logo\":{\"@type\":\"ImageObject\",\"inLanguage\":\"es\",\"@id\":\"https:\\\/\\\/denisdubois.com\\\/es\\\/#\\\/schema\\\/logo\\\/image\\\/\",\"url\":\"https:\\\/\\\/i0.wp.com\\\/denisdubois.com\\\/wp-content\\\/uploads\\\/2025\\\/12\\\/logo-crest-atelier-251216-1200x399-1.jpg?fit=1200%2C399&ssl=1\",\"contentUrl\":\"https:\\\/\\\/i0.wp.com\\\/denisdubois.com\\\/wp-content\\\/uploads\\\/2025\\\/12\\\/logo-crest-atelier-251216-1200x399-1.jpg?fit=1200%2C399&ssl=1\",\"width\":1200,\"height\":399,\"caption\":\"Denis Du Bois\"},\"image\":{\"@id\":\"https:\\\/\\\/denisdubois.com\\\/es\\\/#\\\/schema\\\/logo\\\/image\\\/\"},\"sameAs\":[\"https:\\\/\\\/facebook.com\\\/denisdubois\",\"https:\\\/\\\/instagram.com\\\/cool.trails\"]}]}<\/script>\n<!-- \/ Yoast SEO plugin. -->","yoast_head_json":{"title":"Serie Espa\u00f1a &#8211; Serigraf\u00edas de bellas artes &#8211; Original Fine Art by Denis Du Bois","description":"Seis serigraf\u00edas originales de bellas artes, seis im\u00e1genes encantadoras de los extensos viajes del artista por Espa\u00f1a.","robots":{"index":"index","follow":"follow","max-snippet":"max-snippet:-1","max-image-preview":"max-image-preview:large","max-video-preview":"max-video-preview:-1"},"canonical":"https:\/\/denisdubois.com\/es\/serie-espana\/","og_locale":"es_ES","og_type":"article","og_title":"Serie Espa\u00f1a &#8211; Serigraf\u00edas de bellas artes &#8211; Original Fine Art by Denis Du Bois","og_description":"Seis serigraf\u00edas originales de bellas artes, seis im\u00e1genes encantadoras de los extensos viajes del artista por Espa\u00f1a.","og_url":"https:\/\/denisdubois.com\/es\/serie-espana\/","og_site_name":"Fine Art by Denis Du Bois","article_publisher":"https:\/\/facebook.com\/denisdubois","article_modified_time":"2026-04-25T02:58:30+00:00","og_image":[{"width":2560,"height":1920,"url":"https:\/\/i0.wp.com\/denisdubois.com\/wp-content\/uploads\/2025\/12\/20250808_101722-Denis-ZGZ-sign-copy-scaled.webp?fit=2560%2C1920&ssl=1","type":"image\/webp"}],"schema":{"@context":"https:\/\/schema.org","@graph":[{"@type":"WebPage","@id":"https:\/\/denisdubois.com\/es\/serie-espana\/","url":"https:\/\/denisdubois.com\/es\/serie-espana\/","name":"Serie Espa\u00f1a &#8211; Serigraf\u00edas de bellas artes &#8211; Original Fine Art by Denis Du Bois","isPartOf":{"@id":"https:\/\/denisdubois.com\/es\/#website"},"primaryImageOfPage":{"@id":"https:\/\/denisdubois.com\/es\/serie-espana\/#primaryimage"},"image":{"@id":"https:\/\/denisdubois.com\/es\/serie-espana\/#primaryimage"},"thumbnailUrl":"https:\/\/i0.wp.com\/denisdubois.com\/wp-content\/uploads\/2025\/12\/20250808_101722-Denis-ZGZ-sign-copy-scaled.webp?fit=2560%2C1920&ssl=1","datePublished":"2025-12-19T08:30:15+00:00","dateModified":"2026-04-25T02:58:30+00:00","description":"Seis serigraf\u00edas originales de bellas artes, seis im\u00e1genes encantadoras de los extensos viajes del artista por Espa\u00f1a.","breadcrumb":{"@id":"https:\/\/denisdubois.com\/es\/serie-espana\/#breadcrumb"},"inLanguage":"es","potentialAction":[{"@type":"ReadAction","target":["https:\/\/denisdubois.com\/es\/serie-espana\/"]}]},{"@type":"ImageObject","inLanguage":"es","@id":"https:\/\/denisdubois.com\/es\/serie-espana\/#primaryimage","url":"https:\/\/i0.wp.com\/denisdubois.com\/wp-content\/uploads\/2025\/12\/20250808_101722-Denis-ZGZ-sign-copy-scaled.webp?fit=2560%2C1920&ssl=1","contentUrl":"https:\/\/i0.wp.com\/denisdubois.com\/wp-content\/uploads\/2025\/12\/20250808_101722-Denis-ZGZ-sign-copy-scaled.webp?fit=2560%2C1920&ssl=1","width":2560,"height":1920,"caption":"Denis in Zaragoza Spain"},{"@type":"BreadcrumbList","@id":"https:\/\/denisdubois.com\/es\/serie-espana\/#breadcrumb","itemListElement":[{"@type":"ListItem","position":1,"name":"Home","item":"https:\/\/denisdubois.com\/es\/serigrafias-de-edicion-limitada-impresiones-artisticas-hechas-a-mano\/"},{"@type":"ListItem","position":2,"name":"Serie Espa\u00f1a"}]},{"@type":"WebSite","@id":"https:\/\/denisdubois.com\/es\/#website","url":"https:\/\/denisdubois.com\/es\/","name":"Fine Art by Denis Du Bois","description":"Explore the world through Denis Du Bois&#039; original drawings, paintings, and serigraphs. Subscribe for exclusive access to new editions and unique art collections.","publisher":{"@id":"https:\/\/denisdubois.com\/es\/#organization"},"alternateName":"Atelier Denis Du Bois","potentialAction":[{"@type":"SearchAction","target":{"@type":"EntryPoint","urlTemplate":"https:\/\/denisdubois.com\/es\/?s={search_term_string}"},"query-input":{"@type":"PropertyValueSpecification","valueRequired":true,"valueName":"search_term_string"}}],"inLanguage":"es"},{"@type":"Organization","@id":"https:\/\/denisdubois.com\/es\/#organization","name":"Denis Du Bois","url":"https:\/\/denisdubois.com\/es\/","logo":{"@type":"ImageObject","inLanguage":"es","@id":"https:\/\/denisdubois.com\/es\/#\/schema\/logo\/image\/","url":"https:\/\/i0.wp.com\/denisdubois.com\/wp-content\/uploads\/2025\/12\/logo-crest-atelier-251216-1200x399-1.jpg?fit=1200%2C399&ssl=1","contentUrl":"https:\/\/i0.wp.com\/denisdubois.com\/wp-content\/uploads\/2025\/12\/logo-crest-atelier-251216-1200x399-1.jpg?fit=1200%2C399&ssl=1","width":1200,"height":399,"caption":"Denis Du Bois"},"image":{"@id":"https:\/\/denisdubois.com\/es\/#\/schema\/logo\/image\/"},"sameAs":["https:\/\/facebook.com\/denisdubois","https:\/\/instagram.com\/cool.trails"]}]}},"jetpack_sharing_enabled":true,"jetpack_shortlink":"https:\/\/wp.me\/PgZU3n-dP","_links":{"self":[{"href":"https:\/\/denisdubois.com\/es\/wp-json\/wp\/v2\/pages\/857","targetHints":{"allow":["GET"]}}],"collection":[{"href":"https:\/\/denisdubois.com\/es\/wp-json\/wp\/v2\/pages"}],"about":[{"href":"https:\/\/denisdubois.com\/es\/wp-json\/wp\/v2\/types\/page"}],"author":[{"embeddable":true,"href":"https:\/\/denisdubois.com\/es\/wp-json\/wp\/v2\/users\/1"}],"replies":[{"embeddable":true,"href":"https:\/\/denisdubois.com\/es\/wp-json\/wp\/v2\/comments?post=857"}],"version-history":[{"count":1,"href":"https:\/\/denisdubois.com\/es\/wp-json\/wp\/v2\/pages\/857\/revisions"}],"predecessor-version":[{"id":860,"href":"https:\/\/denisdubois.com\/es\/wp-json\/wp\/v2\/pages\/857\/revisions\/860"}],"wp:featuredmedia":[{"embeddable":true,"href":"https:\/\/denisdubois.com\/es\/wp-json\/wp\/v2\/media\/859"}],"wp:attachment":[{"href":"https:\/\/denisdubois.com\/es\/wp-json\/wp\/v2\/media?parent=857"}],"curies":[{"name":"wp","href":"https:\/\/api.w.org\/{rel}","templated":true}]}}