{"id":826,"date":"2025-12-27T01:41:25","date_gmt":"2025-12-27T09:41:25","guid":{"rendered":"https:\/\/denisdubois.com\/autenticidad\/"},"modified":"2026-04-24T18:57:20","modified_gmt":"2026-04-25T02:57:20","slug":"autenticidad","status":"publish","type":"page","link":"https:\/\/denisdubois.com\/es\/autenticidad\/","title":{"rendered":"Autenticidad"},"content":{"rendered":"\n<p class=\"\">\u00bfTiene usted una obra de arte original y aut\u00e9ntica de Denis Du Bois?<\/p>\n\n<p class=\"\">\u00a1Enhorabuena, ha a\u00f1adido una obra de arte original de Denis Du Bois a su colecci\u00f3n! El valor del arte reside en parte en su autenticidad y en el n\u00famero limitado de impresiones. La copia y la falsificaci\u00f3n deval\u00faan el arte y a los artistas. Aqu\u00ed le indicamos c\u00f3mo saber si su impresi\u00f3n es aut\u00e9ntica. <\/p>\n\n<ul class=\"wp-block-list\">\n<li class=\"\">Mis serigraf\u00edas originales de edici\u00f3n limitada est\u00e1n <strong>firmadas y numeradas<\/strong> por m\u00ed, habitualmente a l\u00e1piz, debajo del \u00e1rea de la imagen de la hoja. La inscripci\u00f3n ser\u00eda, por ejemplo, \u00ab6\/100 &#8230; (t\u00edtulo) &#8230; Du Bois 2025\u00bb. El n\u00famero representa la posici\u00f3n de la impresi\u00f3n en la tirada de la edici\u00f3n limitada (6.\u00aa) y el n\u00famero limitado de impresiones en la edici\u00f3n (100). Estos son solo ejemplos. <\/li>\n\n\n\n<li class=\"\">Las obras de arte de gran formato llevan un <strong>relieve<\/strong> con mi nombre, mi escudo familiar y la palabra \u00abAUT\u00c9NTICO\u00bb. Podr\u00e1 sentir el relieve por ambos lados del papel. Solo existe una herramienta de relieve de este tipo, y se encuentra en mi caja fuerte.<\/li>\n\n\n\n<li class=\"\">La obra de arte original va acompa\u00f1ada de un <strong>Certificado de Autenticidad<\/strong> (COA) que incluye una imagen de la obra, mi relieve y mi firma. <\/li>\n\n\n\n<li class=\"\">Mis impresiones de edici\u00f3n abierta pueden estar firmadas, pero sin n\u00famero. <\/li>\n\n\n\n<li class=\"\">Las reproducciones mediante impresoras gicl\u00e9e o l\u00e1ser no llevar\u00e1n relieve ni estar\u00e1n firmadas individualmente; sin embargo, mi firma puede formar parte de la imagen reproducida. <\/li>\n\n\n\n<li class=\"\">Si el anverso, el reverso o el embalaje de la obra de arte o del COA llevan un c\u00f3digo QR, al escanearlo acceder\u00e1 a esta p\u00e1gina web. <\/li>\n<\/ul>\n\n<p class=\"\">Estoy a su disposici\u00f3n para inspeccionar y certificar la autenticidad de cualquier obra de arte en caso de duda. Solo tiene que <a href=\"https:\/\/denisdubois.com\/contact\/\">contactarme<\/a>.<\/p>\n\n<p class=\"\"><\/p>\n","protected":false},"excerpt":{"rendered":"<p>\u00bfTiene usted una obra de arte original y aut\u00e9ntica de Denis Du Bois? \u00a1Enhorabuena, ha a\u00f1adido una obra de arte original de Denis Du Bois a su colecci\u00f3n! El valor del arte reside en parte en su autenticidad y en el n\u00famero limitado de impresiones. La copia y la falsificaci\u00f3n deval\u00faan el arte y a&hellip;<\/p>\n","protected":false},"author":2,"featured_media":0,"parent":0,"menu_order":0,"comment_status":"closed","ping_status":"closed","template":"","meta":{"nf_dc_page":"","_monsterinsights_skip_tracking":false,"_monsterinsights_sitenote_active":false,"_monsterinsights_sitenote_note":"","_monsterinsights_sitenote_category":0,"footnotes":""},"class_list":["post-826","page","type-page","status-publish","hentry"],"yoast_head":"<!-- This site is optimized with the Yoast SEO plugin v27.4 - https:\/\/yoast.com\/product\/yoast-seo-wordpress\/ -->\n<title>Autenticidad &#8211; Fine Art by Denis Du Bois<\/title>\n<meta name=\"description\" content=\"\u00a1Enhorabuena, ha a\u00f1adido una obra de arte original de Denis Du Bois a su colecci\u00f3n!\" \/>\n<meta name=\"robots\" content=\"index, follow, max-snippet:-1, max-image-preview:large, max-video-preview:-1\" \/>\n<link rel=\"canonical\" href=\"https:\/\/denisdubois.com\/es\/autenticidad\/\" \/>\n<meta property=\"og:locale\" content=\"es_ES\" \/>\n<meta property=\"og:type\" content=\"article\" \/>\n<meta property=\"og:title\" content=\"Autenticidad &#8211; Fine Art by Denis Du Bois\" \/>\n<meta property=\"og:description\" content=\"\u00a1Enhorabuena, ha a\u00f1adido una obra de arte original de Denis Du Bois a su colecci\u00f3n!\" \/>\n<meta property=\"og:url\" content=\"https:\/\/denisdubois.com\/es\/autenticidad\/\" \/>\n<meta property=\"og:site_name\" content=\"Fine Art by Denis Du Bois\" \/>\n<meta property=\"article:publisher\" content=\"https:\/\/facebook.com\/denisdubois\" \/>\n<meta property=\"article:modified_time\" content=\"2026-04-25T02:57:20+00:00\" \/>\n<meta name=\"twitter:label1\" content=\"Tiempo de lectura\" \/>\n\t<meta name=\"twitter:data1\" content=\"2 minuto\" \/>\n<script type=\"application\/ld+json\" class=\"yoast-schema-graph\">{\"@context\":\"https:\\\/\\\/schema.org\",\"@graph\":[{\"@type\":\"WebPage\",\"@id\":\"https:\\\/\\\/denisdubois.com\\\/es\\\/autenticidad\\\/\",\"url\":\"https:\\\/\\\/denisdubois.com\\\/es\\\/autenticidad\\\/\",\"name\":\"Autenticidad &#8211; Fine Art by Denis Du Bois\",\"isPartOf\":{\"@id\":\"https:\\\/\\\/denisdubois.com\\\/es\\\/#website\"},\"datePublished\":\"2025-12-27T09:41:25+00:00\",\"dateModified\":\"2026-04-25T02:57:20+00:00\",\"description\":\"\u00a1Enhorabuena, ha a\u00f1adido una obra de arte original de Denis Du Bois a su colecci\u00f3n!\",\"breadcrumb\":{\"@id\":\"https:\\\/\\\/denisdubois.com\\\/es\\\/autenticidad\\\/#breadcrumb\"},\"inLanguage\":\"es\",\"potentialAction\":[{\"@type\":\"ReadAction\",\"target\":[\"https:\\\/\\\/denisdubois.com\\\/es\\\/autenticidad\\\/\"]}]},{\"@type\":\"BreadcrumbList\",\"@id\":\"https:\\\/\\\/denisdubois.com\\\/es\\\/autenticidad\\\/#breadcrumb\",\"itemListElement\":[{\"@type\":\"ListItem\",\"position\":1,\"name\":\"Home\",\"item\":\"https:\\\/\\\/denisdubois.com\\\/es\\\/serigrafias-de-edicion-limitada-impresiones-artisticas-hechas-a-mano\\\/\"},{\"@type\":\"ListItem\",\"position\":2,\"name\":\"Autenticidad\"}]},{\"@type\":\"WebSite\",\"@id\":\"https:\\\/\\\/denisdubois.com\\\/es\\\/#website\",\"url\":\"https:\\\/\\\/denisdubois.com\\\/es\\\/\",\"name\":\"Fine Art by Denis Du Bois\",\"description\":\"Explore the world through Denis Du Bois&#039; original drawings, paintings, and serigraphs. Subscribe for exclusive access to new editions and unique art collections.\",\"publisher\":{\"@id\":\"https:\\\/\\\/denisdubois.com\\\/es\\\/#organization\"},\"alternateName\":\"Atelier Denis Du Bois\",\"potentialAction\":[{\"@type\":\"SearchAction\",\"target\":{\"@type\":\"EntryPoint\",\"urlTemplate\":\"https:\\\/\\\/denisdubois.com\\\/es\\\/?s={search_term_string}\"},\"query-input\":{\"@type\":\"PropertyValueSpecification\",\"valueRequired\":true,\"valueName\":\"search_term_string\"}}],\"inLanguage\":\"es\"},{\"@type\":\"Organization\",\"@id\":\"https:\\\/\\\/denisdubois.com\\\/es\\\/#organization\",\"name\":\"Denis Du Bois\",\"url\":\"https:\\\/\\\/denisdubois.com\\\/es\\\/\",\"logo\":{\"@type\":\"ImageObject\",\"inLanguage\":\"es\",\"@id\":\"https:\\\/\\\/denisdubois.com\\\/es\\\/#\\\/schema\\\/logo\\\/image\\\/\",\"url\":\"https:\\\/\\\/i0.wp.com\\\/denisdubois.com\\\/wp-content\\\/uploads\\\/2025\\\/12\\\/logo-crest-atelier-251216-1200x399-1.jpg?fit=1200%2C399&ssl=1\",\"contentUrl\":\"https:\\\/\\\/i0.wp.com\\\/denisdubois.com\\\/wp-content\\\/uploads\\\/2025\\\/12\\\/logo-crest-atelier-251216-1200x399-1.jpg?fit=1200%2C399&ssl=1\",\"width\":1200,\"height\":399,\"caption\":\"Denis Du Bois\"},\"image\":{\"@id\":\"https:\\\/\\\/denisdubois.com\\\/es\\\/#\\\/schema\\\/logo\\\/image\\\/\"},\"sameAs\":[\"https:\\\/\\\/facebook.com\\\/denisdubois\",\"https:\\\/\\\/instagram.com\\\/cool.trails\"]}]}<\/script>\n<!-- \/ Yoast SEO plugin. -->","yoast_head_json":{"title":"Autenticidad &#8211; Fine Art by Denis Du Bois","description":"\u00a1Enhorabuena, ha a\u00f1adido una obra de arte original de Denis Du Bois a su colecci\u00f3n!","robots":{"index":"index","follow":"follow","max-snippet":"max-snippet:-1","max-image-preview":"max-image-preview:large","max-video-preview":"max-video-preview:-1"},"canonical":"https:\/\/denisdubois.com\/es\/autenticidad\/","og_locale":"es_ES","og_type":"article","og_title":"Autenticidad &#8211; Fine Art by Denis Du Bois","og_description":"\u00a1Enhorabuena, ha a\u00f1adido una obra de arte original de Denis Du Bois a su colecci\u00f3n!","og_url":"https:\/\/denisdubois.com\/es\/autenticidad\/","og_site_name":"Fine Art by Denis Du Bois","article_publisher":"https:\/\/facebook.com\/denisdubois","article_modified_time":"2026-04-25T02:57:20+00:00","twitter_misc":{"Tiempo de lectura":"2 minuto"},"schema":{"@context":"https:\/\/schema.org","@graph":[{"@type":"WebPage","@id":"https:\/\/denisdubois.com\/es\/autenticidad\/","url":"https:\/\/denisdubois.com\/es\/autenticidad\/","name":"Autenticidad &#8211; Fine Art by Denis Du Bois","isPartOf":{"@id":"https:\/\/denisdubois.com\/es\/#website"},"datePublished":"2025-12-27T09:41:25+00:00","dateModified":"2026-04-25T02:57:20+00:00","description":"\u00a1Enhorabuena, ha a\u00f1adido una obra de arte original de Denis Du Bois a su colecci\u00f3n!","breadcrumb":{"@id":"https:\/\/denisdubois.com\/es\/autenticidad\/#breadcrumb"},"inLanguage":"es","potentialAction":[{"@type":"ReadAction","target":["https:\/\/denisdubois.com\/es\/autenticidad\/"]}]},{"@type":"BreadcrumbList","@id":"https:\/\/denisdubois.com\/es\/autenticidad\/#breadcrumb","itemListElement":[{"@type":"ListItem","position":1,"name":"Home","item":"https:\/\/denisdubois.com\/es\/serigrafias-de-edicion-limitada-impresiones-artisticas-hechas-a-mano\/"},{"@type":"ListItem","position":2,"name":"Autenticidad"}]},{"@type":"WebSite","@id":"https:\/\/denisdubois.com\/es\/#website","url":"https:\/\/denisdubois.com\/es\/","name":"Fine Art by Denis Du Bois","description":"Explore the world through Denis Du Bois&#039; original drawings, paintings, and serigraphs. Subscribe for exclusive access to new editions and unique art collections.","publisher":{"@id":"https:\/\/denisdubois.com\/es\/#organization"},"alternateName":"Atelier Denis Du Bois","potentialAction":[{"@type":"SearchAction","target":{"@type":"EntryPoint","urlTemplate":"https:\/\/denisdubois.com\/es\/?s={search_term_string}"},"query-input":{"@type":"PropertyValueSpecification","valueRequired":true,"valueName":"search_term_string"}}],"inLanguage":"es"},{"@type":"Organization","@id":"https:\/\/denisdubois.com\/es\/#organization","name":"Denis Du Bois","url":"https:\/\/denisdubois.com\/es\/","logo":{"@type":"ImageObject","inLanguage":"es","@id":"https:\/\/denisdubois.com\/es\/#\/schema\/logo\/image\/","url":"https:\/\/i0.wp.com\/denisdubois.com\/wp-content\/uploads\/2025\/12\/logo-crest-atelier-251216-1200x399-1.jpg?fit=1200%2C399&ssl=1","contentUrl":"https:\/\/i0.wp.com\/denisdubois.com\/wp-content\/uploads\/2025\/12\/logo-crest-atelier-251216-1200x399-1.jpg?fit=1200%2C399&ssl=1","width":1200,"height":399,"caption":"Denis Du Bois"},"image":{"@id":"https:\/\/denisdubois.com\/es\/#\/schema\/logo\/image\/"},"sameAs":["https:\/\/facebook.com\/denisdubois","https:\/\/instagram.com\/cool.trails"]}]}},"jetpack_sharing_enabled":true,"jetpack_shortlink":"https:\/\/wp.me\/PgZU3n-dk","_links":{"self":[{"href":"https:\/\/denisdubois.com\/es\/wp-json\/wp\/v2\/pages\/826","targetHints":{"allow":["GET"]}}],"collection":[{"href":"https:\/\/denisdubois.com\/es\/wp-json\/wp\/v2\/pages"}],"about":[{"href":"https:\/\/denisdubois.com\/es\/wp-json\/wp\/v2\/types\/page"}],"author":[{"embeddable":true,"href":"https:\/\/denisdubois.com\/es\/wp-json\/wp\/v2\/users\/2"}],"replies":[{"embeddable":true,"href":"https:\/\/denisdubois.com\/es\/wp-json\/wp\/v2\/comments?post=826"}],"version-history":[{"count":1,"href":"https:\/\/denisdubois.com\/es\/wp-json\/wp\/v2\/pages\/826\/revisions"}],"predecessor-version":[{"id":828,"href":"https:\/\/denisdubois.com\/es\/wp-json\/wp\/v2\/pages\/826\/revisions\/828"}],"wp:attachment":[{"href":"https:\/\/denisdubois.com\/es\/wp-json\/wp\/v2\/media?parent=826"}],"curies":[{"name":"wp","href":"https:\/\/api.w.org\/{rel}","templated":true}]}}