{"id":675,"date":"2025-12-27T00:30:30","date_gmt":"2025-12-27T08:30:30","guid":{"rendered":"https:\/\/denisdubois.com\/informacion-para-la-prensa\/"},"modified":"2026-04-24T18:52:50","modified_gmt":"2026-04-25T02:52:50","slug":"informacion-para-la-prensa","status":"publish","type":"page","link":"https:\/\/denisdubois.com\/es\/informacion-para-la-prensa\/","title":{"rendered":"Informaci\u00f3n para la prensa"},"content":{"rendered":"\n<p class=\"\"><em>Recursos para miembros de la prensa.<\/em><\/p>\n\n<p class=\"\">Denis D. Du Bois es un artista y escritor estadounidense cuya obra captura la esencia y el inter\u00e9s de las experiencias mundiales. Cada dibujo, grabado e historia revela una profundidad de cultura y lugar.<\/p>\n\n<p class=\"\">Un rastro de historias trajo a Denis hasta aqu\u00ed. Lanz\u00f3 una agencia creativa, una revista de sostenibilidad, el primer blog de senderismo y p\u00f3dcasts en NPR y PRX, antes de dedicar toda su atenci\u00f3n al arte junto a su esposa, quien tambi\u00e9n es artista. Ha dibujado desde que pudo sostener un Crayon.<\/p>\n\n<p class=\"\">Biograf\u00edas m\u00e1s extensas disponibles bajo <a href=\"https:\/\/denisdubois.com\/contact\/\">petici\u00f3n<\/a>.<\/p>\n\n<p class=\"\">Ubicaci\u00f3n: Denis reside en Peshastin, Washington, EE. UU., una ciudad conocida por sus huertos de manzanos, con estudios en la cercana ciudad de Wenatchee, en las monta\u00f1as Cascade. Las obras de arte se venden en l\u00ednea en DenisDuBois.com.<\/p>\n\n<p class=\"\">Medios: Serigraf\u00eda, pluma y tinta, tinta y aguada de acuarela, carboncillo, Cont\u00e9 y grafito.<\/p>\n\n<p class=\"\">Temas: Viajes; figuras; surrealismo.<\/p>\n\n<p class=\"\">Proceso: Denis captura bocetos en\u00e9rgicos cuando viaja, utilizando una pluma estilogr\u00e1fica y un peque\u00f1o cuaderno de papel Bristol liso. Posteriormente, a\u00f1ade aguada de acuarela o redibuja la escena en un papel m\u00e1s grande antes de colorear. Algunos de sus temas se convierten en serigraf\u00edas, donde cada color es una obra de arte en s\u00ed misma, recombinada por el artista en el estudio de serigraf\u00eda. <\/p>\n\n<p class=\"\">Influencias: Georgia O&#8217;Keefe, Salvador Dal\u00ed, Pablo Picasso, carteles de la revoluci\u00f3n, Urban Sketchers y m\u00e1s.<\/p>\n\n<p class=\"\">Educaci\u00f3n: Arizona State University, Tempe. Ingres\u00f3 como estudiante de Bellas Artes. Tras un semestre en el extranjero, cambi\u00f3 a Negocios Internacionales y se gradu\u00f3 con una licenciatura. Numerosos cursos y talleres de arte de posgrado. Sigue aprendiendo.<\/p>\n\n<p class=\"\">\u00daltima exposici\u00f3n: Figure Drawings &#8211; exposici\u00f3n colectiva, MAC Gallery, Wenatchee, primavera de 2025.<\/p>\n\n<p class=\"\">Nota<\/p>\n\n<p class=\"\"><em>Acabo de lanzar un sitio web en denisdubois.com donde se ofrece mi arte a la venta. Una declaraci\u00f3n de artista y un portfolio en l\u00ednea tardar\u00e1n m\u00e1s tiempo en construirse. \u00a1Tanto arte! Si necesita algo, por favor, <a href=\"https:\/\/denisdubois.com\/contact\/\">preg\u00fanteme<\/a>. <\/em><\/p>\n\n<figure class=\"wp-block-gallery has-nested-images columns-default is-cropped wp-block-gallery-1 is-layout-flex wp-block-gallery-is-layout-flex\">\n<figure class=\"wp-block-image size-large\"><img data-recalc-dims=\"1\" decoding=\"async\" width=\"959\" height=\"900\" loading=\"lazy\" data-id=\"284\" src=\"https:\/\/i0.wp.com\/denisdubois.com\/wp-content\/uploads\/2025\/12\/Denis-at-Spain-20250825.jpg?resize=959%2C900&#038;ssl=1\" alt=\"El artista Denis D. Du Bois en el balc&#xF3;n de Laguardia con los vi&#xF1;edos de La Rioja, Espa&#xF1;a, detr&#xE1;s\" class=\"wp-image-284\" srcset=\"https:\/\/i0.wp.com\/denisdubois.com\/wp-content\/uploads\/2025\/12\/Denis-at-Spain-20250825.jpg?w=959&amp;ssl=1 959w, https:\/\/i0.wp.com\/denisdubois.com\/wp-content\/uploads\/2025\/12\/Denis-at-Spain-20250825.jpg?resize=300%2C282&amp;ssl=1 300w, https:\/\/i0.wp.com\/denisdubois.com\/wp-content\/uploads\/2025\/12\/Denis-at-Spain-20250825.jpg?resize=768%2C721&amp;ssl=1 768w, https:\/\/i0.wp.com\/denisdubois.com\/wp-content\/uploads\/2025\/12\/Denis-at-Spain-20250825.jpg?resize=600%2C563&amp;ssl=1 600w\" sizes=\"auto, (max-width: 959px) 100vw, 959px\" \/><figcaption class=\"wp-element-caption\">Denis en el pueblo medieval de Laguardia, con los vi\u00f1edos de la regi\u00f3n vin\u00edcola de La Rioja espa\u00f1ola a lo lejos.<\/figcaption><\/figure>\n\n\n\n<figure class=\"wp-block-image size-large\"><img data-recalc-dims=\"1\" decoding=\"async\" width=\"675\" height=\"900\" loading=\"lazy\" data-id=\"286\" src=\"https:\/\/i0.wp.com\/denisdubois.com\/wp-content\/uploads\/2025\/12\/Denis-backpaciking-in-the-Spanish-Pyrenees-mountains-20250816.jpg?resize=675%2C900&#038;ssl=1\" alt=\"El artista Denis D. Du Bois haciendo senderismo en Espa&#xF1;a, con una cascada detr&#xE1;s\" class=\"wp-image-286\" srcset=\"https:\/\/i0.wp.com\/denisdubois.com\/wp-content\/uploads\/2025\/12\/Denis-backpaciking-in-the-Spanish-Pyrenees-mountains-20250816.jpg?w=675&amp;ssl=1 675w, https:\/\/i0.wp.com\/denisdubois.com\/wp-content\/uploads\/2025\/12\/Denis-backpaciking-in-the-Spanish-Pyrenees-mountains-20250816.jpg?resize=225%2C300&amp;ssl=1 225w, https:\/\/i0.wp.com\/denisdubois.com\/wp-content\/uploads\/2025\/12\/Denis-backpaciking-in-the-Spanish-Pyrenees-mountains-20250816.jpg?resize=300%2C400&amp;ssl=1 300w, https:\/\/i0.wp.com\/denisdubois.com\/wp-content\/uploads\/2025\/12\/Denis-backpaciking-in-the-Spanish-Pyrenees-mountains-20250816.jpg?resize=600%2C800&amp;ssl=1 600w\" sizes=\"auto, (max-width: 675px) 100vw, 675px\" \/><figcaption class=\"wp-element-caption\">Denis haciendo senderismo en el Ca\u00f1\u00f3n de Ordesa en los Pirineos espa\u00f1oles<\/figcaption><\/figure>\n\n\n\n<figure class=\"wp-block-image size-large\"><img data-recalc-dims=\"1\" decoding=\"async\" width=\"675\" height=\"900\" loading=\"lazy\" data-id=\"288\" src=\"https:\/\/i0.wp.com\/denisdubois.com\/wp-content\/uploads\/2025\/12\/Denis-bus-Barcelona-20250805.jpg?resize=675%2C900&#038;ssl=1\" alt=\"El artista Denis D. Du Bois en un autob&#xFA;s en Barcelona, Catalu&#xF1;a, Espa&#xF1;a.\" class=\"wp-image-288\" srcset=\"https:\/\/i0.wp.com\/denisdubois.com\/wp-content\/uploads\/2025\/12\/Denis-bus-Barcelona-20250805.jpg?w=675&amp;ssl=1 675w, https:\/\/i0.wp.com\/denisdubois.com\/wp-content\/uploads\/2025\/12\/Denis-bus-Barcelona-20250805.jpg?resize=225%2C300&amp;ssl=1 225w, https:\/\/i0.wp.com\/denisdubois.com\/wp-content\/uploads\/2025\/12\/Denis-bus-Barcelona-20250805.jpg?resize=300%2C400&amp;ssl=1 300w, https:\/\/i0.wp.com\/denisdubois.com\/wp-content\/uploads\/2025\/12\/Denis-bus-Barcelona-20250805.jpg?resize=600%2C800&amp;ssl=1 600w\" sizes=\"auto, (max-width: 675px) 100vw, 675px\" \/><figcaption class=\"wp-element-caption\">Denis en un autob\u00fas entre lugares de bocetos &#8211; Barcelona.<\/figcaption><\/figure>\n\n\n\n<figure class=\"wp-block-image size-large\"><img data-recalc-dims=\"1\" decoding=\"async\" width=\"675\" height=\"900\" loading=\"lazy\" data-id=\"290\" src=\"https:\/\/i0.wp.com\/denisdubois.com\/wp-content\/uploads\/2025\/12\/Denis-1-MAC-show-20250801jpg.jpg?resize=675%2C900&#038;ssl=1\" alt=\"\" class=\"wp-image-290\" srcset=\"https:\/\/i0.wp.com\/denisdubois.com\/wp-content\/uploads\/2025\/12\/Denis-1-MAC-show-20250801jpg.jpg?w=675&amp;ssl=1 675w, https:\/\/i0.wp.com\/denisdubois.com\/wp-content\/uploads\/2025\/12\/Denis-1-MAC-show-20250801jpg.jpg?resize=225%2C300&amp;ssl=1 225w, https:\/\/i0.wp.com\/denisdubois.com\/wp-content\/uploads\/2025\/12\/Denis-1-MAC-show-20250801jpg.jpg?resize=300%2C400&amp;ssl=1 300w, https:\/\/i0.wp.com\/denisdubois.com\/wp-content\/uploads\/2025\/12\/Denis-1-MAC-show-20250801jpg.jpg?resize=600%2C800&amp;ssl=1 600w\" sizes=\"auto, (max-width: 675px) 100vw, 675px\" \/><figcaption class=\"wp-element-caption\">Exposici\u00f3n colectiva 2025<\/figcaption><\/figure>\n\n\n\n<figure class=\"wp-block-image size-large\"><img data-recalc-dims=\"1\" decoding=\"async\" width=\"675\" height=\"900\" loading=\"lazy\" data-id=\"291\" src=\"https:\/\/i0.wp.com\/denisdubois.com\/wp-content\/uploads\/2025\/12\/Denis-2-MAC-show-20250801.jpg?resize=675%2C900&#038;ssl=1\" alt=\"\" class=\"wp-image-291\" srcset=\"https:\/\/i0.wp.com\/denisdubois.com\/wp-content\/uploads\/2025\/12\/Denis-2-MAC-show-20250801.jpg?w=675&amp;ssl=1 675w, https:\/\/i0.wp.com\/denisdubois.com\/wp-content\/uploads\/2025\/12\/Denis-2-MAC-show-20250801.jpg?resize=225%2C300&amp;ssl=1 225w, https:\/\/i0.wp.com\/denisdubois.com\/wp-content\/uploads\/2025\/12\/Denis-2-MAC-show-20250801.jpg?resize=300%2C400&amp;ssl=1 300w, https:\/\/i0.wp.com\/denisdubois.com\/wp-content\/uploads\/2025\/12\/Denis-2-MAC-show-20250801.jpg?resize=600%2C800&amp;ssl=1 600w\" sizes=\"auto, (max-width: 675px) 100vw, 675px\" \/><figcaption class=\"wp-element-caption\">Exposici\u00f3n colectiva 2025<\/figcaption><\/figure>\n<\/figure>\n\n<figure class=\"wp-block-image size-full is-resized\"><img decoding=\"async\" width=\"500\" height=\"500\" loading=\"lazy\" src=\"https:\/\/i0.wp.com\/denisdubois.com\/wp-content\/uploads\/2025\/12\/family-crest-atelier-transp-500x500-1.png?fit=500%2C500&amp;ssl=1\" alt=\"\" class=\"wp-image-303\" style=\"width:169px;height:auto\" srcset=\"https:\/\/i0.wp.com\/denisdubois.com\/wp-content\/uploads\/2025\/12\/family-crest-atelier-transp-500x500-1.png?w=500&amp;ssl=1 500w, https:\/\/i0.wp.com\/denisdubois.com\/wp-content\/uploads\/2025\/12\/family-crest-atelier-transp-500x500-1.png?resize=300%2C300&amp;ssl=1 300w, https:\/\/i0.wp.com\/denisdubois.com\/wp-content\/uploads\/2025\/12\/family-crest-atelier-transp-500x500-1.png?resize=150%2C150&amp;ssl=1 150w, https:\/\/i0.wp.com\/denisdubois.com\/wp-content\/uploads\/2025\/12\/family-crest-atelier-transp-500x500-1.png?resize=220%2C220&amp;ssl=1 220w, https:\/\/i0.wp.com\/denisdubois.com\/wp-content\/uploads\/2025\/12\/family-crest-atelier-transp-500x500-1.png?resize=60%2C60&amp;ssl=1 60w\" sizes=\"auto, (max-width: 500px) 100vw, 500px\" \/><\/figure>\n\n<figure class=\"wp-block-image size-full is-resized\"><img decoding=\"async\" width=\"752\" height=\"376\" loading=\"lazy\" src=\"https:\/\/i0.wp.com\/denisdubois.com\/wp-content\/uploads\/2025\/12\/logo-crest-atelier-transp-752x376-2-1.png?fit=752%2C376&amp;ssl=1\" alt=\"\" class=\"wp-image-305\" style=\"aspect-ratio:2.000041557578024;width:188px;height:auto\" srcset=\"https:\/\/i0.wp.com\/denisdubois.com\/wp-content\/uploads\/2025\/12\/logo-crest-atelier-transp-752x376-2-1.png?w=752&amp;ssl=1 752w, https:\/\/i0.wp.com\/denisdubois.com\/wp-content\/uploads\/2025\/12\/logo-crest-atelier-transp-752x376-2-1.png?resize=300%2C150&amp;ssl=1 300w, https:\/\/i0.wp.com\/denisdubois.com\/wp-content\/uploads\/2025\/12\/logo-crest-atelier-transp-752x376-2-1.png?resize=600%2C300&amp;ssl=1 600w\" sizes=\"auto, (max-width: 752px) 100vw, 752px\" \/><\/figure>\n\n<p class=\"\"><\/p>\n","protected":false},"excerpt":{"rendered":"<p>Recursos para miembros de la prensa. Denis D. Du Bois es un artista y escritor estadounidense cuya obra captura la esencia y el inter\u00e9s de las experiencias mundiales. Cada dibujo, grabado e historia revela una profundidad de cultura y lugar. Un rastro de historias trajo a Denis hasta aqu\u00ed. Lanz\u00f3 una agencia creativa, una revista&hellip;<\/p>\n","protected":false},"author":2,"featured_media":677,"parent":0,"menu_order":0,"comment_status":"closed","ping_status":"closed","template":"","meta":{"nf_dc_page":"","_monsterinsights_skip_tracking":false,"_monsterinsights_sitenote_active":false,"_monsterinsights_sitenote_note":"","_monsterinsights_sitenote_category":0,"footnotes":""},"class_list":["post-675","page","type-page","status-publish","has-post-thumbnail","hentry"],"yoast_head":"<!-- This site is optimized with the Yoast SEO plugin v27.4 - https:\/\/yoast.com\/product\/yoast-seo-wordpress\/ -->\n<title>Informaci\u00f3n para la prensa &#8211; Fine Art by Denis Du Bois<\/title>\n<meta name=\"description\" content=\"Denis D. Du Bois es un artista y escritor estadounidense cuya obra captura la esencia y el inter\u00e9s de las experiencias mundiales. Cada dibujo, grabado e historia revela una profundidad de cultura y lugar.\" \/>\n<meta name=\"robots\" content=\"index, follow, max-snippet:-1, max-image-preview:large, max-video-preview:-1\" \/>\n<link rel=\"canonical\" href=\"https:\/\/denisdubois.com\/es\/informacion-para-la-prensa\/\" \/>\n<meta property=\"og:locale\" content=\"es_ES\" \/>\n<meta property=\"og:type\" content=\"article\" \/>\n<meta property=\"og:title\" content=\"Informaci\u00f3n para la prensa &#8211; Fine Art by Denis Du Bois\" \/>\n<meta property=\"og:description\" content=\"Denis D. Du Bois es un artista y escritor estadounidense cuya obra captura la esencia y el inter\u00e9s de las experiencias mundiales. Cada dibujo, grabado e historia revela una profundidad de cultura y lugar.\" \/>\n<meta property=\"og:url\" content=\"https:\/\/denisdubois.com\/es\/informacion-para-la-prensa\/\" \/>\n<meta property=\"og:site_name\" content=\"Fine Art by Denis Du Bois\" \/>\n<meta property=\"article:publisher\" content=\"https:\/\/facebook.com\/denisdubois\" \/>\n<meta property=\"article:modified_time\" content=\"2026-04-25T02:52:50+00:00\" \/>\n<meta property=\"og:image\" content=\"https:\/\/i0.wp.com\/denisdubois.com\/wp-content\/uploads\/2025\/12\/Denis-bus-Barcelona-20250805.jpg?fit=675%2C900&ssl=1\" \/>\n\t<meta property=\"og:image:width\" content=\"675\" \/>\n\t<meta property=\"og:image:height\" content=\"900\" \/>\n\t<meta property=\"og:image:type\" content=\"image\/jpeg\" \/>\n<meta name=\"twitter:label1\" content=\"Tiempo de lectura\" \/>\n\t<meta name=\"twitter:data1\" content=\"2 minuto\" \/>\n<script type=\"application\/ld+json\" class=\"yoast-schema-graph\">{\"@context\":\"https:\\\/\\\/schema.org\",\"@graph\":[{\"@type\":\"WebPage\",\"@id\":\"https:\\\/\\\/denisdubois.com\\\/es\\\/informacion-para-la-prensa\\\/\",\"url\":\"https:\\\/\\\/denisdubois.com\\\/es\\\/informacion-para-la-prensa\\\/\",\"name\":\"Informaci\u00f3n para la prensa &#8211; Fine Art by Denis Du Bois\",\"isPartOf\":{\"@id\":\"https:\\\/\\\/denisdubois.com\\\/es\\\/#website\"},\"primaryImageOfPage\":{\"@id\":\"https:\\\/\\\/denisdubois.com\\\/es\\\/informacion-para-la-prensa\\\/#primaryimage\"},\"image\":{\"@id\":\"https:\\\/\\\/denisdubois.com\\\/es\\\/informacion-para-la-prensa\\\/#primaryimage\"},\"thumbnailUrl\":\"https:\\\/\\\/i0.wp.com\\\/denisdubois.com\\\/wp-content\\\/uploads\\\/2025\\\/12\\\/Denis-bus-Barcelona-20250805.jpg?fit=675%2C900&ssl=1\",\"datePublished\":\"2025-12-27T08:30:30+00:00\",\"dateModified\":\"2026-04-25T02:52:50+00:00\",\"description\":\"Denis D. Du Bois es un artista y escritor estadounidense cuya obra captura la esencia y el inter\u00e9s de las experiencias mundiales. Cada dibujo, grabado e historia revela una profundidad de cultura y lugar.\",\"breadcrumb\":{\"@id\":\"https:\\\/\\\/denisdubois.com\\\/es\\\/informacion-para-la-prensa\\\/#breadcrumb\"},\"inLanguage\":\"es\",\"potentialAction\":[{\"@type\":\"ReadAction\",\"target\":[\"https:\\\/\\\/denisdubois.com\\\/es\\\/informacion-para-la-prensa\\\/\"]}]},{\"@type\":\"ImageObject\",\"inLanguage\":\"es\",\"@id\":\"https:\\\/\\\/denisdubois.com\\\/es\\\/informacion-para-la-prensa\\\/#primaryimage\",\"url\":\"https:\\\/\\\/i0.wp.com\\\/denisdubois.com\\\/wp-content\\\/uploads\\\/2025\\\/12\\\/Denis-bus-Barcelona-20250805.jpg?fit=675%2C900&ssl=1\",\"contentUrl\":\"https:\\\/\\\/i0.wp.com\\\/denisdubois.com\\\/wp-content\\\/uploads\\\/2025\\\/12\\\/Denis-bus-Barcelona-20250805.jpg?fit=675%2C900&ssl=1\",\"width\":675,\"height\":900,\"caption\":\"Denis on a bus between sketching locations - Barcelona.\"},{\"@type\":\"BreadcrumbList\",\"@id\":\"https:\\\/\\\/denisdubois.com\\\/es\\\/informacion-para-la-prensa\\\/#breadcrumb\",\"itemListElement\":[{\"@type\":\"ListItem\",\"position\":1,\"name\":\"Home\",\"item\":\"https:\\\/\\\/denisdubois.com\\\/es\\\/serigrafias-de-edicion-limitada-impresiones-artisticas-hechas-a-mano\\\/\"},{\"@type\":\"ListItem\",\"position\":2,\"name\":\"Informaci\u00f3n para la prensa\"}]},{\"@type\":\"WebSite\",\"@id\":\"https:\\\/\\\/denisdubois.com\\\/es\\\/#website\",\"url\":\"https:\\\/\\\/denisdubois.com\\\/es\\\/\",\"name\":\"Fine Art by Denis Du Bois\",\"description\":\"Explore the world through Denis Du Bois&#039; original drawings, paintings, and serigraphs. Subscribe for exclusive access to new editions and unique art collections.\",\"publisher\":{\"@id\":\"https:\\\/\\\/denisdubois.com\\\/es\\\/#organization\"},\"alternateName\":\"Atelier Denis Du Bois\",\"potentialAction\":[{\"@type\":\"SearchAction\",\"target\":{\"@type\":\"EntryPoint\",\"urlTemplate\":\"https:\\\/\\\/denisdubois.com\\\/es\\\/?s={search_term_string}\"},\"query-input\":{\"@type\":\"PropertyValueSpecification\",\"valueRequired\":true,\"valueName\":\"search_term_string\"}}],\"inLanguage\":\"es\"},{\"@type\":\"Organization\",\"@id\":\"https:\\\/\\\/denisdubois.com\\\/es\\\/#organization\",\"name\":\"Denis Du Bois\",\"url\":\"https:\\\/\\\/denisdubois.com\\\/es\\\/\",\"logo\":{\"@type\":\"ImageObject\",\"inLanguage\":\"es\",\"@id\":\"https:\\\/\\\/denisdubois.com\\\/es\\\/#\\\/schema\\\/logo\\\/image\\\/\",\"url\":\"https:\\\/\\\/i0.wp.com\\\/denisdubois.com\\\/wp-content\\\/uploads\\\/2025\\\/12\\\/logo-crest-atelier-251216-1200x399-1.jpg?fit=1200%2C399&ssl=1\",\"contentUrl\":\"https:\\\/\\\/i0.wp.com\\\/denisdubois.com\\\/wp-content\\\/uploads\\\/2025\\\/12\\\/logo-crest-atelier-251216-1200x399-1.jpg?fit=1200%2C399&ssl=1\",\"width\":1200,\"height\":399,\"caption\":\"Denis Du Bois\"},\"image\":{\"@id\":\"https:\\\/\\\/denisdubois.com\\\/es\\\/#\\\/schema\\\/logo\\\/image\\\/\"},\"sameAs\":[\"https:\\\/\\\/facebook.com\\\/denisdubois\",\"https:\\\/\\\/instagram.com\\\/cool.trails\"]}]}<\/script>\n<!-- \/ Yoast SEO plugin. -->","yoast_head_json":{"title":"Informaci\u00f3n para la prensa &#8211; Fine Art by Denis Du Bois","description":"Denis D. Du Bois es un artista y escritor estadounidense cuya obra captura la esencia y el inter\u00e9s de las experiencias mundiales. Cada dibujo, grabado e historia revela una profundidad de cultura y lugar.","robots":{"index":"index","follow":"follow","max-snippet":"max-snippet:-1","max-image-preview":"max-image-preview:large","max-video-preview":"max-video-preview:-1"},"canonical":"https:\/\/denisdubois.com\/es\/informacion-para-la-prensa\/","og_locale":"es_ES","og_type":"article","og_title":"Informaci\u00f3n para la prensa &#8211; Fine Art by Denis Du Bois","og_description":"Denis D. Du Bois es un artista y escritor estadounidense cuya obra captura la esencia y el inter\u00e9s de las experiencias mundiales. Cada dibujo, grabado e historia revela una profundidad de cultura y lugar.","og_url":"https:\/\/denisdubois.com\/es\/informacion-para-la-prensa\/","og_site_name":"Fine Art by Denis Du Bois","article_publisher":"https:\/\/facebook.com\/denisdubois","article_modified_time":"2026-04-25T02:52:50+00:00","og_image":[{"width":675,"height":900,"url":"https:\/\/i0.wp.com\/denisdubois.com\/wp-content\/uploads\/2025\/12\/Denis-bus-Barcelona-20250805.jpg?fit=675%2C900&ssl=1","type":"image\/jpeg"}],"twitter_misc":{"Tiempo de lectura":"2 minuto"},"schema":{"@context":"https:\/\/schema.org","@graph":[{"@type":"WebPage","@id":"https:\/\/denisdubois.com\/es\/informacion-para-la-prensa\/","url":"https:\/\/denisdubois.com\/es\/informacion-para-la-prensa\/","name":"Informaci\u00f3n para la prensa &#8211; Fine Art by Denis Du Bois","isPartOf":{"@id":"https:\/\/denisdubois.com\/es\/#website"},"primaryImageOfPage":{"@id":"https:\/\/denisdubois.com\/es\/informacion-para-la-prensa\/#primaryimage"},"image":{"@id":"https:\/\/denisdubois.com\/es\/informacion-para-la-prensa\/#primaryimage"},"thumbnailUrl":"https:\/\/i0.wp.com\/denisdubois.com\/wp-content\/uploads\/2025\/12\/Denis-bus-Barcelona-20250805.jpg?fit=675%2C900&ssl=1","datePublished":"2025-12-27T08:30:30+00:00","dateModified":"2026-04-25T02:52:50+00:00","description":"Denis D. Du Bois es un artista y escritor estadounidense cuya obra captura la esencia y el inter\u00e9s de las experiencias mundiales. Cada dibujo, grabado e historia revela una profundidad de cultura y lugar.","breadcrumb":{"@id":"https:\/\/denisdubois.com\/es\/informacion-para-la-prensa\/#breadcrumb"},"inLanguage":"es","potentialAction":[{"@type":"ReadAction","target":["https:\/\/denisdubois.com\/es\/informacion-para-la-prensa\/"]}]},{"@type":"ImageObject","inLanguage":"es","@id":"https:\/\/denisdubois.com\/es\/informacion-para-la-prensa\/#primaryimage","url":"https:\/\/i0.wp.com\/denisdubois.com\/wp-content\/uploads\/2025\/12\/Denis-bus-Barcelona-20250805.jpg?fit=675%2C900&ssl=1","contentUrl":"https:\/\/i0.wp.com\/denisdubois.com\/wp-content\/uploads\/2025\/12\/Denis-bus-Barcelona-20250805.jpg?fit=675%2C900&ssl=1","width":675,"height":900,"caption":"Denis on a bus between sketching locations - Barcelona."},{"@type":"BreadcrumbList","@id":"https:\/\/denisdubois.com\/es\/informacion-para-la-prensa\/#breadcrumb","itemListElement":[{"@type":"ListItem","position":1,"name":"Home","item":"https:\/\/denisdubois.com\/es\/serigrafias-de-edicion-limitada-impresiones-artisticas-hechas-a-mano\/"},{"@type":"ListItem","position":2,"name":"Informaci\u00f3n para la prensa"}]},{"@type":"WebSite","@id":"https:\/\/denisdubois.com\/es\/#website","url":"https:\/\/denisdubois.com\/es\/","name":"Fine Art by Denis Du Bois","description":"Explore the world through Denis Du Bois&#039; original drawings, paintings, and serigraphs. Subscribe for exclusive access to new editions and unique art collections.","publisher":{"@id":"https:\/\/denisdubois.com\/es\/#organization"},"alternateName":"Atelier Denis Du Bois","potentialAction":[{"@type":"SearchAction","target":{"@type":"EntryPoint","urlTemplate":"https:\/\/denisdubois.com\/es\/?s={search_term_string}"},"query-input":{"@type":"PropertyValueSpecification","valueRequired":true,"valueName":"search_term_string"}}],"inLanguage":"es"},{"@type":"Organization","@id":"https:\/\/denisdubois.com\/es\/#organization","name":"Denis Du Bois","url":"https:\/\/denisdubois.com\/es\/","logo":{"@type":"ImageObject","inLanguage":"es","@id":"https:\/\/denisdubois.com\/es\/#\/schema\/logo\/image\/","url":"https:\/\/i0.wp.com\/denisdubois.com\/wp-content\/uploads\/2025\/12\/logo-crest-atelier-251216-1200x399-1.jpg?fit=1200%2C399&ssl=1","contentUrl":"https:\/\/i0.wp.com\/denisdubois.com\/wp-content\/uploads\/2025\/12\/logo-crest-atelier-251216-1200x399-1.jpg?fit=1200%2C399&ssl=1","width":1200,"height":399,"caption":"Denis Du Bois"},"image":{"@id":"https:\/\/denisdubois.com\/es\/#\/schema\/logo\/image\/"},"sameAs":["https:\/\/facebook.com\/denisdubois","https:\/\/instagram.com\/cool.trails"]}]}},"jetpack_sharing_enabled":true,"jetpack_shortlink":"https:\/\/wp.me\/PgZU3n-aT","_links":{"self":[{"href":"https:\/\/denisdubois.com\/es\/wp-json\/wp\/v2\/pages\/675","targetHints":{"allow":["GET"]}}],"collection":[{"href":"https:\/\/denisdubois.com\/es\/wp-json\/wp\/v2\/pages"}],"about":[{"href":"https:\/\/denisdubois.com\/es\/wp-json\/wp\/v2\/types\/page"}],"author":[{"embeddable":true,"href":"https:\/\/denisdubois.com\/es\/wp-json\/wp\/v2\/users\/2"}],"replies":[{"embeddable":true,"href":"https:\/\/denisdubois.com\/es\/wp-json\/wp\/v2\/comments?post=675"}],"version-history":[{"count":1,"href":"https:\/\/denisdubois.com\/es\/wp-json\/wp\/v2\/pages\/675\/revisions"}],"predecessor-version":[{"id":680,"href":"https:\/\/denisdubois.com\/es\/wp-json\/wp\/v2\/pages\/675\/revisions\/680"}],"wp:featuredmedia":[{"embeddable":true,"href":"https:\/\/denisdubois.com\/es\/wp-json\/wp\/v2\/media\/677"}],"wp:attachment":[{"href":"https:\/\/denisdubois.com\/es\/wp-json\/wp\/v2\/media?parent=675"}],"curies":[{"name":"wp","href":"https:\/\/api.w.org\/{rel}","templated":true}]}}