{"id":661,"date":"2025-12-20T05:18:27","date_gmt":"2025-12-20T13:18:27","guid":{"rendered":"https:\/\/denisdubois.com\/sobre-el-embalaje-y-el-envio\/"},"modified":"2026-04-24T18:52:46","modified_gmt":"2026-04-25T02:52:46","slug":"sobre-el-embalaje-y-el-envio","status":"publish","type":"page","link":"https:\/\/denisdubois.com\/es\/sobre-el-embalaje-y-el-envio\/","title":{"rendered":"Sobre el embalaje y el env\u00edo"},"content":{"rendered":"\n<p class=\"\">Selecciono, empaqueto y env\u00edo cada grabado solicitado. S\u00e9 que el env\u00edo de grabados de bellas artes delicados requiere un cuidado extraordinario. Estos art\u00edculos deben protegerse de los da\u00f1os causados por la humedad, la suciedad y la manipulaci\u00f3n. Intentar enrollar obras de arte en papel conlleva riesgos considerables, incluida la formaci\u00f3n de pliegues permanentes. <\/p>\n\n<p class=\"\">Por ello, env\u00edo las obras de arte originales en cajas planas de gran tama\u00f1o, con detalles especiales para proteger sus bordes y esquinas de posibles da\u00f1os durante el env\u00edo y la manipulaci\u00f3n. Estas son las mejores t\u00e9cnicas utilizadas por los expertos, y su adquisici\u00f3n merece lo mejor. <\/p>\n\n<p class=\"\">Ha hecho una excelente elecci\u00f3n al adquirir uno de mis grabados de bellas artes. \u00a1Es mi responsabilidad asegurar que su selecci\u00f3n le llegue en perfectas condiciones!<\/p>\n\n<p class=\"\">Al realizar su pedido, se le presentar\u00e1n las opciones de env\u00edo. Las opciones exactas depender\u00e1n de la obra de arte y de su ubicaci\u00f3n. Seleccione la velocidad y el coste que mejor se adapten a sus necesidades. <\/p>\n\n<p class=\"\">Realizo env\u00edos desde la ciudad central de Washington, para USPS, UPS y FedEx. Esto minimiza el n\u00famero de traslados en cami\u00f3n necesarios y reduce el riesgo de da\u00f1os o retrasos. Los env\u00edos a\u00e9reos internacionales van primero al Aeropuerto Internacional Sea-Tac de Seattle (SEA), donde embarcan en un avi\u00f3n con destino a usted. <\/p>\n\n<p class=\"\">Le encantar\u00e1 la experiencia de desembalar su nueva adquisici\u00f3n y a\u00f1adirla a su colecci\u00f3n de arte. Comienza con una <a href=\"https:\/\/denisdubois.com\/gallery-shop\/\" type=\"page\" id=\"68\">visita a la galer\u00eda<\/a>.<\/p>\n","protected":false},"excerpt":{"rendered":"<p>Selecciono, empaqueto y env\u00edo cada grabado solicitado. S\u00e9 que el env\u00edo de grabados de bellas artes delicados requiere un cuidado extraordinario. Estos art\u00edculos deben protegerse de los da\u00f1os causados por la humedad, la suciedad y la manipulaci\u00f3n. Intentar enrollar obras de arte en papel conlleva riesgos considerables, incluida la formaci\u00f3n de pliegues permanentes. Por ello,&hellip;<\/p>\n","protected":false},"author":2,"featured_media":0,"parent":0,"menu_order":0,"comment_status":"closed","ping_status":"closed","template":"","meta":{"nf_dc_page":"","_monsterinsights_skip_tracking":false,"_monsterinsights_sitenote_active":false,"_monsterinsights_sitenote_note":"","_monsterinsights_sitenote_category":0,"footnotes":""},"class_list":["post-661","page","type-page","status-publish","hentry"],"yoast_head":"<!-- This site is optimized with the Yoast SEO plugin v27.4 - https:\/\/yoast.com\/product\/yoast-seo-wordpress\/ -->\n<title>Sobre el embalaje y el env\u00edo &#8211; Fine Art by Denis Du Bois<\/title>\n<meta name=\"robots\" content=\"index, follow, max-snippet:-1, max-image-preview:large, max-video-preview:-1\" \/>\n<link rel=\"canonical\" href=\"https:\/\/denisdubois.com\/es\/sobre-el-embalaje-y-el-envio\/\" \/>\n<meta property=\"og:locale\" content=\"es_ES\" \/>\n<meta property=\"og:type\" content=\"article\" \/>\n<meta property=\"og:title\" content=\"Sobre el embalaje y el env\u00edo &#8211; Fine Art by Denis Du Bois\" \/>\n<meta property=\"og:description\" content=\"Selecciono, empaqueto y env\u00edo cada grabado solicitado. S\u00e9 que el env\u00edo de grabados de bellas artes delicados requiere un cuidado extraordinario. Estos art\u00edculos deben protegerse de los da\u00f1os causados por la humedad, la suciedad y la manipulaci\u00f3n. Intentar enrollar obras de arte en papel conlleva riesgos considerables, incluida la formaci\u00f3n de pliegues permanentes. Por ello,&hellip;\" \/>\n<meta property=\"og:url\" content=\"https:\/\/denisdubois.com\/es\/sobre-el-embalaje-y-el-envio\/\" \/>\n<meta property=\"og:site_name\" content=\"Fine Art by Denis Du Bois\" \/>\n<meta property=\"article:publisher\" content=\"https:\/\/facebook.com\/denisdubois\" \/>\n<meta property=\"article:modified_time\" content=\"2026-04-25T02:52:46+00:00\" \/>\n<meta name=\"twitter:label1\" content=\"Tiempo de lectura\" \/>\n\t<meta name=\"twitter:data1\" content=\"1 minuto\" \/>\n<script type=\"application\/ld+json\" class=\"yoast-schema-graph\">{\"@context\":\"https:\\\/\\\/schema.org\",\"@graph\":[{\"@type\":\"WebPage\",\"@id\":\"https:\\\/\\\/denisdubois.com\\\/es\\\/sobre-el-embalaje-y-el-envio\\\/\",\"url\":\"https:\\\/\\\/denisdubois.com\\\/es\\\/sobre-el-embalaje-y-el-envio\\\/\",\"name\":\"Sobre el embalaje y el env\u00edo &#8211; Fine Art by Denis Du Bois\",\"isPartOf\":{\"@id\":\"https:\\\/\\\/denisdubois.com\\\/es\\\/#website\"},\"datePublished\":\"2025-12-20T13:18:27+00:00\",\"dateModified\":\"2026-04-25T02:52:46+00:00\",\"breadcrumb\":{\"@id\":\"https:\\\/\\\/denisdubois.com\\\/es\\\/sobre-el-embalaje-y-el-envio\\\/#breadcrumb\"},\"inLanguage\":\"es\",\"potentialAction\":[{\"@type\":\"ReadAction\",\"target\":[\"https:\\\/\\\/denisdubois.com\\\/es\\\/sobre-el-embalaje-y-el-envio\\\/\"]}]},{\"@type\":\"BreadcrumbList\",\"@id\":\"https:\\\/\\\/denisdubois.com\\\/es\\\/sobre-el-embalaje-y-el-envio\\\/#breadcrumb\",\"itemListElement\":[{\"@type\":\"ListItem\",\"position\":1,\"name\":\"Home\",\"item\":\"https:\\\/\\\/denisdubois.com\\\/es\\\/serigrafias-de-edicion-limitada-impresiones-artisticas-hechas-a-mano\\\/\"},{\"@type\":\"ListItem\",\"position\":2,\"name\":\"Sobre el embalaje y el env\u00edo\"}]},{\"@type\":\"WebSite\",\"@id\":\"https:\\\/\\\/denisdubois.com\\\/es\\\/#website\",\"url\":\"https:\\\/\\\/denisdubois.com\\\/es\\\/\",\"name\":\"Fine Art by Denis Du Bois\",\"description\":\"Explore the world through Denis Du Bois&#039; original drawings, paintings, and serigraphs. Subscribe for exclusive access to new editions and unique art collections.\",\"publisher\":{\"@id\":\"https:\\\/\\\/denisdubois.com\\\/es\\\/#organization\"},\"alternateName\":\"Atelier Denis Du Bois\",\"potentialAction\":[{\"@type\":\"SearchAction\",\"target\":{\"@type\":\"EntryPoint\",\"urlTemplate\":\"https:\\\/\\\/denisdubois.com\\\/es\\\/?s={search_term_string}\"},\"query-input\":{\"@type\":\"PropertyValueSpecification\",\"valueRequired\":true,\"valueName\":\"search_term_string\"}}],\"inLanguage\":\"es\"},{\"@type\":\"Organization\",\"@id\":\"https:\\\/\\\/denisdubois.com\\\/es\\\/#organization\",\"name\":\"Denis Du Bois\",\"url\":\"https:\\\/\\\/denisdubois.com\\\/es\\\/\",\"logo\":{\"@type\":\"ImageObject\",\"inLanguage\":\"es\",\"@id\":\"https:\\\/\\\/denisdubois.com\\\/es\\\/#\\\/schema\\\/logo\\\/image\\\/\",\"url\":\"https:\\\/\\\/i0.wp.com\\\/denisdubois.com\\\/wp-content\\\/uploads\\\/2025\\\/12\\\/logo-crest-atelier-251216-1200x399-1.jpg?fit=1200%2C399&ssl=1\",\"contentUrl\":\"https:\\\/\\\/i0.wp.com\\\/denisdubois.com\\\/wp-content\\\/uploads\\\/2025\\\/12\\\/logo-crest-atelier-251216-1200x399-1.jpg?fit=1200%2C399&ssl=1\",\"width\":1200,\"height\":399,\"caption\":\"Denis Du Bois\"},\"image\":{\"@id\":\"https:\\\/\\\/denisdubois.com\\\/es\\\/#\\\/schema\\\/logo\\\/image\\\/\"},\"sameAs\":[\"https:\\\/\\\/facebook.com\\\/denisdubois\",\"https:\\\/\\\/instagram.com\\\/cool.trails\"]}]}<\/script>\n<!-- \/ Yoast SEO plugin. -->","yoast_head_json":{"title":"Sobre el embalaje y el env\u00edo &#8211; Fine Art by Denis Du Bois","robots":{"index":"index","follow":"follow","max-snippet":"max-snippet:-1","max-image-preview":"max-image-preview:large","max-video-preview":"max-video-preview:-1"},"canonical":"https:\/\/denisdubois.com\/es\/sobre-el-embalaje-y-el-envio\/","og_locale":"es_ES","og_type":"article","og_title":"Sobre el embalaje y el env\u00edo &#8211; Fine Art by Denis Du Bois","og_description":"Selecciono, empaqueto y env\u00edo cada grabado solicitado. S\u00e9 que el env\u00edo de grabados de bellas artes delicados requiere un cuidado extraordinario. Estos art\u00edculos deben protegerse de los da\u00f1os causados por la humedad, la suciedad y la manipulaci\u00f3n. Intentar enrollar obras de arte en papel conlleva riesgos considerables, incluida la formaci\u00f3n de pliegues permanentes. Por ello,&hellip;","og_url":"https:\/\/denisdubois.com\/es\/sobre-el-embalaje-y-el-envio\/","og_site_name":"Fine Art by Denis Du Bois","article_publisher":"https:\/\/facebook.com\/denisdubois","article_modified_time":"2026-04-25T02:52:46+00:00","twitter_misc":{"Tiempo de lectura":"1 minuto"},"schema":{"@context":"https:\/\/schema.org","@graph":[{"@type":"WebPage","@id":"https:\/\/denisdubois.com\/es\/sobre-el-embalaje-y-el-envio\/","url":"https:\/\/denisdubois.com\/es\/sobre-el-embalaje-y-el-envio\/","name":"Sobre el embalaje y el env\u00edo &#8211; Fine Art by Denis Du Bois","isPartOf":{"@id":"https:\/\/denisdubois.com\/es\/#website"},"datePublished":"2025-12-20T13:18:27+00:00","dateModified":"2026-04-25T02:52:46+00:00","breadcrumb":{"@id":"https:\/\/denisdubois.com\/es\/sobre-el-embalaje-y-el-envio\/#breadcrumb"},"inLanguage":"es","potentialAction":[{"@type":"ReadAction","target":["https:\/\/denisdubois.com\/es\/sobre-el-embalaje-y-el-envio\/"]}]},{"@type":"BreadcrumbList","@id":"https:\/\/denisdubois.com\/es\/sobre-el-embalaje-y-el-envio\/#breadcrumb","itemListElement":[{"@type":"ListItem","position":1,"name":"Home","item":"https:\/\/denisdubois.com\/es\/serigrafias-de-edicion-limitada-impresiones-artisticas-hechas-a-mano\/"},{"@type":"ListItem","position":2,"name":"Sobre el embalaje y el env\u00edo"}]},{"@type":"WebSite","@id":"https:\/\/denisdubois.com\/es\/#website","url":"https:\/\/denisdubois.com\/es\/","name":"Fine Art by Denis Du Bois","description":"Explore the world through Denis Du Bois&#039; original drawings, paintings, and serigraphs. Subscribe for exclusive access to new editions and unique art collections.","publisher":{"@id":"https:\/\/denisdubois.com\/es\/#organization"},"alternateName":"Atelier Denis Du Bois","potentialAction":[{"@type":"SearchAction","target":{"@type":"EntryPoint","urlTemplate":"https:\/\/denisdubois.com\/es\/?s={search_term_string}"},"query-input":{"@type":"PropertyValueSpecification","valueRequired":true,"valueName":"search_term_string"}}],"inLanguage":"es"},{"@type":"Organization","@id":"https:\/\/denisdubois.com\/es\/#organization","name":"Denis Du Bois","url":"https:\/\/denisdubois.com\/es\/","logo":{"@type":"ImageObject","inLanguage":"es","@id":"https:\/\/denisdubois.com\/es\/#\/schema\/logo\/image\/","url":"https:\/\/i0.wp.com\/denisdubois.com\/wp-content\/uploads\/2025\/12\/logo-crest-atelier-251216-1200x399-1.jpg?fit=1200%2C399&ssl=1","contentUrl":"https:\/\/i0.wp.com\/denisdubois.com\/wp-content\/uploads\/2025\/12\/logo-crest-atelier-251216-1200x399-1.jpg?fit=1200%2C399&ssl=1","width":1200,"height":399,"caption":"Denis Du Bois"},"image":{"@id":"https:\/\/denisdubois.com\/es\/#\/schema\/logo\/image\/"},"sameAs":["https:\/\/facebook.com\/denisdubois","https:\/\/instagram.com\/cool.trails"]}]}},"jetpack_sharing_enabled":true,"jetpack_shortlink":"https:\/\/wp.me\/PgZU3n-aF","_links":{"self":[{"href":"https:\/\/denisdubois.com\/es\/wp-json\/wp\/v2\/pages\/661","targetHints":{"allow":["GET"]}}],"collection":[{"href":"https:\/\/denisdubois.com\/es\/wp-json\/wp\/v2\/pages"}],"about":[{"href":"https:\/\/denisdubois.com\/es\/wp-json\/wp\/v2\/types\/page"}],"author":[{"embeddable":true,"href":"https:\/\/denisdubois.com\/es\/wp-json\/wp\/v2\/users\/2"}],"replies":[{"embeddable":true,"href":"https:\/\/denisdubois.com\/es\/wp-json\/wp\/v2\/comments?post=661"}],"version-history":[{"count":1,"href":"https:\/\/denisdubois.com\/es\/wp-json\/wp\/v2\/pages\/661\/revisions"}],"predecessor-version":[{"id":663,"href":"https:\/\/denisdubois.com\/es\/wp-json\/wp\/v2\/pages\/661\/revisions\/663"}],"wp:attachment":[{"href":"https:\/\/denisdubois.com\/es\/wp-json\/wp\/v2\/media?parent=661"}],"curies":[{"name":"wp","href":"https:\/\/api.w.org\/{rel}","templated":true}]}}