{"id":657,"date":"2026-01-23T13:39:56","date_gmt":"2026-01-23T21:39:56","guid":{"rendered":"https:\/\/denisdubois.com\/recepcion-de-su-obra-de-arte-original\/"},"modified":"2026-04-24T18:52:08","modified_gmt":"2026-04-25T02:52:08","slug":"recepcion-de-su-obra-de-arte-original","status":"publish","type":"page","link":"https:\/\/denisdubois.com\/es\/recepcion-de-su-obra-de-arte-original\/","title":{"rendered":"Recepci\u00f3n de su obra de arte original"},"content":{"rendered":"\n<p class=\"\">Cuando llegue su nueva adquisici\u00f3n art\u00edstica, siga estos sencillos pasos para protegerla:<\/p>\n\n<ol class=\"wp-block-list\">\n<li class=\"\">Inspeccione el exterior del embalaje y fotograf\u00ede cualquier da\u00f1o que encuentre. Abra el paquete con mucho cuidado para evitar da\u00f1ar su obra de arte. Corte con la punta de un c\u00fater o una cuchilla con la hoja extendida en su posici\u00f3n m\u00e1s peque\u00f1a. Evite utilizar llaves o cuchillos de cocina. Corte en los puntos indicados, si est\u00e1n marcados. <\/li>\n\n\n\n<li class=\"\">Retire con cuidado la obra de arte y su funda protectora transparente del embalaje. Evite doblar y arrugar la obra de arte. Conserve el embalaje por el momento.<\/li>\n\n\n\n<li class=\"\">\u00a1Admire su nueva adquisici\u00f3n! La funda protectora transparente no contiene \u00e1cido. Mantenga la obra de arte en esta funda hasta que est\u00e9 lista para ser enmarcada. Recomiendo almacenar la obra de arte en su embalaje de env\u00edo, incluido el paquete de gel desecante si se incluy\u00f3 uno.<\/li>\n<\/ol>\n\n<p class=\"\">\u00bfQu\u00e9 hacer si el paquete est\u00e1 da\u00f1ado? Tome fotograf\u00edas y conserve el embalaje. Inspeccione la obra de arte cuidadosamente. Hago todo lo posible por <a href=\"https:\/\/denisdubois.com\/about-packaging-and-shipping\/\" type=\"page\" id=\"172\">embalar la obra de arte para protegerla<\/a> de da\u00f1os ocasionales en el embalaje exterior. Esperemos que no haya sufrido ning\u00fan da\u00f1o la obra de arte. Si lo hay, <a href=\"https:\/\/denisdubois.com\/contact\/\" type=\"page\" id=\"62\">inf\u00f3rmeme<\/a> de inmediato. Los paquetes est\u00e1n asegurados por el transportista, por lo que tendr\u00eda que presentar una reclamaci\u00f3n. Mientras tanto, le responder\u00e9 con instrucciones para un <a href=\"https:\/\/denisdubois.com\/refund_returns\/\" type=\"page\" id=\"72\">cambio o reembolso<\/a> por la obra de arte da\u00f1ada, dependiendo de si la edici\u00f3n se ha agotado. <\/p>\n\n<p class=\"\">Tiene un gusto impecable. \u00a1Gracias por elegir mi arte para su colecci\u00f3n! <\/p>\n\n<p class=\"\">C\u00f3digo QR de esta p\u00e1gina web:<\/p>\n\n<figure class=\"wp-block-image size-large is-resized\"><img data-recalc-dims=\"1\" decoding=\"async\" width=\"1024\" height=\"1024\" loading=\"lazy\" src=\"https:\/\/i0.wp.com\/denisdubois.com\/wp-content\/uploads\/2026\/01\/QR-code-receiving-inspecting-art-260123.webp?resize=1024%2C1024&#038;ssl=1\" alt=\"\" class=\"wp-image-446\" style=\"width:102px;height:auto\" srcset=\"https:\/\/i0.wp.com\/denisdubois.com\/wp-content\/uploads\/2026\/01\/QR-code-receiving-inspecting-art-260123.webp?resize=1024%2C1024&amp;ssl=1 1024w, https:\/\/i0.wp.com\/denisdubois.com\/wp-content\/uploads\/2026\/01\/QR-code-receiving-inspecting-art-260123.webp?resize=300%2C300&amp;ssl=1 300w, https:\/\/i0.wp.com\/denisdubois.com\/wp-content\/uploads\/2026\/01\/QR-code-receiving-inspecting-art-260123.webp?resize=150%2C150&amp;ssl=1 150w, https:\/\/i0.wp.com\/denisdubois.com\/wp-content\/uploads\/2026\/01\/QR-code-receiving-inspecting-art-260123.webp?resize=768%2C768&amp;ssl=1 768w, https:\/\/i0.wp.com\/denisdubois.com\/wp-content\/uploads\/2026\/01\/QR-code-receiving-inspecting-art-260123.webp?resize=1536%2C1536&amp;ssl=1 1536w, https:\/\/i0.wp.com\/denisdubois.com\/wp-content\/uploads\/2026\/01\/QR-code-receiving-inspecting-art-260123.webp?resize=600%2C600&amp;ssl=1 600w, https:\/\/i0.wp.com\/denisdubois.com\/wp-content\/uploads\/2026\/01\/QR-code-receiving-inspecting-art-260123.webp?resize=220%2C220&amp;ssl=1 220w, https:\/\/i0.wp.com\/denisdubois.com\/wp-content\/uploads\/2026\/01\/QR-code-receiving-inspecting-art-260123.webp?resize=60%2C60&amp;ssl=1 60w, https:\/\/i0.wp.com\/denisdubois.com\/wp-content\/uploads\/2026\/01\/QR-code-receiving-inspecting-art-260123.webp?w=2000&amp;ssl=1 2000w\" sizes=\"auto, (max-width: 1000px) 100vw, 1000px\" \/><\/figure>\n\n<p class=\"\"><\/p>\n","protected":false},"excerpt":{"rendered":"<p>Cuando llegue su nueva adquisici\u00f3n art\u00edstica, siga estos sencillos pasos para protegerla: \u00bfQu\u00e9 hacer si el paquete est\u00e1 da\u00f1ado? Tome fotograf\u00edas y conserve el embalaje. Inspeccione la obra de arte cuidadosamente. Hago todo lo posible por embalar la obra de arte para protegerla de da\u00f1os ocasionales en el embalaje exterior. Esperemos que no haya sufrido&hellip;<\/p>\n","protected":false},"author":2,"featured_media":0,"parent":0,"menu_order":0,"comment_status":"closed","ping_status":"closed","template":"","meta":{"nf_dc_page":"","_monsterinsights_skip_tracking":false,"_monsterinsights_sitenote_active":false,"_monsterinsights_sitenote_note":"","_monsterinsights_sitenote_category":0,"footnotes":""},"class_list":["post-657","page","type-page","status-publish","hentry"],"yoast_head":"<!-- This site is optimized with the Yoast SEO plugin v27.4 - https:\/\/yoast.com\/product\/yoast-seo-wordpress\/ -->\n<title>Recepci\u00f3n de su obra de arte original &#8211; Fine Art by Denis Du Bois<\/title>\n<meta name=\"robots\" content=\"index, follow, max-snippet:-1, max-image-preview:large, max-video-preview:-1\" \/>\n<link rel=\"canonical\" href=\"https:\/\/denisdubois.com\/es\/recepcion-de-su-obra-de-arte-original\/\" \/>\n<meta property=\"og:locale\" content=\"es_ES\" \/>\n<meta property=\"og:type\" content=\"article\" \/>\n<meta property=\"og:title\" content=\"Recepci\u00f3n de su obra de arte original &#8211; Fine Art by Denis Du Bois\" \/>\n<meta property=\"og:description\" content=\"Cuando llegue su nueva adquisici\u00f3n art\u00edstica, siga estos sencillos pasos para protegerla: \u00bfQu\u00e9 hacer si el paquete est\u00e1 da\u00f1ado? Tome fotograf\u00edas y conserve el embalaje. Inspeccione la obra de arte cuidadosamente. Hago todo lo posible por embalar la obra de arte para protegerla de da\u00f1os ocasionales en el embalaje exterior. Esperemos que no haya sufrido&hellip;\" \/>\n<meta property=\"og:url\" content=\"https:\/\/denisdubois.com\/es\/recepcion-de-su-obra-de-arte-original\/\" \/>\n<meta property=\"og:site_name\" content=\"Fine Art by Denis Du Bois\" \/>\n<meta property=\"article:publisher\" content=\"https:\/\/facebook.com\/denisdubois\" \/>\n<meta property=\"article:modified_time\" content=\"2026-04-25T02:52:08+00:00\" \/>\n<meta property=\"og:image\" content=\"https:\/\/denisdubois.com\/wp-content\/uploads\/2026\/01\/QR-code-receiving-inspecting-art-260123-1024x1024.webp\" \/>\n<meta name=\"twitter:label1\" content=\"Tiempo de lectura\" \/>\n\t<meta name=\"twitter:data1\" content=\"1 minuto\" \/>\n<script type=\"application\/ld+json\" class=\"yoast-schema-graph\">{\"@context\":\"https:\\\/\\\/schema.org\",\"@graph\":[{\"@type\":\"WebPage\",\"@id\":\"https:\\\/\\\/denisdubois.com\\\/es\\\/recepcion-de-su-obra-de-arte-original\\\/\",\"url\":\"https:\\\/\\\/denisdubois.com\\\/es\\\/recepcion-de-su-obra-de-arte-original\\\/\",\"name\":\"Recepci\u00f3n de su obra de arte original &#8211; Fine Art by Denis Du Bois\",\"isPartOf\":{\"@id\":\"https:\\\/\\\/denisdubois.com\\\/es\\\/#website\"},\"primaryImageOfPage\":{\"@id\":\"https:\\\/\\\/denisdubois.com\\\/es\\\/recepcion-de-su-obra-de-arte-original\\\/#primaryimage\"},\"image\":{\"@id\":\"https:\\\/\\\/denisdubois.com\\\/es\\\/recepcion-de-su-obra-de-arte-original\\\/#primaryimage\"},\"thumbnailUrl\":\"https:\\\/\\\/denisdubois.com\\\/wp-content\\\/uploads\\\/2026\\\/01\\\/QR-code-receiving-inspecting-art-260123-1024x1024.webp\",\"datePublished\":\"2026-01-23T21:39:56+00:00\",\"dateModified\":\"2026-04-25T02:52:08+00:00\",\"breadcrumb\":{\"@id\":\"https:\\\/\\\/denisdubois.com\\\/es\\\/recepcion-de-su-obra-de-arte-original\\\/#breadcrumb\"},\"inLanguage\":\"es\",\"potentialAction\":[{\"@type\":\"ReadAction\",\"target\":[\"https:\\\/\\\/denisdubois.com\\\/es\\\/recepcion-de-su-obra-de-arte-original\\\/\"]}]},{\"@type\":\"ImageObject\",\"inLanguage\":\"es\",\"@id\":\"https:\\\/\\\/denisdubois.com\\\/es\\\/recepcion-de-su-obra-de-arte-original\\\/#primaryimage\",\"url\":\"https:\\\/\\\/denisdubois.com\\\/wp-content\\\/uploads\\\/2026\\\/01\\\/QR-code-receiving-inspecting-art-260123-1024x1024.webp\",\"contentUrl\":\"https:\\\/\\\/denisdubois.com\\\/wp-content\\\/uploads\\\/2026\\\/01\\\/QR-code-receiving-inspecting-art-260123-1024x1024.webp\"},{\"@type\":\"BreadcrumbList\",\"@id\":\"https:\\\/\\\/denisdubois.com\\\/es\\\/recepcion-de-su-obra-de-arte-original\\\/#breadcrumb\",\"itemListElement\":[{\"@type\":\"ListItem\",\"position\":1,\"name\":\"Home\",\"item\":\"https:\\\/\\\/denisdubois.com\\\/es\\\/serigrafias-de-edicion-limitada-impresiones-artisticas-hechas-a-mano\\\/\"},{\"@type\":\"ListItem\",\"position\":2,\"name\":\"Recepci\u00f3n de su obra de arte original\"}]},{\"@type\":\"WebSite\",\"@id\":\"https:\\\/\\\/denisdubois.com\\\/es\\\/#website\",\"url\":\"https:\\\/\\\/denisdubois.com\\\/es\\\/\",\"name\":\"Fine Art by Denis Du Bois\",\"description\":\"Explore the world through Denis Du Bois&#039; original drawings, paintings, and serigraphs. Subscribe for exclusive access to new editions and unique art collections.\",\"publisher\":{\"@id\":\"https:\\\/\\\/denisdubois.com\\\/es\\\/#organization\"},\"alternateName\":\"Atelier Denis Du Bois\",\"potentialAction\":[{\"@type\":\"SearchAction\",\"target\":{\"@type\":\"EntryPoint\",\"urlTemplate\":\"https:\\\/\\\/denisdubois.com\\\/es\\\/?s={search_term_string}\"},\"query-input\":{\"@type\":\"PropertyValueSpecification\",\"valueRequired\":true,\"valueName\":\"search_term_string\"}}],\"inLanguage\":\"es\"},{\"@type\":\"Organization\",\"@id\":\"https:\\\/\\\/denisdubois.com\\\/es\\\/#organization\",\"name\":\"Denis Du Bois\",\"url\":\"https:\\\/\\\/denisdubois.com\\\/es\\\/\",\"logo\":{\"@type\":\"ImageObject\",\"inLanguage\":\"es\",\"@id\":\"https:\\\/\\\/denisdubois.com\\\/es\\\/#\\\/schema\\\/logo\\\/image\\\/\",\"url\":\"https:\\\/\\\/i0.wp.com\\\/denisdubois.com\\\/wp-content\\\/uploads\\\/2025\\\/12\\\/logo-crest-atelier-251216-1200x399-1.jpg?fit=1200%2C399&ssl=1\",\"contentUrl\":\"https:\\\/\\\/i0.wp.com\\\/denisdubois.com\\\/wp-content\\\/uploads\\\/2025\\\/12\\\/logo-crest-atelier-251216-1200x399-1.jpg?fit=1200%2C399&ssl=1\",\"width\":1200,\"height\":399,\"caption\":\"Denis Du Bois\"},\"image\":{\"@id\":\"https:\\\/\\\/denisdubois.com\\\/es\\\/#\\\/schema\\\/logo\\\/image\\\/\"},\"sameAs\":[\"https:\\\/\\\/facebook.com\\\/denisdubois\",\"https:\\\/\\\/instagram.com\\\/cool.trails\"]}]}<\/script>\n<!-- \/ Yoast SEO plugin. -->","yoast_head_json":{"title":"Recepci\u00f3n de su obra de arte original &#8211; Fine Art by Denis Du Bois","robots":{"index":"index","follow":"follow","max-snippet":"max-snippet:-1","max-image-preview":"max-image-preview:large","max-video-preview":"max-video-preview:-1"},"canonical":"https:\/\/denisdubois.com\/es\/recepcion-de-su-obra-de-arte-original\/","og_locale":"es_ES","og_type":"article","og_title":"Recepci\u00f3n de su obra de arte original &#8211; Fine Art by Denis Du Bois","og_description":"Cuando llegue su nueva adquisici\u00f3n art\u00edstica, siga estos sencillos pasos para protegerla: \u00bfQu\u00e9 hacer si el paquete est\u00e1 da\u00f1ado? Tome fotograf\u00edas y conserve el embalaje. Inspeccione la obra de arte cuidadosamente. Hago todo lo posible por embalar la obra de arte para protegerla de da\u00f1os ocasionales en el embalaje exterior. Esperemos que no haya sufrido&hellip;","og_url":"https:\/\/denisdubois.com\/es\/recepcion-de-su-obra-de-arte-original\/","og_site_name":"Fine Art by Denis Du Bois","article_publisher":"https:\/\/facebook.com\/denisdubois","article_modified_time":"2026-04-25T02:52:08+00:00","og_image":[{"url":"https:\/\/denisdubois.com\/wp-content\/uploads\/2026\/01\/QR-code-receiving-inspecting-art-260123-1024x1024.webp","type":"","width":"","height":""}],"twitter_misc":{"Tiempo de lectura":"1 minuto"},"schema":{"@context":"https:\/\/schema.org","@graph":[{"@type":"WebPage","@id":"https:\/\/denisdubois.com\/es\/recepcion-de-su-obra-de-arte-original\/","url":"https:\/\/denisdubois.com\/es\/recepcion-de-su-obra-de-arte-original\/","name":"Recepci\u00f3n de su obra de arte original &#8211; Fine Art by Denis Du Bois","isPartOf":{"@id":"https:\/\/denisdubois.com\/es\/#website"},"primaryImageOfPage":{"@id":"https:\/\/denisdubois.com\/es\/recepcion-de-su-obra-de-arte-original\/#primaryimage"},"image":{"@id":"https:\/\/denisdubois.com\/es\/recepcion-de-su-obra-de-arte-original\/#primaryimage"},"thumbnailUrl":"https:\/\/denisdubois.com\/wp-content\/uploads\/2026\/01\/QR-code-receiving-inspecting-art-260123-1024x1024.webp","datePublished":"2026-01-23T21:39:56+00:00","dateModified":"2026-04-25T02:52:08+00:00","breadcrumb":{"@id":"https:\/\/denisdubois.com\/es\/recepcion-de-su-obra-de-arte-original\/#breadcrumb"},"inLanguage":"es","potentialAction":[{"@type":"ReadAction","target":["https:\/\/denisdubois.com\/es\/recepcion-de-su-obra-de-arte-original\/"]}]},{"@type":"ImageObject","inLanguage":"es","@id":"https:\/\/denisdubois.com\/es\/recepcion-de-su-obra-de-arte-original\/#primaryimage","url":"https:\/\/denisdubois.com\/wp-content\/uploads\/2026\/01\/QR-code-receiving-inspecting-art-260123-1024x1024.webp","contentUrl":"https:\/\/denisdubois.com\/wp-content\/uploads\/2026\/01\/QR-code-receiving-inspecting-art-260123-1024x1024.webp"},{"@type":"BreadcrumbList","@id":"https:\/\/denisdubois.com\/es\/recepcion-de-su-obra-de-arte-original\/#breadcrumb","itemListElement":[{"@type":"ListItem","position":1,"name":"Home","item":"https:\/\/denisdubois.com\/es\/serigrafias-de-edicion-limitada-impresiones-artisticas-hechas-a-mano\/"},{"@type":"ListItem","position":2,"name":"Recepci\u00f3n de su obra de arte original"}]},{"@type":"WebSite","@id":"https:\/\/denisdubois.com\/es\/#website","url":"https:\/\/denisdubois.com\/es\/","name":"Fine Art by Denis Du Bois","description":"Explore the world through Denis Du Bois&#039; original drawings, paintings, and serigraphs. Subscribe for exclusive access to new editions and unique art collections.","publisher":{"@id":"https:\/\/denisdubois.com\/es\/#organization"},"alternateName":"Atelier Denis Du Bois","potentialAction":[{"@type":"SearchAction","target":{"@type":"EntryPoint","urlTemplate":"https:\/\/denisdubois.com\/es\/?s={search_term_string}"},"query-input":{"@type":"PropertyValueSpecification","valueRequired":true,"valueName":"search_term_string"}}],"inLanguage":"es"},{"@type":"Organization","@id":"https:\/\/denisdubois.com\/es\/#organization","name":"Denis Du Bois","url":"https:\/\/denisdubois.com\/es\/","logo":{"@type":"ImageObject","inLanguage":"es","@id":"https:\/\/denisdubois.com\/es\/#\/schema\/logo\/image\/","url":"https:\/\/i0.wp.com\/denisdubois.com\/wp-content\/uploads\/2025\/12\/logo-crest-atelier-251216-1200x399-1.jpg?fit=1200%2C399&ssl=1","contentUrl":"https:\/\/i0.wp.com\/denisdubois.com\/wp-content\/uploads\/2025\/12\/logo-crest-atelier-251216-1200x399-1.jpg?fit=1200%2C399&ssl=1","width":1200,"height":399,"caption":"Denis Du Bois"},"image":{"@id":"https:\/\/denisdubois.com\/es\/#\/schema\/logo\/image\/"},"sameAs":["https:\/\/facebook.com\/denisdubois","https:\/\/instagram.com\/cool.trails"]}]}},"jetpack_sharing_enabled":true,"jetpack_shortlink":"https:\/\/wp.me\/PgZU3n-aB","_links":{"self":[{"href":"https:\/\/denisdubois.com\/es\/wp-json\/wp\/v2\/pages\/657","targetHints":{"allow":["GET"]}}],"collection":[{"href":"https:\/\/denisdubois.com\/es\/wp-json\/wp\/v2\/pages"}],"about":[{"href":"https:\/\/denisdubois.com\/es\/wp-json\/wp\/v2\/types\/page"}],"author":[{"embeddable":true,"href":"https:\/\/denisdubois.com\/es\/wp-json\/wp\/v2\/users\/2"}],"replies":[{"embeddable":true,"href":"https:\/\/denisdubois.com\/es\/wp-json\/wp\/v2\/comments?post=657"}],"version-history":[{"count":1,"href":"https:\/\/denisdubois.com\/es\/wp-json\/wp\/v2\/pages\/657\/revisions"}],"predecessor-version":[{"id":659,"href":"https:\/\/denisdubois.com\/es\/wp-json\/wp\/v2\/pages\/657\/revisions\/659"}],"wp:attachment":[{"href":"https:\/\/denisdubois.com\/es\/wp-json\/wp\/v2\/media?parent=657"}],"curies":[{"name":"wp","href":"https:\/\/api.w.org\/{rel}","templated":true}]}}