{"id":642,"date":"2025-12-17T01:57:45","date_gmt":"2025-12-17T09:57:45","guid":{"rendered":"https:\/\/denisdubois.com\/carrito\/"},"modified":"2026-04-24T18:48:07","modified_gmt":"2026-04-25T02:48:07","slug":"carrito","status":"publish","type":"page","link":"https:\/\/denisdubois.com\/es\/carrito\/","title":{"rendered":"Carrito"},"content":{"rendered":"\n<div data-block-name=\"woocommerce\/cart\" class=\"wp-block-woocommerce-cart alignwide is-loading\">\n<div data-block-name=\"woocommerce\/filled-cart-block\" class=\"wp-block-woocommerce-filled-cart-block\">\n<div data-block-name=\"woocommerce\/cart-items-block\" class=\"wp-block-woocommerce-cart-items-block\">\n<div data-block-name=\"woocommerce\/cart-line-items-block\" class=\"wp-block-woocommerce-cart-line-items-block\"><\/div>\n\n\n<\/div>\n\n\n\n\n<div data-block-name=\"woocommerce\/cart-totals-block\" class=\"wp-block-woocommerce-cart-totals-block\">\n<div data-block-name=\"woocommerce\/cart-order-summary-block\" class=\"wp-block-woocommerce-cart-order-summary-block\">\n<div data-block-name=\"woocommerce\/cart-order-summary-heading-block\" class=\"wp-block-woocommerce-cart-order-summary-heading-block\"><\/div><div data-block-name=\"woocommerce\/cart-order-summary-coupon-form-block\" class=\"wp-block-woocommerce-cart-order-summary-coupon-form-block\"><\/div><div data-block-name=\"woocommerce\/cart-order-summary-totals-block\" class=\"wp-block-woocommerce-cart-order-summary-totals-block\">\n<div data-block-name=\"woocommerce\/cart-order-summary-subtotal-block\" class=\"wp-block-woocommerce-cart-order-summary-subtotal-block\"><\/div>\n<div data-block-name=\"woocommerce\/cart-order-summary-discount-block\" class=\"wp-block-woocommerce-cart-order-summary-discount-block\"><\/div>\n<div data-block-name=\"woocommerce\/cart-order-summary-fee-block\" class=\"wp-block-woocommerce-cart-order-summary-fee-block\"><\/div>\n<div data-block-name=\"woocommerce\/cart-order-summary-shipping-block\" class=\"wp-block-woocommerce-cart-order-summary-shipping-block\"><\/div>\n<div data-block-name=\"woocommerce\/cart-order-summary-taxes-block\" class=\"wp-block-woocommerce-cart-order-summary-taxes-block\"><\/div><\/div>\n<\/div>\n\n\n\n<div data-block-name=\"woocommerce\/cart-express-payment-block\" class=\"wp-block-woocommerce-cart-express-payment-block\"><\/div>\n\n\n\n<div data-block-name=\"woocommerce\/proceed-to-checkout-block\" class=\"wp-block-woocommerce-proceed-to-checkout-block\"><\/div>\n\n\n\n<div data-block-name=\"woocommerce\/cart-accepted-payment-methods-block\" class=\"wp-block-woocommerce-cart-accepted-payment-methods-block\"><\/div>\n<\/div>\n<\/div>\n\n\n\n<div data-block-name=\"woocommerce\/empty-cart-block\" class=\"wp-block-woocommerce-empty-cart-block\">\n<h2 class=\"wp-block-heading has-text-align-center with-empty-cart-icon wc-block-cart__empty-cart__title\">\u00a1Tu carrito est\u00e1 actualmente vac\u00edo!<\/h2>\n\n\n\n<hr class=\"wp-block-separator has-alpha-channel-opacity is-style-dots\"\/>\n\n\n\n<h2 class=\"wp-block-heading has-text-align-center\">Nuevo en la tienda<\/h2>\n\n\n<div data-block-name=\"woocommerce\/product-new\" data-columns=\"4\" data-rows=\"1\" class=\"wc-block-grid wp-block-product-new wp-block-woocommerce-product-new wc-block-product-new has-4-columns\"><ul class=\"wc-block-grid__products\"><li class=\"wc-block-grid__product\">\n\t\t\t\t<a href=\"https:\/\/denisdubois.com\/es\/producto\/nuevo-serie-espana-serigrafia-original-toledo-puerta\/\" class=\"wc-block-grid__product-link\">\n\t\t\t\t\t\n\t\t\t\t\t<div class=\"wc-block-grid__product-image\"><img data-recalc-dims=\"1\" decoding=\"async\" loading=\"lazy\" width=\"300\" height=\"300\" src=\"https:\/\/i0.wp.com\/denisdubois.com\/wp-content\/uploads\/2026\/04\/Toledo-pro-photo-260411-transp-1200x.png?resize=300%2C300&#038;ssl=1\" class=\"attachment-woocommerce_thumbnail size-woocommerce_thumbnail\" alt=\"Nuevo - Serie Espa\u00f1a: Serigraf\u00eda original Toledo Puerta\" srcset=\"https:\/\/i0.wp.com\/denisdubois.com\/wp-content\/uploads\/2026\/04\/Toledo-pro-photo-260411-transp-1200x.png?resize=300%2C300&amp;ssl=1 300w, https:\/\/i0.wp.com\/denisdubois.com\/wp-content\/uploads\/2026\/04\/Toledo-pro-photo-260411-transp-1200x.png?resize=1024%2C1024&amp;ssl=1 1024w, https:\/\/i0.wp.com\/denisdubois.com\/wp-content\/uploads\/2026\/04\/Toledo-pro-photo-260411-transp-1200x.png?resize=150%2C150&amp;ssl=1 150w, https:\/\/i0.wp.com\/denisdubois.com\/wp-content\/uploads\/2026\/04\/Toledo-pro-photo-260411-transp-1200x.png?resize=768%2C768&amp;ssl=1 768w, https:\/\/i0.wp.com\/denisdubois.com\/wp-content\/uploads\/2026\/04\/Toledo-pro-photo-260411-transp-1200x.png?resize=600%2C600&amp;ssl=1 600w, https:\/\/i0.wp.com\/denisdubois.com\/wp-content\/uploads\/2026\/04\/Toledo-pro-photo-260411-transp-1200x.png?resize=220%2C220&amp;ssl=1 220w, https:\/\/i0.wp.com\/denisdubois.com\/wp-content\/uploads\/2026\/04\/Toledo-pro-photo-260411-transp-1200x.png?resize=266%2C266&amp;ssl=1 266w, https:\/\/i0.wp.com\/denisdubois.com\/wp-content\/uploads\/2026\/04\/Toledo-pro-photo-260411-transp-1200x.png?w=1200&amp;ssl=1 1200w\" sizes=\"auto, (max-width: 300px) 100vw, 300px\" \/><\/div>\n\t\t\t\t\t<div class=\"wc-block-grid__product-title\">Nuevo &#8211; Serie Espa\u00f1a: Serigraf\u00eda original Toledo Puerta<\/div>\n\t\t\t\t<\/a>\n\t\t\t\t<div class=\"wc-block-grid__product-price price\"><span class=\"woocommerce-Price-amount amount\"><span class=\"woocommerce-Price-currencySymbol\">&#036;<\/span>100.00<\/span><\/div>\n\t\t\t\t\n\t\t\t\t<div class=\"wp-block-button wc-block-grid__product-add-to-cart\"><a href=\"\/es\/wp-json\/wp\/v2\/pages\/642?add-to-cart=805\" aria-label=\"A\u00f1adir al carrito: &ldquo;Nuevo - Serie Espa\u00f1a: Serigraf\u00eda original Toledo Puerta&rdquo;\" data-quantity=\"1\" data-product_id=\"805\" data-product_sku=\"\" data-price=\"100\" rel=\"nofollow\" class=\"wp-block-button__link  add_to_cart_button ajax_add_to_cart\">A\u00f1adir al carrito<\/a><\/div>\n\t\t\t<\/li><li class=\"wc-block-grid__product\">\n\t\t\t\t<a href=\"https:\/\/denisdubois.com\/es\/producto\/nuevo-tu-me-manques-3-serigrafia-figurativa\/\" class=\"wc-block-grid__product-link\">\n\t\t\t\t\t\n\t\t\t\t\t<div class=\"wc-block-grid__product-image\"><img data-recalc-dims=\"1\" decoding=\"async\" loading=\"lazy\" width=\"300\" height=\"300\" src=\"https:\/\/i0.wp.com\/denisdubois.com\/wp-content\/uploads\/2026\/04\/tmm3-pro-photo-adj-260411-cropped-1200x.jpg?resize=300%2C300&#038;ssl=1\" class=\"attachment-woocommerce_thumbnail size-woocommerce_thumbnail\" alt=\"Nuevo: Tu Me Manques 3 - Serigraf\u00eda figurativa\" srcset=\"https:\/\/i0.wp.com\/denisdubois.com\/wp-content\/uploads\/2026\/04\/tmm3-pro-photo-adj-260411-cropped-1200x.jpg?resize=300%2C300&amp;ssl=1 300w, https:\/\/i0.wp.com\/denisdubois.com\/wp-content\/uploads\/2026\/04\/tmm3-pro-photo-adj-260411-cropped-1200x.jpg?resize=1024%2C1024&amp;ssl=1 1024w, https:\/\/i0.wp.com\/denisdubois.com\/wp-content\/uploads\/2026\/04\/tmm3-pro-photo-adj-260411-cropped-1200x.jpg?resize=150%2C150&amp;ssl=1 150w, https:\/\/i0.wp.com\/denisdubois.com\/wp-content\/uploads\/2026\/04\/tmm3-pro-photo-adj-260411-cropped-1200x.jpg?resize=768%2C768&amp;ssl=1 768w, https:\/\/i0.wp.com\/denisdubois.com\/wp-content\/uploads\/2026\/04\/tmm3-pro-photo-adj-260411-cropped-1200x.jpg?resize=600%2C600&amp;ssl=1 600w, https:\/\/i0.wp.com\/denisdubois.com\/wp-content\/uploads\/2026\/04\/tmm3-pro-photo-adj-260411-cropped-1200x.jpg?resize=220%2C220&amp;ssl=1 220w, https:\/\/i0.wp.com\/denisdubois.com\/wp-content\/uploads\/2026\/04\/tmm3-pro-photo-adj-260411-cropped-1200x.jpg?resize=266%2C266&amp;ssl=1 266w, https:\/\/i0.wp.com\/denisdubois.com\/wp-content\/uploads\/2026\/04\/tmm3-pro-photo-adj-260411-cropped-1200x.jpg?w=1200&amp;ssl=1 1200w\" sizes=\"auto, (max-width: 300px) 100vw, 300px\" \/><\/div>\n\t\t\t\t\t<div class=\"wc-block-grid__product-title\">Nuevo: Tu Me Manques 3 &#8211; Serigraf\u00eda figurativa<\/div>\n\t\t\t\t<\/a>\n\t\t\t\t<div class=\"wc-block-grid__product-price price\"><span class=\"woocommerce-Price-amount amount\"><span class=\"woocommerce-Price-currencySymbol\">&#036;<\/span>85.00<\/span><\/div>\n\t\t\t\t\n\t\t\t\t<div class=\"wp-block-button wc-block-grid__product-add-to-cart\"><a href=\"\/es\/wp-json\/wp\/v2\/pages\/642?add-to-cart=789\" aria-label=\"A\u00f1adir al carrito: &ldquo;Nuevo: Tu Me Manques 3 - Serigraf\u00eda figurativa&rdquo;\" data-quantity=\"1\" data-product_id=\"789\" data-product_sku=\"TMM31212\" data-price=\"85\" rel=\"nofollow\" class=\"wp-block-button__link  add_to_cart_button ajax_add_to_cart\">A\u00f1adir al carrito<\/a><\/div>\n\t\t\t<\/li><li class=\"wc-block-grid__product\">\n\t\t\t\t<a href=\"https:\/\/denisdubois.com\/es\/producto\/tu-me-manques-2-serigrafia-line-art\/\" class=\"wc-block-grid__product-link\">\n\t\t\t\t\t\n\t\t\t\t\t<div class=\"wc-block-grid__product-image\"><img data-recalc-dims=\"1\" decoding=\"async\" loading=\"lazy\" width=\"300\" height=\"300\" src=\"https:\/\/i0.wp.com\/denisdubois.com\/wp-content\/uploads\/2026\/03\/tmm2-line-pro-photo-260318-crop-1200x.webp?resize=300%2C300&#038;ssl=1\" class=\"attachment-woocommerce_thumbnail size-woocommerce_thumbnail\" alt=\"Tu Me Manques 2 - Serigraf\u00eda Line Art\" srcset=\"https:\/\/i0.wp.com\/denisdubois.com\/wp-content\/uploads\/2026\/03\/tmm2-line-pro-photo-260318-crop-1200x.webp?resize=300%2C300&amp;ssl=1 300w, https:\/\/i0.wp.com\/denisdubois.com\/wp-content\/uploads\/2026\/03\/tmm2-line-pro-photo-260318-crop-1200x.webp?resize=1024%2C1024&amp;ssl=1 1024w, https:\/\/i0.wp.com\/denisdubois.com\/wp-content\/uploads\/2026\/03\/tmm2-line-pro-photo-260318-crop-1200x.webp?resize=150%2C150&amp;ssl=1 150w, https:\/\/i0.wp.com\/denisdubois.com\/wp-content\/uploads\/2026\/03\/tmm2-line-pro-photo-260318-crop-1200x.webp?resize=768%2C768&amp;ssl=1 768w, https:\/\/i0.wp.com\/denisdubois.com\/wp-content\/uploads\/2026\/03\/tmm2-line-pro-photo-260318-crop-1200x.webp?resize=600%2C600&amp;ssl=1 600w, https:\/\/i0.wp.com\/denisdubois.com\/wp-content\/uploads\/2026\/03\/tmm2-line-pro-photo-260318-crop-1200x.webp?resize=220%2C220&amp;ssl=1 220w, https:\/\/i0.wp.com\/denisdubois.com\/wp-content\/uploads\/2026\/03\/tmm2-line-pro-photo-260318-crop-1200x.webp?resize=266%2C266&amp;ssl=1 266w, https:\/\/i0.wp.com\/denisdubois.com\/wp-content\/uploads\/2026\/03\/tmm2-line-pro-photo-260318-crop-1200x.webp?resize=60%2C60&amp;ssl=1 60w, https:\/\/i0.wp.com\/denisdubois.com\/wp-content\/uploads\/2026\/03\/tmm2-line-pro-photo-260318-crop-1200x.webp?w=1200&amp;ssl=1 1200w\" sizes=\"auto, (max-width: 300px) 100vw, 300px\" \/><\/div>\n\t\t\t\t\t<div class=\"wc-block-grid__product-title\">Tu Me Manques 2 &#8211; Serigraf\u00eda Line Art<\/div>\n\t\t\t\t<\/a>\n\t\t\t\t<div class=\"wc-block-grid__product-price price\"><span class=\"woocommerce-Price-amount amount\"><span class=\"woocommerce-Price-currencySymbol\">&#036;<\/span>50.00<\/span><\/div>\n\t\t\t\t\n\t\t\t\t<div class=\"wp-block-button wc-block-grid__product-add-to-cart\"><a href=\"\/es\/wp-json\/wp\/v2\/pages\/642?add-to-cart=793\" aria-label=\"A\u00f1adir al carrito: &ldquo;Tu Me Manques 2 - Serigraf\u00eda Line Art&rdquo;\" data-quantity=\"1\" data-product_id=\"793\" data-product_sku=\"TMM20808\" data-price=\"50\" rel=\"nofollow\" class=\"wp-block-button__link  add_to_cart_button ajax_add_to_cart\">A\u00f1adir al carrito<\/a><\/div>\n\t\t\t<\/li><li class=\"wc-block-grid__product\">\n\t\t\t\t<a href=\"https:\/\/denisdubois.com\/es\/producto\/tu-me-manques-2-serigrafia-en-color\/\" class=\"wc-block-grid__product-link\">\n\t\t\t\t\t\n\t\t\t\t\t<div class=\"wc-block-grid__product-image\"><img data-recalc-dims=\"1\" decoding=\"async\" loading=\"lazy\" width=\"300\" height=\"300\" src=\"https:\/\/i0.wp.com\/denisdubois.com\/wp-content\/uploads\/2026\/03\/tmm2-pro-photo-260318-cleaned-1200x-1.jpg?resize=300%2C300&#038;ssl=1\" class=\"attachment-woocommerce_thumbnail size-woocommerce_thumbnail\" alt=\"Tu Me Manques 2 - Serigraf\u00eda en color\" srcset=\"https:\/\/i0.wp.com\/denisdubois.com\/wp-content\/uploads\/2026\/03\/tmm2-pro-photo-260318-cleaned-1200x-1.jpg?resize=300%2C300&amp;ssl=1 300w, https:\/\/i0.wp.com\/denisdubois.com\/wp-content\/uploads\/2026\/03\/tmm2-pro-photo-260318-cleaned-1200x-1.jpg?resize=1024%2C1024&amp;ssl=1 1024w, https:\/\/i0.wp.com\/denisdubois.com\/wp-content\/uploads\/2026\/03\/tmm2-pro-photo-260318-cleaned-1200x-1.jpg?resize=150%2C150&amp;ssl=1 150w, https:\/\/i0.wp.com\/denisdubois.com\/wp-content\/uploads\/2026\/03\/tmm2-pro-photo-260318-cleaned-1200x-1.jpg?resize=768%2C768&amp;ssl=1 768w, https:\/\/i0.wp.com\/denisdubois.com\/wp-content\/uploads\/2026\/03\/tmm2-pro-photo-260318-cleaned-1200x-1.jpg?resize=600%2C600&amp;ssl=1 600w, https:\/\/i0.wp.com\/denisdubois.com\/wp-content\/uploads\/2026\/03\/tmm2-pro-photo-260318-cleaned-1200x-1.jpg?resize=220%2C220&amp;ssl=1 220w, https:\/\/i0.wp.com\/denisdubois.com\/wp-content\/uploads\/2026\/03\/tmm2-pro-photo-260318-cleaned-1200x-1.jpg?resize=266%2C266&amp;ssl=1 266w, https:\/\/i0.wp.com\/denisdubois.com\/wp-content\/uploads\/2026\/03\/tmm2-pro-photo-260318-cleaned-1200x-1.jpg?resize=60%2C60&amp;ssl=1 60w, https:\/\/i0.wp.com\/denisdubois.com\/wp-content\/uploads\/2026\/03\/tmm2-pro-photo-260318-cleaned-1200x-1.jpg?w=1200&amp;ssl=1 1200w\" sizes=\"auto, (max-width: 300px) 100vw, 300px\" \/><\/div>\n\t\t\t\t\t<div class=\"wc-block-grid__product-title\">Tu Me Manques 2 &#8211; Serigraf\u00eda en color<\/div>\n\t\t\t\t<\/a>\n\t\t\t\t<div class=\"wc-block-grid__product-price price\"><span class=\"woocommerce-Price-amount amount\"><span class=\"woocommerce-Price-currencySymbol\">&#036;<\/span>85.00<\/span><\/div>\n\t\t\t\t\n\t\t\t\t<div class=\"wp-block-button wc-block-grid__product-add-to-cart\"><a href=\"\/es\/wp-json\/wp\/v2\/pages\/642?add-to-cart=803\" aria-label=\"A\u00f1adir al carrito: &ldquo;Tu Me Manques 2 - Serigraf\u00eda en color&rdquo;\" data-quantity=\"1\" data-product_id=\"803\" data-product_sku=\"TMM21212\" data-price=\"85\" rel=\"nofollow\" class=\"wp-block-button__link  add_to_cart_button ajax_add_to_cart\">A\u00f1adir al carrito<\/a><\/div>\n\t\t\t<\/li><\/ul><\/div><\/div>\n<\/div>\n","protected":false},"excerpt":{"rendered":"","protected":false},"author":2,"featured_media":0,"parent":0,"menu_order":0,"comment_status":"closed","ping_status":"closed","template":"","meta":{"nf_dc_page":"","_monsterinsights_skip_tracking":false,"_monsterinsights_sitenote_active":false,"_monsterinsights_sitenote_note":"","_monsterinsights_sitenote_category":0,"footnotes":""},"class_list":["post-642","page","type-page","status-publish","hentry"],"yoast_head":"<!-- This site is optimized with the Yoast SEO plugin v27.4 - https:\/\/yoast.com\/product\/yoast-seo-wordpress\/ -->\n<title>Carrito &#8211; Fine Art by Denis Du Bois<\/title>\n<meta name=\"robots\" content=\"index, follow, max-snippet:-1, max-image-preview:large, max-video-preview:-1\" \/>\n<link rel=\"canonical\" href=\"https:\/\/denisdubois.com\/es\/carrito\/\" \/>\n<meta property=\"og:locale\" content=\"es_ES\" \/>\n<meta property=\"og:type\" content=\"article\" \/>\n<meta property=\"og:title\" content=\"Carrito &#8211; Fine Art by Denis Du Bois\" \/>\n<meta property=\"og:url\" content=\"https:\/\/denisdubois.com\/es\/carrito\/\" \/>\n<meta property=\"og:site_name\" content=\"Fine Art by Denis Du Bois\" \/>\n<meta property=\"article:publisher\" content=\"https:\/\/facebook.com\/denisdubois\" \/>\n<meta property=\"article:modified_time\" content=\"2026-04-25T02:48:07+00:00\" \/>\n<script type=\"application\/ld+json\" class=\"yoast-schema-graph\">{\"@context\":\"https:\\\/\\\/schema.org\",\"@graph\":[{\"@type\":\"WebPage\",\"@id\":\"https:\\\/\\\/denisdubois.com\\\/es\\\/carrito\\\/\",\"url\":\"https:\\\/\\\/denisdubois.com\\\/es\\\/carrito\\\/\",\"name\":\"Carrito &#8211; Fine Art by Denis Du Bois\",\"isPartOf\":{\"@id\":\"https:\\\/\\\/denisdubois.com\\\/es\\\/#website\"},\"datePublished\":\"2025-12-17T09:57:45+00:00\",\"dateModified\":\"2026-04-25T02:48:07+00:00\",\"breadcrumb\":{\"@id\":\"https:\\\/\\\/denisdubois.com\\\/es\\\/carrito\\\/#breadcrumb\"},\"inLanguage\":\"es\",\"potentialAction\":[{\"@type\":\"ReadAction\",\"target\":[\"https:\\\/\\\/denisdubois.com\\\/es\\\/carrito\\\/\"]}]},{\"@type\":\"BreadcrumbList\",\"@id\":\"https:\\\/\\\/denisdubois.com\\\/es\\\/carrito\\\/#breadcrumb\",\"itemListElement\":[{\"@type\":\"ListItem\",\"position\":1,\"name\":\"Home\",\"item\":\"https:\\\/\\\/denisdubois.com\\\/es\\\/serigrafias-de-edicion-limitada-impresiones-artisticas-hechas-a-mano\\\/\"},{\"@type\":\"ListItem\",\"position\":2,\"name\":\"Carrito\"}]},{\"@type\":\"WebSite\",\"@id\":\"https:\\\/\\\/denisdubois.com\\\/es\\\/#website\",\"url\":\"https:\\\/\\\/denisdubois.com\\\/es\\\/\",\"name\":\"Fine Art by Denis Du Bois\",\"description\":\"Explore the world through Denis Du Bois&#039; original drawings, paintings, and serigraphs. Subscribe for exclusive access to new editions and unique art collections.\",\"publisher\":{\"@id\":\"https:\\\/\\\/denisdubois.com\\\/es\\\/#organization\"},\"alternateName\":\"Atelier Denis Du Bois\",\"potentialAction\":[{\"@type\":\"SearchAction\",\"target\":{\"@type\":\"EntryPoint\",\"urlTemplate\":\"https:\\\/\\\/denisdubois.com\\\/es\\\/?s={search_term_string}\"},\"query-input\":{\"@type\":\"PropertyValueSpecification\",\"valueRequired\":true,\"valueName\":\"search_term_string\"}}],\"inLanguage\":\"es\"},{\"@type\":\"Organization\",\"@id\":\"https:\\\/\\\/denisdubois.com\\\/es\\\/#organization\",\"name\":\"Denis Du Bois\",\"url\":\"https:\\\/\\\/denisdubois.com\\\/es\\\/\",\"logo\":{\"@type\":\"ImageObject\",\"inLanguage\":\"es\",\"@id\":\"https:\\\/\\\/denisdubois.com\\\/es\\\/#\\\/schema\\\/logo\\\/image\\\/\",\"url\":\"https:\\\/\\\/i0.wp.com\\\/denisdubois.com\\\/wp-content\\\/uploads\\\/2025\\\/12\\\/logo-crest-atelier-251216-1200x399-1.jpg?fit=1200%2C399&ssl=1\",\"contentUrl\":\"https:\\\/\\\/i0.wp.com\\\/denisdubois.com\\\/wp-content\\\/uploads\\\/2025\\\/12\\\/logo-crest-atelier-251216-1200x399-1.jpg?fit=1200%2C399&ssl=1\",\"width\":1200,\"height\":399,\"caption\":\"Denis Du Bois\"},\"image\":{\"@id\":\"https:\\\/\\\/denisdubois.com\\\/es\\\/#\\\/schema\\\/logo\\\/image\\\/\"},\"sameAs\":[\"https:\\\/\\\/facebook.com\\\/denisdubois\",\"https:\\\/\\\/instagram.com\\\/cool.trails\"]}]}<\/script>\n<!-- \/ Yoast SEO plugin. -->","yoast_head_json":{"title":"Carrito &#8211; Fine Art by Denis Du Bois","robots":{"index":"index","follow":"follow","max-snippet":"max-snippet:-1","max-image-preview":"max-image-preview:large","max-video-preview":"max-video-preview:-1"},"canonical":"https:\/\/denisdubois.com\/es\/carrito\/","og_locale":"es_ES","og_type":"article","og_title":"Carrito &#8211; Fine Art by Denis Du Bois","og_url":"https:\/\/denisdubois.com\/es\/carrito\/","og_site_name":"Fine Art by Denis Du Bois","article_publisher":"https:\/\/facebook.com\/denisdubois","article_modified_time":"2026-04-25T02:48:07+00:00","schema":{"@context":"https:\/\/schema.org","@graph":[{"@type":"WebPage","@id":"https:\/\/denisdubois.com\/es\/carrito\/","url":"https:\/\/denisdubois.com\/es\/carrito\/","name":"Carrito &#8211; Fine Art by Denis Du Bois","isPartOf":{"@id":"https:\/\/denisdubois.com\/es\/#website"},"datePublished":"2025-12-17T09:57:45+00:00","dateModified":"2026-04-25T02:48:07+00:00","breadcrumb":{"@id":"https:\/\/denisdubois.com\/es\/carrito\/#breadcrumb"},"inLanguage":"es","potentialAction":[{"@type":"ReadAction","target":["https:\/\/denisdubois.com\/es\/carrito\/"]}]},{"@type":"BreadcrumbList","@id":"https:\/\/denisdubois.com\/es\/carrito\/#breadcrumb","itemListElement":[{"@type":"ListItem","position":1,"name":"Home","item":"https:\/\/denisdubois.com\/es\/serigrafias-de-edicion-limitada-impresiones-artisticas-hechas-a-mano\/"},{"@type":"ListItem","position":2,"name":"Carrito"}]},{"@type":"WebSite","@id":"https:\/\/denisdubois.com\/es\/#website","url":"https:\/\/denisdubois.com\/es\/","name":"Fine Art by Denis Du Bois","description":"Explore the world through Denis Du Bois&#039; original drawings, paintings, and serigraphs. Subscribe for exclusive access to new editions and unique art collections.","publisher":{"@id":"https:\/\/denisdubois.com\/es\/#organization"},"alternateName":"Atelier Denis Du Bois","potentialAction":[{"@type":"SearchAction","target":{"@type":"EntryPoint","urlTemplate":"https:\/\/denisdubois.com\/es\/?s={search_term_string}"},"query-input":{"@type":"PropertyValueSpecification","valueRequired":true,"valueName":"search_term_string"}}],"inLanguage":"es"},{"@type":"Organization","@id":"https:\/\/denisdubois.com\/es\/#organization","name":"Denis Du Bois","url":"https:\/\/denisdubois.com\/es\/","logo":{"@type":"ImageObject","inLanguage":"es","@id":"https:\/\/denisdubois.com\/es\/#\/schema\/logo\/image\/","url":"https:\/\/i0.wp.com\/denisdubois.com\/wp-content\/uploads\/2025\/12\/logo-crest-atelier-251216-1200x399-1.jpg?fit=1200%2C399&ssl=1","contentUrl":"https:\/\/i0.wp.com\/denisdubois.com\/wp-content\/uploads\/2025\/12\/logo-crest-atelier-251216-1200x399-1.jpg?fit=1200%2C399&ssl=1","width":1200,"height":399,"caption":"Denis Du Bois"},"image":{"@id":"https:\/\/denisdubois.com\/es\/#\/schema\/logo\/image\/"},"sameAs":["https:\/\/facebook.com\/denisdubois","https:\/\/instagram.com\/cool.trails"]}]}},"jetpack_sharing_enabled":true,"jetpack_shortlink":"https:\/\/wp.me\/PgZU3n-am","_links":{"self":[{"href":"https:\/\/denisdubois.com\/es\/wp-json\/wp\/v2\/pages\/642","targetHints":{"allow":["GET"]}}],"collection":[{"href":"https:\/\/denisdubois.com\/es\/wp-json\/wp\/v2\/pages"}],"about":[{"href":"https:\/\/denisdubois.com\/es\/wp-json\/wp\/v2\/types\/page"}],"author":[{"embeddable":true,"href":"https:\/\/denisdubois.com\/es\/wp-json\/wp\/v2\/users\/2"}],"replies":[{"embeddable":true,"href":"https:\/\/denisdubois.com\/es\/wp-json\/wp\/v2\/comments?post=642"}],"version-history":[{"count":1,"href":"https:\/\/denisdubois.com\/es\/wp-json\/wp\/v2\/pages\/642\/revisions"}],"predecessor-version":[{"id":649,"href":"https:\/\/denisdubois.com\/es\/wp-json\/wp\/v2\/pages\/642\/revisions\/649"}],"wp:attachment":[{"href":"https:\/\/denisdubois.com\/es\/wp-json\/wp\/v2\/media?parent=642"}],"curies":[{"name":"wp","href":"https:\/\/api.w.org\/{rel}","templated":true}]}}